{"id":3803,"date":"2024-01-30T10:22:05","date_gmt":"2024-01-30T09:22:05","guid":{"rendered":"https:\/\/mariolab.hr\/datenschutzrichtlinie\/"},"modified":"2024-03-13T19:30:07","modified_gmt":"2024-03-13T18:30:07","slug":"datenschutzrichtlinie","status":"publish","type":"page","link":"https:\/\/mariolab.hr\/de\/datenschutzrichtlinie\/","title":{"rendered":"Datenschutzrichtlinie"},"content":{"rendered":"\n<p>DATENSCHUTZRICHTLINIE:<\/p>\n\n<p>Diese Datenschutzrichtlinie legt fest, wie Sie alle Informationen, die Sie der MarioLab-Website zur Verf\u00fcgung stellen, verwenden und sch\u00fctzen. MarioLab sorgt daf\u00fcr, dass Ihre Privatsph\u00e4re gesch\u00fctzt ist. Wenn wir Sie bitten, bestimmte Informationen anzugeben, anhand derer Sie bei der Nutzung dieser Website identifiziert werden k\u00f6nnen, k\u00f6nnen Sie sicher sein, dass diese nur in \u00dcbereinstimmung mit dieser Datenschutzerkl\u00e4rung verwendet werden. MarioLab beh\u00e4lt sich das Recht vor, diese Richtlinie von Zeit zu Zeit durch Aktualisierung dieser Seite zu \u00e4ndern. Sie sollten diese Seite von Zeit zu Zeit \u00fcberpr\u00fcfen, um sicherzustellen, dass Sie mit den \u00c4nderungen einverstanden sind.<\/p>\n\n<p>WAS WIR SAMMELN:<\/p>\n\n<p>&#8211; Kontaktinformationen einschlie\u00dflich Name, Postanschrift, E-Mail-Adresse und Mobiltelefonnummer<\/p>\n\n<p>&#8211; demografische Informationen wie Postleitzahl, Vorlieben und Interessen<\/p>\n\n<p>-sonstige Informationen, die f\u00fcr Kundenbefragungen und\/oder Angebote relevant sind<\/p>\n\n<p>Eine vollst\u00e4ndige Liste der von uns gesammelten Cookies finden Sie unter Liste der Cookies .<\/p>\n\n<p>WAS MACHEN WIR MIT DEN INFORMATIONEN, DIE WIR SAMMELN?<\/p>\n\n<p>Wir ben\u00f6tigen diese Informationen, um Ihre Bed\u00fcrfnisse zu verstehen und Ihnen einen besseren Service bieten zu k\u00f6nnen, insbesondere aus folgenden Gr\u00fcnden:<\/p>\n\n<p>Interne Aufzeichnungen.<\/p>\n\n<p>Wir k\u00f6nnen diese Informationen verwenden, um unsere Produkte und Dienstleistungen zu verbessern.<\/p>\n\n<p>Von Zeit zu Zeit k\u00f6nnen wir Werbe-E-Mails und, wenn Sie sich f\u00fcr unsere Werbeaktion angemeldet haben, das Versenden von Textnachrichten, Textnachrichten (SMS\/MMS) \u00fcber neue Produkte, Sonderangebote oder andere Informationen, von denen wir glauben, dass sie f\u00fcr Sie von Interesse sein k\u00f6nnten, an die von Ihnen angegebene E-Mail-Adresse senden.<\/p>\n\n<p>Von Zeit zu Zeit k\u00f6nnen wir Ihre Daten auch verwenden, um Sie zu Marktforschungszwecken zu kontaktieren. Wir k\u00f6nnen Sie per E-Mail, Telefon, Fax oder Post kontaktieren. Wir k\u00f6nnen die Informationen verwenden, um die Website auf Ihre Interessen abzustimmen.<\/p>\n\n<p>WIE TEILEN UND SAMMELN WIR INFORMATIONEN?<\/p>\n\n<p>MarioLab gibt personenbezogene Daten nur an verbundene Unternehmen sowie Gesch\u00e4ftspartner und Dienstleister weiter, auf die wir uns verlassen, um Ihnen einen besseren Service zu bieten. Diese Unternehmen ben\u00f6tigen Informationen \u00fcber Sie, um ihre Servicefunktionen zu erf\u00fcllen (z. B. Bearbeitung und Ausf\u00fchrung Ihrer Bestellung, \u00dcberpr\u00fcfung Ihrer Kreditkarteninformationen und Schutz vor Betrug). Wir geben auch Informationen an vertrauensw\u00fcrdige Unternehmen weiter, die uns bei Marketingfunktionen unterst\u00fctzen (z. B. bei der Verwaltung unseres Online-Gesch\u00e4fts und der Werbung f\u00fcr unsere Produkte und Dienstleistungen, einschlie\u00dflich der Verwaltung unseres SMS-Programms). Wir k\u00f6nnen Lieferanten damit beauftragen, in unserem Namen Anzeigen im Internet zu schalten und Analysedienste bereitzustellen. Diese Anbieter k\u00f6nnen bestimmte technische oder andere Informationen von Ihnen erfassen (z. B. Klickinformationen, Browsertyp, Uhrzeit und Datum, Hardware-\/Softwareinformationen, Cookie-ID, IP-Adresse usw.), wenn Sie unsere Website besuchen, und diese Informationen verwenden, um Werbung f\u00fcr Waren und Dienstleistungen bereitzustellen, die f\u00fcr Sie von gr\u00f6\u00dferem Interesse sind.<\/p>\n\n<p>Wir k\u00f6nnen Ihre Daten auch f\u00fcr andere Zwecke weitergeben, die zum Zeitpunkt der Erfassung offengelegt werden oder wenn wir anderweitig eine Einwilligung eingeholt haben. Bitte beachten Sie, dass diese Richtlinie nicht dazu gedacht ist, unsere F\u00e4higkeit einzuschr\u00e4nken, anonyme Informationen zu teilen oder offenzulegen. MarioLab beh\u00e4lt sich au\u00dferdem das Recht vor, Informationen zu verwenden oder offenzulegen, wenn dies erforderlich ist, um Gesetze, Vorschriften oder rechtliche Anforderungen zu erf\u00fcllen, Ihre Anforderungen zu erf\u00fcllen, bei Strafverfolgungsbeh\u00f6rden oder \u00e4hnlichen Ermittlungen zusammenzuarbeiten oder interne Untersuchungen oder \u00e4hnliche Funktionen durchzuf\u00fchren, die wir zum Schutz unseres Unternehmens f\u00fcr angemessen halten.<\/p>\n\n<p>SICHERHEIT<\/p>\n\n<p>Wir verpflichten uns, die Sicherheit Ihrer Daten zu gew\u00e4hrleisten. Um einen unbefugten Zugriff oder eine unbefugte Offenlegung zu verhindern, haben wir geeignete physische, elektronische und verwaltungstechnische Verfahren eingerichtet, um die von uns online erfassten Daten zu sch\u00fctzen und zu sichern.<\/p>\n\n<p>WIE VERWENDEN WIR COOKIES?<\/p>\n\n<p>Ein Cookie ist eine kleine Datei, die um Erlaubnis bittet, auf der Festplatte Ihres Computers abgelegt zu werden. Sobald Sie zustimmen, wird die Datei hinzugef\u00fcgt, und das Cookie hilft bei der Analyse des Webverkehrs oder benachrichtigt Sie, wenn Sie eine bestimmte Seite besuchen. Cookies erm\u00f6glichen es Webanwendungen, auf Sie als Individuum zu reagieren. Die Webanwendung kann ihre Abl\u00e4ufe an Ihre Bed\u00fcrfnisse, Vorlieben und Abneigungen anpassen, indem sie Informationen \u00fcber Ihre Pr\u00e4ferenzen sammelt und speichert.<\/p>\n\n<p>Wir verwenden Traffic-Log-Cookies, um festzustellen, welche Seiten genutzt werden. Dies hilft uns, Website-Traffic-Daten zu analysieren und unsere Website zu verbessern, um den Bed\u00fcrfnissen der Benutzer gerecht zu werden. Wir verwenden diese Informationen nur zu statistischen Analysezwecken, und dann werden die Daten aus dem System entfernt.<\/p>\n\n<p>Im Allgemeinen helfen uns Cookies, Ihnen eine bessere Website zur Verf\u00fcgung zu stellen, so dass wir nachverfolgen k\u00f6nnen, welche Seiten Sie n\u00fctzlich finden und welche nicht. Das Cookie gibt uns in keiner Weise Zugriff auf Ihren Computer oder andere Informationen \u00fcber Sie, mit Ausnahme der Informationen, die Sie mit uns teilen. Sie k\u00f6nnen w\u00e4hlen, ob Sie Cookies akzeptieren oder ablehnen m\u00f6chten. Die meisten Webbrowser akzeptieren Cookies automatisch, aber Sie k\u00f6nnen in der Regel Ihre Browsereinstellungen \u00e4ndern, um Cookies abzulehnen, wenn Sie dies w\u00fcnschen. Dies kann dazu f\u00fchren, dass Sie die Website nicht in vollem Umfang nutzen k\u00f6nnen.<\/p>\n\n<p>LINKS ZU ANDEREN WEBSITES<\/p>\n\n<p>Unsere Website kann Links zu anderen interessanten Websites enthalten. Sobald Sie jedoch diese Links verwendet haben, um unsere Website zu verlassen, sollten Sie bedenken, dass wir keine Kontrolle \u00fcber diese andere Website haben. Daher k\u00f6nnen wir nicht f\u00fcr den Schutz und die Vertraulichkeit von Informationen verantwortlich sein, die Sie beim Besuch solcher Websites bereitstellen, und diese Websites unterliegen nicht dieser Datenschutzerkl\u00e4rung. Sie sollten vorsichtig sein und sich die Datenschutzerkl\u00e4rung der betreffenden Website ansehen.<\/p>\n\n<p>KONTROLLE IHRER PERSONENBEZOGENEN DATEN<\/p>\n\n<p>Sie k\u00f6nnen die Erfassung oder Verwendung Ihrer personenbezogenen Daten auf folgende Weise einschr\u00e4nken:<\/p>\n\n<p>&#8211; Wann immer Sie aufgefordert werden, ein Formular auf der Website auszuf\u00fcllen, suchen Sie nach einem K\u00e4stchen, das Sie anklicken k\u00f6nnen, um anzugeben, dass Sie nicht m\u00f6chten, dass jemand die Daten f\u00fcr Direktmarketingzwecke verwendet<\/p>\n\n<p>&#8211; Wenn Sie zuvor zugestimmt haben, dass wir Ihre personenbezogenen Daten f\u00fcr Direktmarketingzwecke verwenden, k\u00f6nnen Sie Ihre Meinung jederzeit \u00e4ndern, indem Sie uns schreiben oder eine E-Mail senden<\/p>\n\n<p>Wir werden Ihre personenbezogenen Daten nicht an Dritte verkaufen, verteilen oder vermieten, es sei denn, wir haben Ihre Erlaubnis oder sind gesetzlich dazu verpflichtet. Wir k\u00f6nnen Ihre personenbezogenen Daten verwenden, um Ihnen Werbeinformationen \u00fcber Dritte zu senden, von denen wir glauben, dass sie f\u00fcr Sie von Interesse sein k\u00f6nnten.<\/p>\n\n<p>Sie k\u00f6nnen Einzelheiten zu den personenbezogenen Daten anfordern, die wir gem\u00e4\u00df dem Datenschutzgesetz \u00fcber Sie gespeichert haben. Es wird eine geringe Geb\u00fchr erhoben. Wenn Sie eine Kopie Ihrer Informationen w\u00fcnschen, schreiben Sie an&#8230;<\/p>\n\n<p>Wenn Sie der Meinung sind, dass Informationen, die wir \u00fcber Sie gespeichert haben, falsch oder unvollst\u00e4ndig sind, schreiben Sie uns bitte so schnell wie m\u00f6glich an unsere Adresse oder senden Sie uns eine E-Mail. Wir werden alle Informationen, die sich als falsch herausstellen, unverz\u00fcglich korrigieren.<\/p>\n\n<p>LISTE DER COOKIES, DIE WIR SAMMELN:<\/p>\n\n<p>-Cookie-Namen<\/p>\n\n<p>-Beschreibung von Cookies<\/p>\n\n<p>-Korb<\/p>\n\n<p>-Kategorien<\/p>\n\n<p>-W\u00e4hrung<\/p>\n\n<p>-K\u00e4ufer&#8230;<\/p>\n\n<p>In dieser Datenschutzrichtlinie f\u00fcr Textnachrichtenprogramme wird erl\u00e4utert, wie MarioLab Informationen \u00fcber Sie in Verbindung mit seinem SMS-Marketingprogramm sammelt und verwendet.<\/p>\n\n<p>ERFASSUNG VON INFORMATIONEN<\/p>\n\n<p>Wir sammeln eine Vielzahl von Informationen \u00fcber Sie, einschlie\u00dflich Informationen, die Sie direkt zur Verf\u00fcgung stellen, wenn Sie einen Messaging-Dienst nutzen. Zum Beispiel erfassen wir die Telefonnummer und E-Mail-Adresse, die Sie bei der Anmeldung f\u00fcr den Messaging-Dienst angegeben haben. Wenn Sie Nachrichten \u00fcber einen Messaging-Dienst senden, erfassen wir auch Ihren Nachrichtenverlauf und alle in diesen Nachrichten enthaltenen Informationen.<\/p>\n\n<p>Wir k\u00f6nnen auch Informationen \u00fcber Sie durch die Verwendung von Cookies oder \u00e4hnlichen Technologien sammeln. Cookies sind Informationen, die Ihr Browser auf der Festplatte oder im Speicher Ihres Ger\u00e4ts speichert. Cookies erm\u00f6glichen es Ihnen, Ihre Erfahrung mit dem Messaging-Dienst zu personalisieren (z. B. um Ihnen personalisierte Textnachrichten wie Warenkorberinnerungen zu senden).<\/p>\n\n<p>Wenn Sie an einem Wettbewerb, einem Gewinnspiel, einer Forschungsstudie oder einer E-Mail-Umfrage im Zusammenhang mit einem Messaging-Dienst teilnehmen, erfassen wir grundlegende Kontaktinformationen und alle anderen Informationen, die Sie im Zusammenhang mit diesen Aktivit\u00e4ten angeben. Wir erfassen auch Ihre Kontaktinformationen, wenn Sie sich mit Fragen zum Messaging-Service oder zum Kundenservice an uns wenden.<\/p>\n\n<p>VERWENDUNG VON INFORMATIONEN<\/p>\n\n<p>Wir verwenden Ihre Daten, um den Messaging-Dienst bereitzustellen, zu analysieren, zu pflegen und zu unterst\u00fctzen. Wir k\u00f6nnen Ihre Daten auch verwenden, um die Messaging-Funktionen zu verbessern und Ihre Messaging-Erfahrungen anzupassen und zu personalisieren.<\/p>\n\n<p>WEITERGABE VON INFORMATIONEN<\/p>\n\n<p>Wir k\u00f6nnen Ihre Daten weitergeben, \u00fcbertragen oder offenlegen, wenn Sie dem zustimmen, sowie unter den folgenden Umst\u00e4nden:<\/p>\n\n<p>Dienstleister. Wir k\u00f6nnen Ihre Daten an Dritte weitergeben, um Ihnen bei der Bereitstellung eines Messaging-Dienstes zu helfen.<\/p>\n\n<p>Gesetzliche Verpflichtung und Achtungsschutz. Wir k\u00f6nnen Ihre Daten offenlegen, weil wir der Meinung sind, dass eine solche Offenlegung notwendig oder angemessen ist f\u00fcr:<\/p>\n\n<p>&#8211; Einhaltung geltender Gesetze und rechtlicher Verfahren<\/p>\n\n<p>&#8211; auf Anfragen von \u00f6ffentlichen und staatlichen Stellen zu reagieren, einschlie\u00dflich \u00f6ffentlicher und staatlicher Stellen au\u00dferhalb Ihres Wohnsitzlandes<\/p>\n\n<p>&#8211; unsere Rechte, unsere Privatsph\u00e4re, unsere Sicherheit oder unser Eigentum und\/oder die Rechte unserer verbundenen Unternehmen, von Ihnen oder anderen zu sch\u00fctzen. Sie erm\u00f6glichen es uns, die verf\u00fcgbaren rechtlichen M\u00f6glichkeiten zu nutzen oder den Schaden, den wir erleiden k\u00f6nnen, zu begrenzen.<\/p>\n\n<p>Von Zeit zu Zeit k\u00f6nnen wir Informationen \u00fcber Ihre Nutzung des Messaging-Dienstes an Dritte weitergeben, einschlie\u00dflich Werbetreibende, Werbepartner und Sponsoren.<\/p>\n\n<p>SCHUTZ VON INFORMATIONEN<\/p>\n\n<p>Wir ergreifen eine Reihe von physischen, technischen, administrativen und organisatorischen Sicherheitsma\u00dfnahmen, die auf der Sensibilit\u00e4t der von uns erfassten Daten basieren, um Ihre Daten vor versehentlicher oder unrechtm\u00e4\u00dfiger Zerst\u00f6rung oder versehentlichem Verlust, Ver\u00e4nderung, unbefugter Offenlegung oder unbefugtem Zugriff zu sch\u00fctzen. Leider kann keine Netzwerkaktivit\u00e4t zu 100 % sicher sein. Obwohl wir uns bem\u00fchen, Ihre Daten vor unbefugter Nutzung oder Offenlegung zu sch\u00fctzen, k\u00f6nnen wir die Sicherheit der von Ihnen bereitgestellten Informationen nicht gew\u00e4hrleisten oder garantieren. Wir \u00fcbernehmen keine Verantwortung f\u00fcr unbeabsichtigte Offenlegungen.<\/p>\n\n<p>AUFBEWAHRUNG VON INFORMATIONEN<\/p>\n\n<p>Wir bewahren Ihre Daten so lange auf, wie Sie am Messaging-Dienst teilnehmen oder so lange, wie es zur Erf\u00fcllung geltender gesetzlicher Verpflichtungen erforderlich ist. Wir werden Ihre Daten auch aufbewahren und verwenden, soweit dies zur Beilegung von Streitigkeiten, zum Schutz von uns und unseren Kunden und zur Durchsetzung unserer Vertr\u00e4ge erforderlich ist.<\/p>\n\n<p>WAHLEN UND KONTROLLEN<\/p>\n\n<p>Die Zustimmung zum Erhalt automatisierter Marketing-Textnachrichten ist keine Voraussetzung f\u00fcr einen Kauf. Sie k\u00f6nnen sich vom weiteren Empfang kommerzieller Textnachrichten \u00fcber den Nachrichtendienst abmelden, indem Sie auf eine der folgenden Antworten auf eine unserer Textnachrichten antworten: STOPPEN, BEENDEN, ABBRECHEN, ABBESTELLEN ODER STORNIEREN. Weitere Informationen zum Opt-out finden Sie in unseren Bedingungen.<\/p>\n\n<p>KUNDENBETREUUNG<\/p>\n\n<p>Wenn Sie Probleme mit Ihrem Messaging-Dienst haben, besuchen Sie :&#8230;. und senden Sie ein Formular mit Details zu Ihrem Problem oder Ihrer Supportanfrage oder senden Sie eine E-Mail an &#8230;<\/p>\n\n<p>WICHTIGSTE DATENSCHUTZERKL\u00c4RUNG<\/p>\n\n<p>Wenn Sie sich f\u00fcr den Erhalt von Textnachrichten von uns anmelden, stimmen Sie auch unserer Hauptdatenschutzrichtlinie zu.<\/p>\n\n<p>VERZICHTSERKL\u00c4RUNG<br\/><br\/>Verwenden Sie MarioLab.hr nur zu allgemeinen Informationszwecken. Sie sollten nicht zur Selbstdiagnose verwendet werden und sind kein Ersatz f\u00fcr eine \u00e4rztliche Untersuchung, Behandlung, Diagnose und Verschreibung oder Empfehlung. Sie sollten Ihr Gesundheitsprogramm oder Ihre Ern\u00e4hrung nicht \u00e4ndern, bevor Sie sich an den Arzt oder die medizinische Fachkraft Ihrer Wahl gewandt und eine medizinische Untersuchung, Diagnose und Empfehlung angefordert haben. Holen Sie immer den Rat eines Arztes oder einer anderen medizinischen Fachkraft ein, wenn Sie Fragen zu Ihrem Gesundheitszustand haben.<\/p>\n","protected":false},"excerpt":{"rendered":"<p>DATENSCHUTZRICHTLINIE: Diese Datenschutzrichtlinie legt fest, wie Sie alle Informationen, die Sie der MarioLab-Website zur Verf\u00fcgung stellen, verwenden und sch\u00fctzen. MarioLab sorgt daf\u00fcr, dass Ihre Privatsph\u00e4re gesch\u00fctzt ist. Wenn wir Sie bitten, bestimmte Informationen anzugeben, anhand derer Sie bei der Nutzung dieser Website identifiziert werden k\u00f6nnen, k\u00f6nnen Sie sicher sein, dass diese nur in \u00dcbereinstimmung mit [&hellip;]<\/p>\n","protected":false},"author":1,"featured_media":0,"parent":0,"menu_order":0,"comment_status":"closed","ping_status":"open","template":"","meta":{"_seopress_robots_primary_cat":"","_seopress_titles_title":"","_seopress_titles_desc":"","_seopress_robots_index":"","footnotes":""},"class_list":["post-3803","page","type-page","status-publish","hentry","wpbf-post"],"_links":{"self":[{"href":"https:\/\/mariolab.hr\/de\/wp-json\/wp\/v2\/pages\/3803","targetHints":{"allow":["GET"]}}],"collection":[{"href":"https:\/\/mariolab.hr\/de\/wp-json\/wp\/v2\/pages"}],"about":[{"href":"https:\/\/mariolab.hr\/de\/wp-json\/wp\/v2\/types\/page"}],"author":[{"embeddable":true,"href":"https:\/\/mariolab.hr\/de\/wp-json\/wp\/v2\/users\/1"}],"replies":[{"embeddable":true,"href":"https:\/\/mariolab.hr\/de\/wp-json\/wp\/v2\/comments?post=3803"}],"version-history":[{"count":0,"href":"https:\/\/mariolab.hr\/de\/wp-json\/wp\/v2\/pages\/3803\/revisions"}],"wp:attachment":[{"href":"https:\/\/mariolab.hr\/de\/wp-json\/wp\/v2\/media?parent=3803"}],"curies":[{"name":"wp","href":"https:\/\/api.w.org\/{rel}","templated":true}]}}