{"id":3884,"date":"2024-02-05T19:25:34","date_gmt":"2024-02-05T18:25:34","guid":{"rendered":"https:\/\/mariolab.hr\/videos\/"},"modified":"2024-03-11T17:57:48","modified_gmt":"2024-03-11T16:57:48","slug":"videos","status":"publish","type":"page","link":"https:\/\/mariolab.hr\/de\/videos\/","title":{"rendered":"Videos"},"content":{"rendered":"\t\t<div data-elementor-type=\"wp-page\" data-elementor-id=\"3884\" class=\"elementor elementor-3884 elementor-1360\" data-elementor-post-type=\"page\">\n\t\t\t\t<div class=\"elementor-element elementor-element-974b097 e-con-full e-flex e-con e-parent\" data-id=\"974b097\" data-element_type=\"container\" data-e-type=\"container\" data-settings=\"{&quot;background_background&quot;:&quot;classic&quot;}\">\n\t\t\t\t<div class=\"elementor-element elementor-element-f46885d elementor-widget elementor-widget-heading\" data-id=\"f46885d\" data-element_type=\"widget\" data-e-type=\"widget\" data-widget_type=\"heading.default\">\n\t\t\t\t<div class=\"elementor-widget-container\">\n\t\t\t\t\t<h2 class=\"elementor-heading-title elementor-size-default\">Videos<\/h2>\t\t\t\t<\/div>\n\t\t\t\t<\/div>\n\t\t<div class=\"elementor-element elementor-element-e836e91 e-flex e-con-boxed e-con e-child\" data-id=\"e836e91\" data-element_type=\"container\" data-e-type=\"container\">\n\t\t\t\t\t<div class=\"e-con-inner\">\n\t\t\t\t<div class=\"elementor-element elementor-element-46df9d2 elementor-widget elementor-widget-shortcode\" data-id=\"46df9d2\" data-element_type=\"widget\" data-e-type=\"widget\" data-widget_type=\"shortcode.default\">\n\t\t\t\t<div class=\"elementor-widget-container\">\n\t\t\t\t\t\t\t<div class=\"elementor-shortcode\"><div id=\"tag-groups-tag-list-69ef6d6232536\" class=\"tag-groups-tag-list\" style=\"column-count:2; column-gap:10px\"><h3 class=\" tag-groups-first-group\">A<\/h3><div class=\"tag-groups-tag-list-tags\"><span class=\"tag-groups-tag\" style=\"font-size:12px\"><a href=\"https:\/\/mariolab.hr\/de\/tag\/atherische-ole\/\"  title=\"(3)\"  class=\"atherische-ole\"><span class=\"tag-groups-label\" style=\"font-size:12px\">\u00c4therische \u00d6le<\/span><\/a><\/span> <span class=\"tag-groups-tag\" style=\"font-size:12px\"><a href=\"https:\/\/mariolab.hr\/de\/tag\/ausschlag-aus-der-brennnessel\/\"  title=\"(1)\"  class=\"ausschlag-aus-der-brennnessel\"><span class=\"tag-groups-label\" style=\"font-size:12px\">Ausschlag aus der Brennnessel<\/span><\/a><\/span> <span class=\"tag-groups-tag\" style=\"font-size:12px\"><a href=\"https:\/\/mariolab.hr\/de\/tag\/autoimmunerkrankungen\/\"  title=\"(2)\"  class=\"autoimmunerkrankungen\"><span class=\"tag-groups-label\" style=\"font-size:12px\">Autoimmunerkrankungen<\/span><\/a><\/span> <\/div>\n<h3>B<\/h3><div class=\"tag-groups-tag-list-tags\"><span class=\"tag-groups-tag\" style=\"font-size:12px\"><a href=\"https:\/\/mariolab.hr\/de\/tag\/bitteres-salz\/\"  title=\"(1)\"  class=\"bitteres-salz\"><span class=\"tag-groups-label\" style=\"font-size:12px\">Bitteres Salz<\/span><\/a><\/span> <span class=\"tag-groups-tag\" style=\"font-size:12px\"><a href=\"https:\/\/mariolab.hr\/de\/tag\/blutgefas\/\"  title=\"(3)\"  class=\"blutgefas\"><span class=\"tag-groups-label\" style=\"font-size:12px\">Blutgef\u00e4\u00df<\/span><\/a><\/span> <span class=\"tag-groups-tag\" style=\"font-size:12px\"><a href=\"https:\/\/mariolab.hr\/de\/tag\/blutgerinnsel\/\"  title=\"(4)\"  class=\"blutgerinnsel\"><span class=\"tag-groups-label\" style=\"font-size:12px\">Blutgerinnsel<\/span><\/a><\/span> <span class=\"tag-groups-tag\" style=\"font-size:12px\"><a href=\"https:\/\/mariolab.hr\/de\/tag\/bluthochdruck\/\"  title=\"(4)\"  class=\"bluthochdruck\"><span class=\"tag-groups-label\" style=\"font-size:12px\">Bluthochdruck<\/span><\/a><\/span> <span class=\"tag-groups-tag\" style=\"font-size:12px\"><a href=\"https:\/\/mariolab.hr\/de\/tag\/blutungen-aus-der-nase\/\"  title=\"(1)\"  class=\"blutungen-aus-der-nase\"><span class=\"tag-groups-label\" style=\"font-size:12px\">Blutungen aus der Nase<\/span><\/a><\/span> <span class=\"tag-groups-tag\" style=\"font-size:12px\"><a href=\"https:\/\/mariolab.hr\/de\/tag\/bor-de\/\"  title=\"(1)\"  class=\"bor-de\"><span class=\"tag-groups-label\" style=\"font-size:12px\">Bor<\/span><\/a><\/span> <span class=\"tag-groups-tag\" style=\"font-size:12px\"><a href=\"https:\/\/mariolab.hr\/de\/tag\/brennnesseltee\/\"  title=\"(1)\"  class=\"brennnesseltee\"><span class=\"tag-groups-label\" style=\"font-size:12px\">Brennnesseltee<\/span><\/a><\/span> <span class=\"tag-groups-tag\" style=\"font-size:12px\"><a href=\"https:\/\/mariolab.hr\/de\/tag\/bromelain-de\/\"  title=\"(3)\"  class=\"bromelain-de\"><span class=\"tag-groups-label\" style=\"font-size:12px\">Bromelain<\/span><\/a><\/span> <span class=\"tag-groups-tag\" style=\"font-size:12px\"><a href=\"https:\/\/mariolab.hr\/de\/tag\/bronchitis-de\/\"  title=\"(3)\"  class=\"bronchitis-de\"><span class=\"tag-groups-label\" style=\"font-size:12px\">Bronchitis<\/span><\/a><\/span> <span class=\"tag-groups-tag\" style=\"font-size:12px\"><a href=\"https:\/\/mariolab.hr\/de\/tag\/brustkrebs\/\"  title=\"(7)\"  class=\"brustkrebs\"><span class=\"tag-groups-label\" style=\"font-size:12px\">Brustkrebs<\/span><\/a><\/span> <\/div>\n<h3>C<\/h3><div class=\"tag-groups-tag-list-tags\"><span class=\"tag-groups-tag\" style=\"font-size:12px\"><a href=\"https:\/\/mariolab.hr\/de\/tag\/chronische-mudigkeit\/\"  title=\"(1)\"  class=\"chronische-mudigkeit\"><span class=\"tag-groups-label\" style=\"font-size:12px\">chronische M\u00fcdigkeit<\/span><\/a><\/span> <\/div>\n<h3>\u010c<\/h3><div class=\"tag-groups-tag-list-tags\"><\/div>\n<h3>D<\/h3><div class=\"tag-groups-tag-list-tags\"><span class=\"tag-groups-tag\" style=\"font-size:12px\"><a href=\"https:\/\/mariolab.hr\/de\/tag\/depression-de\/\"  title=\"(6)\"  class=\"depression-de\"><span class=\"tag-groups-label\" style=\"font-size:12px\">Depression<\/span><\/a><\/span> <span class=\"tag-groups-tag\" style=\"font-size:12px\"><a href=\"https:\/\/mariolab.hr\/de\/tag\/dermatitis-de\/\"  title=\"(3)\"  class=\"dermatitis-de\"><span class=\"tag-groups-label\" style=\"font-size:12px\">Dermatitis<\/span><\/a><\/span> <span class=\"tag-groups-tag\" style=\"font-size:12px\"><a href=\"https:\/\/mariolab.hr\/de\/tag\/diabetes-de-2\/\"  title=\"(4)\"  class=\"diabetes-de-2\"><span class=\"tag-groups-label\" style=\"font-size:12px\">Diabetes<\/span><\/a><\/span> <span class=\"tag-groups-tag\" style=\"font-size:12px\"><a href=\"https:\/\/mariolab.hr\/de\/tag\/diat\/\"  title=\"(12)\"  class=\"diat\"><span class=\"tag-groups-label\" style=\"font-size:12px\">Di\u00e4t<\/span><\/a><\/span> <span class=\"tag-groups-tag\" style=\"font-size:12px\"><a href=\"https:\/\/mariolab.hr\/de\/tag\/dickdarmkrebs\/\"  title=\"(9)\"  class=\"dickdarmkrebs\"><span class=\"tag-groups-label\" style=\"font-size:12px\">Dickdarmkrebs<\/span><\/a><\/span> <span class=\"tag-groups-tag\" style=\"font-size:12px\"><a href=\"https:\/\/mariolab.hr\/de\/tag\/durchfall\/\"  title=\"(1)\"  class=\"durchfall\"><span class=\"tag-groups-label\" style=\"font-size:12px\">Durchfall<\/span><\/a><\/span> <\/div>\n<h3>E<\/h3><div class=\"tag-groups-tag-list-tags\"><span class=\"tag-groups-tag\" style=\"font-size:12px\"><a href=\"https:\/\/mariolab.hr\/de\/tag\/erkrankungen-des-verdauungssystems\/\"  title=\"(1)\"  class=\"erkrankungen-des-verdauungssystems\"><span class=\"tag-groups-label\" style=\"font-size:12px\">Erkrankungen des Verdauungssystems<\/span><\/a><\/span> <span class=\"tag-groups-tag\" style=\"font-size:12px\"><a href=\"https:\/\/mariolab.hr\/de\/tag\/ernahrung-fur-herz-und-blutgefase\/\"  title=\"(8)\"  class=\"ernahrung-fur-herz-und-blutgefase\"><span class=\"tag-groups-label\" style=\"font-size:12px\">Ern\u00e4hrung f\u00fcr Herz und Blutgef\u00e4\u00dfe<\/span><\/a><\/span> <\/div>\n<h3>F<\/h3><div class=\"tag-groups-tag-list-tags\"><span class=\"tag-groups-tag\" style=\"font-size:12px\"><a href=\"https:\/\/mariolab.hr\/de\/tag\/petni-dorn\/\"  title=\"(1)\"  class=\"petni-dorn\"><span class=\"tag-groups-label\" style=\"font-size:12px\">Fersensporn<\/span><\/a><\/span> <span class=\"tag-groups-tag\" style=\"font-size:12px\"><a href=\"https:\/\/mariolab.hr\/de\/tag\/fettleber\/\"  title=\"(6)\"  class=\"fettleber\"><span class=\"tag-groups-label\" style=\"font-size:12px\">Fettleber<\/span><\/a><\/span> <\/div>\n<h3>G<\/h3><div class=\"tag-groups-tag-list-tags\"><\/div>\n<h3>H<\/h3><div class=\"tag-groups-tag-list-tags\"><span class=\"tag-groups-tag\" style=\"font-size:12px\"><a href=\"https:\/\/mariolab.hr\/de\/tag\/haar\/\"  title=\"(2)\"  class=\"haar\"><span class=\"tag-groups-label\" style=\"font-size:12px\">Haar<\/span><\/a><\/span> <span class=\"tag-groups-tag\" style=\"font-size:12px\"><a href=\"https:\/\/mariolab.hr\/de\/tag\/halswirbelsaule\/\"  title=\"(2)\"  class=\"halswirbelsaule\"><span class=\"tag-groups-label\" style=\"font-size:12px\">Halswirbels\u00e4ule<\/span><\/a><\/span> <span class=\"tag-groups-tag\" style=\"font-size:12px\"><a href=\"https:\/\/mariolab.hr\/de\/tag\/hamodialyse\/\"  title=\"(1)\"  class=\"hamodialyse\"><span class=\"tag-groups-label\" style=\"font-size:12px\">H\u00e4modialyse<\/span><\/a><\/span> <span class=\"tag-groups-tag\" style=\"font-size:12px\"><a href=\"https:\/\/mariolab.hr\/de\/tag\/haufiges-nachtliches-wasserlassen\/\"  title=\"(1)\"  class=\"haufiges-nachtliches-wasserlassen\"><span class=\"tag-groups-label\" style=\"font-size:12px\">h\u00e4ufiges n\u00e4chtliches Wasserlassen<\/span><\/a><\/span> <span class=\"tag-groups-tag\" style=\"font-size:12px\"><a href=\"https:\/\/mariolab.hr\/de\/tag\/hautkrankheiten\/\"  title=\"(8)\"  class=\"hautkrankheiten\"><span class=\"tag-groups-label\" style=\"font-size:12px\">Hautkrankheiten<\/span><\/a><\/span> <span class=\"tag-groups-tag\" style=\"font-size:12px\"><a href=\"https:\/\/mariolab.hr\/de\/tag\/herzanfall\/\"  title=\"(4)\"  class=\"herzanfall\"><span class=\"tag-groups-label\" style=\"font-size:12px\">Herzanfall<\/span><\/a><\/span> <span class=\"tag-groups-tag\" style=\"font-size:12px\"><a href=\"https:\/\/mariolab.hr\/de\/tag\/holunder\/\"  title=\"(1)\"  class=\"holunder\"><span class=\"tag-groups-label\" style=\"font-size:12px\">Holunder<\/span><\/a><\/span> <span class=\"tag-groups-tag\" style=\"font-size:12px\"><a href=\"https:\/\/mariolab.hr\/de\/tag\/hormone\/\"  title=\"(3)\"  class=\"hormone\"><span class=\"tag-groups-label\" style=\"font-size:12px\">Hormone<\/span><\/a><\/span> <span class=\"tag-groups-tag\" style=\"font-size:12px\"><a href=\"https:\/\/mariolab.hr\/de\/tag\/hypertonie\/\"  title=\"(3)\"  class=\"hypertonie\"><span class=\"tag-groups-label\" style=\"font-size:12px\">Hypertonie<\/span><\/a><\/span> <span class=\"tag-groups-tag\" style=\"font-size:12px\"><a href=\"https:\/\/mariolab.hr\/de\/tag\/hypothyreose\/\"  title=\"(6)\"  class=\"hypothyreose\"><span class=\"tag-groups-label\" style=\"font-size:12px\">Hypothyreose<\/span><\/a><\/span> <\/div>\n<h3>I<\/h3><div class=\"tag-groups-tag-list-tags\"><span class=\"tag-groups-tag\" style=\"font-size:12px\"><a href=\"https:\/\/mariolab.hr\/de\/tag\/insulinresistenz\/\"  title=\"(1)\"  class=\"insulinresistenz\"><span class=\"tag-groups-label\" style=\"font-size:12px\">insulinresistenz<\/span><\/a><\/span> <\/div>\n<h3>J<\/h3><div class=\"tag-groups-tag-list-tags\"><span class=\"tag-groups-tag\" style=\"font-size:12px\"><a href=\"https:\/\/mariolab.hr\/de\/tag\/eier\/\"  title=\"(1)\"  class=\"eier\"><span class=\"tag-groups-label\" style=\"font-size:12px\">Eier<\/span><\/a><\/span> <span class=\"tag-groups-tag\" style=\"font-size:12px\"><a href=\"https:\/\/mariolab.hr\/de\/tag\/juckreiz-in-den-augen\/\"  title=\"(1)\"  class=\"juckreiz-in-den-augen\"><span class=\"tag-groups-label\" style=\"font-size:12px\">Juckreiz in den Augen<\/span><\/a><\/span> <\/div>\n<h3>L<\/h3><div class=\"tag-groups-tag-list-tags\"><span class=\"tag-groups-tag\" style=\"font-size:12px\"><a href=\"https:\/\/mariolab.hr\/de\/tag\/limun-de\/\"  title=\"(3)\"  class=\"limun-de\"><span class=\"tag-groups-label\" style=\"font-size:12px\">#limun<\/span><\/a><\/span> <span class=\"tag-groups-tag\" style=\"font-size:12px\"><a href=\"https:\/\/mariolab.hr\/de\/tag\/lebensmittel\/\"  title=\"(1)\"  class=\"lebensmittel\"><span class=\"tag-groups-label\" style=\"font-size:12px\">Lebensmittel<\/span><\/a><\/span> <span class=\"tag-groups-tag\" style=\"font-size:12px\"><a href=\"https:\/\/mariolab.hr\/de\/tag\/lebererkrankungen\/\"  title=\"(12)\"  class=\"lebererkrankungen\"><span class=\"tag-groups-label\" style=\"font-size:12px\">Lebererkrankungen<\/span><\/a><\/span> <span class=\"tag-groups-tag\" style=\"font-size:12px\"><a href=\"https:\/\/mariolab.hr\/de\/tag\/leberfibrose\/\"  title=\"(5)\"  class=\"leberfibrose\"><span class=\"tag-groups-label\" style=\"font-size:12px\">Leberfibrose<\/span><\/a><\/span> <span class=\"tag-groups-tag\" style=\"font-size:12px\"><a href=\"https:\/\/mariolab.hr\/de\/tag\/leberkrebs\/\"  title=\"(5)\"  class=\"leberkrebs\"><span class=\"tag-groups-label\" style=\"font-size:12px\">Leberkrebs<\/span><\/a><\/span> <span class=\"tag-groups-tag\" style=\"font-size:12px\"><a href=\"https:\/\/mariolab.hr\/de\/tag\/leberzirrhose\/\"  title=\"(6)\"  class=\"leberzirrhose\"><span class=\"tag-groups-label\" style=\"font-size:12px\">Leberzirrhose<\/span><\/a><\/span> <span class=\"tag-groups-tag\" style=\"font-size:12px\"><a href=\"https:\/\/mariolab.hr\/de\/tag\/lezithin\/\"  title=\"(3)\"  class=\"lezithin\"><span class=\"tag-groups-label\" style=\"font-size:12px\">Lezithin<\/span><\/a><\/span> <span class=\"tag-groups-tag\" style=\"font-size:12px\"><a href=\"https:\/\/mariolab.hr\/de\/tag\/lorbeerblatt\/\"  title=\"(4)\"  class=\"lorbeerblatt\"><span class=\"tag-groups-label\" style=\"font-size:12px\">Lorbeerblatt<\/span><\/a><\/span> <span class=\"tag-groups-tag\" style=\"font-size:12px\"><a href=\"https:\/\/mariolab.hr\/de\/tag\/lunge\/\"  title=\"(2)\"  class=\"lunge\"><span class=\"tag-groups-label\" style=\"font-size:12px\">Lunge<\/span><\/a><\/span> <span class=\"tag-groups-tag\" style=\"font-size:12px\"><a href=\"https:\/\/mariolab.hr\/de\/tag\/lungenembolie\/\"  title=\"(2)\"  class=\"lungenembolie\"><span class=\"tag-groups-label\" style=\"font-size:12px\">Lungenembolie<\/span><\/a><\/span> <span class=\"tag-groups-tag\" style=\"font-size:12px\"><a href=\"https:\/\/mariolab.hr\/de\/tag\/lungenkrebs\/\"  title=\"(3)\"  class=\"lungenkrebs\"><span class=\"tag-groups-label\" style=\"font-size:12px\">Lungenkrebs<\/span><\/a><\/span> <\/div>\n<h3>K<\/h3><div class=\"tag-groups-tag-list-tags\"><span class=\"tag-groups-tag\" style=\"font-size:12px\"><a href=\"https:\/\/mariolab.hr\/de\/tag\/kurkuma-de\/\"  title=\"(2)\"  class=\"kurkuma-de\"><span class=\"tag-groups-label\" style=\"font-size:12px\">Kurkuma<\/span><\/a><\/span> <\/div>\n<h3>M<\/h3><div class=\"tag-groups-tag-list-tags\"><span class=\"tag-groups-tag\" style=\"font-size:12px\"><a href=\"https:\/\/mariolab.hr\/de\/tag\/magnesium-de\/\"  title=\"(1)\"  class=\"magnesium-de\"><span class=\"tag-groups-label\" style=\"font-size:12px\">Magnesium<\/span><\/a><\/span> <span class=\"tag-groups-tag\" style=\"font-size:12px\"><a href=\"https:\/\/mariolab.hr\/de\/tag\/mariendistel\/\"  title=\"(1)\"  class=\"mariendistel\"><span class=\"tag-groups-label\" style=\"font-size:12px\">Mariendistel<\/span><\/a><\/span> <\/div>\n<h3>N<\/h3><div class=\"tag-groups-tag-list-tags\"><span class=\"tag-groups-tag\" style=\"font-size:12px\"><a href=\"https:\/\/mariolab.hr\/de\/tag\/nagel\/\"  title=\"(1)\"  class=\"nagel\"><span class=\"tag-groups-label\" style=\"font-size:12px\">N\u00e4gel<\/span><\/a><\/span> <span class=\"tag-groups-tag\" style=\"font-size:12px\"><a href=\"https:\/\/mariolab.hr\/de\/tag\/nahrungserganzungsmittel\/\"  title=\"(3)\"  class=\"nahrungserganzungsmittel\"><span class=\"tag-groups-label\" style=\"font-size:12px\">Nahrungserg\u00e4nzungsmittel<\/span><\/a><\/span> <span class=\"tag-groups-tag\" style=\"font-size:12px\"><a href=\"https:\/\/mariolab.hr\/de\/tag\/nierenerkrankungen\/\"  title=\"(3)\"  class=\"nierenerkrankungen\"><span class=\"tag-groups-label\" style=\"font-size:12px\">Nierenerkrankungen<\/span><\/a><\/span> <span class=\"tag-groups-tag\" style=\"font-size:12px\"><a href=\"https:\/\/mariolab.hr\/de\/tag\/nierensteine\/\"  title=\"(6)\"  class=\"nierensteine\"><span class=\"tag-groups-label\" style=\"font-size:12px\">Nierensteine<\/span><\/a><\/span> <span class=\"tag-groups-tag\" style=\"font-size:12px\"><a href=\"https:\/\/mariolab.hr\/de\/tag\/nykturie\/\"  title=\"(1)\"  class=\"nykturie\"><span class=\"tag-groups-label\" style=\"font-size:12px\">Nykturie<\/span><\/a><\/span> <\/div>\n<h3>O<\/h3><div class=\"tag-groups-tag-list-tags\"><span class=\"tag-groups-tag\" style=\"font-size:12px\"><a href=\"https:\/\/mariolab.hr\/de\/tag\/omega-3-fettsauren\/\"  title=\"(1)\"  class=\"omega-3-fettsauren\"><span class=\"tag-groups-label\" style=\"font-size:12px\">Omega-3-Fetts\u00e4uren<\/span><\/a><\/span> <\/div>\n<h3>P<\/h3><div class=\"tag-groups-tag-list-tags\"><span class=\"tag-groups-tag\" style=\"font-size:12px\"><a href=\"https:\/\/mariolab.hr\/de\/tag\/pilzinfektionen\/\"  title=\"(1)\"  class=\"pilzinfektionen\"><span class=\"tag-groups-label\" style=\"font-size:12px\">Pilzinfektionen<\/span><\/a><\/span> <span class=\"tag-groups-tag\" style=\"font-size:12px\"><a href=\"https:\/\/mariolab.hr\/de\/tag\/probiotika\/\"  title=\"(2)\"  class=\"probiotika\"><span class=\"tag-groups-label\" style=\"font-size:12px\">Probiotika<\/span><\/a><\/span> <span class=\"tag-groups-tag\" style=\"font-size:12px\"><a href=\"https:\/\/mariolab.hr\/de\/tag\/prostata-de\/\"  title=\"(4)\"  class=\"prostata-de\"><span class=\"tag-groups-label\" style=\"font-size:12px\">Prostata<\/span><\/a><\/span> <span class=\"tag-groups-tag\" style=\"font-size:12px\"><a href=\"https:\/\/mariolab.hr\/de\/tag\/pycnogenol-de\/\"  title=\"(1)\"  class=\"pycnogenol-de\"><span class=\"tag-groups-label\" style=\"font-size:12px\">Pycnogenol<\/span><\/a><\/span> <\/div>\n<h3>R<\/h3><div class=\"tag-groups-tag-list-tags\"><span class=\"tag-groups-tag\" style=\"font-size:12px\"><a href=\"https:\/\/mariolab.hr\/de\/tag\/rheumatoide-arthritis\/\"  title=\"(2)\"  class=\"rheumatoide-arthritis\"><span class=\"tag-groups-label\" style=\"font-size:12px\">Rheumatoide Arthritis<\/span><\/a><\/span> <span class=\"tag-groups-tag\" style=\"font-size:12px\"><a href=\"https:\/\/mariolab.hr\/de\/tag\/ringelblume\/\"  title=\"(1)\"  class=\"ringelblume\"><span class=\"tag-groups-label\" style=\"font-size:12px\">Ringelblume<\/span><\/a><\/span> <span class=\"tag-groups-tag\" style=\"font-size:12px\"><a href=\"https:\/\/mariolab.hr\/de\/tag\/rosazea\/\"  title=\"(1)\"  class=\"rosazea\"><span class=\"tag-groups-label\" style=\"font-size:12px\">Rosazea<\/span><\/a><\/span> <span class=\"tag-groups-tag\" style=\"font-size:12px\"><a href=\"https:\/\/mariolab.hr\/de\/tag\/rosmarin\/\"  title=\"(1)\"  class=\"rosmarin\"><span class=\"tag-groups-label\" style=\"font-size:12px\">Rosmarin<\/span><\/a><\/span> <span class=\"tag-groups-tag\" style=\"font-size:12px\"><a href=\"https:\/\/mariolab.hr\/de\/tag\/ruckgrat\/\"  title=\"(4)\"  class=\"ruckgrat\"><span class=\"tag-groups-label\" style=\"font-size:12px\">R\u00fcckgrat<\/span><\/a><\/span> <\/div>\n<h3>U<\/h3><div class=\"tag-groups-tag-list-tags\"><span class=\"tag-groups-tag\" style=\"font-size:12px\"><a href=\"https:\/\/mariolab.hr\/de\/tag\/uberschussige-harnsaure\/\"  title=\"(2)\"  class=\"uberschussige-harnsaure\"><span class=\"tag-groups-label\" style=\"font-size:12px\">\u00dcbersch\u00fcssige Harns\u00e4ure<\/span><\/a><\/span> <span class=\"tag-groups-tag\" style=\"font-size:12px\"><a href=\"https:\/\/mariolab.hr\/de\/tag\/ubung\/\"  title=\"(1)\"  class=\"ubung\"><span class=\"tag-groups-label\" style=\"font-size:12px\">\u00dcbung<\/span><\/a><\/span> <span class=\"tag-groups-tag\" style=\"font-size:12px\"><a href=\"https:\/\/mariolab.hr\/de\/tag\/urin-de\/\"  title=\"(1)\"  class=\"urin-de\"><span class=\"tag-groups-label\" style=\"font-size:12px\">Urin<\/span><\/a><\/span> <\/div>\n<h3>S<\/h3><div class=\"tag-groups-tag-list-tags\"><span class=\"tag-groups-tag\" style=\"font-size:12px\"><a href=\"https:\/\/mariolab.hr\/de\/tag\/spondylitis-ankylosans\/\"  title=\"(1)\"  class=\"spondylitis-ankylosans\"><span class=\"tag-groups-label\" style=\"font-size:12px\">Spondylitis ankylosans<\/span><\/a><\/span> <span class=\"tag-groups-tag\" style=\"font-size:12px\"><a href=\"https:\/\/mariolab.hr\/de\/tag\/stress-de\/\"  title=\"(5)\"  class=\"stress-de\"><span class=\"tag-groups-label\" style=\"font-size:12px\">Stress<\/span><\/a><\/span> <span class=\"tag-groups-tag\" style=\"font-size:12px\"><a href=\"https:\/\/mariolab.hr\/de\/tag\/symptome-eines-zinkmangels\/\"  title=\"(1)\"  class=\"symptome-eines-zinkmangels\"><span class=\"tag-groups-label\" style=\"font-size:12px\">Symptome eines Zinkmangels<\/span><\/a><\/span> <\/div>\n<h3>&Scaron;<\/h3><div class=\"tag-groups-tag-list-tags\"><\/div>\n<h3>T<\/h3><div class=\"tag-groups-tag-list-tags\"><span class=\"tag-groups-tag\" style=\"font-size:12px\"><a href=\"https:\/\/mariolab.hr\/de\/tag\/takt\/\"  title=\"(3)\"  class=\"takt\"><span class=\"tag-groups-label\" style=\"font-size:12px\">Takt<\/span><\/a><\/span> <span class=\"tag-groups-tag\" style=\"font-size:12px\"><a href=\"https:\/\/mariolab.hr\/de\/tag\/tasche\/\"  title=\"(1)\"  class=\"tasche\"><span class=\"tag-groups-label\" style=\"font-size:12px\">Tasche<\/span><\/a><\/span> <span class=\"tag-groups-tag\" style=\"font-size:12px\"><a href=\"https:\/\/mariolab.hr\/de\/tag\/tee\/\"  title=\"(25)\"  class=\"tee\"><span class=\"tag-groups-label\" style=\"font-size:12px\">Tee<\/span><\/a><\/span> <span class=\"tag-groups-tag\" style=\"font-size:12px\"><a href=\"https:\/\/mariolab.hr\/de\/tag\/tranensacke\/\"  title=\"(2)\"  class=\"tranensacke\"><span class=\"tag-groups-label\" style=\"font-size:12px\">Tr\u00e4nens\u00e4cke<\/span><\/a><\/span> <span class=\"tag-groups-tag\" style=\"font-size:12px\"><a href=\"https:\/\/mariolab.hr\/de\/tag\/traubensilberkerze\/\"  title=\"(1)\"  class=\"traubensilberkerze\"><span class=\"tag-groups-label\" style=\"font-size:12px\">Traubensilberkerze<\/span><\/a><\/span> <span class=\"tag-groups-tag\" style=\"font-size:12px\"><a href=\"https:\/\/mariolab.hr\/de\/tag\/tumoren\/\"  title=\"(15)\"  class=\"tumoren\"><span class=\"tag-groups-label\" style=\"font-size:12px\">Tumoren<\/span><\/a><\/span> <\/div>\n<h3>V<\/h3><div class=\"tag-groups-tag-list-tags\"><span class=\"tag-groups-tag\" style=\"font-size:12px\"><a href=\"https:\/\/mariolab.hr\/de\/tag\/geader\/\"  title=\"(2)\"  class=\"geader\"><span class=\"tag-groups-label\" style=\"font-size:12px\">Ge\u00e4der<\/span><\/a><\/span> <span class=\"tag-groups-tag\" style=\"font-size:12px\"><a href=\"https:\/\/mariolab.hr\/de\/tag\/virose\/\"  title=\"(1)\"  class=\"virose\"><span class=\"tag-groups-label\" style=\"font-size:12px\">Virose<\/span><\/a><\/span> <span class=\"tag-groups-tag\" style=\"font-size:12px\"><a href=\"https:\/\/mariolab.hr\/de\/tag\/vitamin-de\/\"  title=\"(24)\"  class=\"vitamin-de\"><span class=\"tag-groups-label\" style=\"font-size:12px\">Vitamin<\/span><\/a><\/span> <span class=\"tag-groups-tag\" style=\"font-size:12px\"><a href=\"https:\/\/mariolab.hr\/de\/tag\/vitamin-d-de\/\"  title=\"(1)\"  class=\"vitamin-d-de\"><span class=\"tag-groups-label\" style=\"font-size:12px\">Vitamin D<\/span><\/a><\/span> <span class=\"tag-groups-tag\" style=\"font-size:12px\"><a href=\"https:\/\/mariolab.hr\/de\/tag\/vitamine\/\"  title=\"(4)\"  class=\"vitamine\"><span class=\"tag-groups-label\" style=\"font-size:12px\">Vitamine<\/span><\/a><\/span> <\/div>\n<h3>Z<\/h3><div class=\"tag-groups-tag-list-tags\"><span class=\"tag-groups-tag\" style=\"font-size:12px\"><a href=\"https:\/\/mariolab.hr\/de\/tag\/zahnbelag\/\"  title=\"(2)\"  class=\"zahnbelag\"><span class=\"tag-groups-label\" style=\"font-size:12px\">Zahnbelag<\/span><\/a><\/span> <span class=\"tag-groups-tag\" style=\"font-size:12px\"><a href=\"https:\/\/mariolab.hr\/de\/tag\/zimt\/\"  title=\"(2)\"  class=\"zimt\"><span class=\"tag-groups-label\" style=\"font-size:12px\">Zimt<\/span><\/a><\/span> <span class=\"tag-groups-tag\" style=\"font-size:12px\"><a href=\"https:\/\/mariolab.hr\/de\/tag\/zink\/\"  title=\"(2)\"  class=\"zink\"><span class=\"tag-groups-label\" style=\"font-size:12px\">Zink<\/span><\/a><\/span> <span class=\"tag-groups-tag\" style=\"font-size:12px\"><a href=\"https:\/\/mariolab.hr\/de\/tag\/zoliakie\/\"  title=\"(3)\"  class=\"zoliakie\"><span class=\"tag-groups-label\" style=\"font-size:12px\">Z\u00f6liakie<\/span><\/a><\/span> <span class=\"tag-groups-tag\" style=\"font-size:12px\"><a href=\"https:\/\/mariolab.hr\/de\/tag\/zucker\/\"  title=\"(1)\"  class=\"zucker\"><span class=\"tag-groups-label\" style=\"font-size:12px\">Zucker<\/span><\/a><\/span> <\/div>\n<h3>\u017d<\/h3><div class=\"tag-groups-tag-list-tags\"><\/div>\n<h3>\u0110<\/h3><div class=\"tag-groups-tag-list-tags\"><\/div>\n<\/div><\/div>\n\t\t\t\t\t\t<\/div>\n\t\t\t\t<\/div>\n\t\t\t\t\t<\/div>\n\t\t\t\t<\/div>\n\t\t\t\t<\/div>\n\t\t\t\t<\/div>\n\t\t","protected":false},"excerpt":{"rendered":"","protected":false},"author":1,"featured_media":0,"parent":0,"menu_order":0,"comment_status":"closed","ping_status":"closed","template":"elementor_header_footer","meta":{"_seopress_robots_primary_cat":"","_seopress_titles_title":"","_seopress_titles_desc":"","_seopress_robots_index":"","footnotes":""},"class_list":["post-3884","page","type-page","status-publish","hentry","wpbf-post"],"_links":{"self":[{"href":"https:\/\/mariolab.hr\/de\/wp-json\/wp\/v2\/pages\/3884","targetHints":{"allow":["GET"]}}],"collection":[{"href":"https:\/\/mariolab.hr\/de\/wp-json\/wp\/v2\/pages"}],"about":[{"href":"https:\/\/mariolab.hr\/de\/wp-json\/wp\/v2\/types\/page"}],"author":[{"embeddable":true,"href":"https:\/\/mariolab.hr\/de\/wp-json\/wp\/v2\/users\/1"}],"replies":[{"embeddable":true,"href":"https:\/\/mariolab.hr\/de\/wp-json\/wp\/v2\/comments?post=3884"}],"version-history":[{"count":0,"href":"https:\/\/mariolab.hr\/de\/wp-json\/wp\/v2\/pages\/3884\/revisions"}],"wp:attachment":[{"href":"https:\/\/mariolab.hr\/de\/wp-json\/wp\/v2\/media?parent=3884"}],"curies":[{"name":"wp","href":"https:\/\/api.w.org\/{rel}","templated":true}]}}