{"id":24788,"date":"2025-11-29T15:05:42","date_gmt":"2025-11-29T14:05:42","guid":{"rendered":"https:\/\/mariolab.hr\/proizvod\/wundersame-naturheilmittel-teil-3-gedrucktes-buch\/"},"modified":"2025-11-29T15:12:41","modified_gmt":"2025-11-29T14:12:41","slug":"wundersame-naturheilmittel-teil-3-gedrucktes-buch","status":"publish","type":"product","link":"https:\/\/mariolab.hr\/de\/proizvod\/wundersame-naturheilmittel-teil-3-gedrucktes-buch\/","title":{"rendered":"Wundersame Naturheilmittel \u2013 Teil 3 GEDRUCKTES BUCH"},"content":{"rendered":"<p class=\"ydp7ef12f8fMsoNormal\"><b>Wundersame Naturheilmittel \u2013 3. Teil <\/b><br \/>\n<b>Autor: Mario Labudovi\u0107<\/b><\/p>\n<p class=\"ydp7ef12f8fMsoNormal\">&#8220;Wundersame Naturheilmittel \u2013 Teil 3&#8221; ist eine Fortsetzung der Buchreihe \u00fcber Naturheilmittel von Mario Labudovi\u0107. Dieses Buch f\u00fchrt Sie tief in die Welt der Heilpflanzen und traditionellen Zubereitungen, die Ihr Wissen \u00fcber einen gesunden Lebensstil grundlegend ver\u00e4ndern werden.  <\/p>\n<p class=\"ydp7ef12f8fMsoNormal\">Der dritte Teil der Serie bietet mehr als nur eine klassische Beschreibung von Pflanzen. Das Buch zeigt, wie nat\u00fcrliche Heilmittel in Geschichte, Tradition und moderner Wissenschaft verwendet werden, wie man hochwertige Pflanzen ausw\u00e4hlt, wie man Infusionen, Abkoke, Tinkturen, Salben und Tonika richtig vorbereitet und wie man die in jeder Pflanze verborgenen Wirkstoffe versteht.<br \/>\nAlle Pflanzen werden durch praktische Beispiele, klare Erkl\u00e4rungen, sichere Richtlinien und echte Erfahrungen behandelt, die dem Leser ein zuverl\u00e4ssiges, verst\u00e4ndliches und professionell strukturiertes Handbuch bieten. <\/p>\n<p class=\"ydp7ef12f8fMsoNormal\">Das Buch enth\u00e4lt:<\/p>\n<ul type=\"disc\">\n<li class=\"ydp7ef12f8fMsoNormal\">detaillierte Beschreibungen der st\u00e4rksten Pflanzen, die in der traditionellen und modernen Phytotherapie verwendet werden,<\/li>\n<li class=\"ydp7ef12f8fMsoNormal\">Wissenschaftliche Erkl\u00e4rungen von Wirkstoffen und ihren Funktionen im K\u00f6rper<\/li>\n<\/ul>\n<ul type=\"disc\">\n<li class=\"ydp7ef12f8fMsoNormal\">Verfahren zur Herstellung nat\u00fcrlicher Pr\u00e4parate (Infusionen, Abkoke, Tinkturen, Sirupe, Salben, Kapseln)<\/li>\n<li class=\"ydp7ef12f8fMsoNormal\">Vollst\u00e4ndige Tabellen zu Mess, Sterilisation, Lagerung und sicherem Umgang mit Pflanzen<\/li>\n<li class=\"ydp7ef12f8fMsoNormal\">Tipps zur Auswahl, Qualit\u00e4tskontrolle und ordnungsgem\u00e4\u00dfer Pflanzenpflege<\/li>\n<li class=\"ydp7ef12f8fMsoNormal\">Expertenleitfaden zum Anbau, Ernten, Trocknen und Verarbeiten von Heilpflanzen<\/li>\n<li class=\"ydp7ef12f8fMsoNormal\">Eine klare Erkl\u00e4rung der Auswirkungen von Pflanzen auf das Verdauungs-, Kreislauf-, Nerven- und Immunsystem<\/li>\n<li class=\"ydp7ef12f8fMsoNormal\">Ein \u00dcberblick \u00fcber die globale Geschichte und Anwendung von Heilkr\u00e4utern in chinesischen, indischen, afrikanischen und europ\u00e4ischen Traditionen<\/li>\n<\/ul>\n<p class=\"ydp7ef12f8fMsoNormal\">Dieses Buch ist nicht nur eine Pflanzenenzyklop\u00e4die \u2013 es ist ein vollst\u00e4ndiges Wissenssystem f\u00fcr alle, die Natur, Gesundheit und ihren eigenen K\u00f6rper auf einer tieferen Ebene verstehen m\u00f6chten. Es ist einfach, verst\u00e4ndlich und professionell geschrieben, sodass jeder Leser nat\u00fcrliche Zubereitungen sicher mit dem Rat medizinischer Experten verwenden kann. <\/p>\n<p class=\"ydp7ef12f8fMsoNormal\">Der dritte Teil der Serie erg\u00e4nzt die vorherigen B\u00fccher perfekt, erweitert das Wissen und entdeckt neue Pflanzen, deren Wirksamkeit durch jahrhundertelange Tradition und moderne Forschung best\u00e4tigt wurde. Diese Fortsetzung macht die Serie &#8220;Miracle Natural Remedies&#8221; zu einem der umfassendsten Handb\u00fccher f\u00fcr nat\u00fcrliche Gesundheit in der Welt der Naturheilkunde. <\/p>\n<p class=\"ydp7ef12f8fMsoNormal\"><b>Wenn Sie lernen m\u00f6chten, wie Sie die Natur auf sichere, praktische und effektive Weise nutzen k\u00f6nnen \u2013 ist dieses Buch die richtige Wahl.<\/b><\/p>\n","protected":false},"excerpt":{"rendered":"<p>Der dritte Teil der Serie erg\u00e4nzt die vorherigen B\u00fccher perfekt, erweitert das Wissen und entdeckt neue Pflanzen, deren Wirksamkeit durch jahrhundertelange Tradition und moderne Forschung best\u00e4tigt wurde.<\/p>\n","protected":false},"featured_media":23367,"comment_status":"closed","ping_status":"closed","template":"","meta":{"_seopress_robots_primary_cat":"none","_seopress_titles_title":"","_seopress_titles_desc":"","_seopress_robots_index":""},"product_brand":[],"product_cat":[1902,1905,1901],"product_tag":[],"class_list":{"0":"post-24788","1":"product","2":"type-product","3":"status-publish","4":"has-post-thumbnail","6":"product_cat-buecher","7":"product_cat-gedruckte-buchausgaben","8":"product_cat-produkte","9":"wpbf-post","12":"instock","13":"taxable","14":"shipping-taxable","15":"purchasable","16":"product-type-variable"},"_links":{"self":[{"href":"https:\/\/mariolab.hr\/de\/wp-json\/wp\/v2\/product\/24788","targetHints":{"allow":["GET"]}}],"collection":[{"href":"https:\/\/mariolab.hr\/de\/wp-json\/wp\/v2\/product"}],"about":[{"href":"https:\/\/mariolab.hr\/de\/wp-json\/wp\/v2\/types\/product"}],"replies":[{"embeddable":true,"href":"https:\/\/mariolab.hr\/de\/wp-json\/wp\/v2\/comments?post=24788"}],"version-history":[{"count":1,"href":"https:\/\/mariolab.hr\/de\/wp-json\/wp\/v2\/product\/24788\/revisions"}],"predecessor-version":[{"id":24805,"href":"https:\/\/mariolab.hr\/de\/wp-json\/wp\/v2\/product\/24788\/revisions\/24805"}],"wp:featuredmedia":[{"embeddable":true,"href":"https:\/\/mariolab.hr\/de\/wp-json\/wp\/v2\/media\/23367"}],"wp:attachment":[{"href":"https:\/\/mariolab.hr\/de\/wp-json\/wp\/v2\/media?parent=24788"}],"wp:term":[{"taxonomy":"product_brand","embeddable":true,"href":"https:\/\/mariolab.hr\/de\/wp-json\/wp\/v2\/product_brand?post=24788"},{"taxonomy":"product_cat","embeddable":true,"href":"https:\/\/mariolab.hr\/de\/wp-json\/wp\/v2\/product_cat?post=24788"},{"taxonomy":"product_tag","embeddable":true,"href":"https:\/\/mariolab.hr\/de\/wp-json\/wp\/v2\/product_tag?post=24788"}],"curies":[{"name":"wp","href":"https:\/\/api.w.org\/{rel}","templated":true}]}}