{"id":24848,"date":"2025-11-29T15:19:10","date_gmt":"2025-11-29T14:19:10","guid":{"rendered":"https:\/\/mariolab.hr\/?post_type=product&#038;p=24848"},"modified":"2025-11-29T15:28:07","modified_gmt":"2025-11-29T14:28:07","slug":"set-gedruckter-bucher-miraculous-natural-remedies-1-3-teil-kopiraj","status":"publish","type":"product","link":"https:\/\/mariolab.hr\/de\/proizvod\/set-gedruckter-bucher-miraculous-natural-remedies-1-3-teil-kopiraj\/","title":{"rendered":"SET GEDRUCKTER B\u00dcCHER WUNDERSAME NAT\u00dcRLICHE HEILMITTEL Teil 1-3 und INTERMITTIERENDES FASTEN: Das Geheimnis von Gesundheit und Langlebigkeit"},"content":{"rendered":"<h3>Wunder Nat\u00fcrliche Heilmittel 1. Teil <\/h3>\n<p><strong>\u00dcBER DAS BUCH:<\/strong><br \/>\nM\u00f6chten Sie Ihre Gesundheit auf nat\u00fcrliche Weise in die Hand nehmen? Suchen Sie nicht weiter als bis zu meinem neuen Buch \u00fcber nat\u00fcrliche Wundermittel.  In diesem Buch erfahren Sie mehr \u00fcber die reiche Geschichte der Naturheilmittel, finden heraus, was die besten Heilpflanzen sind und ihre Anwendungen bei der Behandlung und Vorbeugung von Krankheiten.<\/p>\n<p><strong>Worum geht es:<\/strong><br \/>\nSie erfahren, wie Sie Ihren eigenen Garten mit Heilkr\u00e4utern anbauen k\u00f6nnen, Sie erhalten klare Anweisungen zur Dosierung, zu m\u00f6glichen Nebenwirkungen und zu den wichtigsten Wechselwirkungen mit chemischen Medikamenten. Entdecken Sie, wie nat\u00fcrliche Heilmittel Ihr allgemeines Wohlbefinden unterst\u00fctzen und die Gesundheit auf sichere Weise und ohne Nebenwirkungen f\u00f6rdern k\u00f6nnen. <\/p>\n<p><strong>F\u00fcr wen ist das Buch geeignet:<\/strong><br \/>\nDieses Buch richtet sich an alle: sowohl an Anf\u00e4nger als auch an Personen mit langj\u00e4hriger Erfahrung auf dem Gebiet der Naturheilkunde.<\/p>\n<p>&#8220;Marvelous Natural Remedies Part 1&#8221; ist der erste Teil einer atemberaubenden vierteiligen Serie, die in diesem und im n\u00e4chsten Jahr erscheinen wird. Das Buch dient als idealer Leitfaden f\u00fcr alle, die nat\u00fcrliche Heilmittel anwenden m\u00f6chten, um die Krankheiten des modernen Menschen zu bek\u00e4mpfen. <\/p>\n<p>Warten Sie nicht! Bestellen Sie noch heute Ihr Exemplar und begeben Sie sich auf nat\u00fcrliche Weise auf eine Reise in Richtung Gesundheit und Wohlbefinden! <\/p>\n<h3>Wundersame Naturheilmittel Teil 2<\/h3>\n<p><strong>\u00dcBER DAS BUCH:<\/strong><br \/>\nM\u00f6chten Sie Ihre Gesundheit auf nat\u00fcrliche Weise in die Hand nehmen? Suchen Sie nicht weiter als bis zu meinem neuen Buch \u00fcber nat\u00fcrliche Wundermittel.  In diesem Buch erfahren Sie mehr \u00fcber die reiche Geschichte der Naturheilmittel, finden heraus, was die besten Heilpflanzen sind und ihre Anwendungen bei der Behandlung und Vorbeugung von Krankheiten.<\/p>\n<p><strong>Worum geht es:<\/strong><br \/>\nSie erfahren, wie Sie Ihren eigenen Garten mit Heilkr\u00e4utern anbauen k\u00f6nnen, Sie erhalten klare Anweisungen zur Dosierung, zu m\u00f6glichen Nebenwirkungen und zu den wichtigsten Wechselwirkungen mit chemischen Medikamenten. Entdecken Sie, wie nat\u00fcrliche Heilmittel Ihr allgemeines Wohlbefinden unterst\u00fctzen und die Gesundheit auf sichere Weise und ohne Nebenwirkungen f\u00f6rdern k\u00f6nnen. <\/p>\n<p><strong>F\u00fcr wen ist das Buch geeignet:<\/strong><br \/>\nDieses Buch richtet sich an alle: sowohl an Anf\u00e4nger als auch an Personen mit langj\u00e4hriger Erfahrung auf dem Gebiet der Naturheilkunde.<\/p>\n<p>&#8220;Miraculous Natural Remedies Part 2&#8221; ist der erste Teil einer atemberaubenden vierteiligen Serie, die dieses und n\u00e4chstes Jahr ver\u00f6ffentlicht wird. Das Buch dient als idealer Leitfaden f\u00fcr alle, die nat\u00fcrliche Heilmittel anwenden m\u00f6chten, um die Krankheiten des modernen Menschen zu bek\u00e4mpfen. <\/p>\n<p>Warten Sie nicht! Bestellen Sie noch heute Ihr Exemplar und begeben Sie sich auf nat\u00fcrliche Weise auf eine Reise in Richtung Gesundheit und Wohlbefinden! <\/p>\n<h3>Wundersame Naturheilmittel Teil 3<\/h3>\n<p class=\"ydp7ef12f8fMsoNormal\">&#8220;Wundersame Naturheilmittel \u2013 Teil 3&#8221; ist eine Fortsetzung der Buchreihe \u00fcber Naturheilmittel von Mario Labudovi\u0107. Dieses Buch f\u00fchrt Sie tief in die Welt der Heilpflanzen und traditionellen Zubereitungen, die Ihr Wissen \u00fcber einen gesunden Lebensstil grundlegend ver\u00e4ndern werden.  <\/p>\n<p class=\"ydp7ef12f8fMsoNormal\">Der dritte Teil der Serie bietet mehr als nur eine klassische Beschreibung von Pflanzen. Das Buch zeigt, wie nat\u00fcrliche Heilmittel in Geschichte, Tradition und moderner Wissenschaft verwendet werden, wie man hochwertige Pflanzen ausw\u00e4hlt, wie man Infusionen, Abkoke, Tinkturen, Salben und Tonika richtig vorbereitet und wie man die in jeder Pflanze verborgenen Wirkstoffe versteht.<br \/>\nAlle Pflanzen werden durch praktische Beispiele, klare Erkl\u00e4rungen, sichere Richtlinien und echte Erfahrungen behandelt, die dem Leser ein zuverl\u00e4ssiges, verst\u00e4ndliches und professionell strukturiertes Handbuch bieten. <\/p>\n<p class=\"ydp7ef12f8fMsoNormal\">Das Buch enth\u00e4lt:<\/p>\n<ul type=\"disc\">\n<li class=\"ydp7ef12f8fMsoNormal\">detaillierte Beschreibungen der st\u00e4rksten Pflanzen, die in der traditionellen und modernen Phytotherapie verwendet werden,<\/li>\n<li class=\"ydp7ef12f8fMsoNormal\">Wissenschaftliche Erkl\u00e4rungen von Wirkstoffen und ihren Funktionen im K\u00f6rper<\/li>\n<\/ul>\n<ul type=\"disc\">\n<li class=\"ydp7ef12f8fMsoNormal\">Verfahren zur Herstellung nat\u00fcrlicher Pr\u00e4parate (Infusionen, Abkoke, Tinkturen, Sirupe, Salben, Kapseln)<\/li>\n<li class=\"ydp7ef12f8fMsoNormal\">Vollst\u00e4ndige Tabellen zu Mess, Sterilisation, Lagerung und sicherem Umgang mit Pflanzen<\/li>\n<li class=\"ydp7ef12f8fMsoNormal\">Tipps zur Auswahl, Qualit\u00e4tskontrolle und ordnungsgem\u00e4\u00dfer Pflanzenpflege<\/li>\n<li class=\"ydp7ef12f8fMsoNormal\">Expertenleitfaden zum Anbau, Ernten, Trocknen und Verarbeiten von Heilpflanzen<\/li>\n<li class=\"ydp7ef12f8fMsoNormal\">Eine klare Erkl\u00e4rung der Auswirkungen von Pflanzen auf das Verdauungs-, Kreislauf-, Nerven- und Immunsystem<\/li>\n<li class=\"ydp7ef12f8fMsoNormal\">Ein \u00dcberblick \u00fcber die globale Geschichte und Anwendung von Heilkr\u00e4utern in chinesischen, indischen, afrikanischen und europ\u00e4ischen Traditionen<\/li>\n<\/ul>\n<p class=\"ydp7ef12f8fMsoNormal\">Dieses Buch ist nicht nur eine Pflanzenenzyklop\u00e4die \u2013 es ist ein vollst\u00e4ndiges Wissenssystem f\u00fcr alle, die Natur, Gesundheit und ihren eigenen K\u00f6rper auf einer tieferen Ebene verstehen m\u00f6chten. Es ist einfach, verst\u00e4ndlich und professionell geschrieben, sodass jeder Leser nat\u00fcrliche Zubereitungen sicher mit dem Rat medizinischer Experten verwenden kann. <\/p>\n<p class=\"ydp7ef12f8fMsoNormal\">Der dritte Teil der Serie erg\u00e4nzt die vorherigen B\u00fccher perfekt, erweitert das Wissen und entdeckt neue Pflanzen, deren Wirksamkeit durch jahrhundertelange Tradition und moderne Forschung best\u00e4tigt wurde. Diese Fortsetzung macht die Serie &#8220;Miracle Natural Remedies&#8221; zu einem der umfassendsten Handb\u00fccher f\u00fcr nat\u00fcrliche Gesundheit in der Welt der Naturheilkunde. <\/p>\n<p class=\"ydp7ef12f8fMsoNormal\"><b>Wenn Sie lernen m\u00f6chten, wie Sie die Natur auf sichere, praktische und effektive Weise nutzen k\u00f6nnen \u2013 ist dieses Buch die richtige Wahl.<\/b><\/p>\n<h3>Intermittierendes Fasten: Das Geheimnis von Gesundheit und Langlebigkeit<\/h3>\n<p>\u00dcBER DAS BUCH: Das<br \/>\n Buch handelt von der ges\u00fcndesten Ern\u00e4hrung der Welt, genannt &#8220;Intermittent Fasting&#8221;. Dieses Buch ist das Ergebnis meiner Forschung zu dieser Essweise und ihrer Anwendung in meinem eigenen Leben und in der Arbeit mit Patienten.<\/p>\n<p>Worum es geht:<br \/>\n &#8220;Intermittierendes Fasten&#8221; ist nicht nur eine Di\u00e4t; es ist ein Lebensstil, der sich positiv auf Ihre k\u00f6rperliche und geistige Gesundheit auswirkt. Durch eine detaillierte Darstellung des intermittierenden Fastens bietet dieses Buch spezifische Richtlinien, Tipps und Rezepte, die Ihnen helfen, die besten Ergebnisse zu erzielen. <\/p>\n<p>Wissenschaftliche Grundlage:<br \/>\n Das Buch basiert auf den neuesten wissenschaftlichen Forschungen, die die unglaublichen Vorteile des intermittierenden Fastens best\u00e4tigen. Von der Regulierung des K\u00f6rpergewichts und der Verbesserung des Stoffwechsels bis hin zur Verringerung von Entz\u00fcndungen und der Verbesserung der kognitiven Funktion. Das Buch bietet praktische Anleitungen f\u00fcr Anf\u00e4nger, aber auch viele neue Informationen f\u00fcr alle Menschen, die diese Di\u00e4t praktizieren. <\/p>\n<p>Was du lernen wirst:<br \/>\n Wie du mit intermittierendem Fasten anf\u00e4ngst und es an deine Bed\u00fcrfnisse anpasst.<br \/>\nGesundheitsvorteile, darunter Gewichtsverlust, verbesserte Herz- und Gehirnfunktion sowie ein reduziertes Krankheitsrisiko.<br \/>\nRezepte und Mahlzeitenpl\u00e4ne, die Ihnen helfen, Ihre Ziele beim intermittierenden Fasten zu erreichen.<\/p>\n<p>F\u00fcr<br \/>\n wen ist das Buch: Dieses Buch richtet sich an alle, die die Kontrolle \u00fcber ihre Gesundheit \u00fcbernehmen, eine lange Lebensdauer erreichen und die Geheimnisse der ges\u00fcndesten Di\u00e4t der Welt entdecken m\u00f6chten.<\/p>\n","protected":false},"excerpt":{"rendered":"<ul>\n<li class=\"woocommerce-loop-product__title\">&#8220;Wunder Naturheilmittel Teil 1&#8221; \u2013 Ihr Leitfaden f\u00fcr die Gesundheit<\/li>\n<li>&#8220;Wundersame Naturheilmittel Teil 2&#8221; \u2013 Ihr Leitfaden f\u00fcr die Gesundheit<\/li>\n<li>&#8220;Miracle Natural Remedies Teil 3&#8221; \u2013 Ihr Leitfaden zur Gesundheit<\/li>\n<li>  INTERMITTIERENDES FASTEN: Das Geheimnis von Gesundheit und Langlebigkeit<\/li>\n<\/ul>\n","protected":false},"featured_media":23742,"comment_status":"closed","ping_status":"closed","template":"","meta":{"_seopress_robots_primary_cat":"none","_seopress_titles_title":"","_seopress_titles_desc":"","_seopress_robots_index":""},"product_brand":[],"product_cat":[1902,1905,1901],"product_tag":[],"class_list":{"0":"post-24848","1":"product","2":"type-product","3":"status-publish","4":"has-post-thumbnail","6":"product_cat-buecher","7":"product_cat-gedruckte-buchausgaben","8":"product_cat-produkte","9":"wpbf-post","12":"instock","13":"sale","14":"taxable","15":"shipping-taxable","16":"purchasable","17":"product-type-variable"},"_links":{"self":[{"href":"https:\/\/mariolab.hr\/de\/wp-json\/wp\/v2\/product\/24848","targetHints":{"allow":["GET"]}}],"collection":[{"href":"https:\/\/mariolab.hr\/de\/wp-json\/wp\/v2\/product"}],"about":[{"href":"https:\/\/mariolab.hr\/de\/wp-json\/wp\/v2\/types\/product"}],"replies":[{"embeddable":true,"href":"https:\/\/mariolab.hr\/de\/wp-json\/wp\/v2\/comments?post=24848"}],"version-history":[{"count":2,"href":"https:\/\/mariolab.hr\/de\/wp-json\/wp\/v2\/product\/24848\/revisions"}],"predecessor-version":[{"id":24962,"href":"https:\/\/mariolab.hr\/de\/wp-json\/wp\/v2\/product\/24848\/revisions\/24962"}],"wp:featuredmedia":[{"embeddable":true,"href":"https:\/\/mariolab.hr\/de\/wp-json\/wp\/v2\/media\/23742"}],"wp:attachment":[{"href":"https:\/\/mariolab.hr\/de\/wp-json\/wp\/v2\/media?parent=24848"}],"wp:term":[{"taxonomy":"product_brand","embeddable":true,"href":"https:\/\/mariolab.hr\/de\/wp-json\/wp\/v2\/product_brand?post=24848"},{"taxonomy":"product_cat","embeddable":true,"href":"https:\/\/mariolab.hr\/de\/wp-json\/wp\/v2\/product_cat?post=24848"},{"taxonomy":"product_tag","embeddable":true,"href":"https:\/\/mariolab.hr\/de\/wp-json\/wp\/v2\/product_tag?post=24848"}],"curies":[{"name":"wp","href":"https:\/\/api.w.org\/{rel}","templated":true}]}}