{"id":25434,"date":"2026-01-16T11:59:09","date_gmt":"2026-01-16T10:59:09","guid":{"rendered":"https:\/\/mariolab.hr\/proizvod\/mariolab-premium-keramiktasse-gesunder-lebensstil\/"},"modified":"2026-01-16T11:59:09","modified_gmt":"2026-01-16T10:59:09","slug":"mariolab-premium-keramiktasse-gesunder-lebensstil","status":"publish","type":"product","link":"https:\/\/mariolab.hr\/de\/proizvod\/mariolab-premium-keramiktasse-gesunder-lebensstil\/","title":{"rendered":"Mariolab Premium Keramiktasse \u2013 Gesunder Lebensstil"},"content":{"rendered":"<p data-start=\"337\" data-end=\"739\">Dieser elegante <strong data-start=\"351\" data-end=\"380\">11-Unzen-Keramikbecher<\/strong> ist die perfekte Begleitung f\u00fcr Ihre morgendlichen Rituale und jeden Moment, in dem Sie Ihr Lieblingsgetr\u00e4nk genie\u00dfen. Aus hochwertigem, <strong data-start=\"506\" data-end=\"532\">gl\u00e4nzendem wei\u00dfem Keramik<\/strong> gefertigt, verbindet es <strong data-start=\"544\" data-end=\"562\">einen hochwertigen Look<\/strong> mit langanhaltender Funktionalit\u00e4t, w\u00e4hrend das Design sorgf\u00e4ltig gestaltet ist, um der \u00c4sthetik eines gesunden und bewussten Lebensstils zu folgen, der von <em data-start=\"690\" data-end=\"700\">MarioLAB<\/em> gef\u00f6rdert wird. <\/p>\n<p data-start=\"741\" data-end=\"774\"><strong data-start=\"743\" data-end=\"774\">Wichtige Produktmerkmale:<\/strong><\/p>\n<ul data-start=\"775\" data-end=\"1225\">\n<li data-start=\"775\" data-end=\"865\">\n<p data-start=\"777\" data-end=\"865\"><strong data-start=\"780\" data-end=\"793\">Gr\u00f6\u00dfe:<\/strong> Standard 11 oz (\u2248 325 ml) \u2013 ideal f\u00fcr Kaffee, Tee oder hei\u00dfe Getr\u00e4nke.<\/p>\n<\/li>\n<li data-start=\"866\" data-end=\"955\">\n<p data-start=\"868\" data-end=\"955\"><strong data-start=\"871\" data-end=\"882\">Design:<\/strong> Rundumgestaltung mit Motiven, die Gesundheit und Wohlbefinden f\u00f6rdern.<\/p>\n<\/li>\n<li data-start=\"956\" data-end=\"1045\">\n<p data-start=\"958\" data-end=\"1045\"><strong data-start=\"960\" data-end=\"974\">Material:<\/strong> hochwertige Keramik mit gl\u00e4nzender Oberfl\u00e4che f\u00fcr den Langzeitgebrauch.<\/p>\n<\/li>\n<li data-start=\"1046\" data-end=\"1129\">\n<p data-start=\"1048\" data-end=\"1129\"><strong data-start=\"1051\" data-end=\"1078\">Einfache Wartung:<\/strong> Geeignet f\u00fcr Geschirrsp\u00fcler und Mikrowelle.<\/p>\n<\/li>\n<li data-start=\"1130\" data-end=\"1225\">\n<p data-start=\"1132\" data-end=\"1225\"><strong data-start=\"1135\" data-end=\"1154\">Das perfekte Geschenk:<\/strong> wundersch\u00f6n gestaltet und funktional \u2013 ideal als Geschenk f\u00fcr einen geliebten Menschen.<\/p>\n<\/li>\n<\/ul>\n<p data-start=\"1227\" data-end=\"1419\">Diese Tasse ist nicht nur eine Trinkschale \u2013 sie ist <strong data-start=\"1272\" data-end=\"1333\">eine Erg\u00e4nzung deiner t\u00e4glichen Routine von Gesundheit und Inspiration<\/strong>, genau wie die von <em data-start=\"1370\" data-end=\"1380\">MarioLAB<\/em> gef\u00f6rderten Werte.<\/p>\n","protected":false},"excerpt":{"rendered":"<p>Diese Tasse ist nicht nur eine Trinkschale \u2013 sie ist <strong data-start=\"1272\" data-end=\"1333\">eine Erg\u00e4nzung deiner t\u00e4glichen Routine von Gesundheit und Inspiration<\/strong>, genau wie die von <em data-start=\"1370\" data-end=\"1380\">MarioLAB<\/em> gef\u00f6rderten Werte.<\/p>\n","protected":false},"featured_media":25394,"comment_status":"closed","ping_status":"closed","template":"","meta":{"_seopress_robots_primary_cat":"","_seopress_titles_title":"","_seopress_titles_desc":"","_seopress_robots_index":""},"product_brand":[],"product_cat":[1902,1905,1901],"product_tag":[],"class_list":{"0":"post-25434","1":"product","2":"type-product","3":"status-publish","4":"has-post-thumbnail","6":"product_cat-buecher","7":"product_cat-gedruckte-buchausgaben","8":"product_cat-produkte","9":"wpbf-post","12":"instock","13":"taxable","14":"shipping-taxable","15":"purchasable","16":"product-type-simple"},"_links":{"self":[{"href":"https:\/\/mariolab.hr\/de\/wp-json\/wp\/v2\/product\/25434","targetHints":{"allow":["GET"]}}],"collection":[{"href":"https:\/\/mariolab.hr\/de\/wp-json\/wp\/v2\/product"}],"about":[{"href":"https:\/\/mariolab.hr\/de\/wp-json\/wp\/v2\/types\/product"}],"replies":[{"embeddable":true,"href":"https:\/\/mariolab.hr\/de\/wp-json\/wp\/v2\/comments?post=25434"}],"version-history":[{"count":0,"href":"https:\/\/mariolab.hr\/de\/wp-json\/wp\/v2\/product\/25434\/revisions"}],"wp:featuredmedia":[{"embeddable":true,"href":"https:\/\/mariolab.hr\/de\/wp-json\/wp\/v2\/media\/25394"}],"wp:attachment":[{"href":"https:\/\/mariolab.hr\/de\/wp-json\/wp\/v2\/media?parent=25434"}],"wp:term":[{"taxonomy":"product_brand","embeddable":true,"href":"https:\/\/mariolab.hr\/de\/wp-json\/wp\/v2\/product_brand?post=25434"},{"taxonomy":"product_cat","embeddable":true,"href":"https:\/\/mariolab.hr\/de\/wp-json\/wp\/v2\/product_cat?post=25434"},{"taxonomy":"product_tag","embeddable":true,"href":"https:\/\/mariolab.hr\/de\/wp-json\/wp\/v2\/product_tag?post=25434"}],"curies":[{"name":"wp","href":"https:\/\/api.w.org\/{rel}","templated":true}]}}