{"id":5346,"date":"2024-02-14T20:14:48","date_gmt":"2024-02-14T19:14:48","guid":{"rendered":"https:\/\/mariolab.hr\/proizvod\/intermittierendes-fasten-das-geheimnis-fuer-gesundheit-und-langlebigkeit-hoerbuch\/"},"modified":"2025-05-28T09:41:35","modified_gmt":"2025-05-28T07:41:35","slug":"intermittierendes-fasten-das-geheimnis-fuer-gesundheit-und-langlebigkeit-hoerbuch","status":"publish","type":"product","link":"https:\/\/mariolab.hr\/de\/proizvod\/intermittierendes-fasten-das-geheimnis-fuer-gesundheit-und-langlebigkeit-hoerbuch\/","title":{"rendered":"INTERMITTIERENDES FASTEN: Das Geheimnis f\u00fcr Gesundheit und Langlebigkeit \u2013 H\u00f6rbuch"},"content":{"rendered":"<p><strong>\u00dcBER DAS BUCH:<\/strong><br \/>\nIn dem Buch geht es um die ges\u00fcndeste Di\u00e4t der Welt, die als &#8220;intermittierendes Fasten&#8221; bezeichnet wird. Dieses Buch ist das Ergebnis meiner Forschung \u00fcber diese Di\u00e4t und ihre Anwendung in meinem eigenen Leben und in der Arbeit mit Patienten.<\/p>\n<p><strong>Darum geht&#8217;s:<\/strong><br \/>\n&#8220;Intermittierendes Fasten&#8221; ist nicht nur eine Di\u00e4t; Es ist ein Lebensstil, der sich positiv auf Ihre k\u00f6rperliche und geistige Gesundheit auswirkt. Durch eine detaillierte Darstellung des intermittierenden Fastens bietet dieses Buch spezifische Richtlinien, Tipps und Rezepte, die Ihnen helfen, die besten Ergebnisse zu erzielen.<\/p>\n<p><strong>Wissenschaftliche Grundlagen:<\/strong><br \/>\nDas Buch basiert auf den neuesten wissenschaftlichen Erkenntnissen, die die unglaublichen Vorteile des intermittierenden Fastens best\u00e4tigen. Von der Regulierung des K\u00f6rpergewichts und der Verbesserung des Stoffwechsels bis hin zur Verringerung von Entz\u00fcndungen und der Verbesserung der kognitiven Funktion. Das Buch bietet praktische Anleitungen f\u00fcr Anf\u00e4nger, aber auch viele neue Informationen f\u00fcr alle Menschen, die diese Di\u00e4t praktizieren.<\/p>\n<p><strong>Was Sie lernen werden:<\/strong><br \/>\nWie du mit dem Intervallfasten beginnst und es an deine Bed\u00fcrfnisse anpasst.<br \/>\nGesundheitliche Vorteile, einschlie\u00dflich Gewichtsverlust, verbesserte Herz- und Gehirnfunktion und Verringerung des Krankheitsrisikos.<br \/>\nRezepte und Ern\u00e4hrungspl\u00e4ne, die dir helfen, deine Ziele beim intermittierenden Fasten zu erreichen.<\/p>\n<p><strong>F\u00fcr wen das Buch ist:<\/strong><br \/>\nDieses Buch richtet sich an alle, die die Kontrolle \u00fcber ihre Gesundheit \u00fcbernehmen, ein langes Leben erreichen und die Geheimnisse der ges\u00fcndesten Di\u00e4t der Welt entdecken m\u00f6chten.<\/p>\n","protected":false},"excerpt":{"rendered":"<div>\n            <strong>H\u00f6rbuch<\/strong>\n          <\/div>\n<div>\n<p>In dem Buch geht es um die ges\u00fcndeste Di\u00e4t der Welt, die als &#8220;intermittierendes Fasten&#8221; bezeichnet wird. Dieses Buch ist das Ergebnis meiner Forschung \u00fcber diese Di\u00e4t und ihre Anwendung in meinem eigenen Leben und in der Arbeit mit Patienten.<\/p>\n<\/div>\n","protected":false},"featured_media":5667,"comment_status":"open","ping_status":"closed","template":"","meta":{"_seopress_robots_primary_cat":"none","_seopress_titles_title":"","_seopress_titles_desc":"","_seopress_robots_index":""},"product_brand":[],"product_cat":[1903,1902,1901],"product_tag":[],"class_list":{"0":"post-5346","1":"product","2":"type-product","3":"status-publish","4":"has-post-thumbnail","6":"product_cat-audioausgaben-von-buechern","7":"product_cat-buecher","8":"product_cat-produkte","9":"wpbf-post","12":"instock","13":"taxable","14":"shipping-taxable","15":"purchasable","16":"product-type-variable"},"_links":{"self":[{"href":"https:\/\/mariolab.hr\/de\/wp-json\/wp\/v2\/product\/5346","targetHints":{"allow":["GET"]}}],"collection":[{"href":"https:\/\/mariolab.hr\/de\/wp-json\/wp\/v2\/product"}],"about":[{"href":"https:\/\/mariolab.hr\/de\/wp-json\/wp\/v2\/types\/product"}],"replies":[{"embeddable":true,"href":"https:\/\/mariolab.hr\/de\/wp-json\/wp\/v2\/comments?post=5346"}],"version-history":[{"count":0,"href":"https:\/\/mariolab.hr\/de\/wp-json\/wp\/v2\/product\/5346\/revisions"}],"wp:featuredmedia":[{"embeddable":true,"href":"https:\/\/mariolab.hr\/de\/wp-json\/wp\/v2\/media\/5667"}],"wp:attachment":[{"href":"https:\/\/mariolab.hr\/de\/wp-json\/wp\/v2\/media?parent=5346"}],"wp:term":[{"taxonomy":"product_brand","embeddable":true,"href":"https:\/\/mariolab.hr\/de\/wp-json\/wp\/v2\/product_brand?post=5346"},{"taxonomy":"product_cat","embeddable":true,"href":"https:\/\/mariolab.hr\/de\/wp-json\/wp\/v2\/product_cat?post=5346"},{"taxonomy":"product_tag","embeddable":true,"href":"https:\/\/mariolab.hr\/de\/wp-json\/wp\/v2\/product_tag?post=5346"}],"curies":[{"name":"wp","href":"https:\/\/api.w.org\/{rel}","templated":true}]}}