{"id":8004,"date":"2024-10-31T19:51:23","date_gmt":"2024-10-31T18:51:23","guid":{"rendered":"https:\/\/mariolab.hr\/?post_type=product&#038;p=8004"},"modified":"2025-11-29T13:41:00","modified_gmt":"2025-11-29T12:41:00","slug":"wunder-naturheilmittel-teil-1-e-book-kopiraj","status":"publish","type":"product","link":"https:\/\/mariolab.hr\/de\/proizvod\/wunder-naturheilmittel-teil-1-e-book-kopiraj\/","title":{"rendered":"Wundersame Naturheilmittel Teil 2"},"content":{"rendered":"<p><strong>NEUES BUCH IM VERKAUF<br \/>\n<\/strong><\/p>\n<h3>Miracle Natural Remedies &#8211; Ihr Leitfaden f\u00fcr die Gesundheit E-BOOK<\/h3>\n<p><strong>\u00dcBER DAS BUCH:<\/strong><br \/>\nM\u00f6chten Sie Ihre Gesundheit auf nat\u00fcrliche Weise in die Hand nehmen? Suchen Sie nicht weiter als bis zu meinem neuen Buch \u00fcber nat\u00fcrliche Wundermittel.  In diesem Buch erfahren Sie mehr \u00fcber die reiche Geschichte der Naturheilmittel, finden heraus, was die besten Heilpflanzen sind und ihre Anwendungen bei der Behandlung und Vorbeugung von Krankheiten.<\/p>\n<p><strong>Worum geht es:<\/strong><br \/>\nSie erfahren, wie Sie Ihren eigenen Garten mit Heilkr\u00e4utern anbauen k\u00f6nnen, Sie erhalten klare Anweisungen zur Dosierung, zu m\u00f6glichen Nebenwirkungen und zu den wichtigsten Wechselwirkungen mit chemischen Medikamenten. Entdecken Sie, wie nat\u00fcrliche Heilmittel Ihr allgemeines Wohlbefinden unterst\u00fctzen und die Gesundheit auf sichere Weise und ohne Nebenwirkungen f\u00f6rdern k\u00f6nnen. <\/p>\n<p><strong>F\u00fcr wen ist das Buch geeignet:<\/strong><br \/>\nDieses Buch richtet sich an alle: sowohl an Anf\u00e4nger als auch an Personen mit langj\u00e4hriger Erfahrung auf dem Gebiet der Naturheilkunde.<\/p>\n<p>&#8220;Miraculous Natural Remedies Part 2&#8221; ist der erste Teil einer atemberaubenden vierteiligen Serie, die dieses und n\u00e4chstes Jahr ver\u00f6ffentlicht wird. Das Buch dient als idealer Leitfaden f\u00fcr alle, die nat\u00fcrliche Heilmittel anwenden m\u00f6chten, um die Krankheiten des modernen Menschen zu bek\u00e4mpfen. <\/p>\n<p>Warten Sie nicht! Bestellen Sie noch heute Ihr Exemplar und begeben Sie sich auf nat\u00fcrliche Weise auf eine Reise in Richtung Gesundheit und Wohlbefinden! <\/p>\n","protected":false},"excerpt":{"rendered":"<p><strong>NEUES BUCH IM VERKAUF<br \/>\n<\/strong><\/p>\n<p>Dieses Buch richtet sich an alle: sowohl an Anf\u00e4nger als auch an Personen mit langj\u00e4hriger Erfahrung auf dem Gebiet der Naturheilkunde.<\/p>\n","protected":false},"featured_media":7977,"comment_status":"open","ping_status":"closed","template":"","meta":{"_seopress_robots_primary_cat":"none","_seopress_titles_title":"","_seopress_titles_desc":"","_seopress_robots_index":""},"product_brand":[],"product_cat":[1902,1904,1901],"product_tag":[],"class_list":{"0":"post-8004","1":"product","2":"type-product","3":"status-publish","4":"has-post-thumbnail","6":"product_cat-buecher","7":"product_cat-e-book-ausgaben-von-buechern","8":"product_cat-produkte","9":"wpbf-post","12":"instock","13":"taxable","14":"shipping-taxable","15":"purchasable","16":"product-type-variable"},"_links":{"self":[{"href":"https:\/\/mariolab.hr\/de\/wp-json\/wp\/v2\/product\/8004","targetHints":{"allow":["GET"]}}],"collection":[{"href":"https:\/\/mariolab.hr\/de\/wp-json\/wp\/v2\/product"}],"about":[{"href":"https:\/\/mariolab.hr\/de\/wp-json\/wp\/v2\/types\/product"}],"replies":[{"embeddable":true,"href":"https:\/\/mariolab.hr\/de\/wp-json\/wp\/v2\/comments?post=8004"}],"version-history":[{"count":0,"href":"https:\/\/mariolab.hr\/de\/wp-json\/wp\/v2\/product\/8004\/revisions"}],"wp:featuredmedia":[{"embeddable":true,"href":"https:\/\/mariolab.hr\/de\/wp-json\/wp\/v2\/media\/7977"}],"wp:attachment":[{"href":"https:\/\/mariolab.hr\/de\/wp-json\/wp\/v2\/media?parent=8004"}],"wp:term":[{"taxonomy":"product_brand","embeddable":true,"href":"https:\/\/mariolab.hr\/de\/wp-json\/wp\/v2\/product_brand?post=8004"},{"taxonomy":"product_cat","embeddable":true,"href":"https:\/\/mariolab.hr\/de\/wp-json\/wp\/v2\/product_cat?post=8004"},{"taxonomy":"product_tag","embeddable":true,"href":"https:\/\/mariolab.hr\/de\/wp-json\/wp\/v2\/product_tag?post=8004"}],"curies":[{"name":"wp","href":"https:\/\/api.w.org\/{rel}","templated":true}]}}