{"id":13446,"date":"2024-01-30T10:22:05","date_gmt":"2024-01-30T09:22:05","guid":{"rendered":"https:\/\/mariolab.hr\/politica-de-privacidad\/"},"modified":"2025-11-26T13:36:11","modified_gmt":"2025-11-26T12:36:11","slug":"politica-de-privacidad","status":"publish","type":"page","link":"https:\/\/mariolab.hr\/es\/politica-de-privacidad\/","title":{"rendered":"Pol\u00edtica de privacidad"},"content":{"rendered":"\n<p>POL\u00cdTICA DE PRIVACIDAD:<\/p>\n\n<p>Esta pol\u00edtica de privacidad regula c\u00f3mo utilizas y proteges cualquier informaci\u00f3n que proporciones al sitio web de MarioLab. MarioLab garantiza que tu privacidad est\u00e9 protegida. Si te pedimos que proporciones cierta informaci\u00f3n personal identificable al utilizar este sitio web, puedes estar seguro de que solo se utilizar\u00e1 conforme a esta declaraci\u00f3n de privacidad. MarioLab puede cambiar esta pol\u00edtica de vez en cuando actualizando esta p\u00e1gina. Deber\u00edas consultar esta p\u00e1gina de vez en cuando para asegurarte de que est\u00e1s satisfecho con los cambios.<\/p>\n\n<p>LO QUE RECOPILAMOS:<\/p>\n\n<p>&#8211; informaci\u00f3n de contacto que incluye nombre, direcci\u00f3n postal, correo electr\u00f3nico y n\u00famero de tel\u00e9fono m\u00f3vil<\/p>\n\n<p>&#8211; Informaci\u00f3n demogr\u00e1fica como c\u00f3digo postal, preferencias e intereses<\/p>\n\n<p>&#8211; Otra informaci\u00f3n relevante para encuestas a clientes y\/o ofertas<\/p>\n\n<p>Para una lista completa de las cookies que recopilamos, consulte la secci\u00f3n Lista de cookies.<\/p>\n\n<p>\u00bfQU\u00c9 HACEMOS CON LA INFORMACI\u00d3N QUE RECOPILAMOS?<\/p>\n\n<p>Necesitamos esta informaci\u00f3n para entender sus necesidades y ofrecerle un mejor servicio, y en particular por las siguientes razones:<\/p>\n\n<p>-Registro interno.<\/p>\n\n<p>Podemos utilizar la informaci\u00f3n para mejorar nuestros productos y servicios.<\/p>\n\n<p>De vez en cuando, podemos enviar correos promocionales y, si te has inscrito en nuestra promoci\u00f3n de mensajes de texto, mensajes de texto (SMS\/MMS) sobre nuevos productos, ofertas especiales u otra informaci\u00f3n que creemos que pueda interesarte usando la direcci\u00f3n de correo electr\u00f3nico que has proporcionado.<\/p>\n\n<p>De vez en cuando, tambi\u00e9n podemos utilizar tu informaci\u00f3n para contactarte con fines de investigaci\u00f3n de mercado. Podemos contactarle por correo electr\u00f3nico, tel\u00e9fono, fax o por correo postal. Podemos utilizar la informaci\u00f3n para adaptar la web a tus intereses.  <\/p>\n\n<p>\u00bfC\u00d3MO COMPARTIMOS Y RECOPILAMOS INFORMACI\u00d3N?<\/p>\n\n<p>MarioLab solo comparte informaci\u00f3n personal con empresas afiliadas, as\u00ed como con socios comerciales y proveedores de servicios en los que confiamos para ayudarnos a ofrecerte un mejor servicio. Estas empresas necesitan informaci\u00f3n sobre ti para poder realizar sus funciones de servicio (como procesar y cumplir tu pedido, verificar la informaci\u00f3n de tu tarjeta de cr\u00e9dito y protegerte contra fraudes). Tambi\u00e9n compartimos informaci\u00f3n con empresas de confianza que nos ayudan con funciones de marketing (como gestionar nuestro negocio online y anunciar nuestros productos y servicios, incluyendo la administraci\u00f3n de nuestro programa de mensajer\u00eda de texto). Podemos contratar a proveedores para que sirvan anuncios en nuestro nombre en Internet y para ofrecer servicios de an\u00e1lisis. Estos proveedores pueden recopilar cierta informaci\u00f3n t\u00e9cnica u otra informaci\u00f3n de tu mano (por ejemplo, informaci\u00f3n del flujo de clics, tipo de navegador, hora y fecha, informaci\u00f3n de hardware\/software, ID de cookie, direcci\u00f3n IP, etc.) cuando visites nuestra p\u00e1gina web y pueden utilizar esta informaci\u00f3n para ofrecer publicidad sobre bienes y servicios que se consideren de mayor inter\u00e9s para ti.    <\/p>\n\n<p>Tambi\u00e9n podemos compartir tu informaci\u00f3n para cualquier otro prop\u00f3sito que haya sido divulgado en el momento de la recogida o cuando hayamos obtenido el consentimiento de otra manera. Ten en cuenta que esta pol\u00edtica no pretende limitar nuestra capacidad para compartir o divulgar informaci\u00f3n an\u00f3nima. MarioLab tambi\u00e9n se reserva el derecho de utilizar o divulgar informaci\u00f3n seg\u00fan sea necesario para cumplir cualquier ley, regulaci\u00f3n o solicitud legal, para cumplir con sus solicitudes, para cooperar con cualquier investigaci\u00f3n policial o similar, o para llevar a cabo cualquier investigaci\u00f3n interna o funci\u00f3n similar que consideremos adecuada para proteger nuestro negocio.  <\/p>\n\n<p>SEGURIDAD<\/p>\n\n<p>Estamos comprometidos a garantizar la seguridad de tus datos. Para evitar accesos o divulgaciones no autorizadas, hemos implementado procedimientos f\u00edsicos, electr\u00f3nicos y de gesti\u00f3n adecuados para proteger y proteger la informaci\u00f3n que recopilamos en l\u00ednea. <\/p>\n\n<p>\u00bfC\u00d3MO USAMOS LAS COOKIES?<\/p>\n\n<p>Una cookie es un peque\u00f1o archivo que pide permiso para colocarse en el disco duro de tu ordenador. Una vez que aceptas, el archivo se a\u00f1ade y la cookie ayuda a analizar el tr\u00e1fico web o te notifica cuando visitas una p\u00e1gina en particular. Las cookies permiten que las aplicaciones web respondan a ti como individuo. La aplicaci\u00f3n web puede adaptar sus operaciones a tus necesidades, gustos y disgustos recopilando y recordando informaci\u00f3n sobre tus preferencias.   <\/p>\n\n<p>Utilizamos cookies de registro de tr\u00e1fico para identificar qu\u00e9 p\u00e1ginas se utilizan. Esto nos ayuda a analizar los datos de tr\u00e1fico del sitio web y mejorar nuestro sitio web para adaptarlo a las necesidades del usuario. Solo usamos esta informaci\u00f3n para fines de an\u00e1lisis estad\u00edstico y luego los datos se eliminan del sistema.  <\/p>\n\n<p>En general, las cookies nos ayudan a ofrecerte un sitio web mejor, permiti\u00e9ndonos controlar qu\u00e9 p\u00e1ginas te resultan \u00fatiles y cu\u00e1les no. Una cookie no nos da acceso a tu ordenador ni a ninguna informaci\u00f3n sobre ti de ninguna manera, salvo la informaci\u00f3n que decidas compartir con nosotros. Puedes elegir si aceptas o rechazas cookies. La mayor\u00eda de los navegadores web aceptan cookies autom\u00e1ticamente, pero normalmente puedes cambiar la configuraci\u00f3n del navegador para rechazar las cookies si lo deseas. Esto puede impedirte aprovechar al m\u00e1ximo la p\u00e1gina web del sitio.    <\/p>\n\n<p>ENLACES A OTROS SITIOS WEB<\/p>\n\n<p>Nuestro sitio web puede contener enlaces a otros sitios web de inter\u00e9s. Sin embargo, una vez que hayas utilizado estos enlaces para salir de nuestro sitio, debes saber que no tenemos ning\u00fan control sobre ese otro sitio web. Por lo tanto, no podemos hacernos responsables de la protecci\u00f3n y privacidad de cualquier informaci\u00f3n que proporcione al visitar dichos sitios, y estos no est\u00e1n regulados por esta declaraci\u00f3n de privacidad. Debes tener cuidado y revisar la declaraci\u00f3n de privacidad que se aplica al sitio web en cuesti\u00f3n.   <\/p>\n\n<p>CONTROL DE TUS DATOS PERSONALES<\/p>\n\n<p>Puedes elegir limitar la recopilaci\u00f3n o el uso de tu informaci\u00f3n personal de las siguientes maneras:<\/p>\n\n<p>-Siempre que te pidan rellenar un formulario en la web, busca un cuadro en el que puedas hacer clic para indicar que no quieres que nadie use los datos con fines de marketing directo<\/p>\n\n<p>-Si previamente has consentido que usemos tu informaci\u00f3n personal con fines de marketing directo, puedes cambiar de opini\u00f3n en cualquier momento escribi\u00e9ndonos o envi\u00e1ndonos un correo electr\u00f3nico<\/p>\n\n<p>No venderemos, distribuiremos ni alquilaremos tu informaci\u00f3n personal a terceros a menos que tengamos tu permiso o que la ley lo requiera. Podemos utilizar su informaci\u00f3n personal para enviarle informaci\u00f3n promocional sobre terceros que consideremos que pueda interesarle. <\/p>\n\n<p>Puedes solicitar detalles sobre los datos personales que poseemos sobre ti bajo la Ley de Protecci\u00f3n de Datos. Se pagar\u00e1 una peque\u00f1a cuota. Si desea una copia de su informaci\u00f3n, por favor escriba a&#8230;<\/p>\n\n<p>Si crees que cualquier informaci\u00f3n que tengamos sobre ti es inexacta o incompleta, por favor escr\u00edbenos o env\u00edanos un correo electr\u00f3nico lo antes posible a nuestra direcci\u00f3n. Corregiremos con prontitud cualquier informaci\u00f3n que se encuentre incorrecta. <\/p>\n\n<p>LISTA DE COOKIES QUE RECOGEMOS:<\/p>\n\n<p>-nombres de galletas<\/p>\n\n<p>&#8211; Descripci\u00f3n de las cookies<\/p>\n\n<p>-canasta<\/p>\n\n<p>-Categor\u00edas<\/p>\n\n<p>-Divisa<\/p>\n\n<p>-comprador&#8230;<\/p>\n\n<p>Esta Pol\u00edtica de Privacidad del Programa de Mensajer\u00eda de Texto explica c\u00f3mo MarioLab recopila y utiliza informaci\u00f3n sobre ti en relaci\u00f3n con su programa de marketing por mensajer\u00eda de texto.<\/p>\n\n<p>RECOPILACI\u00d3N DE INFORMACI\u00d3N<\/p>\n\n<p>Recopilamos una variedad de informaci\u00f3n sobre ti, incluyendo informaci\u00f3n que proporcionas directamente cuando usas el servicio de mensajer\u00eda. Por ejemplo, recopilamos el n\u00famero de tel\u00e9fono y la direcci\u00f3n de correo electr\u00f3nico que proporcionaste al registrarte en un servicio de mensajer\u00eda. Cuando env\u00edes mensajes a trav\u00e9s de un servicio de mensajer\u00eda, tambi\u00e9n recopilaremos tu historial de mensajes y cualquier informaci\u00f3n incluida en esos mensajes.  <\/p>\n\n<p>Tambi\u00e9n podemos recopilar informaci\u00f3n sobre ti mediante el uso de cookies o tecnolog\u00edas similares. Las cookies son piezas de informaci\u00f3n que tu navegador almacena en el disco duro o la memoria de tu dispositivo. Las cookies nos permiten personalizar tu experiencia en el servicio de mensajer\u00eda (por ejemplo, envi\u00e1ndote mensajes de texto personalizados como recordatorios de carrito).  <\/p>\n\n<p>Si participas en un concurso, sorteo, estudio de investigaci\u00f3n o encuesta por correo electr\u00f3nico relacionado con un servicio de mensajer\u00eda, recopilaremos informaci\u00f3n b\u00e1sica de contacto y cualquier otra informaci\u00f3n que decidas proporcionar en relaci\u00f3n con esas actividades. Tambi\u00e9n recopilaremos tu informaci\u00f3n de contacto si nos contactas con preguntas sobre el servicio de mensajer\u00eda o el servicio de atenci\u00f3n al cliente. <\/p>\n\n<p>USO DE LA INFORMACI\u00d3N<\/p>\n\n<p>Utilizamos tu informaci\u00f3n para entregar, analizar, mantener y dar soporte al servicio de mensajer\u00eda. Tambi\u00e9n podemos utilizar tu informaci\u00f3n para mejorar las funciones del servicio de mensajer\u00eda y para personalizar y personalizar tus experiencias en el servicio. <\/p>\n\n<p>INTERCAMBIO DE INFORMACI\u00d3N<\/p>\n\n<p>Podemos compartir, transferir o divulgar tu informaci\u00f3n si consientes que lo hagamos, as\u00ed como en las siguientes circunstancias:<\/p>\n\n<p>Proveedores de servicios. Podemos compartir tu informaci\u00f3n con terceros para que te ayuden a proporcionar el servicio de mensajer\u00eda. <\/p>\n\n<p>Obligaci\u00f3n legal y protecci\u00f3n de la atenci\u00f3n. Podemos divulgar su informaci\u00f3n porque creemos que dicha divulgaci\u00f3n es necesaria o apropiada para: <\/p>\n\n<p>-Cumplimiento de la legislaci\u00f3n y los procedimientos legales aplicables<\/p>\n\n<p>&#8211; responder a solicitudes de autoridades p\u00fablicas y gubernamentales, incluidas autoridades p\u00fablicas y gubernamentales fuera de tu pa\u00eds de residencia<\/p>\n\n<p>-proteger nuestros derechos, privacidad, seguridad o propiedad y\/o los derechos de nuestros afiliados, t\u00fa o otros. Nos permiten aprovechar las opciones legales disponibles o limitar los da\u00f1os que podamos sufrir.<\/p>\n\n<p>De vez en cuando, podemos compartir informaci\u00f3n sobre tu uso del servicio de mensajer\u00eda con cualquier tercero, incluidos anunciantes, socios promocionales y patrocinadores.<\/p>\n\n<p>PROTECCI\u00d3N DE LA INFORMACI\u00d3N<\/p>\n\n<p>Adoptamos diversas medidas de seguridad f\u00edsicas, t\u00e9cnicas, administrativas y organizativas basadas en la sensibilidad de la informaci\u00f3n que recopilamos para proteger tu informaci\u00f3n de destrucci\u00f3n accidental o ilegal, o p\u00e9rdida accidental, alteraci\u00f3n, divulgaci\u00f3n no autorizada o acceso. Desafortunadamente, ninguna actividad online puede ser 100% segura. Aunque nos esforzamos por proteger tu informaci\u00f3n contra el uso o divulgaci\u00f3n no autorizados, no podemos garantizar ni garantizar la seguridad de ninguna de las informaciones que proporciones. No aceptamos la responsabilidad por divulgaci\u00f3n no intencionada.   <\/p>\n\n<p>CONSERVACI\u00d3N DE LA INFORMACI\u00d3N<\/p>\n\n<p>Retenemos tu informaci\u00f3n mientras participes en el servicio de mensajer\u00eda o el tiempo necesario para cumplir con las obligaciones legales aplicables. Tambi\u00e9n conservaremos y utilizaremos tu informaci\u00f3n seg\u00fan sea necesario para resolver disputas, protegernos a nosotros y a nuestros clientes, y hacer cumplir nuestros acuerdos. <\/p>\n\n<p>ELECCIONES Y CONTROLES<\/p>\n\n<p>El consentimiento para recibir mensajes de texto de marketing automatizados no es una condici\u00f3n para ninguna compra. Puedes optar por no recibir m\u00e1s mensajes comerciales a trav\u00e9s del servicio de mensajer\u00eda respondiendo a cualquiera de nuestros mensajes con cualquiera de las siguientes respuestas: DETENER, TERMINAR, CANCELAR, CANCELAR, CANCELAR o CANCELAR. Para m\u00e1s informaci\u00f3n sobre las exclusiones, por favor revise nuestros T\u00e9rminos.  <\/p>\n\n<p>ATENCI\u00d3N AL CLIENTE<\/p>\n\n<p>Si tienes problemas con el servicio de mensajer\u00eda, por favor visita:&#8230;. y enviar un formulario detallando tu problema o solicitud de soporte, o enviar un correo electr\u00f3nico a&#8230;<\/p>\n\n<p>POL\u00cdTICA DE PRIVACIDAD PRINCIPAL<\/p>\n\n<p>Si te registras para recibir mensajes de texto de nuestra parte, tambi\u00e9n aceptas nuestra Pol\u00edtica de Privacidad principal.<\/p>\n\n<p>RENUNCIA<br\/><br\/>MarioLab.hr uso solo con fines informativos generales. No deben usarse para autodiagn\u00f3stico y no sustituyen el examen m\u00e9dico, tratamiento, diagn\u00f3stico y prescripci\u00f3n o recomendaci\u00f3n. No debes cambiar tu r\u00e9gimen de salud ni tu dieta antes de contactar con tu m\u00e9dico o profesional m\u00e9dico elegido para un examen, diagn\u00f3stico y recomendaci\u00f3n m\u00e9dica. Siempre consulta el consejo de un m\u00e9dico u otro profesional sanitario si tienes dudas sobre tu condici\u00f3n m\u00e9dica.   <\/p>\n","protected":false},"excerpt":{"rendered":"<p>POL\u00cdTICA DE PRIVACIDAD: Esta pol\u00edtica de privacidad regula c\u00f3mo utilizas y proteges cualquier informaci\u00f3n que proporciones al sitio web de MarioLab. MarioLab garantiza que tu privacidad est\u00e9 protegida. Si te pedimos que proporciones cierta informaci\u00f3n personal identificable al utilizar este sitio web, puedes estar seguro de que solo se utilizar\u00e1 conforme a esta declaraci\u00f3n de [&hellip;]<\/p>\n","protected":false},"author":1,"featured_media":0,"parent":0,"menu_order":0,"comment_status":"closed","ping_status":"open","template":"","meta":{"_seopress_robots_primary_cat":"","_seopress_titles_title":"","_seopress_titles_desc":"","_seopress_robots_index":"","footnotes":""},"class_list":["post-13446","page","type-page","status-publish","hentry","wpbf-post"],"_links":{"self":[{"href":"https:\/\/mariolab.hr\/es\/wp-json\/wp\/v2\/pages\/13446","targetHints":{"allow":["GET"]}}],"collection":[{"href":"https:\/\/mariolab.hr\/es\/wp-json\/wp\/v2\/pages"}],"about":[{"href":"https:\/\/mariolab.hr\/es\/wp-json\/wp\/v2\/types\/page"}],"author":[{"embeddable":true,"href":"https:\/\/mariolab.hr\/es\/wp-json\/wp\/v2\/users\/1"}],"replies":[{"embeddable":true,"href":"https:\/\/mariolab.hr\/es\/wp-json\/wp\/v2\/comments?post=13446"}],"version-history":[{"count":0,"href":"https:\/\/mariolab.hr\/es\/wp-json\/wp\/v2\/pages\/13446\/revisions"}],"wp:attachment":[{"href":"https:\/\/mariolab.hr\/es\/wp-json\/wp\/v2\/media?parent=13446"}],"curies":[{"name":"wp","href":"https:\/\/api.w.org\/{rel}","templated":true}]}}