{"id":21253,"date":"2024-10-31T19:33:54","date_gmt":"2024-10-31T18:33:54","guid":{"rendered":"https:\/\/mariolab.hr\/proizvod\/remedios-naturales-milagrosos-parte-2-libro-impreso\/"},"modified":"2024-10-31T19:33:54","modified_gmt":"2024-10-31T18:33:54","slug":"remedios-naturales-milagrosos-parte-2-libro-impreso","status":"publish","type":"product","link":"https:\/\/mariolab.hr\/es\/proizvod\/remedios-naturales-milagrosos-parte-2-libro-impreso\/","title":{"rendered":"Remedios Naturales Milagrosos Parte 2 LIBRO IMPRESO"},"content":{"rendered":"<p><strong>NUEVO LIBRO A LA VENTA<br \/>\n<\/strong><\/p>\n<h3>Remedios Naturales Milagrosos &#8211; Tu Gu\u00eda para la Salud LIBRO<\/h3>\n<p><strong>SOBRE EL LIBRO:<\/strong><br \/>\n\u00bfQuieres tomar el control de tu salud de forma natural? No busques m\u00e1s: mi nuevo libro sobre remedios naturales milagrosos. En este libro, aprender\u00e1s m\u00e1s sobre la rica historia de las medicinas naturales, descubrir\u00e1s cu\u00e1les son las mejores plantas medicinales y sus aplicaciones en el tratamiento y la prevenci\u00f3n de enfermedades.  <\/p>\n<p><strong>\u00bfDe qu\u00e9 va?:<\/strong><br \/>\nDescubrir\u00e1s c\u00f3mo cultivar tu propio huerto de hierbas, recibir\u00e1s instrucciones claras sobre la dosis, posibles efectos secundarios e interacciones clave con f\u00e1rmacos qu\u00edmicos. Descubre c\u00f3mo los remedios naturales pueden apoyar tu bienestar general, promoviendo la salud de forma segura y sin efectos secundarios. <\/p>\n<p><strong>\u00bfPara qui\u00e9n es el libro:<\/strong><br \/>\nEste libro est\u00e1 dirigido a todo el mundo: tanto principiantes como personas con amplia experiencia en el campo de la medicina natural.<\/p>\n<p>&#8220;Remedios Naturales Milagrosos Parte 2&#8221; es la segunda entrega de una impresionante serie de cuatro partes que se publicar\u00e1 este a\u00f1o y el pr\u00f3ximo. El libro sirve como una gu\u00eda ideal para cualquiera que quiera aplicar remedios naturales en la lucha contra las enfermedades del hombre moderno. <\/p>\n<p>\u00a1No esperes! \u00a1Pide tu ejemplar hoy mismo y emprende un camino hacia la salud y el bienestar de forma natural! <\/p>\n","protected":false},"excerpt":{"rendered":"<p><strong>NUEVO LIBRO A LA VENTA<br \/>\n<\/strong><\/p>\n<p>Este libro est\u00e1 dirigido a todo el mundo: tanto principiantes como personas con amplia experiencia en el campo de la medicina natural.<\/p>\n","protected":false},"featured_media":21255,"comment_status":"open","ping_status":"closed","template":"","meta":{"_seopress_robots_primary_cat":"none","_seopress_titles_title":"","_seopress_titles_desc":"","_seopress_robots_index":""},"product_brand":[],"product_cat":[5174,5152],"product_tag":[],"class_list":{"0":"post-21253","1":"product","2":"type-product","3":"status-publish","4":"has-post-thumbnail","6":"product_cat-ediciones-impresas-de-libros","7":"product_cat-libros","8":"wpbf-post","11":"instock","12":"taxable","13":"shipping-taxable","14":"purchasable","15":"product-type-variable"},"_links":{"self":[{"href":"https:\/\/mariolab.hr\/es\/wp-json\/wp\/v2\/product\/21253","targetHints":{"allow":["GET"]}}],"collection":[{"href":"https:\/\/mariolab.hr\/es\/wp-json\/wp\/v2\/product"}],"about":[{"href":"https:\/\/mariolab.hr\/es\/wp-json\/wp\/v2\/types\/product"}],"replies":[{"embeddable":true,"href":"https:\/\/mariolab.hr\/es\/wp-json\/wp\/v2\/comments?post=21253"}],"version-history":[{"count":0,"href":"https:\/\/mariolab.hr\/es\/wp-json\/wp\/v2\/product\/21253\/revisions"}],"wp:featuredmedia":[{"embeddable":true,"href":"https:\/\/mariolab.hr\/es\/wp-json\/wp\/v2\/media\/21255"}],"wp:attachment":[{"href":"https:\/\/mariolab.hr\/es\/wp-json\/wp\/v2\/media?parent=21253"}],"wp:term":[{"taxonomy":"product_brand","embeddable":true,"href":"https:\/\/mariolab.hr\/es\/wp-json\/wp\/v2\/product_brand?post=21253"},{"taxonomy":"product_cat","embeddable":true,"href":"https:\/\/mariolab.hr\/es\/wp-json\/wp\/v2\/product_cat?post=21253"},{"taxonomy":"product_tag","embeddable":true,"href":"https:\/\/mariolab.hr\/es\/wp-json\/wp\/v2\/product_tag?post=21253"}],"curies":[{"name":"wp","href":"https:\/\/api.w.org\/{rel}","templated":true}]}}