{"id":23347,"date":"2025-11-29T13:02:31","date_gmt":"2025-11-29T12:02:31","guid":{"rendered":"https:\/\/mariolab.hr\/proizvod\/remedios-naturales-milagrosos-parte-3\/"},"modified":"2025-11-29T13:39:02","modified_gmt":"2025-11-29T12:39:02","slug":"remedios-naturales-milagrosos-parte-3","status":"publish","type":"product","link":"https:\/\/mariolab.hr\/es\/proizvod\/remedios-naturales-milagrosos-parte-3\/","title":{"rendered":"Remedios Naturales Milagrosos Parte 3"},"content":{"rendered":"<p class=\"ydp7ef12f8fMsoNormal\"><b>Autor: Mario Labudovi\u0107<\/b><\/p>\n<p class=\"ydp7ef12f8fMsoNormal\">&#8220;Remedios Naturales Milagrosos \u2013 Parte 3&#8221; es una continuaci\u00f3n de la serie de libros sobre remedios naturales de Mario Labudovi\u0107. Este libro te adentra profundamente en el mundo de las plantas medicinales y las preparaciones tradicionales que cambiar\u00e1n profundamente tu conocimiento sobre un estilo de vida saludable.  <\/p>\n<p class=\"ydp7ef12f8fMsoNormal\">La tercera parte de la serie ofrece m\u00e1s que una descripci\u00f3n cl\u00e1sica de las plantas. El libro muestra c\u00f3mo se utilizan los remedios naturales en la historia, la tradici\u00f3n y la ciencia moderna, c\u00f3mo elegir plantas de calidad, c\u00f3mo preparar correctamente infusiones, decoctones, tinturas, ung\u00fcentos y t\u00f3nicos, y c\u00f3mo comprender los compuestos activos ocultos en cada planta.<br \/>\nTodas las plantas se cubren mediante ejemplos pr\u00e1cticos, explicaciones claras, pautas seguras y experiencias pr\u00e1cticas reales, lo que proporciona al lector un manual fiable, comprensible y estructurado profesionalmente. <\/p>\n<p class=\"ydp7ef12f8fMsoNormal\">El libro incluye:<\/p>\n<ul type=\"disc\">\n<li class=\"ydp7ef12f8fMsoNormal\">descripciones detalladas de las plantas m\u00e1s potentes utilizadas en la fitoterapia tradicional y moderna<\/li>\n<li class=\"ydp7ef12f8fMsoNormal\">Explicaciones cient\u00edficas de los compuestos activos y sus funciones en el cuerpo<\/li>\n<\/ul>\n<ul type=\"disc\">\n<li class=\"ydp7ef12f8fMsoNormal\">Procedimientos para la preparaci\u00f3n de preparaciones naturales (infusiones, decoctones, tinturas, jarabes, ung\u00fcentos, c\u00e1psulas)<\/li>\n<li class=\"ydp7ef12f8fMsoNormal\">Tablas completas de medici\u00f3n, esterilizaci\u00f3n, almacenamiento y manejo seguro de plantas<\/li>\n<li class=\"ydp7ef12f8fMsoNormal\">Consejos para la selecci\u00f3n, el control de calidad y el cuidado adecuado de las plantas<\/li>\n<li class=\"ydp7ef12f8fMsoNormal\">Gu\u00eda experta sobre el cultivo, cosecha, secado y procesamiento de plantas medicinales<\/li>\n<li class=\"ydp7ef12f8fMsoNormal\">Una explicaci\u00f3n clara de los efectos de las plantas en los sistemas digestivo, circulatorio, nervioso e inmunitario<\/li>\n<li class=\"ydp7ef12f8fMsoNormal\">Una visi\u00f3n general de la historia global y la aplicaci\u00f3n de las hierbas medicinales en las tradiciones chinas, indias, africanas y europeas<\/li>\n<\/ul>\n<p class=\"ydp7ef12f8fMsoNormal\">Este libro no es solo una enciclopedia de plantas: es un sistema completo de conocimiento destinado a cualquiera que quiera comprender la naturaleza, la salud y su propio cuerpo a un nivel m\u00e1s profundo. Est\u00e1 escrito de forma sencilla, comprensible y profesional, para que todo lector pueda utilizar preparaciones naturales con el asesoramiento de expertos m\u00e9dicos. <\/p>\n<p class=\"ydp7ef12f8fMsoNormal\">La tercera parte de la serie complementa perfectamente los libros anteriores, ampl\u00eda el conocimiento y descubre nuevas plantas cuya eficacia ha sido confirmada por siglos de tradici\u00f3n e investigaci\u00f3n moderna. Esta secuela convierte a la serie &#8220;Remedios Naturales Milagrosos&#8221; en uno de los manuales de salud natural m\u00e1s completos del mundo de las medicinas naturales. <\/p>\n<p class=\"ydp7ef12f8fMsoNormal\"><b>Si quieres aprender a usar la naturaleza de forma segura, pr\u00e1ctica y eficaz, este libro es la elecci\u00f3n adecuada.<\/b><\/p>\n","protected":false},"excerpt":{"rendered":"<p>La tercera parte de la serie ofrece m\u00e1s que una descripci\u00f3n cl\u00e1sica de las plantas. El libro muestra c\u00f3mo se utilizan los remedios naturales en la historia, la tradici\u00f3n y la ciencia moderna, c\u00f3mo elegir plantas de calidad, c\u00f3mo preparar correctamente infusiones, decoctones, tinturas, ung\u00fcentos y t\u00f3nicos, y c\u00f3mo comprender los compuestos activos ocultos en cada planta. <\/p>\n","protected":false},"featured_media":23385,"comment_status":"closed","ping_status":"closed","template":"","meta":{"_seopress_robots_primary_cat":"none","_seopress_titles_title":"","_seopress_titles_desc":"","_seopress_robots_index":""},"product_brand":[],"product_cat":[5151,5152,5178],"product_tag":[],"class_list":{"0":"post-23347","1":"product","2":"type-product","3":"status-publish","4":"has-post-thumbnail","6":"product_cat-ediciones-en-e-book-de-libros","7":"product_cat-libros","8":"product_cat-produce","9":"wpbf-post","12":"instock","13":"taxable","14":"shipping-taxable","15":"purchasable","16":"product-type-variable"},"_links":{"self":[{"href":"https:\/\/mariolab.hr\/es\/wp-json\/wp\/v2\/product\/23347","targetHints":{"allow":["GET"]}}],"collection":[{"href":"https:\/\/mariolab.hr\/es\/wp-json\/wp\/v2\/product"}],"about":[{"href":"https:\/\/mariolab.hr\/es\/wp-json\/wp\/v2\/types\/product"}],"replies":[{"embeddable":true,"href":"https:\/\/mariolab.hr\/es\/wp-json\/wp\/v2\/comments?post=23347"}],"version-history":[{"count":0,"href":"https:\/\/mariolab.hr\/es\/wp-json\/wp\/v2\/product\/23347\/revisions"}],"wp:featuredmedia":[{"embeddable":true,"href":"https:\/\/mariolab.hr\/es\/wp-json\/wp\/v2\/media\/23385"}],"wp:attachment":[{"href":"https:\/\/mariolab.hr\/es\/wp-json\/wp\/v2\/media?parent=23347"}],"wp:term":[{"taxonomy":"product_brand","embeddable":true,"href":"https:\/\/mariolab.hr\/es\/wp-json\/wp\/v2\/product_brand?post=23347"},{"taxonomy":"product_cat","embeddable":true,"href":"https:\/\/mariolab.hr\/es\/wp-json\/wp\/v2\/product_cat?post=23347"},{"taxonomy":"product_tag","embeddable":true,"href":"https:\/\/mariolab.hr\/es\/wp-json\/wp\/v2\/product_tag?post=23347"}],"curies":[{"name":"wp","href":"https:\/\/api.w.org\/{rel}","templated":true}]}}