{"id":24255,"date":"2025-11-29T14:35:36","date_gmt":"2025-11-29T13:35:36","guid":{"rendered":"https:\/\/mariolab.hr\/?post_type=product&#038;p=24255"},"modified":"2025-11-29T15:04:22","modified_gmt":"2025-11-29T14:04:22","slug":"conjunto-de-libros-electronicos-remedios-naturales-milagrosos-parte-1-3-kopiraj","status":"publish","type":"product","link":"https:\/\/mariolab.hr\/es\/proizvod\/conjunto-de-libros-electronicos-remedios-naturales-milagrosos-parte-1-3-kopiraj\/","title":{"rendered":"CONJUNTO DE LIBROS ELECTR\u00d3NICOS Remedios Naturales Milagrosos 1-3 y AYUNO INTERMITENTE: El secreto de la salud y la longevidad"},"content":{"rendered":"<h3>Remedios Naturales Milagrosos Parte 1 <\/h3>\n<p><strong>SOBRE EL LIBRO:<\/strong><br \/>\n\u00bfQuieres tomar el control de tu salud de forma natural? No busques m\u00e1s: mi nuevo libro sobre remedios naturales milagrosos.  En este libro, aprender\u00e1s m\u00e1s sobre la rica historia de las medicinas naturales, descubrir\u00e1s cu\u00e1les son las mejores plantas medicinales y sus aplicaciones en el tratamiento y la prevenci\u00f3n de enfermedades.<\/p>\n<p><strong>\u00bfDe qu\u00e9 va?:<\/strong><br \/>\nDescubrir\u00e1s c\u00f3mo cultivar tu propio huerto de hierbas, recibir\u00e1s instrucciones claras sobre la dosis, posibles efectos secundarios e interacciones clave con f\u00e1rmacos qu\u00edmicos. Descubre c\u00f3mo los remedios naturales pueden apoyar tu bienestar general, promoviendo la salud de forma segura y sin efectos secundarios. <\/p>\n<p><strong>\u00bfPara qui\u00e9n es el libro:<\/strong><br \/>\nEste libro est\u00e1 dirigido a todo el mundo: tanto principiantes como personas con amplia experiencia en el campo de la medicina natural.<\/p>\n<p>&#8220;Remedios Naturales Milagrosos Parte 1&#8221; es la primera entrega de una impresionante serie de cuatro partes que se publicar\u00e1 este a\u00f1o y el pr\u00f3ximo. El libro sirve como una gu\u00eda ideal para cualquiera que quiera aplicar remedios naturales en la lucha contra las enfermedades del hombre moderno. <\/p>\n<p>\u00a1No esperes! \u00a1Pide tu ejemplar hoy mismo y emprende un camino hacia la salud y el bienestar de forma natural! <\/p>\n<h3>Remedios Naturales Milagrosos Parte 2<\/h3>\n<p><strong>SOBRE EL LIBRO:<\/strong><br \/>\n\u00bfQuieres tomar el control de tu salud de forma natural? No busques m\u00e1s: mi nuevo libro sobre remedios naturales milagrosos.  En este libro, aprender\u00e1s m\u00e1s sobre la rica historia de las medicinas naturales, descubrir\u00e1s cu\u00e1les son las mejores plantas medicinales y sus aplicaciones en el tratamiento y la prevenci\u00f3n de enfermedades.<\/p>\n<p><strong>\u00bfDe qu\u00e9 va?:<\/strong><br \/>\nDescubrir\u00e1s c\u00f3mo cultivar tu propio huerto de hierbas, recibir\u00e1s instrucciones claras sobre la dosis, posibles efectos secundarios e interacciones clave con f\u00e1rmacos qu\u00edmicos. Descubre c\u00f3mo los remedios naturales pueden apoyar tu bienestar general, promoviendo la salud de forma segura y sin efectos secundarios. <\/p>\n<p><strong>\u00bfPara qui\u00e9n es el libro:<\/strong><br \/>\nEste libro est\u00e1 dirigido a todo el mundo: tanto principiantes como personas con amplia experiencia en el campo de la medicina natural.<\/p>\n<p>&#8220;Remedios Naturales Milagrosos Parte 2&#8221; es la primera entrega de una impresionante serie de cuatro partes que se publicar\u00e1 durante este a\u00f1o y el pr\u00f3ximo. El libro sirve como una gu\u00eda ideal para cualquiera que quiera aplicar remedios naturales en la lucha contra las enfermedades del hombre moderno. <\/p>\n<p>\u00a1No esperes! \u00a1Pide tu ejemplar hoy mismo y emprende un camino hacia la salud y el bienestar de forma natural! <\/p>\n<h3>Remedios Naturales Milagrosos Parte 3<\/h3>\n<p class=\"ydp7ef12f8fMsoNormal\">&#8220;Remedios Naturales Milagrosos \u2013 Parte 3&#8221; es una continuaci\u00f3n de la serie de libros sobre remedios naturales de Mario Labudovi\u0107. Este libro te adentra profundamente en el mundo de las plantas medicinales y las preparaciones tradicionales que cambiar\u00e1n profundamente tu conocimiento sobre un estilo de vida saludable.  <\/p>\n<p class=\"ydp7ef12f8fMsoNormal\">La tercera parte de la serie ofrece m\u00e1s que una descripci\u00f3n cl\u00e1sica de las plantas. El libro muestra c\u00f3mo se utilizan los remedios naturales en la historia, la tradici\u00f3n y la ciencia moderna, c\u00f3mo elegir plantas de calidad, c\u00f3mo preparar correctamente infusiones, decoctones, tinturas, ung\u00fcentos y t\u00f3nicos, y c\u00f3mo comprender los compuestos activos ocultos en cada planta.<br \/>\nTodas las plantas se cubren mediante ejemplos pr\u00e1cticos, explicaciones claras, pautas seguras y experiencias pr\u00e1cticas reales, lo que proporciona al lector un manual fiable, comprensible y estructurado profesionalmente. <\/p>\n<p class=\"ydp7ef12f8fMsoNormal\">El libro incluye:<\/p>\n<ul type=\"disc\">\n<li class=\"ydp7ef12f8fMsoNormal\">descripciones detalladas de las plantas m\u00e1s potentes utilizadas en la fitoterapia tradicional y moderna<\/li>\n<li class=\"ydp7ef12f8fMsoNormal\">Explicaciones cient\u00edficas de los compuestos activos y sus funciones en el cuerpo<\/li>\n<\/ul>\n<ul type=\"disc\">\n<li class=\"ydp7ef12f8fMsoNormal\">Procedimientos para la preparaci\u00f3n de preparaciones naturales (infusiones, decoctones, tinturas, jarabes, ung\u00fcentos, c\u00e1psulas)<\/li>\n<li class=\"ydp7ef12f8fMsoNormal\">Tablas completas de medici\u00f3n, esterilizaci\u00f3n, almacenamiento y manejo seguro de plantas<\/li>\n<li class=\"ydp7ef12f8fMsoNormal\">Consejos para la selecci\u00f3n, el control de calidad y el cuidado adecuado de las plantas<\/li>\n<li class=\"ydp7ef12f8fMsoNormal\">Gu\u00eda experta sobre el cultivo, cosecha, secado y procesamiento de plantas medicinales<\/li>\n<li class=\"ydp7ef12f8fMsoNormal\">Una explicaci\u00f3n clara de los efectos de las plantas en los sistemas digestivo, circulatorio, nervioso e inmunitario<\/li>\n<li class=\"ydp7ef12f8fMsoNormal\">Una visi\u00f3n general de la historia global y la aplicaci\u00f3n de las hierbas medicinales en las tradiciones chinas, indias, africanas y europeas<\/li>\n<\/ul>\n<p class=\"ydp7ef12f8fMsoNormal\">Este libro no es solo una enciclopedia de plantas: es un sistema completo de conocimiento destinado a cualquiera que quiera comprender la naturaleza, la salud y su propio cuerpo a un nivel m\u00e1s profundo. Est\u00e1 escrito de forma sencilla, comprensible y profesional, para que todo lector pueda utilizar preparaciones naturales con el asesoramiento de expertos m\u00e9dicos. <\/p>\n<p class=\"ydp7ef12f8fMsoNormal\">La tercera parte de la serie complementa perfectamente los libros anteriores, ampl\u00eda el conocimiento y descubre nuevas plantas cuya eficacia ha sido confirmada por siglos de tradici\u00f3n e investigaci\u00f3n moderna. Esta secuela convierte a la serie &#8220;Remedios Naturales Milagrosos&#8221; en uno de los manuales de salud natural m\u00e1s completos del mundo de las medicinas naturales. <\/p>\n<p class=\"ydp7ef12f8fMsoNormal\"><b>Si quieres aprender a usar la naturaleza de forma segura, pr\u00e1ctica y eficaz, este libro es la elecci\u00f3n adecuada.<\/b><\/p>\n<h3>AYUNO INTERMITENTE: El secreto de la salud y la longevidad<\/h3>\n<p>SOBRE EL LIBRO: El<br \/>\n libro trata sobre el r\u00e9gimen de alimentaci\u00f3n m\u00e1s saludable del mundo llamado &#8220;ayuno intermitente&#8221;. Este libro es el resultado de mi investigaci\u00f3n sobre esta forma de comer y su aplicaci\u00f3n en mi propia vida y en el trabajo con pacientes.<\/p>\n<p>De qu\u00e9 se trata:<br \/>\n El &#8220;ayuno intermitente&#8221; no es solo una dieta; es un estilo de vida que tiene un impacto positivo en tu salud f\u00edsica y mental. A trav\u00e9s de una visi\u00f3n detallada de c\u00f3mo practicar el ayuno intermitente, este libro ofrece pautas, consejos y recetas espec\u00edficas para ayudarte a conseguir los mejores resultados. <\/p>\n<p>Base cient\u00edfica:<br \/>\n El libro se basa en las investigaciones cient\u00edficas m\u00e1s recientes que confirman los incre\u00edbles beneficios del ayuno intermitente. Desde regular el peso corporal y mejorar el metabolismo hasta reducir la inflamaci\u00f3n y mejorar la funci\u00f3n cognitiva. El libro ofrece pautas pr\u00e1cticas para principiantes, pero tambi\u00e9n mucha informaci\u00f3n nueva para todas las personas que practican esta dieta. <\/p>\n<p>Lo que aprender\u00e1s:<br \/>\n C\u00f3mo empezar el ayuno intermitente y adaptarlo a tus necesidades.<br \/>\nBeneficios para la salud, incluyendo la p\u00e9rdida de peso, la mejora de la funci\u00f3n card\u00edaca y cerebral, y la reducci\u00f3n del riesgo de enfermedades.<br \/>\nRecetas y planes de comidas para ayudarte a alcanzar tus objetivos de ayuno intermitente.<\/p>\n<p>\u00bfPara qui\u00e9n es el libro?:<br \/>\n Este libro est\u00e1 dirigido a cualquiera que quiera tomar el control de su salud, alcanzar la longevidad y descubrir los secretos de la dieta m\u00e1s saludable del mundo.<\/p>\n","protected":false},"excerpt":{"rendered":"<p>Un conjunto de cuatro libros electr\u00f3nicos:<\/p>\n<ul>\n<li class=\"woocommerce-loop-product__title\">&#8220;Remedios Naturales Milagrosos Parte 1&#8221; \u2013 Tu gu\u00eda para la salud<\/li>\n<li>&#8220;Remedios Naturales Milagrosos Parte 2&#8221; \u2013 Tu gu\u00eda para la salud<\/li>\n<li>&#8220;Remedios Naturales Milagrosos Parte 3&#8221; \u2013 Tu gu\u00eda para la salud<\/li>\n<li>  AYUNO INTERMITENTE: El secreto de la salud y la longevidad<\/li>\n<\/ul>\n","protected":false},"featured_media":23772,"comment_status":"open","ping_status":"closed","template":"","meta":{"_seopress_robots_primary_cat":"none","_seopress_titles_title":"","_seopress_titles_desc":"","_seopress_robots_index":""},"product_brand":[],"product_cat":[5151,5152],"product_tag":[],"class_list":{"0":"post-24255","1":"product","2":"type-product","3":"status-publish","4":"has-post-thumbnail","6":"product_cat-ediciones-en-e-book-de-libros","7":"product_cat-libros","8":"wpbf-post","11":"instock","12":"sale","13":"taxable","14":"shipping-taxable","15":"purchasable","16":"product-type-variable"},"_links":{"self":[{"href":"https:\/\/mariolab.hr\/es\/wp-json\/wp\/v2\/product\/24255","targetHints":{"allow":["GET"]}}],"collection":[{"href":"https:\/\/mariolab.hr\/es\/wp-json\/wp\/v2\/product"}],"about":[{"href":"https:\/\/mariolab.hr\/es\/wp-json\/wp\/v2\/types\/product"}],"replies":[{"embeddable":true,"href":"https:\/\/mariolab.hr\/es\/wp-json\/wp\/v2\/comments?post=24255"}],"version-history":[{"count":2,"href":"https:\/\/mariolab.hr\/es\/wp-json\/wp\/v2\/product\/24255\/revisions"}],"predecessor-version":[{"id":24765,"href":"https:\/\/mariolab.hr\/es\/wp-json\/wp\/v2\/product\/24255\/revisions\/24765"}],"wp:featuredmedia":[{"embeddable":true,"href":"https:\/\/mariolab.hr\/es\/wp-json\/wp\/v2\/media\/23772"}],"wp:attachment":[{"href":"https:\/\/mariolab.hr\/es\/wp-json\/wp\/v2\/media?parent=24255"}],"wp:term":[{"taxonomy":"product_brand","embeddable":true,"href":"https:\/\/mariolab.hr\/es\/wp-json\/wp\/v2\/product_brand?post=24255"},{"taxonomy":"product_cat","embeddable":true,"href":"https:\/\/mariolab.hr\/es\/wp-json\/wp\/v2\/product_cat?post=24255"},{"taxonomy":"product_tag","embeddable":true,"href":"https:\/\/mariolab.hr\/es\/wp-json\/wp\/v2\/product_tag?post=24255"}],"curies":[{"name":"wp","href":"https:\/\/api.w.org\/{rel}","templated":true}]}}