{"id":24841,"date":"2025-11-29T15:15:38","date_gmt":"2025-11-29T14:15:38","guid":{"rendered":"https:\/\/mariolab.hr\/proizvod\/conjunto-de-libros-impresos-remedios-naturales-milagrosos-1-3-partes\/"},"modified":"2025-11-29T15:25:55","modified_gmt":"2025-11-29T14:25:55","slug":"conjunto-de-libros-impresos-remedios-naturales-milagrosos-1-3-partes","status":"publish","type":"product","link":"https:\/\/mariolab.hr\/es\/proizvod\/conjunto-de-libros-impresos-remedios-naturales-milagrosos-1-3-partes\/","title":{"rendered":"CONJUNTO DE LIBROS IMPRESOS Remedios Naturales Milagrosos 1-3 partes"},"content":{"rendered":"<h3>Remedios Naturales Milagrosos Parte 1 <\/h3>\n<p><strong>SOBRE EL LIBRO:<\/strong><br \/>\n\u00bfQuieres tomar el control de tu salud de forma natural? No busques m\u00e1s: mi nuevo libro sobre remedios naturales milagrosos.  En este libro, aprender\u00e1s m\u00e1s sobre la rica historia de las medicinas naturales, descubrir\u00e1s cu\u00e1les son las mejores plantas medicinales y sus aplicaciones en el tratamiento y la prevenci\u00f3n de enfermedades.<\/p>\n<p><strong>\u00bfDe qu\u00e9 va?:<\/strong><br \/>\nDescubrir\u00e1s c\u00f3mo cultivar tu propio huerto de hierbas, recibir\u00e1s instrucciones claras sobre la dosis, posibles efectos secundarios e interacciones clave con f\u00e1rmacos qu\u00edmicos. Descubre c\u00f3mo los remedios naturales pueden apoyar tu bienestar general, promoviendo la salud de forma segura y sin efectos secundarios. <\/p>\n<p><strong>\u00bfPara qui\u00e9n es el libro:<\/strong><br \/>\nEste libro est\u00e1 dirigido a todo el mundo: tanto principiantes como personas con amplia experiencia en el campo de la medicina natural.<\/p>\n<p>&#8220;Remedios Naturales Milagrosos Parte 1&#8221; es la primera entrega de una impresionante serie de cuatro partes que se publicar\u00e1 este a\u00f1o y el pr\u00f3ximo. El libro sirve como una gu\u00eda ideal para cualquiera que quiera aplicar remedios naturales en la lucha contra las enfermedades del hombre moderno. <\/p>\n<p>\u00a1No esperes! \u00a1Pide tu ejemplar hoy mismo y emprende un camino hacia la salud y el bienestar de forma natural! <\/p>\n<h3>Remedios Naturales Milagrosos Parte 2<\/h3>\n<p><strong>SOBRE EL LIBRO:<\/strong><br \/>\n\u00bfQuieres tomar el control de tu salud de forma natural? No busques m\u00e1s: mi nuevo libro sobre remedios naturales milagrosos.  En este libro, aprender\u00e1s m\u00e1s sobre la rica historia de las medicinas naturales, descubrir\u00e1s cu\u00e1les son las mejores plantas medicinales y sus aplicaciones en el tratamiento y la prevenci\u00f3n de enfermedades.<\/p>\n<p><strong>\u00bfDe qu\u00e9 va?:<\/strong><br \/>\nDescubrir\u00e1s c\u00f3mo cultivar tu propio huerto de hierbas, recibir\u00e1s instrucciones claras sobre la dosis, posibles efectos secundarios e interacciones clave con f\u00e1rmacos qu\u00edmicos. Descubre c\u00f3mo los remedios naturales pueden apoyar tu bienestar general, promoviendo la salud de forma segura y sin efectos secundarios. <\/p>\n<p><strong>\u00bfPara qui\u00e9n es el libro:<\/strong><br \/>\nEste libro est\u00e1 dirigido a todo el mundo: tanto principiantes como personas con amplia experiencia en el campo de la medicina natural.<\/p>\n<p>&#8220;Remedios Naturales Milagrosos Parte 2&#8221; es la primera entrega de una impresionante serie de cuatro partes que se publicar\u00e1 durante este a\u00f1o y el pr\u00f3ximo. El libro sirve como una gu\u00eda ideal para cualquiera que quiera aplicar remedios naturales en la lucha contra las enfermedades del hombre moderno. <\/p>\n<p>\u00a1No esperes! \u00a1Pide tu ejemplar hoy mismo y emprende un camino hacia la salud y el bienestar de forma natural! <\/p>\n<h3>Remedios Naturales Milagrosos Parte 3<\/h3>\n<p class=\"ydp7ef12f8fMsoNormal\">&#8220;Remedios Naturales Milagrosos \u2013 Parte 3&#8221; es una continuaci\u00f3n de la serie de libros sobre remedios naturales de Mario Labudovi\u0107. Este libro te adentra profundamente en el mundo de las plantas medicinales y las preparaciones tradicionales que cambiar\u00e1n profundamente tu conocimiento sobre un estilo de vida saludable.  <\/p>\n<p class=\"ydp7ef12f8fMsoNormal\">La tercera parte de la serie ofrece m\u00e1s que una descripci\u00f3n cl\u00e1sica de las plantas. El libro muestra c\u00f3mo se utilizan los remedios naturales en la historia, la tradici\u00f3n y la ciencia moderna, c\u00f3mo elegir plantas de calidad, c\u00f3mo preparar correctamente infusiones, decoctones, tinturas, ung\u00fcentos y t\u00f3nicos, y c\u00f3mo comprender los compuestos activos ocultos en cada planta.<br \/>\nTodas las plantas se cubren mediante ejemplos pr\u00e1cticos, explicaciones claras, pautas seguras y experiencias pr\u00e1cticas reales, lo que proporciona al lector un manual fiable, comprensible y estructurado profesionalmente. <\/p>\n<p class=\"ydp7ef12f8fMsoNormal\">El libro incluye:<\/p>\n<ul type=\"disc\">\n<li class=\"ydp7ef12f8fMsoNormal\">descripciones detalladas de las plantas m\u00e1s potentes utilizadas en la fitoterapia tradicional y moderna<\/li>\n<li class=\"ydp7ef12f8fMsoNormal\">Explicaciones cient\u00edficas de los compuestos activos y sus funciones en el cuerpo<\/li>\n<\/ul>\n<ul type=\"disc\">\n<li class=\"ydp7ef12f8fMsoNormal\">Procedimientos para la preparaci\u00f3n de preparaciones naturales (infusiones, decoctones, tinturas, jarabes, ung\u00fcentos, c\u00e1psulas)<\/li>\n<li class=\"ydp7ef12f8fMsoNormal\">Tablas completas de medici\u00f3n, esterilizaci\u00f3n, almacenamiento y manejo seguro de plantas<\/li>\n<li class=\"ydp7ef12f8fMsoNormal\">Consejos para la selecci\u00f3n, el control de calidad y el cuidado adecuado de las plantas<\/li>\n<li class=\"ydp7ef12f8fMsoNormal\">Gu\u00eda experta sobre el cultivo, cosecha, secado y procesamiento de plantas medicinales<\/li>\n<li class=\"ydp7ef12f8fMsoNormal\">Una explicaci\u00f3n clara de los efectos de las plantas en los sistemas digestivo, circulatorio, nervioso e inmunitario<\/li>\n<li class=\"ydp7ef12f8fMsoNormal\">Una visi\u00f3n general de la historia global y la aplicaci\u00f3n de las hierbas medicinales en las tradiciones chinas, indias, africanas y europeas<\/li>\n<\/ul>\n<p class=\"ydp7ef12f8fMsoNormal\">Este libro no es solo una enciclopedia de plantas: es un sistema completo de conocimiento destinado a cualquiera que quiera comprender la naturaleza, la salud y su propio cuerpo a un nivel m\u00e1s profundo. Est\u00e1 escrito de forma sencilla, comprensible y profesional, para que todo lector pueda utilizar preparaciones naturales con el asesoramiento de expertos m\u00e9dicos. <\/p>\n<p class=\"ydp7ef12f8fMsoNormal\">La tercera parte de la serie complementa perfectamente los libros anteriores, ampl\u00eda el conocimiento y descubre nuevas plantas cuya eficacia ha sido confirmada por siglos de tradici\u00f3n e investigaci\u00f3n moderna. Esta secuela convierte a la serie &#8220;Remedios Naturales Milagrosos&#8221; en uno de los manuales de salud natural m\u00e1s completos del mundo de las medicinas naturales. <\/p>\n<p class=\"ydp7ef12f8fMsoNormal\"><b>Si quieres aprender a usar la naturaleza de forma segura, pr\u00e1ctica y eficaz, este libro es la elecci\u00f3n adecuada.<\/b><\/p>\n","protected":false},"excerpt":{"rendered":"<ul>\n<li class=\"woocommerce-loop-product__title\">&#8220;Remedios Naturales Milagrosos Parte 1&#8221; \u2013 Tu gu\u00eda para la salud<\/li>\n<li>&#8220;Remedios Naturales Milagrosos Parte 2&#8221; \u2013 Tu gu\u00eda para la salud<\/li>\n<li>&#8220;Remedios Naturales Milagrosos Parte 3&#8221; \u2013 Tu gu\u00eda para la salud<\/li>\n<\/ul>\n","protected":false},"featured_media":23730,"comment_status":"closed","ping_status":"closed","template":"","meta":{"_seopress_robots_primary_cat":"none","_seopress_titles_title":"","_seopress_titles_desc":"","_seopress_robots_index":""},"product_brand":[],"product_cat":[5174,5152,5178],"product_tag":[],"class_list":{"0":"post-24841","1":"product","2":"type-product","3":"status-publish","4":"has-post-thumbnail","6":"product_cat-ediciones-impresas-de-libros","7":"product_cat-libros","8":"product_cat-produce","9":"wpbf-post","12":"instock","13":"sale","14":"taxable","15":"shipping-taxable","16":"purchasable","17":"product-type-variable"},"_links":{"self":[{"href":"https:\/\/mariolab.hr\/es\/wp-json\/wp\/v2\/product\/24841","targetHints":{"allow":["GET"]}}],"collection":[{"href":"https:\/\/mariolab.hr\/es\/wp-json\/wp\/v2\/product"}],"about":[{"href":"https:\/\/mariolab.hr\/es\/wp-json\/wp\/v2\/types\/product"}],"replies":[{"embeddable":true,"href":"https:\/\/mariolab.hr\/es\/wp-json\/wp\/v2\/comments?post=24841"}],"version-history":[{"count":1,"href":"https:\/\/mariolab.hr\/es\/wp-json\/wp\/v2\/product\/24841\/revisions"}],"predecessor-version":[{"id":24921,"href":"https:\/\/mariolab.hr\/es\/wp-json\/wp\/v2\/product\/24841\/revisions\/24921"}],"wp:featuredmedia":[{"embeddable":true,"href":"https:\/\/mariolab.hr\/es\/wp-json\/wp\/v2\/media\/23730"}],"wp:attachment":[{"href":"https:\/\/mariolab.hr\/es\/wp-json\/wp\/v2\/media?parent=24841"}],"wp:term":[{"taxonomy":"product_brand","embeddable":true,"href":"https:\/\/mariolab.hr\/es\/wp-json\/wp\/v2\/product_brand?post=24841"},{"taxonomy":"product_cat","embeddable":true,"href":"https:\/\/mariolab.hr\/es\/wp-json\/wp\/v2\/product_cat?post=24841"},{"taxonomy":"product_tag","embeddable":true,"href":"https:\/\/mariolab.hr\/es\/wp-json\/wp\/v2\/product_tag?post=24841"}],"curies":[{"name":"wp","href":"https:\/\/api.w.org\/{rel}","templated":true}]}}