{"id":25436,"date":"2026-01-16T11:59:09","date_gmt":"2026-01-16T10:59:09","guid":{"rendered":"https:\/\/mariolab.hr\/proizvod\/mariolab-taza-de-ceramica-premium-estilo-de-vida-saludable\/"},"modified":"2026-01-16T11:59:09","modified_gmt":"2026-01-16T10:59:09","slug":"mariolab-taza-de-ceramica-premium-estilo-de-vida-saludable","status":"publish","type":"product","link":"https:\/\/mariolab.hr\/es\/proizvod\/mariolab-taza-de-ceramica-premium-estilo-de-vida-saludable\/","title":{"rendered":"Mariolab Taza de Cer\u00e1mica Premium &#8211; Estilo de Vida Saludable"},"content":{"rendered":"<p data-start=\"337\" data-end=\"739\">Esta <strong data-start=\"351\" data-end=\"380\">elegante taza de cer\u00e1mica de 11 oz<\/strong> es el acompa\u00f1amiento perfecto para tus rituales matutinos y para cada momento en que disfrutes de tu bebida favorita. Fabricado en <strong data-start=\"506\" data-end=\"532\">cer\u00e1mica blanca brillante<\/strong> de alta calidad, combina <strong data-start=\"544\" data-end=\"562\">un aspecto premium<\/strong> con una funcionalidad duradera, mientras que el dise\u00f1o est\u00e1 cuidadosamente elaborado para seguir la est\u00e9tica de un estilo de vida saludable y consciente fomentado por <em data-start=\"690\" data-end=\"700\">MarioLAB.<\/em> <\/p>\n<p data-start=\"741\" data-end=\"774\"><strong data-start=\"743\" data-end=\"774\">Caracter\u00edsticas clave del producto:<\/strong><\/p>\n<ul data-start=\"775\" data-end=\"1225\">\n<li data-start=\"775\" data-end=\"865\">\n<p data-start=\"777\" data-end=\"865\"><strong data-start=\"780\" data-end=\"793\">Tama\u00f1o:<\/strong> Est\u00e1ndar de 11 oz (\u2248 325 ml) \u2013 ideal para caf\u00e9, t\u00e9 o bebidas calientes.<\/p>\n<\/li>\n<li data-start=\"866\" data-end=\"955\">\n<p data-start=\"868\" data-end=\"955\"><strong data-start=\"871\" data-end=\"882\">Dise\u00f1o:<\/strong> dise\u00f1o envolvente con motivos que inspiran salud y bienestar.<\/p>\n<\/li>\n<li data-start=\"956\" data-end=\"1045\">\n<p data-start=\"958\" data-end=\"1045\"><strong data-start=\"960\" data-end=\"974\">Material:<\/strong> cer\u00e1mica de alta calidad con superficie brillante para uso prolongado.<\/p>\n<\/li>\n<li data-start=\"1046\" data-end=\"1129\">\n<p data-start=\"1048\" data-end=\"1129\"><strong data-start=\"1051\" data-end=\"1078\">Mantenimiento f\u00e1cil:<\/strong> adecuado para lavavajillas y microondas.<\/p>\n<\/li>\n<li data-start=\"1130\" data-end=\"1225\">\n<p data-start=\"1132\" data-end=\"1225\"><strong data-start=\"1135\" data-end=\"1154\">El regalo perfecto:<\/strong> bellamente dise\u00f1ado y funcional \u2013 ideal como regalo para un ser querido.<\/p>\n<\/li>\n<\/ul>\n<p data-start=\"1227\" data-end=\"1419\">Esta taza no es solo un cuenco para beber: es <strong data-start=\"1272\" data-end=\"1333\">un a\u00f1adido a tu rutina diaria de salud e inspiraci\u00f3n<\/strong>, igual que los valores que promueve <em data-start=\"1370\" data-end=\"1380\">MarioLAB<\/em>.<\/p>\n","protected":false},"excerpt":{"rendered":"<p>Esta taza no es solo un cuenco para beber: es <strong data-start=\"1272\" data-end=\"1333\">un a\u00f1adido a tu rutina diaria de salud e inspiraci\u00f3n<\/strong>, igual que los valores que promueve <em data-start=\"1370\" data-end=\"1380\">MarioLAB<\/em>.<\/p>\n","protected":false},"featured_media":25400,"comment_status":"closed","ping_status":"closed","template":"","meta":{"_seopress_robots_primary_cat":"","_seopress_titles_title":"","_seopress_titles_desc":"","_seopress_robots_index":""},"product_brand":[],"product_cat":[5174,5152,5178],"product_tag":[],"class_list":{"0":"post-25436","1":"product","2":"type-product","3":"status-publish","4":"has-post-thumbnail","6":"product_cat-ediciones-impresas-de-libros","7":"product_cat-libros","8":"product_cat-produce","9":"wpbf-post","12":"instock","13":"taxable","14":"shipping-taxable","15":"purchasable","16":"product-type-simple"},"_links":{"self":[{"href":"https:\/\/mariolab.hr\/es\/wp-json\/wp\/v2\/product\/25436","targetHints":{"allow":["GET"]}}],"collection":[{"href":"https:\/\/mariolab.hr\/es\/wp-json\/wp\/v2\/product"}],"about":[{"href":"https:\/\/mariolab.hr\/es\/wp-json\/wp\/v2\/types\/product"}],"replies":[{"embeddable":true,"href":"https:\/\/mariolab.hr\/es\/wp-json\/wp\/v2\/comments?post=25436"}],"version-history":[{"count":0,"href":"https:\/\/mariolab.hr\/es\/wp-json\/wp\/v2\/product\/25436\/revisions"}],"wp:featuredmedia":[{"embeddable":true,"href":"https:\/\/mariolab.hr\/es\/wp-json\/wp\/v2\/media\/25400"}],"wp:attachment":[{"href":"https:\/\/mariolab.hr\/es\/wp-json\/wp\/v2\/media?parent=25436"}],"wp:term":[{"taxonomy":"product_brand","embeddable":true,"href":"https:\/\/mariolab.hr\/es\/wp-json\/wp\/v2\/product_brand?post=25436"},{"taxonomy":"product_cat","embeddable":true,"href":"https:\/\/mariolab.hr\/es\/wp-json\/wp\/v2\/product_cat?post=25436"},{"taxonomy":"product_tag","embeddable":true,"href":"https:\/\/mariolab.hr\/es\/wp-json\/wp\/v2\/product_tag?post=25436"}],"curies":[{"name":"wp","href":"https:\/\/api.w.org\/{rel}","templated":true}]}}