{"id":13313,"date":"2024-05-04T11:57:01","date_gmt":"2024-05-04T09:57:01","guid":{"rendered":"https:\/\/mariolab.hr\/produits-discountes\/"},"modified":"2025-11-26T13:33:32","modified_gmt":"2025-11-26T12:33:32","slug":"produits-discountes","status":"publish","type":"page","link":"https:\/\/mariolab.hr\/fr\/produits-discountes\/","title":{"rendered":"PRODUITS DISCOUNT\u00c9S"},"content":{"rendered":"\t\t<div data-elementor-type=\"wp-page\" data-elementor-id=\"13313\" class=\"elementor elementor-13313 elementor-6334\" data-elementor-post-type=\"page\">\n\t\t\t\t<div class=\"elementor-element elementor-element-1064e75 e-flex e-con-boxed e-con e-parent\" data-id=\"1064e75\" data-element_type=\"container\" data-e-type=\"container\">\n\t\t\t\t\t<div class=\"e-con-inner\">\n\t\t\t\t<div class=\"elementor-element elementor-element-9b5f9e3 elementor-widget elementor-widget-heading\" data-id=\"9b5f9e3\" data-element_type=\"widget\" data-e-type=\"widget\" data-widget_type=\"heading.default\">\n\t\t\t\t<div class=\"elementor-widget-container\">\n\t\t\t\t\t<h2 class=\"elementor-heading-title elementor-size-default\">Pr\u00e9server votre sant\u00e9. Faites-en votre nouveau mode de vie ! <\/h2>\t\t\t\t<\/div>\n\t\t\t\t<\/div>\n\t\t\t\t\t<\/div>\n\t\t\t\t<\/div>\n\t\t<div class=\"elementor-element elementor-element-65e9746 e-flex e-con-boxed e-con e-parent\" data-id=\"65e9746\" data-element_type=\"container\" data-e-type=\"container\">\n\t\t\t\t\t<div class=\"e-con-inner\">\n\t\t\t\t<div class=\"elementor-element elementor-element-0b1eb54 elementor-product-loop-item--align-center elementor-grid-mobile-1 elementor-grid-4 elementor-grid-tablet-3 elementor-products-grid elementor-wc-products elementor-show-pagination-border-yes elementor-widget elementor-widget-woocommerce-products\" data-id=\"0b1eb54\" data-element_type=\"widget\" data-e-type=\"widget\" data-widget_type=\"woocommerce-products.default\">\n\t\t\t\t<div class=\"elementor-widget-container\">\n\t\t\t\t\t<div class=\"woocommerce columns-4 \"><div class=\"woocommerce-notices-wrapper\"><\/div><ul class=\"wpbf-grid wpbf-grid-large wpbf-grid-1-1 wpbf-grid-small-1-3 wpbf-grid-large-1-4 products elementor-grid columns-4\"><li class=\"wpbf-post product type-product post-24856 status-publish first instock product_cat-editions-imprimees-de-livres product_cat-livres product_cat-produit has-post-thumbnail sale taxable shipping-taxable purchasable product-type-variable\">\n\t<div class=\"wpbf-woo-product-wrapper wpbf-clearfix\"><a href=\"https:\/\/mariolab.hr\/fr\/proizvod\/serie-de-livres-imprimes-remedes-naturels-miraculeux-1-3-parties-kopiraj\/\" class=\"woocommerce-LoopProduct-link woocommerce-loop-product__link\"><div class=\"wpbf-woo-loop-thumbnail-wrapper\"><a href=\"https:\/\/mariolab.hr\/fr\/proizvod\/serie-de-livres-imprimes-remedes-naturels-miraculeux-1-3-parties-kopiraj\/\" class=\"woocommerce-LoopProduct-link woocommerce-loop-product__link\">\n\t<span class=\"onsale\">Promo\u00a0!<\/span>\n\t<img fetchpriority=\"high\" decoding=\"async\" width=\"400\" height=\"400\" src=\"https:\/\/mariolab.hr\/wp-content\/uploads\/2025\/11\/book-komplet4-400x400.jpg\" class=\"attachment-woocommerce_thumbnail size-woocommerce_thumbnail\" alt=\"S\u00c9RIE DE LIVRES IMPRIM\u00c9S Rem\u00e8des naturels miraculeux Parties 1-3 et JE\u00dbNE INTERMITTENT : Le secret de la sant\u00e9 et de la long\u00e9vit\u00e9\" srcset=\"https:\/\/mariolab.hr\/wp-content\/uploads\/2025\/11\/book-komplet4-400x400.jpg 400w, https:\/\/mariolab.hr\/wp-content\/uploads\/2025\/11\/book-komplet4-300x300.jpg 300w, https:\/\/mariolab.hr\/wp-content\/uploads\/2025\/11\/book-komplet4-1024x1024.jpg 1024w, https:\/\/mariolab.hr\/wp-content\/uploads\/2025\/11\/book-komplet4-150x150.jpg 150w, https:\/\/mariolab.hr\/wp-content\/uploads\/2025\/11\/book-komplet4-768x768.jpg 768w, https:\/\/mariolab.hr\/wp-content\/uploads\/2025\/11\/book-komplet4-800x800.jpg 800w, https:\/\/mariolab.hr\/wp-content\/uploads\/2025\/11\/book-komplet4.jpg 1201w\" sizes=\"(max-width: 400px) 100vw, 400px\" \/><\/a><\/div><h2 class=\"woocommerce-loop-product__title\">S\u00c9RIE DE LIVRES IMPRIM\u00c9S Rem\u00e8des naturels miraculeux Parties 1-3 et JE\u00dbNE INTERMITTENT : Le secret de la sant\u00e9 et de la long\u00e9vit\u00e9<\/h2>\n\t<span class=\"price\"><del aria-hidden=\"true\"><span class=\"woocommerce-Price-amount amount\"><bdi>174,90&nbsp;<span class=\"woocommerce-Price-currencySymbol\">&euro;<\/span><\/bdi><\/span><\/del> <span class=\"screen-reader-text\">Le prix initial \u00e9tait\u00a0: 174,90&nbsp;&euro;.<\/span><ins aria-hidden=\"true\"><span class=\"woocommerce-Price-amount amount\"><bdi>131,18&nbsp;<span class=\"woocommerce-Price-currencySymbol\">&euro;<\/span><\/bdi><\/span><\/ins><span class=\"screen-reader-text\">Le prix actuel est\u00a0: 131,18&nbsp;&euro;.<\/span> <small class=\"woocommerce-price-suffix\">sa PDV<\/small><\/span>\n<\/a><a href=\"https:\/\/mariolab.hr\/fr\/proizvod\/serie-de-livres-imprimes-remedes-naturels-miraculeux-1-3-parties-kopiraj\/\" aria-describedby=\"woocommerce_loop_add_to_cart_link_describedby_24856\" data-quantity=\"1\" class=\"button product_type_variable add_to_cart_button\" data-product_id=\"24856\" data-product_sku=\"\" aria-label=\"S\u00e9lectionner les options pour &ldquo;S\u00c9RIE DE LIVRES IMPRIM\u00c9S Rem\u00e8des naturels miraculeux Parties 1-3 et JE\u00dbNE INTERMITTENT : Le secret de la sant\u00e9 et de la long\u00e9vit\u00e9&rdquo;\" rel=\"nofollow\">Choix des options<\/a>\t<span id=\"woocommerce_loop_add_to_cart_link_describedby_24856\" class=\"screen-reader-text\">\n\t\tCe produit a plusieurs variations. Les options peuvent \u00eatre choisies sur la page du produit\t<\/span>\n<\/div><\/li>\n<li class=\"wpbf-post product type-product post-24833 status-publish instock product_cat-editions-imprimees-de-livres product_cat-livres product_cat-produit has-post-thumbnail sale taxable shipping-taxable purchasable product-type-variable\">\n\t<div class=\"wpbf-woo-product-wrapper wpbf-clearfix\"><a href=\"https:\/\/mariolab.hr\/fr\/proizvod\/serie-de-livres-imprimes-remedes-naturels-miraculeux-1-3-parties\/\" class=\"woocommerce-LoopProduct-link woocommerce-loop-product__link\"><div class=\"wpbf-woo-loop-thumbnail-wrapper\"><a href=\"https:\/\/mariolab.hr\/fr\/proizvod\/serie-de-livres-imprimes-remedes-naturels-miraculeux-1-3-parties\/\" class=\"woocommerce-LoopProduct-link woocommerce-loop-product__link\">\n\t<span class=\"onsale\">Promo\u00a0!<\/span>\n\t<img decoding=\"async\" width=\"400\" height=\"400\" src=\"https:\/\/mariolab.hr\/wp-content\/uploads\/2025\/11\/book-komplet3-400x400.jpg\" class=\"attachment-woocommerce_thumbnail size-woocommerce_thumbnail\" alt=\"S\u00c9RIE DE LIVRES IMPRIM\u00c9S Rem\u00e8des naturels miraculeux 1-3 parties\" srcset=\"https:\/\/mariolab.hr\/wp-content\/uploads\/2025\/11\/book-komplet3-400x400.jpg 400w, https:\/\/mariolab.hr\/wp-content\/uploads\/2025\/11\/book-komplet3-300x300.jpg 300w, https:\/\/mariolab.hr\/wp-content\/uploads\/2025\/11\/book-komplet3-1024x1024.jpg 1024w, https:\/\/mariolab.hr\/wp-content\/uploads\/2025\/11\/book-komplet3-150x150.jpg 150w, https:\/\/mariolab.hr\/wp-content\/uploads\/2025\/11\/book-komplet3-768x768.jpg 768w, https:\/\/mariolab.hr\/wp-content\/uploads\/2025\/11\/book-komplet3-800x800.jpg 800w, https:\/\/mariolab.hr\/wp-content\/uploads\/2025\/11\/book-komplet3.jpg 1201w\" sizes=\"(max-width: 400px) 100vw, 400px\" \/><\/a><\/div><h2 class=\"woocommerce-loop-product__title\">S\u00c9RIE DE LIVRES IMPRIM\u00c9S Rem\u00e8des naturels miraculeux 1-3 parties<\/h2>\n\t<span class=\"price\"><del aria-hidden=\"true\"><span class=\"woocommerce-Price-amount amount\"><bdi>146,90&nbsp;<span class=\"woocommerce-Price-currencySymbol\">&euro;<\/span><\/bdi><\/span><\/del> <span class=\"screen-reader-text\">Le prix initial \u00e9tait\u00a0: 146,90&nbsp;&euro;.<\/span><ins aria-hidden=\"true\"><span class=\"woocommerce-Price-amount amount\"><bdi>110,18&nbsp;<span class=\"woocommerce-Price-currencySymbol\">&euro;<\/span><\/bdi><\/span><\/ins><span class=\"screen-reader-text\">Le prix actuel est\u00a0: 110,18&nbsp;&euro;.<\/span> <small class=\"woocommerce-price-suffix\">sa PDV<\/small><\/span>\n<\/a><a href=\"https:\/\/mariolab.hr\/fr\/proizvod\/serie-de-livres-imprimes-remedes-naturels-miraculeux-1-3-parties\/\" aria-describedby=\"woocommerce_loop_add_to_cart_link_describedby_24833\" data-quantity=\"1\" class=\"button product_type_variable add_to_cart_button\" data-product_id=\"24833\" data-product_sku=\"\" aria-label=\"S\u00e9lectionner les options pour &ldquo;S\u00c9RIE DE LIVRES IMPRIM\u00c9S Rem\u00e8des naturels miraculeux 1-3 parties&rdquo;\" rel=\"nofollow\">Choix des options<\/a>\t<span id=\"woocommerce_loop_add_to_cart_link_describedby_24833\" class=\"screen-reader-text\">\n\t\tCe produit a plusieurs variations. Les options peuvent \u00eatre choisies sur la page du produit\t<\/span>\n<\/div><\/li>\n<li class=\"wpbf-post product type-product post-24268 status-publish instock product_cat-editions-numeriques-des-livres product_cat-livres has-post-thumbnail sale taxable shipping-taxable purchasable product-type-variable\">\n\t<div class=\"wpbf-woo-product-wrapper wpbf-clearfix\"><a href=\"https:\/\/mariolab.hr\/fr\/proizvod\/ensemble-de-livres-electroniques-remedes-naturels-miraculeux-parties-1-a-3-kopiraj\/\" class=\"woocommerce-LoopProduct-link woocommerce-loop-product__link\"><div class=\"wpbf-woo-loop-thumbnail-wrapper\"><a href=\"https:\/\/mariolab.hr\/fr\/proizvod\/ensemble-de-livres-electroniques-remedes-naturels-miraculeux-parties-1-a-3-kopiraj\/\" class=\"woocommerce-LoopProduct-link woocommerce-loop-product__link\">\n\t<span class=\"onsale\">Promo\u00a0!<\/span>\n\t<img decoding=\"async\" width=\"400\" height=\"400\" src=\"https:\/\/mariolab.hr\/wp-content\/uploads\/2025\/11\/ebook-komplet4-400x400.jpg\" class=\"attachment-woocommerce_thumbnail size-woocommerce_thumbnail\" alt=\"ENSEMBLE DE LIVRES \u00c9LECTRONIQUES Rem\u00e8des naturels miraculeux 1-3 et JE\u00dbNE INTERMITTENT : Le secret de la sant\u00e9 et de la long\u00e9vit\u00e9\" srcset=\"https:\/\/mariolab.hr\/wp-content\/uploads\/2025\/11\/ebook-komplet4-400x400.jpg 400w, https:\/\/mariolab.hr\/wp-content\/uploads\/2025\/11\/ebook-komplet4-300x300.jpg 300w, https:\/\/mariolab.hr\/wp-content\/uploads\/2025\/11\/ebook-komplet4-1024x1024.jpg 1024w, https:\/\/mariolab.hr\/wp-content\/uploads\/2025\/11\/ebook-komplet4-150x150.jpg 150w, https:\/\/mariolab.hr\/wp-content\/uploads\/2025\/11\/ebook-komplet4-768x768.jpg 768w, https:\/\/mariolab.hr\/wp-content\/uploads\/2025\/11\/ebook-komplet4-800x800.jpg 800w, https:\/\/mariolab.hr\/wp-content\/uploads\/2025\/11\/ebook-komplet4.jpg 1201w\" sizes=\"(max-width: 400px) 100vw, 400px\" \/><\/a><\/div><h2 class=\"woocommerce-loop-product__title\">ENSEMBLE DE LIVRES \u00c9LECTRONIQUES Rem\u00e8des naturels miraculeux 1-3 et JE\u00dbNE INTERMITTENT : Le secret de la sant\u00e9 et de la long\u00e9vit\u00e9<\/h2>\n\t<span class=\"price\"><del aria-hidden=\"true\"><span class=\"woocommerce-Price-amount amount\"><bdi>97,60&nbsp;<span class=\"woocommerce-Price-currencySymbol\">&euro;<\/span><\/bdi><\/span><\/del> <span class=\"screen-reader-text\">Le prix initial \u00e9tait\u00a0: 97,60&nbsp;&euro;.<\/span><ins aria-hidden=\"true\"><span class=\"woocommerce-Price-amount amount\"><bdi>68,32&nbsp;<span class=\"woocommerce-Price-currencySymbol\">&euro;<\/span><\/bdi><\/span><\/ins><span class=\"screen-reader-text\">Le prix actuel est\u00a0: 68,32&nbsp;&euro;.<\/span> <small class=\"woocommerce-price-suffix\">sa PDV<\/small><\/span>\n<\/a><a href=\"https:\/\/mariolab.hr\/fr\/proizvod\/ensemble-de-livres-electroniques-remedes-naturels-miraculeux-parties-1-a-3-kopiraj\/\" aria-describedby=\"woocommerce_loop_add_to_cart_link_describedby_24268\" data-quantity=\"1\" class=\"button product_type_variable add_to_cart_button\" data-product_id=\"24268\" data-product_sku=\"\" aria-label=\"S\u00e9lectionner les options pour &ldquo;ENSEMBLE DE LIVRES \u00c9LECTRONIQUES Rem\u00e8des naturels miraculeux 1-3 et JE\u00dbNE INTERMITTENT : Le secret de la sant\u00e9 et de la long\u00e9vit\u00e9&rdquo;\" rel=\"nofollow\">Choix des options<\/a>\t<span id=\"woocommerce_loop_add_to_cart_link_describedby_24268\" class=\"screen-reader-text\">\n\t\tCe produit a plusieurs variations. Les options peuvent \u00eatre choisies sur la page du produit\t<\/span>\n<\/div><\/li>\n<li class=\"wpbf-post product type-product post-23621 status-publish last instock product_cat-editions-numeriques-des-livres product_cat-livres has-post-thumbnail sale taxable shipping-taxable purchasable product-type-variable\">\n\t<div class=\"wpbf-woo-product-wrapper wpbf-clearfix\"><a href=\"https:\/\/mariolab.hr\/fr\/proizvod\/remedes-naturels-miraculeux-partie-1-et-remedes-naturels-miraculeux-partie-2-ensemble-de-livres-electroniques-kopiraj\/\" class=\"woocommerce-LoopProduct-link woocommerce-loop-product__link\"><div class=\"wpbf-woo-loop-thumbnail-wrapper\"><a href=\"https:\/\/mariolab.hr\/fr\/proizvod\/remedes-naturels-miraculeux-partie-1-et-remedes-naturels-miraculeux-partie-2-ensemble-de-livres-electroniques-kopiraj\/\" class=\"woocommerce-LoopProduct-link woocommerce-loop-product__link\">\n\t<span class=\"onsale\">Promo\u00a0!<\/span>\n\t<img loading=\"lazy\" decoding=\"async\" width=\"400\" height=\"400\" src=\"https:\/\/mariolab.hr\/wp-content\/uploads\/2025\/11\/ebook-komplet3-400x400.jpg\" class=\"attachment-woocommerce_thumbnail size-woocommerce_thumbnail\" alt=\"ENSEMBLE DE LIVRES \u00c9LECTRONIQUES Rem\u00e8des naturels miraculeux Parties 1 \u00e0 3\" srcset=\"https:\/\/mariolab.hr\/wp-content\/uploads\/2025\/11\/ebook-komplet3-400x400.jpg 400w, https:\/\/mariolab.hr\/wp-content\/uploads\/2025\/11\/ebook-komplet3-300x300.jpg 300w, https:\/\/mariolab.hr\/wp-content\/uploads\/2025\/11\/ebook-komplet3-1024x1024.jpg 1024w, https:\/\/mariolab.hr\/wp-content\/uploads\/2025\/11\/ebook-komplet3-150x150.jpg 150w, https:\/\/mariolab.hr\/wp-content\/uploads\/2025\/11\/ebook-komplet3-768x768.jpg 768w, https:\/\/mariolab.hr\/wp-content\/uploads\/2025\/11\/ebook-komplet3-800x800.jpg 800w, https:\/\/mariolab.hr\/wp-content\/uploads\/2025\/11\/ebook-komplet3.jpg 1201w\" sizes=\"(max-width: 400px) 100vw, 400px\" \/><\/a><\/div><h2 class=\"woocommerce-loop-product__title\">ENSEMBLE DE LIVRES \u00c9LECTRONIQUES Rem\u00e8des naturels miraculeux Parties 1 \u00e0 3<\/h2>\n\t<span class=\"price\"><del aria-hidden=\"true\"><span class=\"woocommerce-Price-amount amount\"><bdi>77,70&nbsp;<span class=\"woocommerce-Price-currencySymbol\">&euro;<\/span><\/bdi><\/span><\/del> <span class=\"screen-reader-text\">Le prix initial \u00e9tait\u00a0: 77,70&nbsp;&euro;.<\/span><ins aria-hidden=\"true\"><span class=\"woocommerce-Price-amount amount\"><bdi>54,39&nbsp;<span class=\"woocommerce-Price-currencySymbol\">&euro;<\/span><\/bdi><\/span><\/ins><span class=\"screen-reader-text\">Le prix actuel est\u00a0: 54,39&nbsp;&euro;.<\/span> <small class=\"woocommerce-price-suffix\">sa PDV<\/small><\/span>\n<\/a><a href=\"https:\/\/mariolab.hr\/fr\/proizvod\/remedes-naturels-miraculeux-partie-1-et-remedes-naturels-miraculeux-partie-2-ensemble-de-livres-electroniques-kopiraj\/\" aria-describedby=\"woocommerce_loop_add_to_cart_link_describedby_23621\" data-quantity=\"1\" class=\"button product_type_variable add_to_cart_button\" data-product_id=\"23621\" data-product_sku=\"\" aria-label=\"S\u00e9lectionner les options pour &ldquo;ENSEMBLE DE LIVRES \u00c9LECTRONIQUES Rem\u00e8des naturels miraculeux Parties 1 \u00e0 3&rdquo;\" rel=\"nofollow\">Choix des options<\/a>\t<span id=\"woocommerce_loop_add_to_cart_link_describedby_23621\" class=\"screen-reader-text\">\n\t\tCe produit a plusieurs variations. Les options peuvent \u00eatre choisies sur la page du produit\t<\/span>\n<\/div><\/li>\n<li class=\"wpbf-post product type-product post-21378 status-publish first instock product_cat-editions-imprimees-de-livres product_cat-livres product_cat-produit has-post-thumbnail sale taxable shipping-taxable purchasable product-type-variable\">\n\t<div class=\"wpbf-woo-product-wrapper wpbf-clearfix\"><a href=\"https:\/\/mariolab.hr\/fr\/proizvod\/jeune-intermittent-le-secret-de-la-sante-et-de-la-longevite-livre-imprime\/\" class=\"woocommerce-LoopProduct-link woocommerce-loop-product__link\"><div class=\"wpbf-woo-loop-thumbnail-wrapper\"><a href=\"https:\/\/mariolab.hr\/fr\/proizvod\/jeune-intermittent-le-secret-de-la-sante-et-de-la-longevite-livre-imprime\/\" class=\"woocommerce-LoopProduct-link woocommerce-loop-product__link\">\n\t<span class=\"onsale\">Promo\u00a0!<\/span>\n\t<img loading=\"lazy\" decoding=\"async\" width=\"400\" height=\"400\" src=\"https:\/\/mariolab.hr\/wp-content\/uploads\/2024\/03\/isprekidani-glavna-knjiga-400x400.jpg\" class=\"attachment-woocommerce_thumbnail size-woocommerce_thumbnail\" alt=\"JE\u00dbNE INTERMITTENT : Le secret de la sant\u00e9 et de la long\u00e9vit\u00e9 \u2013 Livre imprim\u00e9\" srcset=\"https:\/\/mariolab.hr\/wp-content\/uploads\/2024\/03\/isprekidani-glavna-knjiga-400x400.jpg 400w, https:\/\/mariolab.hr\/wp-content\/uploads\/2024\/03\/isprekidani-glavna-knjiga-300x300.jpg 300w, https:\/\/mariolab.hr\/wp-content\/uploads\/2024\/03\/isprekidani-glavna-knjiga-150x150.jpg 150w, https:\/\/mariolab.hr\/wp-content\/uploads\/2024\/03\/isprekidani-glavna-knjiga-768x768.jpg 768w, https:\/\/mariolab.hr\/wp-content\/uploads\/2024\/03\/isprekidani-glavna-knjiga.jpg 800w\" sizes=\"(max-width: 400px) 100vw, 400px\" \/><\/a><\/div><h2 class=\"woocommerce-loop-product__title\">JE\u00dbNE INTERMITTENT : Le secret de la sant\u00e9 et de la long\u00e9vit\u00e9 \u2013 Livre imprim\u00e9<\/h2>\n\t<span class=\"price\"><span class=\"woocommerce-Price-amount amount\" aria-hidden=\"true\"><bdi>16,80&nbsp;<span class=\"woocommerce-Price-currencySymbol\">&euro;<\/span><\/bdi><\/span> <span aria-hidden=\"true\">\u00a0\u2013\u00a0<\/span> <span class=\"woocommerce-Price-amount amount\" aria-hidden=\"true\"><bdi>28,00&nbsp;<span class=\"woocommerce-Price-currencySymbol\">&euro;<\/span><\/bdi><\/span><span class=\"screen-reader-text\">Plage de prix\u00a0: 16,80&nbsp;&euro; \u00e0 28,00&nbsp;&euro;<\/span> <small class=\"woocommerce-price-suffix\">sa PDV<\/small><\/span>\n<\/a><a href=\"https:\/\/mariolab.hr\/fr\/proizvod\/jeune-intermittent-le-secret-de-la-sante-et-de-la-longevite-livre-imprime\/\" aria-describedby=\"woocommerce_loop_add_to_cart_link_describedby_21378\" data-quantity=\"1\" class=\"button product_type_variable add_to_cart_button\" data-product_id=\"21378\" data-product_sku=\"\" aria-label=\"S\u00e9lectionner les options pour &ldquo;JE\u00dbNE INTERMITTENT : Le secret de la sant\u00e9 et de la long\u00e9vit\u00e9 \u2013 Livre imprim\u00e9&rdquo;\" rel=\"nofollow\">Choix des options<\/a>\t<span id=\"woocommerce_loop_add_to_cart_link_describedby_21378\" class=\"screen-reader-text\">\n\t\tCe produit a plusieurs variations. Les options peuvent \u00eatre choisies sur la page du produit\t<\/span>\n<\/div><\/li>\n<\/ul><\/div>\t\t\t\t<\/div>\n\t\t\t\t<\/div>\n\t\t\t\t\t<\/div>\n\t\t\t\t<\/div>\n\t\t\t\t<\/div>\n\t\t","protected":false},"excerpt":{"rendered":"<p>Pr\u00e9server votre sant\u00e9. Faites-en votre nouveau mode de vie !<\/p>\n","protected":false},"author":1,"featured_media":0,"parent":0,"menu_order":0,"comment_status":"closed","ping_status":"closed","template":"","meta":{"_seopress_robots_primary_cat":"","_seopress_titles_title":"","_seopress_titles_desc":"","_seopress_robots_index":"","footnotes":""},"class_list":["post-13313","page","type-page","status-publish","hentry","wpbf-post"],"_links":{"self":[{"href":"https:\/\/mariolab.hr\/fr\/wp-json\/wp\/v2\/pages\/13313","targetHints":{"allow":["GET"]}}],"collection":[{"href":"https:\/\/mariolab.hr\/fr\/wp-json\/wp\/v2\/pages"}],"about":[{"href":"https:\/\/mariolab.hr\/fr\/wp-json\/wp\/v2\/types\/page"}],"author":[{"embeddable":true,"href":"https:\/\/mariolab.hr\/fr\/wp-json\/wp\/v2\/users\/1"}],"replies":[{"embeddable":true,"href":"https:\/\/mariolab.hr\/fr\/wp-json\/wp\/v2\/comments?post=13313"}],"version-history":[{"count":0,"href":"https:\/\/mariolab.hr\/fr\/wp-json\/wp\/v2\/pages\/13313\/revisions"}],"wp:attachment":[{"href":"https:\/\/mariolab.hr\/fr\/wp-json\/wp\/v2\/media?parent=13313"}],"curies":[{"name":"wp","href":"https:\/\/api.w.org\/{rel}","templated":true}]}}