{"id":13442,"date":"2024-01-30T10:22:05","date_gmt":"2024-01-30T09:22:05","guid":{"rendered":"https:\/\/mariolab.hr\/politique-de-confidentialite\/"},"modified":"2025-11-26T13:36:11","modified_gmt":"2025-11-26T12:36:11","slug":"politique-de-confidentialite","status":"publish","type":"page","link":"https:\/\/mariolab.hr\/fr\/politique-de-confidentialite\/","title":{"rendered":"Politique de confidentialit\u00e9"},"content":{"rendered":"\n<p>POLITIQUE DE CONFIDENTIALIT\u00c9:<\/p>\n\n<p>Cette politique de confidentialit\u00e9 r\u00e9git la mani\u00e8re dont vous utilisez et prot\u00e9gez toutes les informations que vous fournissez au site web de MarioLab. MarioLab veille \u00e0 ce que votre vie priv\u00e9e soit prot\u00e9g\u00e9e. Si nous vous demandons de fournir certaines informations personnelles identifiables lors de l\u2019utilisation de ce site, vous pouvez \u00eatre assur\u00e9 qu\u2019elles ne seront utilis\u00e9es qu\u2019en conformit\u00e9 avec cette d\u00e9claration de confidentialit\u00e9. MarioLab peut modifier cette politique de temps \u00e0 autre en mettant \u00e0 jour cette page. Vous devriez consulter cette page de temps en temps pour vous assurer que les changements vous satisfaissent.<\/p>\n\n<p>CE QUE NOUS COLLECTONS :<\/p>\n\n<p>&#8211; informations de contact incluant nom, adresse postale, adresse e-mail et num\u00e9ro de t\u00e9l\u00e9phone mobile<\/p>\n\n<p>&#8211; Informations d\u00e9mographiques telles que le code postal, les pr\u00e9f\u00e9rences et les centres d\u2019int\u00e9r\u00eat<\/p>\n\n<p>&#8211; Autres informations pertinentes pour les enqu\u00eates clients et\/ou les offres<\/p>\n\n<p>Pour une liste compl\u00e8te des cookies que nous collectons, veuillez consulter la section Liste des cookies.<\/p>\n\n<p>QUE FAISONS-NOUS DES INFORMATIONS QUE NOUS COLLECTONS ?<\/p>\n\n<p>Nous avons besoin de ces informations pour comprendre vos besoins et vous offrir un meilleur service, en particulier pour les raisons suivantes :<\/p>\n\n<p>-Tenue des dossiers internes.<\/p>\n\n<p>Nous pouvons utiliser ces informations pour am\u00e9liorer nos produits et services.<\/p>\n\n<p>De temps \u00e0 autre, nous pouvons envoyer des e-mails promotionnels et, si vous vous \u00eates inscrit \u00e0 notre promotion par SMS, des SMS (SMS\/MMS) concernant de nouveaux produits, offres sp\u00e9ciales ou d\u2019autres informations que nous pensons susceptibles de vous int\u00e9resser, en utilisant l\u2019adresse e-mail que vous avez fournie.<\/p>\n\n<p>De temps \u00e0 autre, nous pouvons \u00e9galement utiliser vos informations pour vous contacter \u00e0 des fins d\u2019\u00e9tudes de march\u00e9. Nous pouvons vous contacter par email, t\u00e9l\u00e9phone, fax ou par courrier. Nous pouvons utiliser ces informations pour adapter le site web \u00e0 vos centres d\u2019int\u00e9r\u00eat.  <\/p>\n\n<p>COMMENT PARTAGER-NOUS ET COLLECTER DES INFORMATIONS ?<\/p>\n\n<p>MarioLab ne partage des informations personnelles qu\u2019avec des entreprises affili\u00e9es, ainsi qu\u2019avec des partenaires commerciaux et des prestataires de services sur lesquels nous comptons pour vous offrir un meilleur service. Ces entreprises ont besoin d\u2019informations \u00e0 votre sujet pour accomplir leurs fonctions de service (comme traiter et honorer votre commande, v\u00e9rifier vos informations de carte de cr\u00e9dit et se prot\u00e9ger contre la fraude). Nous partageons \u00e9galement des informations avec des entreprises de confiance qui nous assistent dans des fonctions marketing (comme la gestion de notre activit\u00e9 en ligne et la publicit\u00e9 de nos produits et services, y compris l\u2019administration de notre programme de messagerie texte). Nous pouvons engager des fournisseurs pour diffuser des publicit\u00e9s en notre nom sur Internet et fournir des services d\u2019analyse. Ces fournisseurs peuvent collecter certaines informations techniques ou autres de votre part (par exemple, informations de clickstream, type de navigateur, heure et date, informations mat\u00e9rielles\/logicielles, identifiant cookie, adresse IP, etc.) lorsque vous visitez notre site web et peuvent utiliser ces informations pour fournir de la publicit\u00e9 concernant des biens et services consid\u00e9r\u00e9s comme \u00e9tant d\u2019int\u00e9r\u00eat plus grand pour vous.    <\/p>\n\n<p>Nous pouvons \u00e9galement partager vos informations pour d\u2019autres fins divulgu\u00e9es lors de la collecte ou lorsque nous avons obtenu un consentement autre. Veuillez noter que cette politique n\u2019a pas pour but de limiter notre capacit\u00e9 \u00e0 partager ou divulguer des informations anonymes. MarioLab se r\u00e9serve \u00e9galement le droit d\u2019utiliser ou de divulguer des informations n\u00e9cessaires pour satisfaire \u00e0 toute loi, r\u00e9glementation ou demande l\u00e9gale, pour r\u00e9pondre \u00e0 vos demandes, pour coop\u00e9rer avec toute enqu\u00eate des forces de l\u2019ordre ou d\u2019une enqu\u00eate similaire, ou pour mener toute enqu\u00eate interne ou fonction similaire que nous jugeons appropri\u00e9e pour prot\u00e9ger notre entreprise.  <\/p>\n\n<p>S\u00c9CURIT\u00c9<\/p>\n\n<p>Nous nous engageons \u00e0 garantir la s\u00e9curit\u00e9 de vos donn\u00e9es. Pour \u00e9viter tout acc\u00e8s ou divulgation non autoris\u00e9s, nous avons mis en place des proc\u00e9dures physiques, \u00e9lectroniques et de gestion appropri\u00e9es afin de prot\u00e9ger et de s\u00e9curiser les informations que nous collectons en ligne. <\/p>\n\n<p>COMMENT UTILISONS-NOUS LES COOKIES ?<\/p>\n\n<p>Un cookie est un petit fichier qui demande la permission d\u2019\u00eatre plac\u00e9 sur le disque dur de votre ordinateur. Une fois que vous \u00eates d\u2019accord, le fichier est ajout\u00e9 et le cookie aide \u00e0 analyser le trafic web ou vous informe lorsque vous visitez une page particuli\u00e8re. Les cookies permettent aux applications web de r\u00e9pondre \u00e0 vous en tant qu\u2019individu. L\u2019application web peut adapter ses op\u00e9rations \u00e0 vos besoins, go\u00fbts et d\u00e9go\u00fbts en collectant et en m\u00e9morisant des informations sur vos pr\u00e9f\u00e9rences.   <\/p>\n\n<p>Nous utilisons des cookies de journal de trafic pour identifier quelles pages sont utilis\u00e9es. Cela nous aide \u00e0 analyser les donn\u00e9es de trafic du site web et \u00e0 am\u00e9liorer notre site pour l\u2019adapter aux besoins des utilisateurs. Nous n\u2019utilisons ces informations qu\u2019\u00e0 des fins d\u2019analyse statistique, puis les donn\u00e9es sont retir\u00e9es du syst\u00e8me.  <\/p>\n\n<p>En g\u00e9n\u00e9ral, les cookies nous aident \u00e0 vous offrir un meilleur site web, nous permettant de suivre quelles pages vous semblent utiles et lesquelles ne vous plaisant pas. Un cookie ne nous donne pas acc\u00e8s \u00e0 votre ordinateur ni \u00e0 aucune information vous concernant, en dehors des informations que vous choisissez de partager avec nous. Vous pouvez choisir d\u2019accepter ou de refuser les cookies. La plupart des navigateurs web acceptent automatiquement les cookies, mais vous pouvez g\u00e9n\u00e9ralement modifier les param\u00e8tres de votre navigateur pour refuser les cookies si vous le souhaitez. Cela peut vous emp\u00eacher de profiter pleinement du site web du site.    <\/p>\n\n<p>LIENS VERS D\u2019AUTRES SITES WEB<\/p>\n\n<p>Notre site web peut contenir des liens vers d\u2019autres sites web d\u2019int\u00e9r\u00eat. Cependant, une fois que vous avez utilis\u00e9 ces liens pour quitter notre site, vous devez savoir que nous n\u2019avons aucun contr\u00f4le sur cet autre site. Par cons\u00e9quent, nous ne pouvons pas \u00eatre responsables de la protection et de la confidentialit\u00e9 de toute information que vous fournissez lors de votre visite de ces sites, et ces sites ne sont pas r\u00e9gis par cette d\u00e9claration de confidentialit\u00e9. Vous devez \u00eatre prudent et consulter la d\u00e9claration de confidentialit\u00e9 applicable au site web en question.   <\/p>\n\n<p>CONTR\u00d4LE DE VOS DONN\u00c9ES PERSONNELLES<\/p>\n\n<p>Vous pouvez choisir de limiter la collecte ou l\u2019utilisation de vos informations personnelles des mani\u00e8res suivantes :<\/p>\n\n<p>-Chaque fois qu\u2019on vous demande de remplir un formulaire sur le site, cherchez une case sur laquelle cliquer pour indiquer que vous ne souhaitez pas que quiconque utilise ces donn\u00e9es \u00e0 des fins de marketing direct<\/p>\n\n<p>-Si vous avez d\u00e9j\u00e0 consenti \u00e0 ce que nous utilisions vos informations personnelles \u00e0 des fins de marketing direct, vous pouvez changer d\u2019avis \u00e0 tout moment en nous \u00e9crivant ou en nous envoyant un e-mail<\/p>\n\n<p>Nous ne vendrons pas, ne distribuerons ni ne louerons vos informations personnelles \u00e0 des tiers sans votre autorisation ou obligation l\u00e9gale. Nous pouvons utiliser vos informations personnelles pour vous transmettre des informations promotionnelles sur des tiers que nous pensons susceptibles de vous int\u00e9resser. <\/p>\n\n<p>Vous pouvez demander des informations sur les donn\u00e9es personnelles que nous d\u00e9tenons \u00e0 votre sujet en vertu de la loi sur la protection des donn\u00e9es. Un petit montant sera pay\u00e9. Si vous souhaitez une copie de vos informations, veuillez \u00e9crire \u00e0&#8230;<\/p>\n\n<p>Si vous pensez que les informations que nous d\u00e9tenons \u00e0 votre sujet sont inexactes ou incompl\u00e8tes, veuillez nous \u00e9crire ou nous envoyer un e-mail d\u00e8s que possible \u00e0 notre adresse. Nous corrigerons rapidement toute information jug\u00e9e incorrecte. <\/p>\n\n<p>LISTE DES COOKIES QUE NOUS COLLECTONS :<\/p>\n\n<p>-noms de cookies<\/p>\n\n<p>&#8211; Description des cookies<\/p>\n\n<p>-panier<\/p>\n\n<p>-Cat\u00e9gories<\/p>\n\n<p>-Monnaie<\/p>\n\n<p>-acheteur&#8230;<\/p>\n\n<p>Cette politique de confidentialit\u00e9 du programme de messagerie texte explique comment MarioLab collecte et utilise les informations vous concernant dans le cadre de son programme de marketing par messagerie texte.<\/p>\n\n<p>COLLECTE D\u2019INFORMATIONS<\/p>\n\n<p>Nous recueillons une vari\u00e9t\u00e9 d\u2019informations \u00e0 votre sujet, y compris celles que vous fournissez directement lorsque vous utilisez le service de messagerie. Par exemple, nous recueillons le num\u00e9ro de t\u00e9l\u00e9phone et l\u2019adresse e-mail que vous avez fournis lors de votre inscription \u00e0 un service de messagerie. Lorsque vous envoyez des messages via un service de messagerie, nous collecterons \u00e9galement votre historique de messages ainsi que toute information contenue dans ces messages.  <\/p>\n\n<p>Nous pouvons \u00e9galement recueillir des informations \u00e0 votre sujet gr\u00e2ce \u00e0 l\u2019utilisation de cookies ou de technologies similaires. Les cookies sont des informations que votre navigateur stocke sur le disque dur ou la m\u00e9moire de votre appareil. Les cookies nous permettent de personnaliser votre exp\u00e9rience sur le service de messagerie (par exemple, en vous envoyant des messages texte personnalis\u00e9s comme des rappels de panier).  <\/p>\n\n<p>Si vous participez \u00e0 un concours, un tirage au sort, une \u00e9tude de recherche ou un sondage par email li\u00e9 \u00e0 un service de messagerie, nous collecterons les informations de contact de base ainsi que toute autre information que vous choisissez de fournir en lien avec ces activit\u00e9s. Nous recueillerons \u00e9galement vos coordonn\u00e9es si vous nous contactez pour toute question concernant le service de messagerie ou le service client. <\/p>\n\n<p>UTILISATION DE L\u2019INFORMATION<\/p>\n\n<p>Nous utilisons vos informations pour livrer, analyser, maintenir et soutenir le service de messagerie. Nous pouvons \u00e9galement utiliser vos informations pour am\u00e9liorer les fonctionnalit\u00e9s du service de messagerie et pour personnaliser et personnaliser vos exp\u00e9riences sur le service de messagerie. <\/p>\n\n<p>PARTAGE D\u2019INFORMATIONS<\/p>\n\n<p>Nous pouvons partager, transf\u00e9rer ou divulguer vos informations si vous consentez \u00e0 ce que nous le fassions, ainsi que dans les circonstances suivantes :<\/p>\n\n<p>Fournisseurs. Nous pouvons partager vos informations avec des tiers pour vous aider \u00e0 fournir le service de messagerie. <\/p>\n\n<p>Obligation l\u00e9gale et protection de l\u2019attention. Nous pouvons divulguer vos informations car nous estimons que cette divulgation est n\u00e9cessaire ou appropri\u00e9e pour : <\/p>\n\n<p>&#8211; Respect de la l\u00e9gislation applicable et des proc\u00e9dures juridiques<\/p>\n\n<p>&#8211; r\u00e9pondre aux demandes des autorit\u00e9s publiques et gouvernementales, y compris les autorit\u00e9s publiques et gouvernementales hors de votre pays de r\u00e9sidence<\/p>\n\n<p>&#8211; prot\u00e9ger nos droits, notre vie priv\u00e9e, notre s\u00e9curit\u00e9 ou nos biens et\/ou les droits de nos affili\u00e9s, vous ou d\u2019autres. Ils nous permettent de profiter des options juridiques disponibles ou de limiter les dommages que nous pourrions subir.<\/p>\n\n<p>De temps \u00e0 autre, nous pouvons partager des informations sur votre utilisation du service de messagerie avec tout tiers, y compris des annonceurs, des partenaires promotionnels et des sponsors.<\/p>\n\n<p>PROTECTION DE L\u2019INFORMATION<\/p>\n\n<p>Nous adoptons diverses mesures de s\u00e9curit\u00e9 physiques, techniques, administratives et organisationnelles en fonction de la sensibilit\u00e9 des informations que nous collectons afin de prot\u00e9ger vos informations contre la destruction accidentelle ou ill\u00e9gale, la perte accidentelle, la modification, la divulgation non autoris\u00e9e ou l\u2019acc\u00e8s. Malheureusement, aucune activit\u00e9 en ligne ne peut \u00eatre 100 % s\u00e9curis\u00e9e. Bien que nous nous effor\u00e7ions de prot\u00e9ger vos informations contre toute utilisation ou divulgation non autoris\u00e9e, nous ne pouvons ni garantir la s\u00e9curit\u00e9 des informations que vous fournissez. Nous n\u2019assumons pas la responsabilit\u00e9 d\u2019une divulgation involontaire.   <\/p>\n\n<p>CONSERVATION DE L\u2019INFORMATION<\/p>\n\n<p>Nous conservons vos informations aussi longtemps que vous participez au service de messagerie ou aussi longtemps que n\u00e9cessaire pour respecter les obligations l\u00e9gales applicables. Nous conserverons et utiliserons \u00e9galement vos informations si n\u00e9cessaire pour r\u00e9soudre les litiges, nous prot\u00e9ger ainsi que nos clients, et faire respecter nos accords. <\/p>\n\n<p>\u00c9LECTIONS ET CONTR\u00d4LES<\/p>\n\n<p>Le consentement \u00e0 recevoir des SMS marketing automatis\u00e9s n\u2019est pas une condition pour un achat. Vous pouvez vous d\u00e9sister de recevoir des messages commerciaux via le service de messagerie en r\u00e9pondant \u00e0 l\u2019un de nos SMS avec l\u2019une des r\u00e9ponses suivantes : ARR\u00caTER, FINIR, ANNULER, SE D\u00c9SABONNER ou ANNULER. Pour plus d\u2019informations sur les refus, veuillez consulter nos Conditions d\u2019utilisation.  <\/p>\n\n<p>SERVICE CLIENT<\/p>\n\n<p>Si vous rencontrez des probl\u00e8mes avec le service de messagerie, veuillez visiter :&#8230;. et soumettez un formulaire d\u00e9taillant votre probl\u00e8me ou demande de soutien, ou envoyez un e-mail \u00e0&#8230;<\/p>\n\n<p>POLITIQUE DE CONFIDENTIALIT\u00c9 PRINCIPALE<\/p>\n\n<p>Si vous vous inscrivez pour recevoir des SMS de notre part, vous acceptez \u00e9galement notre politique principale de confidentialit\u00e9.<\/p>\n\n<p>D\u00c9MENTI<br\/><br\/>MarioLab.hr utilisation uniquement \u00e0 des fins g\u00e9n\u00e9rales d\u2019information. Ils ne doivent pas \u00eatre utilis\u00e9s pour l\u2019auto-diagnostic et ne remplacent pas l\u2019examen m\u00e9dical, le traitement, le diagnostic et la prescription ou recommandation. Vous ne devez pas modifier votre routine de sant\u00e9 ou votre alimentation avant de contacter votre m\u00e9decin ou professionnel de sant\u00e9 pour un examen, un diagnostic et une recommandation. Consultez toujours un m\u00e9decin ou un autre professionnel de sant\u00e9 si vous avez des questions concernant votre condition m\u00e9dicale.   <\/p>\n","protected":false},"excerpt":{"rendered":"<p>POLITIQUE DE CONFIDENTIALIT\u00c9: Cette politique de confidentialit\u00e9 r\u00e9git la mani\u00e8re dont vous utilisez et prot\u00e9gez toutes les informations que vous fournissez au site web de MarioLab. MarioLab veille \u00e0 ce que votre vie priv\u00e9e soit prot\u00e9g\u00e9e. Si nous vous demandons de fournir certaines informations personnelles identifiables lors de l\u2019utilisation de ce site, vous pouvez \u00eatre [&hellip;]<\/p>\n","protected":false},"author":1,"featured_media":0,"parent":0,"menu_order":0,"comment_status":"closed","ping_status":"open","template":"","meta":{"_seopress_robots_primary_cat":"","_seopress_titles_title":"","_seopress_titles_desc":"","_seopress_robots_index":"","footnotes":""},"class_list":["post-13442","page","type-page","status-publish","hentry","wpbf-post"],"_links":{"self":[{"href":"https:\/\/mariolab.hr\/fr\/wp-json\/wp\/v2\/pages\/13442","targetHints":{"allow":["GET"]}}],"collection":[{"href":"https:\/\/mariolab.hr\/fr\/wp-json\/wp\/v2\/pages"}],"about":[{"href":"https:\/\/mariolab.hr\/fr\/wp-json\/wp\/v2\/types\/page"}],"author":[{"embeddable":true,"href":"https:\/\/mariolab.hr\/fr\/wp-json\/wp\/v2\/users\/1"}],"replies":[{"embeddable":true,"href":"https:\/\/mariolab.hr\/fr\/wp-json\/wp\/v2\/comments?post=13442"}],"version-history":[{"count":0,"href":"https:\/\/mariolab.hr\/fr\/wp-json\/wp\/v2\/pages\/13442\/revisions"}],"wp:attachment":[{"href":"https:\/\/mariolab.hr\/fr\/wp-json\/wp\/v2\/media?parent=13442"}],"curies":[{"name":"wp","href":"https:\/\/api.w.org\/{rel}","templated":true}]}}