{"id":21259,"date":"2024-05-01T00:01:45","date_gmt":"2024-04-30T22:01:45","guid":{"rendered":"https:\/\/mariolab.hr\/proizvod\/remedes-naturels-miraculeux-partie-1-livre-imprime\/"},"modified":"2024-05-01T00:01:45","modified_gmt":"2024-04-30T22:01:45","slug":"remedes-naturels-miraculeux-partie-1-livre-imprime","status":"publish","type":"product","link":"https:\/\/mariolab.hr\/fr\/proizvod\/remedes-naturels-miraculeux-partie-1-livre-imprime\/","title":{"rendered":"Rem\u00e8des naturels miraculeux Partie 1 LIVRE IMPRIM\u00c9"},"content":{"rendered":"<p><strong>NOUVEAU LIVRE EN VENTE<br \/>\nPROFITEZ DE LA R\u00c9DUCTION<\/strong><\/p>\n<h3>Rem\u00e8des naturels miraculeux &#8211; Votre guide de la sant\u00e9 LIVRE<\/h3>\n<p><strong>\u00c0 PROPOS DU LIVRE :<\/strong><br \/>\nVoulez-vous prendre le contr\u00f4le de votre sant\u00e9 de mani\u00e8re naturelle ? Ne cherchez pas plus loin que mon nouveau livre sur les rem\u00e8des naturels miracles. Dans ce livre, vous en apprendrez davantage sur la riche histoire des m\u00e9dicaments naturels, d\u00e9couvrirez quelles sont les meilleures plantes m\u00e9dicinales et leurs applications dans le traitement et la pr\u00e9vention des maladies.  <\/p>\n<p><strong>De quoi s\u2019agit-il :<\/strong><br \/>\nVous d\u00e9couvrirez comment cultiver votre propre jardin d\u2019herbes, recevrez des instructions claires sur le dosage, les effets secondaires potentiels et les interactions cl\u00e9s avec les m\u00e9dicaments chimiques. D\u00e9couvrez comment les rem\u00e8des naturels peuvent soutenir votre bien-\u00eatre g\u00e9n\u00e9ral, en favorisant la sant\u00e9 de mani\u00e8re s\u00fbre et sans effets secondaires. <\/p>\n<p><strong>\u00c0 qui s\u2019adresse le livre :<\/strong><br \/>\nCe livre s\u2019adresse \u00e0 tous : d\u00e9butants comme personnes ayant une vaste exp\u00e9rience dans le domaine de la m\u00e9decine naturelle.<\/p>\n<p>\u00ab Rem\u00e8des naturels miraculeux Partie 1 \u00bb est le premier volet d\u2019une s\u00e9rie impressionnante en quatre parties qui sortira cette ann\u00e9e et l\u2019ann\u00e9e prochaine. Le livre sert de guide id\u00e9al pour quiconque souhaite appliquer des rem\u00e8des naturels dans la lutte contre les maladies de l\u2019homme moderne. <\/p>\n<p>N\u2019attendez pas ! Commandez votre exemplaire d\u00e8s aujourd\u2019hui et entreprenez un voyage vers la sant\u00e9 et le bien-\u00eatre de mani\u00e8re naturelle ! <\/p>\n","protected":false},"excerpt":{"rendered":"<p><strong>NOUVEAU LIVRE EN VENTE<br \/>\n<\/strong><\/p>\n<p>Ce livre s\u2019adresse \u00e0 tous : d\u00e9butants comme personnes ayant une vaste exp\u00e9rience dans le domaine de la m\u00e9decine naturelle.<\/p>\n","protected":false},"featured_media":21262,"comment_status":"open","ping_status":"closed","template":"","meta":{"_seopress_robots_primary_cat":"none","_seopress_titles_title":"","_seopress_titles_desc":"","_seopress_robots_index":""},"product_brand":[],"product_cat":[5173,5144],"product_tag":[],"class_list":{"0":"post-21259","1":"product","2":"type-product","3":"status-publish","4":"has-post-thumbnail","6":"product_cat-editions-imprimees-de-livres","7":"product_cat-livres","8":"wpbf-post","11":"instock","12":"taxable","13":"shipping-taxable","14":"purchasable","15":"product-type-variable"},"_links":{"self":[{"href":"https:\/\/mariolab.hr\/fr\/wp-json\/wp\/v2\/product\/21259","targetHints":{"allow":["GET"]}}],"collection":[{"href":"https:\/\/mariolab.hr\/fr\/wp-json\/wp\/v2\/product"}],"about":[{"href":"https:\/\/mariolab.hr\/fr\/wp-json\/wp\/v2\/types\/product"}],"replies":[{"embeddable":true,"href":"https:\/\/mariolab.hr\/fr\/wp-json\/wp\/v2\/comments?post=21259"}],"version-history":[{"count":0,"href":"https:\/\/mariolab.hr\/fr\/wp-json\/wp\/v2\/product\/21259\/revisions"}],"wp:featuredmedia":[{"embeddable":true,"href":"https:\/\/mariolab.hr\/fr\/wp-json\/wp\/v2\/media\/21262"}],"wp:attachment":[{"href":"https:\/\/mariolab.hr\/fr\/wp-json\/wp\/v2\/media?parent=21259"}],"wp:term":[{"taxonomy":"product_brand","embeddable":true,"href":"https:\/\/mariolab.hr\/fr\/wp-json\/wp\/v2\/product_brand?post=21259"},{"taxonomy":"product_cat","embeddable":true,"href":"https:\/\/mariolab.hr\/fr\/wp-json\/wp\/v2\/product_cat?post=21259"},{"taxonomy":"product_tag","embeddable":true,"href":"https:\/\/mariolab.hr\/fr\/wp-json\/wp\/v2\/product_tag?post=21259"}],"curies":[{"name":"wp","href":"https:\/\/api.w.org\/{rel}","templated":true}]}}