{"id":21406,"date":"2024-02-14T20:19:19","date_gmt":"2024-02-14T19:19:19","guid":{"rendered":"https:\/\/mariolab.hr\/proizvod\/jeune-intermittent-le-secret-de-la-sante-et-de-la-longevite-livre-electronique\/"},"modified":"2025-11-29T11:43:03","modified_gmt":"2025-11-29T10:43:03","slug":"jeune-intermittent-le-secret-de-la-sante-et-de-la-longevite-livre-electronique","status":"publish","type":"product","link":"https:\/\/mariolab.hr\/fr\/proizvod\/jeune-intermittent-le-secret-de-la-sante-et-de-la-longevite-livre-electronique\/","title":{"rendered":"JE\u00dbNE INTERMITTENT : Le secret de la sant\u00e9 et de la long\u00e9vit\u00e9 \u2013 livre \u00e9lectronique"},"content":{"rendered":"<p><strong>\u00c0 PROPOS DU LIVRE :<\/strong><br \/>\nLe livre parle du r\u00e9gime alimentaire le plus sain au monde, appel\u00e9 \u00ab je\u00fbne intermittent \u00bb. Ce livre est le fruit de mes recherches sur cette fa\u00e7on de manger et son application dans ma propre vie et dans le travail avec les patients.<\/p>\n<p><strong>De quoi s\u2019agit-il :<\/strong><br \/>\n \u00bb Le je\u00fbne intermittent n\u2019est pas seulement un r\u00e9gime alimentaire ; C\u2019est un mode de vie qui a un impact positif sur votre sant\u00e9 physique et mentale. Gr\u00e2ce \u00e0 une pr\u00e9sentation d\u00e9taill\u00e9e de la pratique du je\u00fbne intermittent, ce livre propose des conseils pr\u00e9cis, des astuces et des recettes pour vous aider \u00e0 obtenir les meilleurs r\u00e9sultats. <\/p>\n<p><strong>Fondements scientifiques :<\/strong><br \/>\nLe livre s\u2019appuie sur les derni\u00e8res recherches scientifiques qui confirment les incroyables bienfaits du je\u00fbne intermittent. De la r\u00e9gulation du poids corporel et l\u2019am\u00e9lioration du m\u00e9tabolisme \u00e0 la r\u00e9duction de l\u2019inflammation et \u00e0 l\u2019am\u00e9lioration des fonctions cognitives. Le livre propose des conseils pratiques pour les d\u00e9butants, mais aussi beaucoup de nouvelles informations pour tous ceux qui pratiquent ce r\u00e9gime. <\/p>\n<p><strong>Ce que vous apprendrez :<\/strong><br \/>\nComment commencer le je\u00fbne intermittent et l\u2019adapter \u00e0 vos besoins.<br \/>\nB\u00e9n\u00e9fices pour la sant\u00e9, notamment la perte de poids, l\u2019am\u00e9lioration des fonctions cardiaques et c\u00e9r\u00e9brales, et la r\u00e9duction du risque de maladie.<br \/>\nRecettes et plans de repas pour vous aider \u00e0 atteindre vos objectifs de je\u00fbne intermittent.<\/p>\n<p><strong>\u00c0 qui s\u2019adresse le livre :<\/strong><br \/>\nCe livre s\u2019adresse \u00e0 toute personne souhaitant prendre le contr\u00f4le de sa sant\u00e9, atteindre la long\u00e9vit\u00e9 et d\u00e9couvrir les secrets du r\u00e9gime alimentaire le plus sain au monde.<\/p>\n","protected":false},"excerpt":{"rendered":"<div><strong>Livre \u00e9lectronique<\/strong><\/div>\n<div>\n<p>Le livre parle du r\u00e9gime alimentaire le plus sain au monde, appel\u00e9 \u00ab je\u00fbne intermittent \u00bb. Ce livre est le fruit de mes recherches sur cette fa\u00e7on de manger et son application dans ma propre vie et dans le travail avec les patients.<\/p>\n<\/div>\n","protected":false},"featured_media":21032,"comment_status":"open","ping_status":"closed","template":"","meta":{"_seopress_robots_primary_cat":"none","_seopress_titles_title":"","_seopress_titles_desc":"","_seopress_robots_index":""},"product_brand":[],"product_cat":[5143,5144,5177],"product_tag":[],"class_list":{"0":"post-21406","1":"product","2":"type-product","3":"status-publish","4":"has-post-thumbnail","6":"product_cat-editions-numeriques-des-livres","7":"product_cat-livres","8":"product_cat-produit","9":"wpbf-post","12":"instock","13":"taxable","14":"shipping-taxable","15":"purchasable","16":"product-type-variable"},"_links":{"self":[{"href":"https:\/\/mariolab.hr\/fr\/wp-json\/wp\/v2\/product\/21406","targetHints":{"allow":["GET"]}}],"collection":[{"href":"https:\/\/mariolab.hr\/fr\/wp-json\/wp\/v2\/product"}],"about":[{"href":"https:\/\/mariolab.hr\/fr\/wp-json\/wp\/v2\/types\/product"}],"replies":[{"embeddable":true,"href":"https:\/\/mariolab.hr\/fr\/wp-json\/wp\/v2\/comments?post=21406"}],"version-history":[{"count":0,"href":"https:\/\/mariolab.hr\/fr\/wp-json\/wp\/v2\/product\/21406\/revisions"}],"wp:featuredmedia":[{"embeddable":true,"href":"https:\/\/mariolab.hr\/fr\/wp-json\/wp\/v2\/media\/21032"}],"wp:attachment":[{"href":"https:\/\/mariolab.hr\/fr\/wp-json\/wp\/v2\/media?parent=21406"}],"wp:term":[{"taxonomy":"product_brand","embeddable":true,"href":"https:\/\/mariolab.hr\/fr\/wp-json\/wp\/v2\/product_brand?post=21406"},{"taxonomy":"product_cat","embeddable":true,"href":"https:\/\/mariolab.hr\/fr\/wp-json\/wp\/v2\/product_cat?post=21406"},{"taxonomy":"product_tag","embeddable":true,"href":"https:\/\/mariolab.hr\/fr\/wp-json\/wp\/v2\/product_tag?post=21406"}],"curies":[{"name":"wp","href":"https:\/\/api.w.org\/{rel}","templated":true}]}}