{"id":23621,"date":"2025-11-29T13:41:57","date_gmt":"2025-11-29T12:41:57","guid":{"rendered":"https:\/\/mariolab.hr\/?post_type=product&#038;p=23621"},"modified":"2025-11-29T14:19:08","modified_gmt":"2025-11-29T13:19:08","slug":"remedes-naturels-miraculeux-partie-1-et-remedes-naturels-miraculeux-partie-2-ensemble-de-livres-electroniques-kopiraj","status":"publish","type":"product","link":"https:\/\/mariolab.hr\/fr\/proizvod\/remedes-naturels-miraculeux-partie-1-et-remedes-naturels-miraculeux-partie-2-ensemble-de-livres-electroniques-kopiraj\/","title":{"rendered":"ENSEMBLE DE LIVRES \u00c9LECTRONIQUES Rem\u00e8des naturels miraculeux Parties 1 \u00e0 3"},"content":{"rendered":"<h3>Rem\u00e8des naturels miraculeux Partie 1 <\/h3>\n<p><strong>\u00c0 PROPOS DU LIVRE :<\/strong><br \/>\nVoulez-vous prendre le contr\u00f4le de votre sant\u00e9 de mani\u00e8re naturelle ? Ne cherchez pas plus loin que mon nouveau livre sur les rem\u00e8des naturels miracles. Dans ce livre, vous en apprendrez davantage sur la riche histoire des m\u00e9dicaments naturels, d\u00e9couvrirez quelles sont les meilleures plantes m\u00e9dicinales et leurs applications dans le traitement et la pr\u00e9vention des maladies.  <\/p>\n<p><strong>De quoi s\u2019agit-il :<\/strong><br \/>\nVous d\u00e9couvrirez comment cultiver votre propre jardin d\u2019herbes, recevrez des instructions claires sur le dosage, les effets secondaires potentiels et les interactions cl\u00e9s avec les m\u00e9dicaments chimiques. D\u00e9couvrez comment les rem\u00e8des naturels peuvent soutenir votre bien-\u00eatre g\u00e9n\u00e9ral, en favorisant la sant\u00e9 de mani\u00e8re s\u00fbre et sans effets secondaires. <\/p>\n<p><strong>\u00c0 qui s\u2019adresse le livre :<\/strong><br \/>\nCe livre s\u2019adresse \u00e0 tous : d\u00e9butants comme personnes ayant une vaste exp\u00e9rience dans le domaine de la m\u00e9decine naturelle.<\/p>\n<p>\u00ab Rem\u00e8des naturels miraculeux Partie 1 \u00bb est le premier volet d\u2019une s\u00e9rie impressionnante en quatre parties qui sortira cette ann\u00e9e et l\u2019ann\u00e9e prochaine. Le livre sert de guide id\u00e9al pour quiconque souhaite appliquer des rem\u00e8des naturels dans la lutte contre les maladies de l\u2019homme moderne. <\/p>\n<p>N\u2019attendez pas ! Commandez votre exemplaire d\u00e8s aujourd\u2019hui et entreprenez un voyage vers la sant\u00e9 et le bien-\u00eatre de mani\u00e8re naturelle ! <\/p>\n<h3>Rem\u00e8des naturels miraculeux Partie 2<\/h3>\n<p><strong>\u00c0 PROPOS DU LIVRE :<\/strong><br \/>\nVoulez-vous prendre le contr\u00f4le de votre sant\u00e9 de mani\u00e8re naturelle ? Ne cherchez pas plus loin que mon nouveau livre sur les rem\u00e8des naturels miracles. Dans ce livre, vous en apprendrez davantage sur la riche histoire des m\u00e9dicaments naturels, d\u00e9couvrirez quelles sont les meilleures plantes m\u00e9dicinales et leurs applications dans le traitement et la pr\u00e9vention des maladies.  <\/p>\n<p><strong>De quoi s\u2019agit-il :<\/strong><br \/>\nVous d\u00e9couvrirez comment cultiver votre propre jardin d\u2019herbes, recevrez des instructions claires sur le dosage, les effets secondaires potentiels et les interactions cl\u00e9s avec les m\u00e9dicaments chimiques. D\u00e9couvrez comment les rem\u00e8des naturels peuvent soutenir votre bien-\u00eatre g\u00e9n\u00e9ral, en favorisant la sant\u00e9 de mani\u00e8re s\u00fbre et sans effets secondaires. <\/p>\n<p><strong>\u00c0 qui s\u2019adresse le livre :<\/strong><br \/>\nCe livre s\u2019adresse \u00e0 tous : d\u00e9butants comme personnes ayant une vaste exp\u00e9rience dans le domaine de la m\u00e9decine naturelle.<\/p>\n<p>\u00ab Rem\u00e8des naturels miraculeux Partie 2 \u00bb est le premier volet d\u2019une s\u00e9rie \u00e9poustouflante en quatre parties qui sortira cette ann\u00e9e et la suivante. Le livre sert de guide id\u00e9al pour quiconque souhaite appliquer des rem\u00e8des naturels dans la lutte contre les maladies de l\u2019homme moderne. <\/p>\n<p>N\u2019attendez pas ! Commandez votre exemplaire d\u00e8s aujourd\u2019hui et entreprenez un voyage vers la sant\u00e9 et le bien-\u00eatre de mani\u00e8re naturelle ! <\/p>\n<h3>Rem\u00e8des naturels miraculeux Partie 3<\/h3>\n<p class=\"ydp7ef12f8fMsoNormal\">\u00ab Rem\u00e8des naturels miraculeux \u2013 Partie 3 \u00bb est la suite de la s\u00e9rie de livres sur les rem\u00e8des naturels de Mario Labudovi\u0107. Ce livre vous plonge profond\u00e9ment dans le monde des plantes m\u00e9dicinales et des pr\u00e9parations traditionnelles qui vont profond\u00e9ment transformer votre connaissance d\u2019un mode de vie sain.  <\/p>\n<p class=\"ydp7ef12f8fMsoNormal\">La troisi\u00e8me partie de la s\u00e9rie propose bien plus qu\u2019une simple description classique des plantes. Le livre montre comment les rem\u00e8des naturels sont utilis\u00e9s dans l\u2019histoire, la tradition et la science moderne, comment choisir des plantes de qualit\u00e9, comment pr\u00e9parer correctement les infusions, d\u00e9coctions, teintures, pommades et toniques, et comment comprendre les compos\u00e9s actifs cach\u00e9s dans chaque plante.<br \/>\nToutes les plantes sont couvertes par des exemples pratiques, des explications claires, des conseils de s\u00e9curit\u00e9 et des exp\u00e9riences concr\u00e8tes, offrant au lecteur un manuel fiable, compr\u00e9hensible et structur\u00e9 de mani\u00e8re professionnelle. <\/p>\n<p class=\"ydp7ef12f8fMsoNormal\">Le livre comprend :<\/p>\n<ul type=\"disc\">\n<li class=\"ydp7ef12f8fMsoNormal\">descriptions d\u00e9taill\u00e9es des plantes les plus puissantes utilis\u00e9es en phytoth\u00e9rapie traditionnelle et moderne<\/li>\n<li class=\"ydp7ef12f8fMsoNormal\">Explications scientifiques des compos\u00e9s actifs et de leurs fonctions dans le corps<\/li>\n<\/ul>\n<ul type=\"disc\">\n<li class=\"ydp7ef12f8fMsoNormal\">Proc\u00e9dures pour la pr\u00e9paration des pr\u00e9parations naturelles (infusions, d\u00e9cococtions, teintures, sirops, pommades, capsules)<\/li>\n<li class=\"ydp7ef12f8fMsoNormal\">Tableaux complets de mesure, de st\u00e9rilisation, de stockage et de manipulation s\u00e9curis\u00e9e des plantes<\/li>\n<li class=\"ydp7ef12f8fMsoNormal\">Conseils pour la s\u00e9lection, le contr\u00f4le qualit\u00e9 et le bon entretien des plantes<\/li>\n<li class=\"ydp7ef12f8fMsoNormal\">Guide expert sur la culture, la r\u00e9colte, le s\u00e9chage et la transformation des plantes m\u00e9dicinales<\/li>\n<li class=\"ydp7ef12f8fMsoNormal\">Une explication claire des effets des plantes sur les syst\u00e8mes digestif, circulatoire, nerveux et immunitaire<\/li>\n<li class=\"ydp7ef12f8fMsoNormal\">Un aper\u00e7u de l\u2019histoire mondiale et de l\u2019application des plantes m\u00e9dicinales dans les traditions chinoises, indiennes, africaines et europ\u00e9ennes<\/li>\n<\/ul>\n<p class=\"ydp7ef12f8fMsoNormal\">Ce livre n\u2019est pas seulement une encyclop\u00e9die des plantes \u2013 c\u2019est un syst\u00e8me complet de connaissances destin\u00e9 \u00e0 quiconque souhaite comprendre la nature, la sant\u00e9 et son propre corps \u00e0 un niveau plus profond. Il est \u00e9crit de mani\u00e8re simple, compr\u00e9hensible et professionnelle, afin que chaque lecteur puisse utiliser en toute s\u00e9curit\u00e9 des pr\u00e9parations naturelles avec les conseils d\u2019experts m\u00e9dicaux. <\/p>\n<p class=\"ydp7ef12f8fMsoNormal\">La troisi\u00e8me partie de la s\u00e9rie compl\u00e8te parfaitement les livres pr\u00e9c\u00e9dents, \u00e9largit les connaissances et d\u00e9couvre de nouvelles plantes dont l\u2019efficacit\u00e9 a \u00e9t\u00e9 confirm\u00e9e par des si\u00e8cles de tradition et de recherches modernes. Cette suite fait de la s\u00e9rie \u00ab Rem\u00e8des naturels miraculeux \u00bb l\u2019un des manuels de sant\u00e9 naturelle les plus complets dans le monde des m\u00e9decines naturelles. <\/p>\n<p class=\"ydp7ef12f8fMsoNormal\"><b>Si vous souhaitez apprendre \u00e0 utiliser la nature de mani\u00e8re s\u00fbre, pratique et efficace \u2013 ce livre est le bon choix.<\/b><\/p>\n","protected":false},"excerpt":{"rendered":"<p>NOUVEAU LIVRE EN<strong>VENTE<br \/>\nPROFITEZ<\/strong> DE LA R\u00c9DUCTION<\/p>\n<p>Un ensemble de trois livres \u00e9lectroniques :<\/p>\n<ul>\n<li class=\"woocommerce-loop-product__title\">\u00ab Rem\u00e8des naturels miracles Partie 1 \u00bb \u2013 Votre guide de la sant\u00e9<\/li>\n<li>\u00ab Rem\u00e8des naturels miracles Partie 2 \u00bb \u2013 Votre guide de la sant\u00e9<\/li>\n<li>\u00ab Rem\u00e8des naturels miracles Partie 3 \u00bb \u2013 Votre guide pour la sant\u00e9<\/li>\n<li>\n<\/li>\n<\/ul>\n","protected":false},"featured_media":23753,"comment_status":"open","ping_status":"closed","template":"","meta":{"_seopress_robots_primary_cat":"none","_seopress_titles_title":"","_seopress_titles_desc":"","_seopress_robots_index":""},"product_brand":[],"product_cat":[5143,5144],"product_tag":[],"class_list":{"0":"post-23621","1":"product","2":"type-product","3":"status-publish","4":"has-post-thumbnail","6":"product_cat-editions-numeriques-des-livres","7":"product_cat-livres","8":"wpbf-post","11":"instock","12":"sale","13":"taxable","14":"shipping-taxable","15":"purchasable","16":"product-type-variable"},"_links":{"self":[{"href":"https:\/\/mariolab.hr\/fr\/wp-json\/wp\/v2\/product\/23621","targetHints":{"allow":["GET"]}}],"collection":[{"href":"https:\/\/mariolab.hr\/fr\/wp-json\/wp\/v2\/product"}],"about":[{"href":"https:\/\/mariolab.hr\/fr\/wp-json\/wp\/v2\/types\/product"}],"replies":[{"embeddable":true,"href":"https:\/\/mariolab.hr\/fr\/wp-json\/wp\/v2\/comments?post=23621"}],"version-history":[{"count":0,"href":"https:\/\/mariolab.hr\/fr\/wp-json\/wp\/v2\/product\/23621\/revisions"}],"wp:featuredmedia":[{"embeddable":true,"href":"https:\/\/mariolab.hr\/fr\/wp-json\/wp\/v2\/media\/23753"}],"wp:attachment":[{"href":"https:\/\/mariolab.hr\/fr\/wp-json\/wp\/v2\/media?parent=23621"}],"wp:term":[{"taxonomy":"product_brand","embeddable":true,"href":"https:\/\/mariolab.hr\/fr\/wp-json\/wp\/v2\/product_brand?post=23621"},{"taxonomy":"product_cat","embeddable":true,"href":"https:\/\/mariolab.hr\/fr\/wp-json\/wp\/v2\/product_cat?post=23621"},{"taxonomy":"product_tag","embeddable":true,"href":"https:\/\/mariolab.hr\/fr\/wp-json\/wp\/v2\/product_tag?post=23621"}],"curies":[{"name":"wp","href":"https:\/\/api.w.org\/{rel}","templated":true}]}}