{"id":24856,"date":"2025-11-29T15:19:10","date_gmt":"2025-11-29T14:19:10","guid":{"rendered":"https:\/\/mariolab.hr\/?post_type=product&#038;p=24856"},"modified":"2025-11-29T15:29:26","modified_gmt":"2025-11-29T14:29:26","slug":"serie-de-livres-imprimes-remedes-naturels-miraculeux-1-3-parties-kopiraj","status":"publish","type":"product","link":"https:\/\/mariolab.hr\/fr\/proizvod\/serie-de-livres-imprimes-remedes-naturels-miraculeux-1-3-parties-kopiraj\/","title":{"rendered":"S\u00c9RIE DE LIVRES IMPRIM\u00c9S Rem\u00e8des naturels miraculeux Parties 1-3 et JE\u00dbNE INTERMITTENT : Le secret de la sant\u00e9 et de la long\u00e9vit\u00e9"},"content":{"rendered":"<h3>Rem\u00e8des naturels miraculeux Partie 1 <\/h3>\n<p><strong>\u00c0 PROPOS DU LIVRE :<\/strong><br \/>\nVoulez-vous prendre le contr\u00f4le de votre sant\u00e9 de mani\u00e8re naturelle ? Ne cherchez pas plus loin que mon nouveau livre sur les rem\u00e8des naturels miracles. Dans ce livre, vous en apprendrez davantage sur la riche histoire des m\u00e9dicaments naturels, d\u00e9couvrirez quelles sont les meilleures plantes m\u00e9dicinales et leurs applications dans le traitement et la pr\u00e9vention des maladies.  <\/p>\n<p><strong>De quoi s\u2019agit-il :<\/strong><br \/>\nVous d\u00e9couvrirez comment cultiver votre propre jardin d\u2019herbes, recevrez des instructions claires sur le dosage, les effets secondaires potentiels et les interactions cl\u00e9s avec les m\u00e9dicaments chimiques. D\u00e9couvrez comment les rem\u00e8des naturels peuvent soutenir votre bien-\u00eatre g\u00e9n\u00e9ral, en favorisant la sant\u00e9 de mani\u00e8re s\u00fbre et sans effets secondaires. <\/p>\n<p><strong>\u00c0 qui s\u2019adresse le livre :<\/strong><br \/>\nCe livre s\u2019adresse \u00e0 tous : d\u00e9butants comme personnes ayant une vaste exp\u00e9rience dans le domaine de la m\u00e9decine naturelle.<\/p>\n<p>\u00ab Rem\u00e8des naturels miraculeux Partie 1 \u00bb est le premier volet d\u2019une s\u00e9rie impressionnante en quatre parties qui sortira cette ann\u00e9e et l\u2019ann\u00e9e prochaine. Le livre sert de guide id\u00e9al pour quiconque souhaite appliquer des rem\u00e8des naturels dans la lutte contre les maladies de l\u2019homme moderne. <\/p>\n<p>N\u2019attendez pas ! Commandez votre exemplaire d\u00e8s aujourd\u2019hui et entreprenez un voyage vers la sant\u00e9 et le bien-\u00eatre de mani\u00e8re naturelle ! <\/p>\n<h3>Rem\u00e8des naturels miraculeux Partie 2<\/h3>\n<p><strong>\u00c0 PROPOS DU LIVRE :<\/strong><br \/>\nVoulez-vous prendre le contr\u00f4le de votre sant\u00e9 de mani\u00e8re naturelle ? Ne cherchez pas plus loin que mon nouveau livre sur les rem\u00e8des naturels miracles. Dans ce livre, vous en apprendrez davantage sur la riche histoire des m\u00e9dicaments naturels, d\u00e9couvrirez quelles sont les meilleures plantes m\u00e9dicinales et leurs applications dans le traitement et la pr\u00e9vention des maladies.  <\/p>\n<p><strong>De quoi s\u2019agit-il :<\/strong><br \/>\nVous d\u00e9couvrirez comment cultiver votre propre jardin d\u2019herbes, recevrez des instructions claires sur le dosage, les effets secondaires potentiels et les interactions cl\u00e9s avec les m\u00e9dicaments chimiques. D\u00e9couvrez comment les rem\u00e8des naturels peuvent soutenir votre bien-\u00eatre g\u00e9n\u00e9ral, en favorisant la sant\u00e9 de mani\u00e8re s\u00fbre et sans effets secondaires. <\/p>\n<p><strong>\u00c0 qui s\u2019adresse le livre :<\/strong><br \/>\nCe livre s\u2019adresse \u00e0 tous : d\u00e9butants comme personnes ayant une vaste exp\u00e9rience dans le domaine de la m\u00e9decine naturelle.<\/p>\n<p>\u00ab Rem\u00e8des naturels miraculeux Partie 2 \u00bb est le premier volet d\u2019une s\u00e9rie \u00e9poustouflante en quatre parties qui sortira cette ann\u00e9e et la suivante. Le livre sert de guide id\u00e9al pour quiconque souhaite appliquer des rem\u00e8des naturels dans la lutte contre les maladies de l\u2019homme moderne. <\/p>\n<p>N\u2019attendez pas ! Commandez votre exemplaire d\u00e8s aujourd\u2019hui et entreprenez un voyage vers la sant\u00e9 et le bien-\u00eatre de mani\u00e8re naturelle ! <\/p>\n<h3>Rem\u00e8des naturels miraculeux Partie 3<\/h3>\n<p class=\"ydp7ef12f8fMsoNormal\">\u00ab Rem\u00e8des naturels miraculeux \u2013 Partie 3 \u00bb est la suite de la s\u00e9rie de livres sur les rem\u00e8des naturels de Mario Labudovi\u0107. Ce livre vous plonge profond\u00e9ment dans le monde des plantes m\u00e9dicinales et des pr\u00e9parations traditionnelles qui vont profond\u00e9ment transformer votre connaissance d\u2019un mode de vie sain.  <\/p>\n<p class=\"ydp7ef12f8fMsoNormal\">La troisi\u00e8me partie de la s\u00e9rie propose bien plus qu\u2019une simple description classique des plantes. Le livre montre comment les rem\u00e8des naturels sont utilis\u00e9s dans l\u2019histoire, la tradition et la science moderne, comment choisir des plantes de qualit\u00e9, comment pr\u00e9parer correctement les infusions, d\u00e9coctions, teintures, pommades et toniques, et comment comprendre les compos\u00e9s actifs cach\u00e9s dans chaque plante.<br \/>\nToutes les plantes sont couvertes par des exemples pratiques, des explications claires, des conseils de s\u00e9curit\u00e9 et des exp\u00e9riences concr\u00e8tes, offrant au lecteur un manuel fiable, compr\u00e9hensible et structur\u00e9 de mani\u00e8re professionnelle. <\/p>\n<p class=\"ydp7ef12f8fMsoNormal\">Le livre comprend :<\/p>\n<ul type=\"disc\">\n<li class=\"ydp7ef12f8fMsoNormal\">descriptions d\u00e9taill\u00e9es des plantes les plus puissantes utilis\u00e9es en phytoth\u00e9rapie traditionnelle et moderne<\/li>\n<li class=\"ydp7ef12f8fMsoNormal\">Explications scientifiques des compos\u00e9s actifs et de leurs fonctions dans le corps<\/li>\n<\/ul>\n<ul type=\"disc\">\n<li class=\"ydp7ef12f8fMsoNormal\">Proc\u00e9dures pour la pr\u00e9paration des pr\u00e9parations naturelles (infusions, d\u00e9cococtions, teintures, sirops, pommades, capsules)<\/li>\n<li class=\"ydp7ef12f8fMsoNormal\">Tableaux complets de mesure, de st\u00e9rilisation, de stockage et de manipulation s\u00e9curis\u00e9e des plantes<\/li>\n<li class=\"ydp7ef12f8fMsoNormal\">Conseils pour la s\u00e9lection, le contr\u00f4le qualit\u00e9 et le bon entretien des plantes<\/li>\n<li class=\"ydp7ef12f8fMsoNormal\">Guide expert sur la culture, la r\u00e9colte, le s\u00e9chage et la transformation des plantes m\u00e9dicinales<\/li>\n<li class=\"ydp7ef12f8fMsoNormal\">Une explication claire des effets des plantes sur les syst\u00e8mes digestif, circulatoire, nerveux et immunitaire<\/li>\n<li class=\"ydp7ef12f8fMsoNormal\">Un aper\u00e7u de l\u2019histoire mondiale et de l\u2019application des plantes m\u00e9dicinales dans les traditions chinoises, indiennes, africaines et europ\u00e9ennes<\/li>\n<\/ul>\n<p class=\"ydp7ef12f8fMsoNormal\">Ce livre n\u2019est pas seulement une encyclop\u00e9die des plantes \u2013 c\u2019est un syst\u00e8me complet de connaissances destin\u00e9 \u00e0 quiconque souhaite comprendre la nature, la sant\u00e9 et son propre corps \u00e0 un niveau plus profond. Il est \u00e9crit de mani\u00e8re simple, compr\u00e9hensible et professionnelle, afin que chaque lecteur puisse utiliser en toute s\u00e9curit\u00e9 des pr\u00e9parations naturelles avec les conseils d\u2019experts m\u00e9dicaux. <\/p>\n<p class=\"ydp7ef12f8fMsoNormal\">La troisi\u00e8me partie de la s\u00e9rie compl\u00e8te parfaitement les livres pr\u00e9c\u00e9dents, \u00e9largit les connaissances et d\u00e9couvre de nouvelles plantes dont l\u2019efficacit\u00e9 a \u00e9t\u00e9 confirm\u00e9e par des si\u00e8cles de tradition et de recherches modernes. Cette suite fait de la s\u00e9rie \u00ab Rem\u00e8des naturels miraculeux \u00bb l\u2019un des manuels de sant\u00e9 naturelle les plus complets dans le monde des m\u00e9decines naturelles. <\/p>\n<p class=\"ydp7ef12f8fMsoNormal\"><b>Si vous souhaitez apprendre \u00e0 utiliser la nature de mani\u00e8re s\u00fbre, pratique et efficace \u2013 ce livre est le bon choix.<\/b><\/p>\n<h3>JE\u00dbNE INTERMITTENT : Le secret de la sant\u00e9 et de la long\u00e9vit\u00e9<\/h3>\n<p>\u00c0 PROPOS DU LIVRE : Le<br \/>\n livre parle du r\u00e9gime alimentaire le plus sain au monde, appel\u00e9 \u00ab je\u00fbne intermittent \u00bb. Ce livre est le fruit de mes recherches sur cette fa\u00e7on de manger et son application dans ma propre vie et dans le travail avec les patients.<\/p>\n<p>De quoi il s\u2019agit :<br \/>\n \u00ab Le je\u00fbne intermittent \u00bb n\u2019est pas seulement un r\u00e9gime ; c\u2019est un mode de vie qui a un impact positif sur votre sant\u00e9 physique et mentale. Gr\u00e2ce \u00e0 une pr\u00e9sentation d\u00e9taill\u00e9e de la pratique du je\u00fbne intermittent, ce livre propose des conseils pr\u00e9cis, des astuces et des recettes pour vous aider \u00e0 obtenir les meilleurs r\u00e9sultats. <\/p>\n<p>Fondements scientifiques :<br \/>\n Le livre s\u2019appuie sur les recherches scientifiques les plus r\u00e9centes qui confirment les incroyables bienfaits du je\u00fbne intermittent. De la r\u00e9gulation du poids corporel et l\u2019am\u00e9lioration du m\u00e9tabolisme \u00e0 la r\u00e9duction de l\u2019inflammation et \u00e0 l\u2019am\u00e9lioration des fonctions cognitives. Le livre propose des conseils pratiques pour les d\u00e9butants, mais aussi beaucoup de nouvelles informations pour tous ceux qui pratiquent ce r\u00e9gime. <\/p>\n<p>Ce que vous apprendrez :<br \/>\n Comment commencer le je\u00fbne intermittent et l\u2019adapter \u00e0 vos besoins.<br \/>\nB\u00e9n\u00e9fices pour la sant\u00e9, notamment la perte de poids, l\u2019am\u00e9lioration des fonctions cardiaques et c\u00e9r\u00e9brales, et la r\u00e9duction du risque de maladie.<br \/>\nRecettes et plans de repas pour vous aider \u00e0 atteindre vos objectifs de je\u00fbne intermittent.<\/p>\n<p>\u00c0 qui est le livre :<br \/>\n Ce livre s\u2019adresse \u00e0 toute personne souhaitant prendre le contr\u00f4le de sa sant\u00e9, atteindre la long\u00e9vit\u00e9 et d\u00e9couvrir les secrets du r\u00e9gime alimentaire le plus sain au monde.<\/p>\n","protected":false},"excerpt":{"rendered":"<ul>\n<li class=\"woocommerce-loop-product__title\">\u00ab Rem\u00e8des naturels miracles Partie 1 \u00bb \u2013 Votre guide de la sant\u00e9<\/li>\n<li>\u00ab Rem\u00e8des naturels miracles Partie 2 \u00bb \u2013 Votre guide de la sant\u00e9<\/li>\n<li>\u00ab Rem\u00e8des naturels miracles Partie 3 \u00bb \u2013 Votre guide pour la sant\u00e9<\/li>\n<li>  JE\u00dbNE INTERMITTENT : Le secret de la sant\u00e9 et de la long\u00e9vit\u00e9<\/li>\n<\/ul>\n","protected":false},"featured_media":23741,"comment_status":"closed","ping_status":"closed","template":"","meta":{"_seopress_robots_primary_cat":"none","_seopress_titles_title":"","_seopress_titles_desc":"","_seopress_robots_index":""},"product_brand":[],"product_cat":[5173,5144,5177],"product_tag":[],"class_list":{"0":"post-24856","1":"product","2":"type-product","3":"status-publish","4":"has-post-thumbnail","6":"product_cat-editions-imprimees-de-livres","7":"product_cat-livres","8":"product_cat-produit","9":"wpbf-post","12":"instock","13":"sale","14":"taxable","15":"shipping-taxable","16":"purchasable","17":"product-type-variable"},"_links":{"self":[{"href":"https:\/\/mariolab.hr\/fr\/wp-json\/wp\/v2\/product\/24856","targetHints":{"allow":["GET"]}}],"collection":[{"href":"https:\/\/mariolab.hr\/fr\/wp-json\/wp\/v2\/product"}],"about":[{"href":"https:\/\/mariolab.hr\/fr\/wp-json\/wp\/v2\/types\/product"}],"replies":[{"embeddable":true,"href":"https:\/\/mariolab.hr\/fr\/wp-json\/wp\/v2\/comments?post=24856"}],"version-history":[{"count":2,"href":"https:\/\/mariolab.hr\/fr\/wp-json\/wp\/v2\/product\/24856\/revisions"}],"predecessor-version":[{"id":24966,"href":"https:\/\/mariolab.hr\/fr\/wp-json\/wp\/v2\/product\/24856\/revisions\/24966"}],"wp:featuredmedia":[{"embeddable":true,"href":"https:\/\/mariolab.hr\/fr\/wp-json\/wp\/v2\/media\/23741"}],"wp:attachment":[{"href":"https:\/\/mariolab.hr\/fr\/wp-json\/wp\/v2\/media?parent=24856"}],"wp:term":[{"taxonomy":"product_brand","embeddable":true,"href":"https:\/\/mariolab.hr\/fr\/wp-json\/wp\/v2\/product_brand?post=24856"},{"taxonomy":"product_cat","embeddable":true,"href":"https:\/\/mariolab.hr\/fr\/wp-json\/wp\/v2\/product_cat?post=24856"},{"taxonomy":"product_tag","embeddable":true,"href":"https:\/\/mariolab.hr\/fr\/wp-json\/wp\/v2\/product_tag?post=24856"}],"curies":[{"name":"wp","href":"https:\/\/api.w.org\/{rel}","templated":true}]}}