{"id":25428,"date":"2026-01-16T11:59:09","date_gmt":"2026-01-16T10:59:09","guid":{"rendered":"https:\/\/mariolab.hr\/proizvod\/mariolab-tasse-premium-en-ceramique-style-de-vie-sain\/"},"modified":"2026-01-16T11:59:09","modified_gmt":"2026-01-16T10:59:09","slug":"mariolab-tasse-premium-en-ceramique-style-de-vie-sain","status":"publish","type":"product","link":"https:\/\/mariolab.hr\/fr\/proizvod\/mariolab-tasse-premium-en-ceramique-style-de-vie-sain\/","title":{"rendered":"Mariolab Tasse Premium en c\u00e9ramique &#8211; Style de vie sain"},"content":{"rendered":"<p data-start=\"337\" data-end=\"739\">Cette <strong data-start=\"351\" data-end=\"380\">\u00e9l\u00e9gante tasse en c\u00e9ramique de 11 oz<\/strong> est l\u2019accompagnement parfait pour vos rituels matinaux et chaque instant o\u00f9 vous d\u00e9gustez votre boisson pr\u00e9f\u00e9r\u00e9e. Fabriqu\u00e9 en <strong data-start=\"506\" data-end=\"532\">c\u00e9ramique blanche brillante<\/strong> de haute qualit\u00e9, il allie <strong data-start=\"544\" data-end=\"562\">un look haut de gamme<\/strong> \u00e0 une fonctionnalit\u00e9 durable, tandis que le design est soigneusement con\u00e7u pour suivre l\u2019esth\u00e9tique d\u2019un mode de vie sain et conscient entretenu par <em data-start=\"690\" data-end=\"700\">MarioLAB.<\/em> <\/p>\n<p data-start=\"741\" data-end=\"774\"><strong data-start=\"743\" data-end=\"774\">Caract\u00e9ristiques cl\u00e9s du produit :<\/strong><\/p>\n<ul data-start=\"775\" data-end=\"1225\">\n<li data-start=\"775\" data-end=\"865\">\n<p data-start=\"777\" data-end=\"865\"><strong data-start=\"780\" data-end=\"793\">Taille :<\/strong> Standard 11 oz (\u2248 325 ml) \u2013 id\u00e9al pour le caf\u00e9, le th\u00e9 ou les boissons chaudes.<\/p>\n<\/li>\n<li data-start=\"866\" data-end=\"955\">\n<p data-start=\"868\" data-end=\"955\"><strong data-start=\"871\" data-end=\"882\">Design :<\/strong> un design enveloppant avec des motifs inspirant la sant\u00e9 et le bien-\u00eatre.<\/p>\n<\/li>\n<li data-start=\"956\" data-end=\"1045\">\n<p data-start=\"958\" data-end=\"1045\"><strong data-start=\"960\" data-end=\"974\">Mat\u00e9riau :<\/strong> c\u00e9ramique de haute qualit\u00e9 avec une surface brillante pour une utilisation \u00e0 long terme.<\/p>\n<\/li>\n<li data-start=\"1046\" data-end=\"1129\">\n<p data-start=\"1048\" data-end=\"1129\"><strong data-start=\"1051\" data-end=\"1078\">Entretien facile :<\/strong> adapt\u00e9 au lave-vaisselle et au micro-ondes.<\/p>\n<\/li>\n<li data-start=\"1130\" data-end=\"1225\">\n<p data-start=\"1132\" data-end=\"1225\"><strong data-start=\"1135\" data-end=\"1154\">Le cadeau parfait :<\/strong> magnifiquement con\u00e7u et fonctionnel \u2013 id\u00e9al comme cadeau pour un \u00eatre cher.<\/p>\n<\/li>\n<\/ul>\n<p data-start=\"1227\" data-end=\"1419\">Cette tasse n\u2019est pas qu\u2019un bol \u00e0 boire \u2013 c\u2019est <strong data-start=\"1272\" data-end=\"1333\">un ajout \u00e0 votre routine quotidienne de sant\u00e9 et d\u2019inspiration<\/strong>, tout comme les valeurs promues par <em data-start=\"1370\" data-end=\"1380\">MarioLAB<\/em>.<\/p>\n","protected":false},"excerpt":{"rendered":"<p>Cette tasse n\u2019est pas qu\u2019un bol \u00e0 boire \u2013 c\u2019est <strong data-start=\"1272\" data-end=\"1333\">un ajout \u00e0 votre routine quotidienne de sant\u00e9 et d\u2019inspiration<\/strong>, tout comme les valeurs promues par <em data-start=\"1370\" data-end=\"1380\">MarioLAB<\/em>.<\/p>\n","protected":false},"featured_media":25393,"comment_status":"closed","ping_status":"closed","template":"","meta":{"_seopress_robots_primary_cat":"","_seopress_titles_title":"","_seopress_titles_desc":"","_seopress_robots_index":""},"product_brand":[],"product_cat":[5173,5144,5177],"product_tag":[],"class_list":{"0":"post-25428","1":"product","2":"type-product","3":"status-publish","4":"has-post-thumbnail","6":"product_cat-editions-imprimees-de-livres","7":"product_cat-livres","8":"product_cat-produit","9":"wpbf-post","12":"instock","13":"taxable","14":"shipping-taxable","15":"purchasable","16":"product-type-simple"},"_links":{"self":[{"href":"https:\/\/mariolab.hr\/fr\/wp-json\/wp\/v2\/product\/25428","targetHints":{"allow":["GET"]}}],"collection":[{"href":"https:\/\/mariolab.hr\/fr\/wp-json\/wp\/v2\/product"}],"about":[{"href":"https:\/\/mariolab.hr\/fr\/wp-json\/wp\/v2\/types\/product"}],"replies":[{"embeddable":true,"href":"https:\/\/mariolab.hr\/fr\/wp-json\/wp\/v2\/comments?post=25428"}],"version-history":[{"count":0,"href":"https:\/\/mariolab.hr\/fr\/wp-json\/wp\/v2\/product\/25428\/revisions"}],"wp:featuredmedia":[{"embeddable":true,"href":"https:\/\/mariolab.hr\/fr\/wp-json\/wp\/v2\/media\/25393"}],"wp:attachment":[{"href":"https:\/\/mariolab.hr\/fr\/wp-json\/wp\/v2\/media?parent=25428"}],"wp:term":[{"taxonomy":"product_brand","embeddable":true,"href":"https:\/\/mariolab.hr\/fr\/wp-json\/wp\/v2\/product_brand?post=25428"},{"taxonomy":"product_cat","embeddable":true,"href":"https:\/\/mariolab.hr\/fr\/wp-json\/wp\/v2\/product_cat?post=25428"},{"taxonomy":"product_tag","embeddable":true,"href":"https:\/\/mariolab.hr\/fr\/wp-json\/wp\/v2\/product_tag?post=25428"}],"curies":[{"name":"wp","href":"https:\/\/api.w.org\/{rel}","templated":true}]}}