{"id":21483,"date":"2024-02-14T20:19:19","date_gmt":"2024-02-14T19:19:19","guid":{"rendered":"https:\/\/mariolab.hr\/proizvod\/digiuno-intermittente-il-segreto-della-salute-e-della-longevita-e-book\/"},"modified":"2025-11-29T11:42:18","modified_gmt":"2025-11-29T10:42:18","slug":"digiuno-intermittente-il-segreto-della-salute-e-della-longevita-e-book","status":"publish","type":"product","link":"https:\/\/mariolab.hr\/it\/proizvod\/digiuno-intermittente-il-segreto-della-salute-e-della-longevita-e-book\/","title":{"rendered":"DIGIUNO INTERMITTENTE: Il segreto della salute e della longevit\u00e0 \u2013 e-book"},"content":{"rendered":"<p><strong>INFORMAZIONI SUL LIBRO:<\/strong><br \/>\nIl libro parla del regime alimentare pi\u00f9 sano al mondo chiamato &#8220;digiuno intermittente&#8221;. Questo libro \u00e8 il risultato della mia ricerca su questo modo di mangiare e sulla sua applicazione nella mia vita e nel lavoro con i pazienti.<\/p>\n<p><strong>Di cosa si tratta?&#8221;<\/strong><br \/>\n Il digiuno intermittente non \u00e8 solo una dieta; \u00c8 uno stile di vita che ha un impatto positivo sulla tua salute fisica e mentale. Attraverso una panoramica dettagliata su come praticare il digiuno intermittente, questo libro offre linee guida, consigli e ricette specifiche per aiutarti a ottenere i migliori risultati. <\/p>\n<p><strong>Base scientifica:<\/strong><br \/>\nIl libro si basa sulle pi\u00f9 recenti ricerche scientifiche che confermano gli incredibili benefici del digiuno intermittente. Dalla regolazione del peso corporeo e il miglioramento del metabolismo alla riduzione dell&#8217;infiammazione e al miglioramento delle funzioni cognitive. Il libro offre linee guida pratiche per i principianti, ma anche molte nuove informazioni per tutte le persone che praticano questa dieta. <\/p>\n<p><strong>Cosa imparerai:<\/strong><br \/>\nCome iniziare con il digiuno intermittente e adattarlo alle tue esigenze.<br \/>\nBenefici per la salute, tra cui la perdita di peso, il miglioramento delle funzioni cardiache e cerebrali e la riduzione del rischio di malattie.<br \/>\nRicette e piani alimentari per aiutarti a raggiungere i tuoi obiettivi di digiuno intermittente.<\/p>\n<p><strong>Per chi \u00e8 il libro:<\/strong><br \/>\nQuesto libro \u00e8 pensato per chiunque voglia prendere il controllo della propria salute, raggiungere la longevit\u00e0 e scoprire i segreti della dieta pi\u00f9 sana al mondo.<\/p>\n","protected":false},"excerpt":{"rendered":"<div><strong>E-book<\/strong><\/div>\n<div>\n<p>Il libro parla del regime alimentare pi\u00f9 sano al mondo chiamato &#8220;digiuno intermittente&#8221;. Questo libro \u00e8 il risultato della mia ricerca su questo modo di mangiare e sulla sua applicazione nella mia vita e nel lavoro con i pazienti.<\/p>\n<\/div>\n","protected":false},"featured_media":21014,"comment_status":"open","ping_status":"closed","template":"","meta":{"_seopress_robots_primary_cat":"none","_seopress_titles_title":"","_seopress_titles_desc":"","_seopress_robots_index":""},"product_brand":[],"product_cat":[5163,5164,5176],"product_tag":[],"class_list":{"0":"post-21483","1":"product","2":"type-product","3":"status-publish","4":"has-post-thumbnail","6":"product_cat-edizioni-e-book-dei-libri","7":"product_cat-libri","8":"product_cat-produce","9":"wpbf-post","12":"instock","13":"taxable","14":"shipping-taxable","15":"purchasable","16":"product-type-variable"},"_links":{"self":[{"href":"https:\/\/mariolab.hr\/it\/wp-json\/wp\/v2\/product\/21483","targetHints":{"allow":["GET"]}}],"collection":[{"href":"https:\/\/mariolab.hr\/it\/wp-json\/wp\/v2\/product"}],"about":[{"href":"https:\/\/mariolab.hr\/it\/wp-json\/wp\/v2\/types\/product"}],"replies":[{"embeddable":true,"href":"https:\/\/mariolab.hr\/it\/wp-json\/wp\/v2\/comments?post=21483"}],"version-history":[{"count":0,"href":"https:\/\/mariolab.hr\/it\/wp-json\/wp\/v2\/product\/21483\/revisions"}],"wp:featuredmedia":[{"embeddable":true,"href":"https:\/\/mariolab.hr\/it\/wp-json\/wp\/v2\/media\/21014"}],"wp:attachment":[{"href":"https:\/\/mariolab.hr\/it\/wp-json\/wp\/v2\/media?parent=21483"}],"wp:term":[{"taxonomy":"product_brand","embeddable":true,"href":"https:\/\/mariolab.hr\/it\/wp-json\/wp\/v2\/product_brand?post=21483"},{"taxonomy":"product_cat","embeddable":true,"href":"https:\/\/mariolab.hr\/it\/wp-json\/wp\/v2\/product_cat?post=21483"},{"taxonomy":"product_tag","embeddable":true,"href":"https:\/\/mariolab.hr\/it\/wp-json\/wp\/v2\/product_tag?post=21483"}],"curies":[{"name":"wp","href":"https:\/\/api.w.org\/{rel}","templated":true}]}}