{"id":24834,"date":"2025-11-29T15:15:38","date_gmt":"2025-11-29T14:15:38","guid":{"rendered":"https:\/\/mariolab.hr\/proizvod\/serie-di-libri-stampati-rimedi-naturali-miracolosi-1-3-parti\/"},"modified":"2025-11-29T15:26:35","modified_gmt":"2025-11-29T14:26:35","slug":"serie-di-libri-stampati-rimedi-naturali-miracolosi-1-3-parti","status":"publish","type":"product","link":"https:\/\/mariolab.hr\/it\/proizvod\/serie-di-libri-stampati-rimedi-naturali-miracolosi-1-3-parti\/","title":{"rendered":"SERIE DI LIBRI STAMPATI Rimedi Naturali Miracolosi 1-3 parti"},"content":{"rendered":"<h3>Rimedi Naturali Miracolosi Parte 1 <\/h3>\n<p><strong>INFORMAZIONI SUL LIBRO:<\/strong><br \/>\nVuoi prendere il controllo della tua salute in modo naturale? Non cercare oltre: il mio nuovo libro sui rimedi naturali miracolosi. In questo libro scoprirai di pi\u00f9 sulla ricca storia delle medicine naturali, scoprirai quali sono le migliori piante medicinali e le loro applicazioni nel trattamento e nella prevenzione delle malattie.  <\/p>\n<p><strong>Di cosa si tratta:<\/strong><br \/>\nScoprirai come coltivare il tuo giardino di erbe aromatiche, riceverai istruzioni chiare sul dosaggio, i potenziali effetti collaterali e le principali interazioni con i farmaci chimici. Scopri come i rimedi naturali possano supportare il tuo benessere generale, promuovendo la salute in modo sicuro e senza effetti collaterali. <\/p>\n<p><strong>Per chi \u00e8 il libro:<\/strong><br \/>\nQuesto libro \u00e8 pensato per tutti: sia principianti che persone con una vasta esperienza nel campo della medicina naturale.<\/p>\n<p>&#8220;Rimedi Naturali Miracolosi Parte 1&#8221; \u00e8 il primo capitolo di una straordinaria serie in quattro parti che uscir\u00e0 quest&#8217;anno e il prossimo. Il libro rappresenta una guida ideale per chiunque voglia applicare rimedi naturali nella lotta contro le malattie dell&#8217;uomo moderno. <\/p>\n<p>Non aspettare! Ordina oggi stesso la tua copia e intrapisci un viaggio verso salute e benessere in modo naturale! <\/p>\n<h3>Rimedi Naturali Miracolosi Parte 2<\/h3>\n<p><strong>INFORMAZIONI SUL LIBRO:<\/strong><br \/>\nVuoi prendere il controllo della tua salute in modo naturale? Non cercare oltre: il mio nuovo libro sui rimedi naturali miracolosi. In questo libro scoprirai di pi\u00f9 sulla ricca storia delle medicine naturali, scoprirai quali sono le migliori piante medicinali e le loro applicazioni nel trattamento e nella prevenzione delle malattie.  <\/p>\n<p><strong>Di cosa si tratta:<\/strong><br \/>\nScoprirai come coltivare il tuo giardino di erbe aromatiche, riceverai istruzioni chiare sul dosaggio, i potenziali effetti collaterali e le principali interazioni con i farmaci chimici. Scopri come i rimedi naturali possano supportare il tuo benessere generale, promuovendo la salute in modo sicuro e senza effetti collaterali. <\/p>\n<p><strong>Per chi \u00e8 il libro:<\/strong><br \/>\nQuesto libro \u00e8 pensato per tutti: sia principianti che persone con una vasta esperienza nel campo della medicina naturale.<\/p>\n<p>&#8220;Rimedi Naturali Miracolosi Parte 2&#8221; \u00e8 il primo capitolo di una straordinaria serie in quattro parti che uscir\u00e0 quest&#8217;anno e il prossimo. Il libro rappresenta una guida ideale per chiunque voglia applicare rimedi naturali nella lotta contro le malattie dell&#8217;uomo moderno. <\/p>\n<p>Non aspettare! Ordina oggi stesso la tua copia e intrapisci un viaggio verso salute e benessere in modo naturale! <\/p>\n<h3>Rimedi Naturali Miracolosi Parte 3<\/h3>\n<p class=\"ydp7ef12f8fMsoNormal\">&#8220;Rimedi Naturali Miracolosi \u2013 Parte 3&#8221; \u00e8 una continuazione della serie di libri sui rimedi naturali di Mario Labudovi\u0107. Questo libro ti porta a fondo nel mondo delle piante medicinali e delle preparazioni tradizionali che cambieranno profondamente la tua conoscenza di uno stile di vita sano.  <\/p>\n<p class=\"ydp7ef12f8fMsoNormal\">La terza parte della serie offre pi\u00f9 di una semplice descrizione classica delle piante. Il libro mostra come i rimedi naturali vengano utilizzati nella storia, nella tradizione e nella scienza moderna, come scegliere piante di qualit\u00e0, come preparare correttamente infusioni, decotti, tinture, unguenti e tonici, e come comprendere i composti attivi nascosti in ogni pianta.<br \/>\nTutte le piante sono trattate attraverso esempi pratici, spiegazioni chiare, linee guida sicure ed esperienze pratiche reali, che offrono al lettore un manuale affidabile, comprensibile e strutturato professionalmente. <\/p>\n<p class=\"ydp7ef12f8fMsoNormal\">Il libro include:<\/p>\n<ul type=\"disc\">\n<li class=\"ydp7ef12f8fMsoNormal\">descrizioni dettagliate delle piante pi\u00f9 potenti utilizzate nella fitoterapia tradizionale e moderna<\/li>\n<li class=\"ydp7ef12f8fMsoNormal\">Spiegazioni scientifiche dei composti attivi e delle loro funzioni nel corpo<\/li>\n<\/ul>\n<ul type=\"disc\">\n<li class=\"ydp7ef12f8fMsoNormal\">Procedure per la preparazione di preparazioni naturali (infusioni, decocti, tinture, sciroppi, unguente, capsule)<\/li>\n<li class=\"ydp7ef12f8fMsoNormal\">Tabelle complete di misurazione, sterilizzazione, conservazione e gestione sicura delle piante<\/li>\n<li class=\"ydp7ef12f8fMsoNormal\">Consigli per la selezione, il controllo qualit\u00e0 e la corretta cura delle piante<\/li>\n<li class=\"ydp7ef12f8fMsoNormal\">Guida esperta sulla coltivazione, raccolta, essiccazione e lavorazione delle piante medicinali<\/li>\n<li class=\"ydp7ef12f8fMsoNormal\">una spiegazione chiara degli effetti delle piante sui sistemi digestivo, circolatorio, nervoso e immunitario<\/li>\n<li class=\"ydp7ef12f8fMsoNormal\">Una panoramica della storia globale e dell&#8217;applicazione delle erbe medicinali nelle tradizioni cinese, indiana, africana ed europea<\/li>\n<\/ul>\n<p class=\"ydp7ef12f8fMsoNormal\">Questo libro non \u00e8 solo un&#8217;enciclopedia delle piante \u2013 \u00e8 un sistema completo di conoscenza pensato per chiunque voglia comprendere la natura, la salute e il proprio corpo a un livello pi\u00f9 profondo. \u00c8 scritto in modo semplice, comprensibile e professionale, cos\u00ec che ogni lettore possa utilizzare in sicurezza preparazioni naturali con il consiglio di esperti medici. <\/p>\n<p class=\"ydp7ef12f8fMsoNormal\">La terza parte della serie completa perfettamente i libri precedenti, amplia le conoscenze e scopre nuove piante la cui efficacia \u00e8 stata confermata da secoli di tradizione e ricerche moderne. Questo seguito rende la serie &#8220;Miracle Natural Remedies&#8221; uno dei manuali di salute naturale pi\u00f9 completi nel mondo delle medicine naturali. <\/p>\n<p class=\"ydp7ef12f8fMsoNormal\"><b>Se vuoi imparare a usare la natura in modo sicuro, pratico ed efficace \u2013 questo libro \u00e8 la scelta giusta.<\/b><\/p>\n","protected":false},"excerpt":{"rendered":"<ul>\n<li class=\"woocommerce-loop-product__title\">&#8220;Rimedi Naturali Miracolosi Parte 1&#8221; \u2013 La tua guida alla salute<\/li>\n<li>&#8220;Rimedi Naturali Miracolosi Parte 2&#8221; \u2013 La tua guida alla salute<\/li>\n<li>&#8220;Rimedi Naturali Miracolosi Parte 3&#8221; \u2013 La tua guida alla salute<\/li>\n<\/ul>\n","protected":false},"featured_media":23726,"comment_status":"closed","ping_status":"closed","template":"","meta":{"_seopress_robots_primary_cat":"none","_seopress_titles_title":"","_seopress_titles_desc":"","_seopress_robots_index":""},"product_brand":[],"product_cat":[5172,5164,5176],"product_tag":[],"class_list":{"0":"post-24834","1":"product","2":"type-product","3":"status-publish","4":"has-post-thumbnail","6":"product_cat-edizioni-stampate-di-libri","7":"product_cat-libri","8":"product_cat-produce","9":"wpbf-post","12":"instock","13":"sale","14":"taxable","15":"shipping-taxable","16":"purchasable","17":"product-type-variable"},"_links":{"self":[{"href":"https:\/\/mariolab.hr\/it\/wp-json\/wp\/v2\/product\/24834","targetHints":{"allow":["GET"]}}],"collection":[{"href":"https:\/\/mariolab.hr\/it\/wp-json\/wp\/v2\/product"}],"about":[{"href":"https:\/\/mariolab.hr\/it\/wp-json\/wp\/v2\/types\/product"}],"replies":[{"embeddable":true,"href":"https:\/\/mariolab.hr\/it\/wp-json\/wp\/v2\/comments?post=24834"}],"version-history":[{"count":1,"href":"https:\/\/mariolab.hr\/it\/wp-json\/wp\/v2\/product\/24834\/revisions"}],"predecessor-version":[{"id":24937,"href":"https:\/\/mariolab.hr\/it\/wp-json\/wp\/v2\/product\/24834\/revisions\/24937"}],"wp:featuredmedia":[{"embeddable":true,"href":"https:\/\/mariolab.hr\/it\/wp-json\/wp\/v2\/media\/23726"}],"wp:attachment":[{"href":"https:\/\/mariolab.hr\/it\/wp-json\/wp\/v2\/media?parent=24834"}],"wp:term":[{"taxonomy":"product_brand","embeddable":true,"href":"https:\/\/mariolab.hr\/it\/wp-json\/wp\/v2\/product_brand?post=24834"},{"taxonomy":"product_cat","embeddable":true,"href":"https:\/\/mariolab.hr\/it\/wp-json\/wp\/v2\/product_cat?post=24834"},{"taxonomy":"product_tag","embeddable":true,"href":"https:\/\/mariolab.hr\/it\/wp-json\/wp\/v2\/product_tag?post=24834"}],"curies":[{"name":"wp","href":"https:\/\/api.w.org\/{rel}","templated":true}]}}