{"id":3836,"date":"2024-01-30T10:22:05","date_gmt":"2024-01-30T09:22:05","guid":{"rendered":"https:\/\/mariolab.hr\/polityka-prywatnosci\/"},"modified":"2024-03-13T19:30:08","modified_gmt":"2024-03-13T18:30:08","slug":"polityka-prywatnosci","status":"publish","type":"page","link":"https:\/\/mariolab.hr\/pl\/polityka-prywatnosci\/","title":{"rendered":"Polityka prywatno\u015bci"},"content":{"rendered":"\n<p>POLITYKA PRYWATNO\u015aCI:<\/p>\n\n<p>Niniejsza polityka prywatno\u015bci okre\u015bla, w jaki spos\u00f3b wykorzystujesz i chronisz wszelkie informacje, kt\u00f3re przekazujesz na stronie internetowej MarioLab. MarioLab dba o to, aby Twoja prywatno\u015b\u0107 by\u0142a chroniona. Je\u015bli poprosimy Ci\u0119 o podanie pewnych informacji, na podstawie kt\u00f3rych mo\u017cesz zosta\u0107 zidentyfikowany podczas korzystania z tej strony internetowej, mo\u017cesz mie\u0107 pewno\u015b\u0107, \u017ce b\u0119d\u0105 one wykorzystywane wy\u0142\u0105cznie zgodnie z niniejszym o\u015bwiadczeniem o ochronie prywatno\u015bci. MarioLab mo\u017ce od czasu do czasu zmienia\u0107 t\u0119 polityk\u0119, aktualizuj\u0105c t\u0119 stron\u0119. Powiniene\u015b od czasu do czasu sprawdza\u0107 t\u0119 stron\u0119, aby upewni\u0107 si\u0119, \u017ce jeste\u015b zadowolony ze zmian.<\/p>\n\n<p>CO GROMADZIMY:<\/p>\n\n<p>-dane kontaktowe, w tym imi\u0119 i nazwisko, adres pocztowy, adres e-mail i numer telefonu kom\u00f3rkowego<\/p>\n\n<p>&#8211; dane demograficzne, takie jak kod pocztowy, preferencje i zainteresowania<\/p>\n\n<p>-inne informacje zwi\u0105zane z ankietami i\/lub ofertami dla klient\u00f3w<\/p>\n\n<p>Wyczerpuj\u0105ca lista gromadzonych przez nas plik\u00f3w cookie znajduje si\u0119 na stronie Lista plik\u00f3w cookie.<\/p>\n\n<p>CO ROBIMY Z ZEBRANYMI INFORMACJAMI?<\/p>\n\n<p>Potrzebujemy tych informacji, aby zrozumie\u0107 Twoje potrzeby i zapewni\u0107 Ci lepsz\u0105 obs\u0142ug\u0119, w szczeg\u00f3lno\u015bci z nast\u0119puj\u0105cych powod\u00f3w:<\/p>\n\n<p>Prowadzenie dokumentacji wewn\u0119trznej.<\/p>\n\n<p>Mo\u017cemy wykorzystywa\u0107 te informacje do ulepszania naszych produkt\u00f3w i us\u0142ug.<\/p>\n\n<p>Od czasu do czasu mo\u017cemy wysy\u0142a\u0107 promocyjne wiadomo\u015bci e-mail oraz, je\u015bli u\u017cytkownik zapisa\u0142 si\u0119 do naszej promocji, wysy\u0142a\u0107 wiadomo\u015bci tekstowe (SMS\/MMS) o nowych produktach, ofertach specjalnych lub inne informacje, kt\u00f3re naszym zdaniem mog\u0105 go zainteresowa\u0107, korzystaj\u0105c z podanego przez niego adresu e-mail.<\/p>\n\n<p>Od czasu do czasu mo\u017cemy r\u00f3wnie\u017c wykorzystywa\u0107 informacje o u\u017cytkowniku do kontaktowania si\u0119 z nim w celu przeprowadzenia bada\u0144 rynkowych. Mo\u017cemy kontaktowa\u0107 si\u0119 z Tob\u0105 za po\u015brednictwem poczty elektronicznej, telefonu, faksu lub poczty. Mo\u017cemy wykorzysta\u0107 te informacje do dostosowania strony internetowej do zainteresowa\u0144 u\u017cytkownika.<\/p>\n\n<p>W JAKI SPOS\u00d3B UDOST\u0118PNIAMY I GROMADZIMY INFORMACJE?<\/p>\n\n<p>MarioLab udost\u0119pnia dane osobowe wy\u0142\u0105cznie sp\u00f3\u0142kom powi\u0105zanym, a tak\u017ce partnerom biznesowym i us\u0142ugodawcom, na kt\u00f3rych polegamy, aby zapewni\u0107 Ci lepsz\u0105 obs\u0142ug\u0119. Firmy te potrzebuj\u0105 informacji o u\u017cytkowniku w celu wykonywania swoich funkcji us\u0142ugowych (takich jak przetwarzanie i realizacja zam\u00f3wienia, sprawdzanie danych karty kredytowej i ochrona przed oszustwami). Udost\u0119pniamy r\u00f3wnie\u017c informacje zaufanym firmom, kt\u00f3re pomagaj\u0105 nam w funkcjach marketingowych (takich jak zarz\u0105dzanie nasz\u0105 dzia\u0142alno\u015bci\u0105 online oraz reklamowanie naszych produkt\u00f3w i us\u0142ug, w tym administrowanie naszym programem wiadomo\u015bci tekstowych). Mo\u017cemy anga\u017cowa\u0107 dostawc\u00f3w do wy\u015bwietlania reklam w naszym imieniu w Internecie oraz do \u015bwiadczenia us\u0142ug analitycznych. Dostawcy ci mog\u0105 zbiera\u0107 od u\u017cytkownika pewne informacje techniczne lub inne (np. informacje o klikni\u0119ciach, typ przegl\u0105darki, godzin\u0119 i dat\u0119, informacje o sprz\u0119cie\/oprogramowaniu, identyfikator pliku cookie, adres IP itp.) podczas odwiedzania naszej strony internetowej i mog\u0105 wykorzystywa\u0107 te informacje do dostarczania reklam towar\u00f3w i us\u0142ug, kt\u00f3re s\u0105 uwa\u017cane za bardziej interesuj\u0105ce dla u\u017cytkownika.<\/p>\n\n<p>Mo\u017cemy r\u00f3wnie\u017c udost\u0119pnia\u0107 informacje o u\u017cytkowniku w innych celach, kt\u00f3re zostan\u0105 ujawnione w momencie gromadzenia danych lub gdy w inny spos\u00f3b uzyskamy zgod\u0119. Nale\u017cy pami\u0119ta\u0107, \u017ce niniejsza polityka nie ma na celu ograniczenia naszej zdolno\u015bci do udost\u0119pniania lub ujawniania informacji anonimowych. MarioLab zastrzega sobie r\u00f3wnie\u017c prawo do wykorzystywania lub ujawniania informacji w zakresie niezb\u0119dnym do spe\u0142nienia wymog\u00f3w prawa, regulacji lub wymog\u00f3w prawnych, w celu spe\u0142nienia wymaga\u0144 u\u017cytkownika, wsp\u00f3\u0142pracy w zakresie egzekwowania prawa lub podobnego dochodzenia, lub w celu przeprowadzenia dochodzenia wewn\u0119trznego lub podobnej funkcji, kt\u00f3r\u0105 uznamy za odpowiedni\u0105 w celu ochrony naszej dzia\u0142alno\u015bci.<\/p>\n\n<p>BEZPIECZE\u0143STWO<\/p>\n\n<p>Zobowi\u0105zujemy si\u0119 do zapewnienia bezpiecze\u0144stwa Twoich danych. Aby zapobiec nieuprawnionemu dost\u0119powi lub ujawnieniu, wdro\u017cyli\u015bmy odpowiednie procedury fizyczne, elektroniczne i zarz\u0105dcze w celu ochrony i zabezpieczenia danych, kt\u00f3re gromadzimy online.<\/p>\n\n<p>W JAKI SPOS\u00d3B KORZYSTAMY Z PLIK\u00d3W COOKIE?<\/p>\n\n<p>Plik cookie to ma\u0142y plik, kt\u00f3ry prosi o zgod\u0119 na umieszczenie go na dysku twardym komputera. Po wyra\u017ceniu zgody plik jest dodawany, a plik cookie pomaga analizowa\u0107 ruch w sieci lub powiadamia Ci\u0119, gdy odwiedzasz okre\u015blon\u0105 stron\u0119. Pliki cookie umo\u017cliwiaj\u0105 aplikacjom internetowym reagowanie na u\u017cytkownika jako osob\u0119 fizyczn\u0105. Aplikacja webowa mo\u017ce dostosowa\u0107 swoje dzia\u0142anie do Twoich potrzeb, upodoba\u0144 i antypatii, zbieraj\u0105c i zapami\u0119tuj\u0105c informacje o Twoich preferencjach.<\/p>\n\n<p>U\u017cywamy plik\u00f3w cookie dziennika ruchu, aby okre\u015bli\u0107, kt\u00f3re strony s\u0105 u\u017cywane. Pomaga nam to analizowa\u0107 dane dotycz\u0105ce ruchu na stronie internetowej i ulepsza\u0107 nasz\u0105 stron\u0119 internetow\u0105, aby dostosowa\u0107 j\u0105 do potrzeb u\u017cytkownik\u00f3w. Wykorzystujemy te informacje wy\u0142\u0105cznie do cel\u00f3w analizy statystycznej, a nast\u0119pnie dane s\u0105 usuwane z systemu.<\/p>\n\n<p>Og\u00f3lnie rzecz bior\u0105c, pliki cookie pomagaj\u0105 nam zapewni\u0107 lepsz\u0105 stron\u0119 internetow\u0105, co pozwala nam \u015bledzi\u0107, kt\u00f3re strony s\u0105 dla Ciebie przydatne, a kt\u00f3re nie. Plik cookie w \u017caden spos\u00f3b nie daje nam dost\u0119pu do Twojego komputera ani \u017cadnych informacji o Tobie, poza informacjami, kt\u00f3re zdecydujesz si\u0119 nam udost\u0119pni\u0107. Mo\u017cesz wybra\u0107, czy chcesz akceptowa\u0107, czy odrzuca\u0107 pliki cookie. Wi\u0119kszo\u015b\u0107 przegl\u0105darek internetowych automatycznie akceptuje pliki cookie, ale zazwyczaj mo\u017cna zmieni\u0107 ustawienia przegl\u0105darki, aby odrzuca\u0107 pliki cookie, je\u015bli chcesz. Mo\u017ce to uniemo\u017cliwi\u0107 pe\u0142ne korzystanie z witryny.<\/p>\n\n<p>LINKI DO INNYCH STRON INTERNETOWYCH<\/p>\n\n<p>Nasza strona internetowa mo\u017ce zawiera\u0107 linki do innych interesuj\u0105cych stron internetowych. Jednak po skorzystaniu z tych link\u00f3w w celu opuszczenia naszej witryny nale\u017cy pami\u0119ta\u0107, \u017ce nie mamy kontroli nad t\u0105 inn\u0105 witryn\u0105. W zwi\u0105zku z tym nie mo\u017cemy ponosi\u0107 odpowiedzialno\u015bci za ochron\u0119 i prywatno\u015b\u0107 jakichkolwiek informacji podawanych przez u\u017cytkownika podczas odwiedzania takich witryn, a witryny te nie podlegaj\u0105 niniejszemu o\u015bwiadczeniu o ochronie prywatno\u015bci. Nale\u017cy zachowa\u0107 ostro\u017cno\u015b\u0107 i zapozna\u0107 si\u0119 z o\u015bwiadczeniem o ochronie prywatno\u015bci dotycz\u0105cym danej witryny.<\/p>\n\n<p>KONTROLA NAD DANYMI OSOBOWYMI<\/p>\n\n<p>U\u017cytkownik mo\u017ce zdecydowa\u0107 si\u0119 na ograniczenie gromadzenia lub wykorzystywania swoich danych osobowych w nast\u0119puj\u0105cy spos\u00f3b:<\/p>\n\n<p>-za ka\u017cdym razem, gdy zostaniesz poproszony o wype\u0142nienie formularza na stronie internetowej, poszukaj pola, kt\u00f3re mo\u017cesz klikn\u0105\u0107, aby wskaza\u0107, \u017ce nie chcesz, aby ktokolwiek wykorzystywa\u0142 dane do cel\u00f3w marketingu bezpo\u015bredniego<\/p>\n\n<p>-je\u015bli wcze\u015bniej wyrazi\u0142e\u015b zgod\u0119 na wykorzystywanie przez nas Twoich danych osobowych do cel\u00f3w marketingu bezpo\u015bredniego, mo\u017cesz w ka\u017cdej chwili zmieni\u0107 zdanie, pisz\u0105c do nas lub wysy\u0142aj\u0105c wiadomo\u015b\u0107 e-mail<\/p>\n\n<p>Nie sprzedajemy, nie rozpowszechniamy ani nie wypo\u017cyczamy Twoich danych osobowych osobom trzecim, chyba \u017ce mamy na to Twoj\u0105 zgod\u0119 lub jeste\u015bmy do tego zobowi\u0105zani przez prawo. Mo\u017cemy wykorzystywa\u0107 Twoje dane osobowe do wysy\u0142ania Ci informacji promocyjnych o osobach trzecich, kt\u00f3re naszym zdaniem mog\u0105 Ci\u0119 zainteresowa\u0107.<\/p>\n\n<p>Mog\u0105 Pa\u0144stwo za\u017c\u0105da\u0107 szczeg\u00f3\u0142owych informacji na temat danych osobowych, kt\u00f3re przechowujemy na Pa\u0144stwa temat zgodnie z ustaw\u0105 o ochronie danych osobowych. Zostanie uiszczona niewielka op\u0142ata. Je\u015bli chcesz otrzyma\u0107 kopi\u0119 swoich informacji, napisz do&#8230;<\/p>\n\n<p>Je\u015bli uwa\u017casz, \u017ce jakiekolwiek informacje, kt\u00f3re posiadamy na Tw\u00f3j temat, s\u0105 nieprawid\u0142owe lub niekompletne, napisz do nas lub wy\u015blij e-mail tak szybko, jak to mo\u017cliwe na nasz adres. Niezw\u0142ocznie skorygujemy wszelkie informacje, kt\u00f3re oka\u017c\u0105 si\u0119 nieprawid\u0142owe.<\/p>\n\n<p>LISTA GROMADZONYCH PRZEZ NAS PLIK\u00d3W COOKIE:<\/p>\n\n<p>-nazwy plik\u00f3w cookie<\/p>\n\n<p>-Opis plik\u00f3w cookie<\/p>\n\n<p>-kosz<\/p>\n\n<p>-Kategorie<\/p>\n\n<p>-Waluta<\/p>\n\n<p>-kupuj\u0105cy&#8230;<\/p>\n\n<p>Niniejsza Polityka Prywatno\u015bci Programu Wiadomo\u015bci Tekstowych wyja\u015bnia, w jaki spos\u00f3b MarioLab gromadzi i wykorzystuje informacje o Tobie w zwi\u0105zku z programem marketingowym za pomoc\u0105 wiadomo\u015bci tekstowych.<\/p>\n\n<p>GROMADZENIE INFORMACJI<\/p>\n\n<p>Gromadzimy r\u00f3\u017cne informacje o u\u017cytkowniku, w tym informacje, kt\u00f3re podaje bezpo\u015brednio podczas korzystania z us\u0142ugi przesy\u0142ania wiadomo\u015bci. Gromadzimy na przyk\u0142ad numer telefonu i adres e-mail podane podczas rejestracji w us\u0142udze przesy\u0142ania wiadomo\u015bci. Gdy u\u017cytkownik wysy\u0142a wiadomo\u015bci za po\u015brednictwem us\u0142ugi przesy\u0142ania wiadomo\u015bci, gromadzimy r\u00f3wnie\u017c histori\u0119 wiadomo\u015bci u\u017cytkownika i wszelkie informacje zawarte w tych wiadomo\u015bciach.<\/p>\n\n<p>Mo\u017cemy r\u00f3wnie\u017c gromadzi\u0107 informacje o u\u017cytkowniku za pomoc\u0105 plik\u00f3w cookie lub podobnych technologii. Pliki cookie to informacje, kt\u00f3re przegl\u0105darka przechowuje na dysku twardym lub w pami\u0119ci urz\u0105dzenia. Pliki cookie umo\u017cliwiaj\u0105 personalizacj\u0119 korzystania z us\u0142ugi przesy\u0142ania wiadomo\u015bci (np. wysy\u0142anie spersonalizowanych wiadomo\u015bci tekstowych, takich jak przypomnienia o koszyku na zakupy).<\/p>\n\n<p>Je\u015bli u\u017cytkownik we\u017amie udzia\u0142 w konkursie, loterii, badaniu naukowym lub ankiecie e-mailowej zwi\u0105zanej z us\u0142ug\u0105 przesy\u0142ania wiadomo\u015bci, b\u0119dziemy gromadzi\u0107 podstawowe dane kontaktowe i wszelkie inne informacje, kt\u00f3re u\u017cytkownik zdecyduje si\u0119 poda\u0107 w zwi\u0105zku z tymi dzia\u0142aniami. Gromadzimy r\u00f3wnie\u017c Twoje dane kontaktowe, je\u015bli skontaktujesz si\u0119 z nami w sprawie pyta\u0144 dotycz\u0105cych us\u0142ugi przesy\u0142ania wiadomo\u015bci lub obs\u0142ugi klienta.<\/p>\n\n<p>WYKORZYSTANIE INFORMACJI<\/p>\n\n<p>Wykorzystujemy Twoje dane do dostarczania, analizowania, utrzymywania i obs\u0142ugi us\u0142ugi przesy\u0142ania wiadomo\u015bci. Mo\u017cemy r\u00f3wnie\u017c wykorzystywa\u0107 informacje o u\u017cytkowniku w celu ulepszania funkcji przesy\u0142ania wiadomo\u015bci oraz dostosowywania i personalizowania komunikator\u00f3w.<\/p>\n\n<p>UDOST\u0118PNIANIE INFORMACJI<\/p>\n\n<p>Mo\u017cemy udost\u0119pnia\u0107, przekazywa\u0107 lub ujawnia\u0107 informacje o u\u017cytkowniku, je\u015bli wyrazi na to zgod\u0119, a tak\u017ce w nast\u0119puj\u0105cych okoliczno\u015bciach:<\/p>\n\n<p>Us\u0142ugodawc\u00f3w. Mo\u017cemy udost\u0119pnia\u0107 informacje o u\u017cytkowniku stronom trzecim, aby pom\u00f3c mu w \u015bwiadczeniu us\u0142ug przesy\u0142ania wiadomo\u015bci.<\/p>\n\n<p>Obowi\u0105zek prawny i ochrona uwagi. Mo\u017cemy ujawni\u0107 informacje o u\u017cytkowniku, poniewa\u017c uwa\u017camy, \u017ce takie ujawnienie jest konieczne lub w\u0142a\u015bciwe w celu:<\/p>\n\n<p>-zgodno\u015b\u0107 z obowi\u0105zuj\u0105cym prawem i procedurami prawnymi<\/p>\n\n<p>-odpowiadanie na \u017c\u0105dania organ\u00f3w publicznych i rz\u0105dowych, w tym organ\u00f3w publicznych i rz\u0105dowych poza krajem zamieszkania u\u017cytkownika<\/p>\n\n<p>-ochrony naszych praw, prywatno\u015bci, bezpiecze\u0144stwa lub w\u0142asno\u015bci i\/lub praw naszych podmiot\u00f3w stowarzyszonych, u\u017cytkownika lub innych os\u00f3b. Pozwalaj\u0105 nam one skorzysta\u0107 z dost\u0119pnych mo\u017cliwo\u015bci prawnych lub ograniczy\u0107 szkody, jakie mo\u017cemy ponie\u015b\u0107.<\/p>\n\n<p>Od czasu do czasu mo\u017cemy udost\u0119pnia\u0107 informacje na temat korzystania z us\u0142ugi przesy\u0142ania wiadomo\u015bci dowolnej stronie trzeciej, w tym reklamodawcom, partnerom promocyjnym i sponsorom.<\/p>\n\n<p>OCHRONA INFORMACJI<\/p>\n\n<p>Podejmujemy szereg fizycznych, technicznych, administracyjnych i organizacyjnych \u015brodk\u00f3w bezpiecze\u0144stwa w oparciu o wra\u017cliwo\u015b\u0107 gromadzonych przez nas danych w celu ochrony informacji przed przypadkowym lub niezgodnym z prawem zniszczeniem lub przypadkow\u0105 utrat\u0105, zmian\u0105, nieuprawnionym ujawnieniem lub dost\u0119pem. Niestety, \u017cadna aktywno\u015b\u0107 sieciowa nie mo\u017ce by\u0107 w 100% bezpieczna. Chocia\u017c dok\u0142adamy wszelkich stara\u0144, aby chroni\u0107 Twoje dane przed nieuprawnionym wykorzystaniem lub ujawnieniem, nie mo\u017cemy zapewni\u0107 ani zagwarantowa\u0107 bezpiecze\u0144stwa \u017cadnych informacji przekazywanych przez Ciebie. Nie ponosimy odpowiedzialno\u015bci za niezamierzone ujawnienie.<\/p>\n\n<p>PRZECHOWYWANIE INFORMACJI<\/p>\n\n<p>Przechowujemy Twoje dane tak d\u0142ugo, jak d\u0142ugo korzystasz z us\u0142ugi przesy\u0142ania wiadomo\u015bci lub tak d\u0142ugo, jak jest to konieczne do wype\u0142nienia obowi\u0105zuj\u0105cych zobowi\u0105za\u0144 prawnych. B\u0119dziemy r\u00f3wnie\u017c przechowywa\u0107 i wykorzystywa\u0107 informacje o u\u017cytkowniku w zakresie niezb\u0119dnym do rozstrzygania spor\u00f3w, ochrony nas i naszych klient\u00f3w oraz egzekwowania naszych um\u00f3w.<\/p>\n\n<p>WYBORY I KONTROLE<\/p>\n\n<p>Zgoda na otrzymywanie automatycznych marketingowych wiadomo\u015bci tekstowych nie jest wymagana przy \u017cadnym zakupie. U\u017cytkownik mo\u017ce zrezygnowa\u0107 z dalszego otrzymywania komercyjnych wiadomo\u015bci tekstowych za po\u015brednictwem us\u0142ugi przesy\u0142ania wiadomo\u015bci, odpowiadaj\u0105c na dowoln\u0105 z nast\u0119puj\u0105cych odpowiedzi na dowoln\u0105 z naszych wiadomo\u015bci tekstowych: ZATRZYMAJ, ZAKO\u0143CZ, ANULUJ, ANULUJ SUBSKRYPCJ\u0118 LUB ANULUJ. Aby uzyska\u0107 wi\u0119cej informacji na temat rezygnacji, zapoznaj si\u0119 z naszym Regulaminem.<\/p>\n\n<p>KLIENTA<\/p>\n\n<p>Je\u015bli masz problemy z us\u0142ug\u0105 przesy\u0142ania wiadomo\u015bci, odwied\u017a:&#8230;. i prze\u015blij formularz z opisem problemu lub pro\u015bby o pomoc techniczn\u0105 lub e-mail na adres &#8230;<\/p>\n\n<p>G\u0141\u00d3WNA POLITYKA PRYWATNO\u015aCI<\/p>\n\n<p>Je\u015bli zarejestrujesz si\u0119, aby otrzymywa\u0107 od nas wiadomo\u015bci tekstowe, zgadzasz si\u0119 r\u00f3wnie\u017c z nasz\u0105 g\u0142\u00f3wn\u0105 Polityk\u0105 prywatno\u015bci.<\/p>\n\n<p>ZRZECZENIE SI\u0118<br\/><br\/>U\u017cywaj MarioLab.hr wy\u0142\u0105cznie w celach informacyjnych. Nie nale\u017cy ich stosowa\u0107 do samodzielnej diagnozy i nie zast\u0119puj\u0105 badania lekarskiego, leczenia, diagnozy i recepty lub zalecenia. Nie nale\u017cy zmienia\u0107 schematu zdrowotnego ani diety przed skontaktowaniem si\u0119 z wybranym lekarzem lub pracownikiem s\u0142u\u017cby zdrowia i zwr\u00f3ceniem si\u0119 o badanie lekarskie, diagnoz\u0119 i zalecenie. Zawsze zasi\u0119gnij porady lekarza lub innego pracownika s\u0142u\u017cby zdrowia, je\u015bli masz pytania dotycz\u0105ce swojego stanu zdrowia.<\/p>\n","protected":false},"excerpt":{"rendered":"<p>POLITYKA PRYWATNO\u015aCI: Niniejsza polityka prywatno\u015bci okre\u015bla, w jaki spos\u00f3b wykorzystujesz i chronisz wszelkie informacje, kt\u00f3re przekazujesz na stronie internetowej MarioLab. MarioLab dba o to, aby Twoja prywatno\u015b\u0107 by\u0142a chroniona. Je\u015bli poprosimy Ci\u0119 o podanie pewnych informacji, na podstawie kt\u00f3rych mo\u017cesz zosta\u0107 zidentyfikowany podczas korzystania z tej strony internetowej, mo\u017cesz mie\u0107 pewno\u015b\u0107, \u017ce b\u0119d\u0105 one wykorzystywane [&hellip;]<\/p>\n","protected":false},"author":1,"featured_media":0,"parent":0,"menu_order":0,"comment_status":"closed","ping_status":"open","template":"","meta":{"_seopress_robots_primary_cat":"","_seopress_titles_title":"","_seopress_titles_desc":"","_seopress_robots_index":"","footnotes":""},"class_list":["post-3836","page","type-page","status-publish","hentry","wpbf-post"],"_links":{"self":[{"href":"https:\/\/mariolab.hr\/pl\/wp-json\/wp\/v2\/pages\/3836","targetHints":{"allow":["GET"]}}],"collection":[{"href":"https:\/\/mariolab.hr\/pl\/wp-json\/wp\/v2\/pages"}],"about":[{"href":"https:\/\/mariolab.hr\/pl\/wp-json\/wp\/v2\/types\/page"}],"author":[{"embeddable":true,"href":"https:\/\/mariolab.hr\/pl\/wp-json\/wp\/v2\/users\/1"}],"replies":[{"embeddable":true,"href":"https:\/\/mariolab.hr\/pl\/wp-json\/wp\/v2\/comments?post=3836"}],"version-history":[{"count":0,"href":"https:\/\/mariolab.hr\/pl\/wp-json\/wp\/v2\/pages\/3836\/revisions"}],"wp:attachment":[{"href":"https:\/\/mariolab.hr\/pl\/wp-json\/wp\/v2\/media?parent=3836"}],"curies":[{"name":"wp","href":"https:\/\/api.w.org\/{rel}","templated":true}]}}