{"id":6345,"date":"2024-05-04T11:57:01","date_gmt":"2024-05-04T09:57:01","guid":{"rendered":"https:\/\/mariolab.hr\/podstawowy-6334\/"},"modified":"2024-06-01T09:53:34","modified_gmt":"2024-06-01T07:53:34","slug":"podstawowy-6334","status":"publish","type":"page","link":"https:\/\/mariolab.hr\/pl\/podstawowy-6334\/","title":{"rendered":"PRODUKTY ZE ZNI\u017bK\u0104"},"content":{"rendered":"\t\t<div data-elementor-type=\"wp-page\" data-elementor-id=\"6345\" class=\"elementor elementor-6345 elementor-6334\" data-elementor-post-type=\"page\">\n\t\t\t\t<div class=\"elementor-element elementor-element-1064e75 e-flex e-con-boxed e-con e-parent\" data-id=\"1064e75\" data-element_type=\"container\" data-e-type=\"container\">\n\t\t\t\t\t<div class=\"e-con-inner\">\n\t\t\t\t<div class=\"elementor-element elementor-element-9b5f9e3 elementor-widget elementor-widget-heading\" data-id=\"9b5f9e3\" data-element_type=\"widget\" data-e-type=\"widget\" data-widget_type=\"heading.default\">\n\t\t\t\t<div class=\"elementor-widget-container\">\n\t\t\t\t\t<h2 class=\"elementor-heading-title elementor-size-default\">Zadbaj o swoje zdrowie. Niech to b\u0119dzie Tw\u00f3j nowy styl \u017cycia!<\/h2>\t\t\t\t<\/div>\n\t\t\t\t<\/div>\n\t\t\t\t\t<\/div>\n\t\t\t\t<\/div>\n\t\t<div class=\"elementor-element elementor-element-65e9746 e-flex e-con-boxed e-con e-parent\" data-id=\"65e9746\" data-element_type=\"container\" data-e-type=\"container\">\n\t\t\t\t\t<div class=\"e-con-inner\">\n\t\t\t\t<div class=\"elementor-element elementor-element-0b1eb54 elementor-product-loop-item--align-center elementor-grid-mobile-1 elementor-grid-4 elementor-grid-tablet-3 elementor-products-grid elementor-wc-products elementor-show-pagination-border-yes elementor-widget elementor-widget-woocommerce-products\" data-id=\"0b1eb54\" data-element_type=\"widget\" data-e-type=\"widget\" data-widget_type=\"woocommerce-products.default\">\n\t\t\t\t<div class=\"elementor-widget-container\">\n\t\t\t\t\t<div class=\"woocommerce columns-4 \"><div class=\"woocommerce-notices-wrapper\"><\/div><ul class=\"wpbf-grid wpbf-grid-large wpbf-grid-1-1 wpbf-grid-small-1-3 wpbf-grid-large-1-4 products elementor-grid columns-4\"><li class=\"wpbf-post product type-product post-24860 status-publish first instock product_cat-drukowane-wydania-ksiazek product_cat-ksiazki product_cat-produkty has-post-thumbnail sale taxable shipping-taxable purchasable product-type-variable\">\n\t<div class=\"wpbf-woo-product-wrapper wpbf-clearfix\"><a href=\"https:\/\/mariolab.hr\/pl\/proizvod\/zestaw-drukowanych-ksiazek-miraculous-natural-remedies-1-3-czesc-kopiraj\/\" class=\"woocommerce-LoopProduct-link woocommerce-loop-product__link\"><div class=\"wpbf-woo-loop-thumbnail-wrapper\"><a href=\"https:\/\/mariolab.hr\/pl\/proizvod\/zestaw-drukowanych-ksiazek-miraculous-natural-remedies-1-3-czesc-kopiraj\/\" class=\"woocommerce-LoopProduct-link woocommerce-loop-product__link\">\n\t<span class=\"onsale\">Promocja!<\/span>\n\t<img fetchpriority=\"high\" decoding=\"async\" width=\"400\" height=\"400\" src=\"https:\/\/mariolab.hr\/wp-content\/uploads\/2025\/11\/book-komplet4-400x400.jpg\" class=\"attachment-woocommerce_thumbnail size-woocommerce_thumbnail\" alt=\"ZESTAW DRUKOWANYCH KSI\u0104\u017bEK Miraculous Natural Remedies Part 1-3 oraz INTERRUPTTENT FASTING: The Secret of Health and Longevity\" srcset=\"https:\/\/mariolab.hr\/wp-content\/uploads\/2025\/11\/book-komplet4-400x400.jpg 400w, https:\/\/mariolab.hr\/wp-content\/uploads\/2025\/11\/book-komplet4-300x300.jpg 300w, https:\/\/mariolab.hr\/wp-content\/uploads\/2025\/11\/book-komplet4-1024x1024.jpg 1024w, https:\/\/mariolab.hr\/wp-content\/uploads\/2025\/11\/book-komplet4-150x150.jpg 150w, https:\/\/mariolab.hr\/wp-content\/uploads\/2025\/11\/book-komplet4-768x768.jpg 768w, https:\/\/mariolab.hr\/wp-content\/uploads\/2025\/11\/book-komplet4-800x800.jpg 800w, https:\/\/mariolab.hr\/wp-content\/uploads\/2025\/11\/book-komplet4.jpg 1201w\" sizes=\"(max-width: 400px) 100vw, 400px\" \/><\/a><\/div><h2 class=\"woocommerce-loop-product__title\">ZESTAW DRUKOWANYCH KSI\u0104\u017bEK Miraculous Natural Remedies Part 1-3 oraz INTERRUPTTENT FASTING: The Secret of Health and Longevity<\/h2>\n\t<span class=\"price\"><del aria-hidden=\"true\"><span class=\"woocommerce-Price-amount amount\"><bdi>174,90&nbsp;<span class=\"woocommerce-Price-currencySymbol\">&euro;<\/span><\/bdi><\/span><\/del> <span class=\"screen-reader-text\">Pierwotna cena wynosi\u0142a: 174,90&nbsp;&euro;.<\/span><ins aria-hidden=\"true\"><span class=\"woocommerce-Price-amount amount\"><bdi>131,18&nbsp;<span class=\"woocommerce-Price-currencySymbol\">&euro;<\/span><\/bdi><\/span><\/ins><span class=\"screen-reader-text\">Aktualna cena wynosi: 131,18&nbsp;&euro;.<\/span> <small class=\"woocommerce-price-suffix\">  <\/small><\/span>\n<\/a><a href=\"https:\/\/mariolab.hr\/pl\/proizvod\/zestaw-drukowanych-ksiazek-miraculous-natural-remedies-1-3-czesc-kopiraj\/\" aria-describedby=\"woocommerce_loop_add_to_cart_link_describedby_24860\" data-quantity=\"1\" class=\"button product_type_variable add_to_cart_button\" data-product_id=\"24860\" data-product_sku=\"\" aria-label=\"Wybierz opcje dla &bdquo;ZESTAW DRUKOWANYCH KSI\u0104\u017bEK Miraculous Natural Remedies Part 1-3 oraz INTERRUPTTENT FASTING: The Secret of Health and Longevity&rdquo;\" rel=\"nofollow\">Wybierz opcje<\/a>\t<span id=\"woocommerce_loop_add_to_cart_link_describedby_24860\" class=\"screen-reader-text\">\n\t\tTen produkt ma wiele wariant\u00f3w. Opcje mo\u017cna wybra\u0107 na stronie produktu\t<\/span>\n<\/div><\/li>\n<li class=\"wpbf-post product type-product post-24832 status-publish instock product_cat-drukowane-wydania-ksiazek product_cat-ksiazki product_cat-produkty has-post-thumbnail sale taxable shipping-taxable purchasable product-type-variable\">\n\t<div class=\"wpbf-woo-product-wrapper wpbf-clearfix\"><a href=\"https:\/\/mariolab.hr\/pl\/proizvod\/zestaw-drukowanych-ksiazek-miraculous-natural-remedies-1-3-czesc\/\" class=\"woocommerce-LoopProduct-link woocommerce-loop-product__link\"><div class=\"wpbf-woo-loop-thumbnail-wrapper\"><a href=\"https:\/\/mariolab.hr\/pl\/proizvod\/zestaw-drukowanych-ksiazek-miraculous-natural-remedies-1-3-czesc\/\" class=\"woocommerce-LoopProduct-link woocommerce-loop-product__link\">\n\t<span class=\"onsale\">Promocja!<\/span>\n\t<img decoding=\"async\" width=\"400\" height=\"400\" src=\"https:\/\/mariolab.hr\/wp-content\/uploads\/2025\/11\/book-komplet3-400x400.jpg\" class=\"attachment-woocommerce_thumbnail size-woocommerce_thumbnail\" alt=\"ZESTAW DRUKOWANYCH KSI\u0104\u017bEK Miraculous Natural Remedies 1-3 cz\u0119\u015b\u0107\" srcset=\"https:\/\/mariolab.hr\/wp-content\/uploads\/2025\/11\/book-komplet3-400x400.jpg 400w, https:\/\/mariolab.hr\/wp-content\/uploads\/2025\/11\/book-komplet3-300x300.jpg 300w, https:\/\/mariolab.hr\/wp-content\/uploads\/2025\/11\/book-komplet3-1024x1024.jpg 1024w, https:\/\/mariolab.hr\/wp-content\/uploads\/2025\/11\/book-komplet3-150x150.jpg 150w, https:\/\/mariolab.hr\/wp-content\/uploads\/2025\/11\/book-komplet3-768x768.jpg 768w, https:\/\/mariolab.hr\/wp-content\/uploads\/2025\/11\/book-komplet3-800x800.jpg 800w, https:\/\/mariolab.hr\/wp-content\/uploads\/2025\/11\/book-komplet3.jpg 1201w\" sizes=\"(max-width: 400px) 100vw, 400px\" \/><\/a><\/div><h2 class=\"woocommerce-loop-product__title\">ZESTAW DRUKOWANYCH KSI\u0104\u017bEK Miraculous Natural Remedies 1-3 cz\u0119\u015b\u0107<\/h2>\n\t<span class=\"price\"><del aria-hidden=\"true\"><span class=\"woocommerce-Price-amount amount\"><bdi>146,90&nbsp;<span class=\"woocommerce-Price-currencySymbol\">&euro;<\/span><\/bdi><\/span><\/del> <span class=\"screen-reader-text\">Pierwotna cena wynosi\u0142a: 146,90&nbsp;&euro;.<\/span><ins aria-hidden=\"true\"><span class=\"woocommerce-Price-amount amount\"><bdi>110,18&nbsp;<span class=\"woocommerce-Price-currencySymbol\">&euro;<\/span><\/bdi><\/span><\/ins><span class=\"screen-reader-text\">Aktualna cena wynosi: 110,18&nbsp;&euro;.<\/span> <small class=\"woocommerce-price-suffix\">  <\/small><\/span>\n<\/a><a href=\"https:\/\/mariolab.hr\/pl\/proizvod\/zestaw-drukowanych-ksiazek-miraculous-natural-remedies-1-3-czesc\/\" aria-describedby=\"woocommerce_loop_add_to_cart_link_describedby_24832\" data-quantity=\"1\" class=\"button product_type_variable add_to_cart_button\" data-product_id=\"24832\" data-product_sku=\"\" aria-label=\"Wybierz opcje dla &bdquo;ZESTAW DRUKOWANYCH KSI\u0104\u017bEK Miraculous Natural Remedies 1-3 cz\u0119\u015b\u0107&rdquo;\" rel=\"nofollow\">Wybierz opcje<\/a>\t<span id=\"woocommerce_loop_add_to_cart_link_describedby_24832\" class=\"screen-reader-text\">\n\t\tTen produkt ma wiele wariant\u00f3w. Opcje mo\u017cna wybra\u0107 na stronie produktu\t<\/span>\n<\/div><\/li>\n<li class=\"wpbf-post product type-product post-24294 status-publish instock product_cat-ksiazki product_cat-wydania-e-bookow has-post-thumbnail sale taxable shipping-taxable purchasable product-type-variable\">\n\t<div class=\"wpbf-woo-product-wrapper wpbf-clearfix\"><a href=\"https:\/\/mariolab.hr\/pl\/proizvod\/zestaw-e-bookow-miraculous-natural-remedies-czesc-1-3-kopiraj\/\" class=\"woocommerce-LoopProduct-link woocommerce-loop-product__link\"><div class=\"wpbf-woo-loop-thumbnail-wrapper\"><a href=\"https:\/\/mariolab.hr\/pl\/proizvod\/zestaw-e-bookow-miraculous-natural-remedies-czesc-1-3-kopiraj\/\" class=\"woocommerce-LoopProduct-link woocommerce-loop-product__link\">\n\t<span class=\"onsale\">Promocja!<\/span>\n\t<img decoding=\"async\" width=\"400\" height=\"400\" src=\"https:\/\/mariolab.hr\/wp-content\/uploads\/2025\/11\/ebook-komplet4-400x400.jpg\" class=\"attachment-woocommerce_thumbnail size-woocommerce_thumbnail\" alt=\"ZESTAW E-BOOK\u00d3W Miraculous Natural Remedies 1-3 oraz INTERMITTENT FASTING: The Secret of Health and Longevity\" srcset=\"https:\/\/mariolab.hr\/wp-content\/uploads\/2025\/11\/ebook-komplet4-400x400.jpg 400w, https:\/\/mariolab.hr\/wp-content\/uploads\/2025\/11\/ebook-komplet4-300x300.jpg 300w, https:\/\/mariolab.hr\/wp-content\/uploads\/2025\/11\/ebook-komplet4-1024x1024.jpg 1024w, https:\/\/mariolab.hr\/wp-content\/uploads\/2025\/11\/ebook-komplet4-150x150.jpg 150w, https:\/\/mariolab.hr\/wp-content\/uploads\/2025\/11\/ebook-komplet4-768x768.jpg 768w, https:\/\/mariolab.hr\/wp-content\/uploads\/2025\/11\/ebook-komplet4-800x800.jpg 800w, https:\/\/mariolab.hr\/wp-content\/uploads\/2025\/11\/ebook-komplet4.jpg 1201w\" sizes=\"(max-width: 400px) 100vw, 400px\" \/><\/a><\/div><h2 class=\"woocommerce-loop-product__title\">ZESTAW E-BOOK\u00d3W Miraculous Natural Remedies 1-3 oraz INTERMITTENT FASTING: The Secret of Health and Longevity<\/h2>\n\t<span class=\"price\"><del aria-hidden=\"true\"><span class=\"woocommerce-Price-amount amount\"><bdi>97,60&nbsp;<span class=\"woocommerce-Price-currencySymbol\">&euro;<\/span><\/bdi><\/span><\/del> <span class=\"screen-reader-text\">Pierwotna cena wynosi\u0142a: 97,60&nbsp;&euro;.<\/span><ins aria-hidden=\"true\"><span class=\"woocommerce-Price-amount amount\"><bdi>68,32&nbsp;<span class=\"woocommerce-Price-currencySymbol\">&euro;<\/span><\/bdi><\/span><\/ins><span class=\"screen-reader-text\">Aktualna cena wynosi: 68,32&nbsp;&euro;.<\/span> <small class=\"woocommerce-price-suffix\">  <\/small><\/span>\n<\/a><a href=\"https:\/\/mariolab.hr\/pl\/proizvod\/zestaw-e-bookow-miraculous-natural-remedies-czesc-1-3-kopiraj\/\" aria-describedby=\"woocommerce_loop_add_to_cart_link_describedby_24294\" data-quantity=\"1\" class=\"button product_type_variable add_to_cart_button\" data-product_id=\"24294\" data-product_sku=\"\" aria-label=\"Wybierz opcje dla &bdquo;ZESTAW E-BOOK\u00d3W Miraculous Natural Remedies 1-3 oraz INTERMITTENT FASTING: The Secret of Health and Longevity&rdquo;\" rel=\"nofollow\">Wybierz opcje<\/a>\t<span id=\"woocommerce_loop_add_to_cart_link_describedby_24294\" class=\"screen-reader-text\">\n\t\tTen produkt ma wiele wariant\u00f3w. Opcje mo\u017cna wybra\u0107 na stronie produktu\t<\/span>\n<\/div><\/li>\n<li class=\"wpbf-post product type-product post-23625 status-publish last instock product_cat-ksiazki product_cat-wydania-e-bookow has-post-thumbnail sale taxable shipping-taxable purchasable product-type-variable\">\n\t<div class=\"wpbf-woo-product-wrapper wpbf-clearfix\"><a href=\"https:\/\/mariolab.hr\/pl\/proizvod\/cudowne-naturalne-srodki-lecznicze-czesc-1-i-cudowne-naturalne-srodki-lecznicze-czesc-2-zestaw-e-bookow-kopiraj\/\" class=\"woocommerce-LoopProduct-link woocommerce-loop-product__link\"><div class=\"wpbf-woo-loop-thumbnail-wrapper\"><a href=\"https:\/\/mariolab.hr\/pl\/proizvod\/cudowne-naturalne-srodki-lecznicze-czesc-1-i-cudowne-naturalne-srodki-lecznicze-czesc-2-zestaw-e-bookow-kopiraj\/\" class=\"woocommerce-LoopProduct-link woocommerce-loop-product__link\">\n\t<span class=\"onsale\">Promocja!<\/span>\n\t<img loading=\"lazy\" decoding=\"async\" width=\"400\" height=\"400\" src=\"https:\/\/mariolab.hr\/wp-content\/uploads\/2025\/11\/ebook-komplet3-400x400.jpg\" class=\"attachment-woocommerce_thumbnail size-woocommerce_thumbnail\" alt=\"ZESTAW E-BOOK\u00d3W Miraculous Natural Remedies, cz\u0119\u015b\u0107 1-3\" srcset=\"https:\/\/mariolab.hr\/wp-content\/uploads\/2025\/11\/ebook-komplet3-400x400.jpg 400w, https:\/\/mariolab.hr\/wp-content\/uploads\/2025\/11\/ebook-komplet3-300x300.jpg 300w, https:\/\/mariolab.hr\/wp-content\/uploads\/2025\/11\/ebook-komplet3-1024x1024.jpg 1024w, https:\/\/mariolab.hr\/wp-content\/uploads\/2025\/11\/ebook-komplet3-150x150.jpg 150w, https:\/\/mariolab.hr\/wp-content\/uploads\/2025\/11\/ebook-komplet3-768x768.jpg 768w, https:\/\/mariolab.hr\/wp-content\/uploads\/2025\/11\/ebook-komplet3-800x800.jpg 800w, https:\/\/mariolab.hr\/wp-content\/uploads\/2025\/11\/ebook-komplet3.jpg 1201w\" sizes=\"(max-width: 400px) 100vw, 400px\" \/><\/a><\/div><h2 class=\"woocommerce-loop-product__title\">ZESTAW E-BOOK\u00d3W Miraculous Natural Remedies, cz\u0119\u015b\u0107 1-3<\/h2>\n\t<span class=\"price\"><del aria-hidden=\"true\"><span class=\"woocommerce-Price-amount amount\"><bdi>77,70&nbsp;<span class=\"woocommerce-Price-currencySymbol\">&euro;<\/span><\/bdi><\/span><\/del> <span class=\"screen-reader-text\">Pierwotna cena wynosi\u0142a: 77,70&nbsp;&euro;.<\/span><ins aria-hidden=\"true\"><span class=\"woocommerce-Price-amount amount\"><bdi>54,39&nbsp;<span class=\"woocommerce-Price-currencySymbol\">&euro;<\/span><\/bdi><\/span><\/ins><span class=\"screen-reader-text\">Aktualna cena wynosi: 54,39&nbsp;&euro;.<\/span> <small class=\"woocommerce-price-suffix\">  <\/small><\/span>\n<\/a><a href=\"https:\/\/mariolab.hr\/pl\/proizvod\/cudowne-naturalne-srodki-lecznicze-czesc-1-i-cudowne-naturalne-srodki-lecznicze-czesc-2-zestaw-e-bookow-kopiraj\/\" aria-describedby=\"woocommerce_loop_add_to_cart_link_describedby_23625\" data-quantity=\"1\" class=\"button product_type_variable add_to_cart_button\" data-product_id=\"23625\" data-product_sku=\"\" aria-label=\"Wybierz opcje dla &bdquo;ZESTAW E-BOOK\u00d3W Miraculous Natural Remedies, cz\u0119\u015b\u0107 1-3&rdquo;\" rel=\"nofollow\">Wybierz opcje<\/a>\t<span id=\"woocommerce_loop_add_to_cart_link_describedby_23625\" class=\"screen-reader-text\">\n\t\tTen produkt ma wiele wariant\u00f3w. Opcje mo\u017cna wybra\u0107 na stronie produktu\t<\/span>\n<\/div><\/li>\n<li class=\"wpbf-post product type-product post-5370 status-publish first instock product_cat-drukowane-wydania-ksiazek product_cat-ksiazki product_cat-produkty has-post-thumbnail sale taxable shipping-taxable purchasable product-type-variable\">\n\t<div class=\"wpbf-woo-product-wrapper wpbf-clearfix\"><a href=\"https:\/\/mariolab.hr\/pl\/proizvod\/intermittent-fast-sekret-zdrowia-i-dlugowiecznosci-drukowana-ksiazka\/\" class=\"woocommerce-LoopProduct-link woocommerce-loop-product__link\"><div class=\"wpbf-woo-loop-thumbnail-wrapper\"><a href=\"https:\/\/mariolab.hr\/pl\/proizvod\/intermittent-fast-sekret-zdrowia-i-dlugowiecznosci-drukowana-ksiazka\/\" class=\"woocommerce-LoopProduct-link woocommerce-loop-product__link\">\n\t<span class=\"onsale\">Promocja!<\/span>\n\t<img loading=\"lazy\" decoding=\"async\" width=\"400\" height=\"400\" src=\"https:\/\/mariolab.hr\/wp-content\/uploads\/2024\/03\/isprekidani-glavna-knjiga-400x400.jpg\" class=\"attachment-woocommerce_thumbnail size-woocommerce_thumbnail\" alt=\"INTERMITTENT FAST: Sekret zdrowia i d\u0142ugowieczno\u015bci \u2013 drukowana ksi\u0105\u017cka\" srcset=\"https:\/\/mariolab.hr\/wp-content\/uploads\/2024\/03\/isprekidani-glavna-knjiga-400x400.jpg 400w, https:\/\/mariolab.hr\/wp-content\/uploads\/2024\/03\/isprekidani-glavna-knjiga-300x300.jpg 300w, https:\/\/mariolab.hr\/wp-content\/uploads\/2024\/03\/isprekidani-glavna-knjiga-150x150.jpg 150w, https:\/\/mariolab.hr\/wp-content\/uploads\/2024\/03\/isprekidani-glavna-knjiga-768x768.jpg 768w, https:\/\/mariolab.hr\/wp-content\/uploads\/2024\/03\/isprekidani-glavna-knjiga.jpg 800w\" sizes=\"(max-width: 400px) 100vw, 400px\" \/><\/a><\/div><h2 class=\"woocommerce-loop-product__title\">INTERMITTENT FAST: Sekret zdrowia i d\u0142ugowieczno\u015bci \u2013 drukowana ksi\u0105\u017cka<\/h2>\n\t<span class=\"price\"><span class=\"woocommerce-Price-amount amount\" aria-hidden=\"true\"><bdi>16,80&nbsp;<span class=\"woocommerce-Price-currencySymbol\">&euro;<\/span><\/bdi><\/span> <span aria-hidden=\"true\">&ndash;<\/span> <span class=\"woocommerce-Price-amount amount\" aria-hidden=\"true\"><bdi>28,00&nbsp;<span class=\"woocommerce-Price-currencySymbol\">&euro;<\/span><\/bdi><\/span><span class=\"screen-reader-text\">Zakres cen: od 16,80&nbsp;&euro; do 28,00&nbsp;&euro;<\/span> <small class=\"woocommerce-price-suffix\">  <\/small><\/span>\n<\/a><a href=\"https:\/\/mariolab.hr\/pl\/proizvod\/intermittent-fast-sekret-zdrowia-i-dlugowiecznosci-drukowana-ksiazka\/\" aria-describedby=\"woocommerce_loop_add_to_cart_link_describedby_5370\" data-quantity=\"1\" class=\"button product_type_variable add_to_cart_button\" data-product_id=\"5370\" data-product_sku=\"\" aria-label=\"Wybierz opcje dla &bdquo;INTERMITTENT FAST: Sekret zdrowia i d\u0142ugowieczno\u015bci \u2013 drukowana ksi\u0105\u017cka&rdquo;\" rel=\"nofollow\">Wybierz opcje<\/a>\t<span id=\"woocommerce_loop_add_to_cart_link_describedby_5370\" class=\"screen-reader-text\">\n\t\tTen produkt ma wiele wariant\u00f3w. Opcje mo\u017cna wybra\u0107 na stronie produktu\t<\/span>\n<\/div><\/li>\n<\/ul><\/div>\t\t\t\t<\/div>\n\t\t\t\t<\/div>\n\t\t\t\t\t<\/div>\n\t\t\t\t<\/div>\n\t\t\t\t<\/div>\n\t\t","protected":false},"excerpt":{"rendered":"<p>Zadbaj o swoje zdrowie. Niech to b\u0119dzie Tw\u00f3j nowy styl \u017cycia!<\/p>\n","protected":false},"author":1,"featured_media":0,"parent":0,"menu_order":0,"comment_status":"closed","ping_status":"closed","template":"","meta":{"_seopress_robots_primary_cat":"","_seopress_titles_title":"","_seopress_titles_desc":"","_seopress_robots_index":"","footnotes":""},"class_list":["post-6345","page","type-page","status-publish","hentry","wpbf-post"],"_links":{"self":[{"href":"https:\/\/mariolab.hr\/pl\/wp-json\/wp\/v2\/pages\/6345","targetHints":{"allow":["GET"]}}],"collection":[{"href":"https:\/\/mariolab.hr\/pl\/wp-json\/wp\/v2\/pages"}],"about":[{"href":"https:\/\/mariolab.hr\/pl\/wp-json\/wp\/v2\/types\/page"}],"author":[{"embeddable":true,"href":"https:\/\/mariolab.hr\/pl\/wp-json\/wp\/v2\/users\/1"}],"replies":[{"embeddable":true,"href":"https:\/\/mariolab.hr\/pl\/wp-json\/wp\/v2\/comments?post=6345"}],"version-history":[{"count":0,"href":"https:\/\/mariolab.hr\/pl\/wp-json\/wp\/v2\/pages\/6345\/revisions"}],"wp:attachment":[{"href":"https:\/\/mariolab.hr\/pl\/wp-json\/wp\/v2\/media?parent=6345"}],"curies":[{"name":"wp","href":"https:\/\/api.w.org\/{rel}","templated":true}]}}