{"id":23625,"date":"2025-11-29T13:41:57","date_gmt":"2025-11-29T12:41:57","guid":{"rendered":"https:\/\/mariolab.hr\/?post_type=product&#038;p=23625"},"modified":"2025-11-29T14:18:31","modified_gmt":"2025-11-29T13:18:31","slug":"cudowne-naturalne-srodki-lecznicze-czesc-1-i-cudowne-naturalne-srodki-lecznicze-czesc-2-zestaw-e-bookow-kopiraj","status":"publish","type":"product","link":"https:\/\/mariolab.hr\/pl\/proizvod\/cudowne-naturalne-srodki-lecznicze-czesc-1-i-cudowne-naturalne-srodki-lecznicze-czesc-2-zestaw-e-bookow-kopiraj\/","title":{"rendered":"ZESTAW E-BOOK\u00d3W Miraculous Natural Remedies, cz\u0119\u015b\u0107 1-3"},"content":{"rendered":"<h3>Cudowne naturalne \u015brodki zaradcze 1. cz\u0119\u015b\u0107 <\/h3>\n<p><strong>O KSI\u0104\u017bCE:<\/strong><br \/>\nChcesz w naturalny spos\u00f3b przej\u0105\u0107 kontrol\u0119 nad swoim zdrowiem? Nie szukaj dalej ni\u017c moja nowa ksi\u0105\u017cka o cudownych naturalnych \u015brodkach zaradczych.  W tej ksi\u0105\u017cce dowiesz si\u0119 wi\u0119cej o bogatej historii naturalnych \u015brodk\u00f3w, dowiesz si\u0119, jakie s\u0105 najlepsze ro\u015bliny lecznicze i ich zastosowania w leczeniu i profilaktyce chor\u00f3b.<\/p>\n<p><strong>Na czym to polega:<\/strong><br \/>\nDowiesz si\u0119, jak uprawia\u0107 w\u0142asny ogr\u00f3d z zio\u0142ami leczniczymi, otrzymasz jasne instrukcje dotycz\u0105ce dawkowania, potencjalnych skutk\u00f3w ubocznych i kluczowych interakcji z lekami chemicznymi. Dowiedz si\u0119, jak naturalne \u015brodki mog\u0105 wspiera\u0107 og\u00f3lne samopoczucie, promuj\u0105c zdrowie w bezpieczny spos\u00f3b i bez skutk\u00f3w ubocznych. <\/p>\n<p><strong>Dla kogo jest ta ksi\u0105\u017cka:<\/strong><br \/>\nKsi\u0105\u017cka ta przeznaczona jest dla ka\u017cdego: zar\u00f3wno pocz\u0105tkuj\u0105cych, jak i os\u00f3b z du\u017cym do\u015bwiadczeniem w dziedzinie medycyny naturalnej.<\/p>\n<p>&#8220;Cudowne naturalne \u015brodki zaradcze, cz\u0119\u015b\u0107 1&#8221; to pierwsza cz\u0119\u015b\u0107 osza\u0142amiaj\u0105cej czterocz\u0119\u015bciowej serii, kt\u00f3ra uka\u017ce si\u0119 w tym i przysz\u0142ym roku. Ksi\u0105\u017cka s\u0142u\u017cy jako idealny przewodnik dla ka\u017cdego, kto chce zastosowa\u0107 naturalne \u015brodki do walki z chorobami wsp\u00f3\u0142czesnego cz\u0142owieka. <\/p>\n<p>Nie czekaj! Zam\u00f3w sw\u00f3j egzemplarz ju\u017c dzi\u015b i wyrusz w podr\u00f3\u017c ku zdrowiu i dobremu samopoczuciu w naturalny spos\u00f3b! <\/p>\n<h3>Cudowne Naturalne Lekarstwa, Cz\u0119\u015b\u0107 2<\/h3>\n<p><strong>O KSI\u0104\u017bCE:<\/strong><br \/>\nChcesz w naturalny spos\u00f3b przej\u0105\u0107 kontrol\u0119 nad swoim zdrowiem? Nie szukaj dalej ni\u017c moja nowa ksi\u0105\u017cka o cudownych naturalnych \u015brodkach zaradczych.  W tej ksi\u0105\u017cce dowiesz si\u0119 wi\u0119cej o bogatej historii naturalnych \u015brodk\u00f3w, dowiesz si\u0119, jakie s\u0105 najlepsze ro\u015bliny lecznicze i ich zastosowania w leczeniu i profilaktyce chor\u00f3b.<\/p>\n<p><strong>Na czym to polega:<\/strong><br \/>\nDowiesz si\u0119, jak uprawia\u0107 w\u0142asny ogr\u00f3d z zio\u0142ami leczniczymi, otrzymasz jasne instrukcje dotycz\u0105ce dawkowania, potencjalnych skutk\u00f3w ubocznych i kluczowych interakcji z lekami chemicznymi. Dowiedz si\u0119, jak naturalne \u015brodki mog\u0105 wspiera\u0107 og\u00f3lne samopoczucie, promuj\u0105c zdrowie w bezpieczny spos\u00f3b i bez skutk\u00f3w ubocznych. <\/p>\n<p><strong>Dla kogo jest ta ksi\u0105\u017cka:<\/strong><br \/>\nKsi\u0105\u017cka ta przeznaczona jest dla ka\u017cdego: zar\u00f3wno pocz\u0105tkuj\u0105cych, jak i os\u00f3b z du\u017cym do\u015bwiadczeniem w dziedzinie medycyny naturalnej.<\/p>\n<p>&#8220;Miraculous Natural Remedies Part 2&#8221; to pierwsza cz\u0119\u015b\u0107 osza\u0142amiaj\u0105cej czterocz\u0119\u015bciowej serii, kt\u00f3ra uka\u017ce si\u0119 w tym i przysz\u0142ym roku. Ksi\u0105\u017cka s\u0142u\u017cy jako idealny przewodnik dla ka\u017cdego, kto chce zastosowa\u0107 naturalne \u015brodki do walki z chorobami wsp\u00f3\u0142czesnego cz\u0142owieka. <\/p>\n<p>Nie czekaj! Zam\u00f3w sw\u00f3j egzemplarz ju\u017c dzi\u015b i wyrusz w podr\u00f3\u017c ku zdrowiu i dobremu samopoczuciu w naturalny spos\u00f3b! <\/p>\n<h3>Cudowne Naturalne Lekarstwa, Cz\u0119\u015b\u0107 3<\/h3>\n<p class=\"ydp7ef12f8fMsoNormal\">&#8220;Cudowne naturalne \u015brodki \u2013 cz\u0119\u015b\u0107 3&#8221; to kontynuacja serii ksi\u0105\u017cek o naturalnych \u015brodkach autorstwa Mario Labudovicia. Ta ksi\u0105\u017cka zabiera Ci\u0119 g\u0142\u0119boko w \u015bwiat ro\u015blin leczniczych i tradycyjnych przygotowa\u0144, kt\u00f3re g\u0142\u0119boko zmieni\u0105 Twoj\u0105 wiedz\u0119 o zdrowym stylu \u017cycia.  <\/p>\n<p class=\"ydp7ef12f8fMsoNormal\">Trzecia cz\u0119\u015b\u0107 serii to co\u015b wi\u0119cej ni\u017c tylko klasyczny opis ro\u015blin. Ksi\u0105\u017cka pokazuje, jak naturalne \u015brodki stosuje si\u0119 w historii, tradycji i nowoczesnej nauce, jak wybiera\u0107 wysokiej jako\u015bci ro\u015bliny, jak prawid\u0142owo przygotowywa\u0107 napary, wywary, nalewki, ma\u015bci i toniki oraz jak rozumie\u0107 zwi\u0105zki aktywne ukryte w ka\u017cdej ro\u015blinie.<br \/>\nWszystkie ro\u015bliny s\u0105 przedstawione w praktycznych przyk\u0142adach, jasnych wyja\u015bnieniach, bezpiecznych wytycznych oraz prawdziwych do\u015bwiadczeniach praktycznych, co daje czytelnikowi wiarygodny, zrozumia\u0142y i profesjonalnie skonstruowany podr\u0119cznik. <\/p>\n<p class=\"ydp7ef12f8fMsoNormal\">Ksi\u0105\u017cka zawiera:<\/p>\n<ul type=\"disc\">\n<li class=\"ydp7ef12f8fMsoNormal\">szczeg\u00f3\u0142owe opisy najsilniejszych ro\u015blin stosowanych w tradycyjnej i nowoczesnej fitoterapii<\/li>\n<li class=\"ydp7ef12f8fMsoNormal\">Naukowe wyja\u015bnienia zwi\u0105zk\u00f3w aktywnych i ich funkcji w organizmie<\/li>\n<\/ul>\n<ul type=\"disc\">\n<li class=\"ydp7ef12f8fMsoNormal\">procedury przygotowania naturalnych preparat\u00f3w (napar\u00f3w, wywar\u00f3w, nalewek, syrop\u00f3w, ma\u015bci, kapsu\u0142ek)<\/li>\n<li class=\"ydp7ef12f8fMsoNormal\">Pe\u0142ne tabele pomiarowe, sterylizacja, przechowywanie i bezpieczne obchodzenie si\u0119 z ro\u015blinami<\/li>\n<li class=\"ydp7ef12f8fMsoNormal\">Wskaz\u00f3wki dotycz\u0105ce wyboru, kontroli jako\u015bci i w\u0142a\u015bciwej piel\u0119gnacji ro\u015blin<\/li>\n<li class=\"ydp7ef12f8fMsoNormal\">Przewodnik ekspercki dotycz\u0105cy uprawy, zbioru, suszenia i przetwarzania ro\u015blin leczniczych<\/li>\n<li class=\"ydp7ef12f8fMsoNormal\">Jasne wyja\u015bnienie wp\u0142ywu ro\u015blin na uk\u0142ad trawienny, kr\u0105\u017ceniowy, nerwowy i odporno\u015bciowy<\/li>\n<li class=\"ydp7ef12f8fMsoNormal\">Przegl\u0105d globalnej historii i zastosowania zi\u00f3\u0142 leczniczych w tradycjach chi\u0144skich, indyjskich, afryka\u0144skich i europejskich<\/li>\n<\/ul>\n<p class=\"ydp7ef12f8fMsoNormal\">Ta ksi\u0105\u017cka to nie tylko encyklopedia ro\u015blin \u2013 to kompletny system wiedzy przeznaczony dla ka\u017cdego, kto chce g\u0142\u0119biej zrozumie\u0107 natur\u0119, zdrowie i w\u0142asne cia\u0142o. Jest napisana prosto, zrozumiale i profesjonalnie, tak aby ka\u017cdy czytelnik m\u00f3g\u0142 bezpiecznie korzysta\u0107 z naturalnych preparat\u00f3w przy konsultacji ekspert\u00f3w medycznych. <\/p>\n<p class=\"ydp7ef12f8fMsoNormal\">Trzecia cz\u0119\u015b\u0107 serii doskonale uzupe\u0142nia poprzednie ksi\u0105\u017cki, poszerza wiedz\u0119 i odkrywa nowe ro\u015bliny, kt\u00f3rych skuteczno\u015b\u0107 zosta\u0142a potwierdzona przez wieki tradycji i nowoczesnych bada\u0144. Ta kontynuacja sprawia, \u017ce seria &#8220;Miracle Natural Remediaes&#8221; jest jednym z najbardziej kompletnych podr\u0119cznik\u00f3w zdrowia naturalnego w \u015bwiecie medycyny naturalnej. <\/p>\n<p class=\"ydp7ef12f8fMsoNormal\"><b>Je\u015bli chcesz nauczy\u0107 si\u0119, jak bezpiecznie, praktycznie i skutecznie wykorzystywa\u0107 natur\u0119 \u2013 ta ksi\u0105\u017cka jest w\u0142a\u015bciwym wyborem.<\/b><\/p>\n","protected":false},"excerpt":{"rendered":"<p>ZNI\u017bKA NA KORZYSTANIE Z NOWEJ KSI\u0104\u017bKI W SPRZEDA\u017bY<strong><br \/>\n<\/strong><\/p>\n<p>Zestaw trzech e-book\u00f3w:<\/p>\n<ul>\n<li class=\"woocommerce-loop-product__title\">&#8220;Cudowne naturalne \u015brodki zaradcze, cz\u0119\u015b\u0107 1&#8221; \u2013 Tw\u00f3j przewodnik po zdrowiu<\/li>\n<li>&#8220;Cudowne naturalne \u015brodki zaradcze, cz\u0119\u015b\u0107 2&#8221; \u2013 Tw\u00f3j przewodnik po zdrowiu<\/li>\n<li>&#8220;Cudowne naturalne \u015brodki, cz\u0119\u015b\u0107 3&#8221; \u2013 Tw\u00f3j przewodnik po zdrowiu<\/li>\n<li>\n<\/li>\n<\/ul>\n","protected":false},"featured_media":23757,"comment_status":"open","ping_status":"closed","template":"","meta":{"_seopress_robots_primary_cat":"none","_seopress_titles_title":"","_seopress_titles_desc":"","_seopress_robots_index":""},"product_brand":[],"product_cat":[1908,1910],"product_tag":[],"class_list":{"0":"post-23625","1":"product","2":"type-product","3":"status-publish","4":"has-post-thumbnail","6":"product_cat-ksiazki","7":"product_cat-wydania-e-bookow","8":"wpbf-post","11":"instock","12":"sale","13":"taxable","14":"shipping-taxable","15":"purchasable","16":"product-type-variable"},"_links":{"self":[{"href":"https:\/\/mariolab.hr\/pl\/wp-json\/wp\/v2\/product\/23625","targetHints":{"allow":["GET"]}}],"collection":[{"href":"https:\/\/mariolab.hr\/pl\/wp-json\/wp\/v2\/product"}],"about":[{"href":"https:\/\/mariolab.hr\/pl\/wp-json\/wp\/v2\/types\/product"}],"replies":[{"embeddable":true,"href":"https:\/\/mariolab.hr\/pl\/wp-json\/wp\/v2\/comments?post=23625"}],"version-history":[{"count":0,"href":"https:\/\/mariolab.hr\/pl\/wp-json\/wp\/v2\/product\/23625\/revisions"}],"wp:featuredmedia":[{"embeddable":true,"href":"https:\/\/mariolab.hr\/pl\/wp-json\/wp\/v2\/media\/23757"}],"wp:attachment":[{"href":"https:\/\/mariolab.hr\/pl\/wp-json\/wp\/v2\/media?parent=23625"}],"wp:term":[{"taxonomy":"product_brand","embeddable":true,"href":"https:\/\/mariolab.hr\/pl\/wp-json\/wp\/v2\/product_brand?post=23625"},{"taxonomy":"product_cat","embeddable":true,"href":"https:\/\/mariolab.hr\/pl\/wp-json\/wp\/v2\/product_cat?post=23625"},{"taxonomy":"product_tag","embeddable":true,"href":"https:\/\/mariolab.hr\/pl\/wp-json\/wp\/v2\/product_tag?post=23625"}],"curies":[{"name":"wp","href":"https:\/\/api.w.org\/{rel}","templated":true}]}}