{"id":25432,"date":"2026-01-16T11:59:09","date_gmt":"2026-01-16T10:59:09","guid":{"rendered":"https:\/\/mariolab.hr\/proizvod\/mariolab-premium-ceramiczny-kubek-zdrowy-styl-zycia\/"},"modified":"2026-01-16T11:59:09","modified_gmt":"2026-01-16T10:59:09","slug":"mariolab-premium-ceramiczny-kubek-zdrowy-styl-zycia","status":"publish","type":"product","link":"https:\/\/mariolab.hr\/pl\/proizvod\/mariolab-premium-ceramiczny-kubek-zdrowy-styl-zycia\/","title":{"rendered":"Mariolab Premium Ceramiczny kubek \u2013 zdrowy styl \u017cycia"},"content":{"rendered":"<p data-start=\"337\" data-end=\"739\">Ten <strong data-start=\"351\" data-end=\"380\">elegancki ceramiczny kubek o pojemno\u015bci 11 oz<\/strong> to idealny dodatek do porannych rytua\u0142\u00f3w i ka\u017cdej chwili, gdy delektujesz si\u0119 ulubionym napojem. Wykonany z wysokiej jako\u015bci <strong data-start=\"506\" data-end=\"532\">b\u0142yszcz\u0105cej bia\u0142ej ceramiki<\/strong>, \u0142\u0105czy <strong data-start=\"544\" data-end=\"562\">premium wygl\u0105d<\/strong> z trwa\u0142\u0105 funkcjonalno\u015bci\u0105, a projekt jest starannie dopracowany, by odpowiada\u0107 estetyce zdrowego i \u015bwiadomego stylu \u017cycia piel\u0119gnowanego przez <em data-start=\"690\" data-end=\"700\">MarioLAB.<\/em> <\/p>\n<p data-start=\"741\" data-end=\"774\"><strong data-start=\"743\" data-end=\"774\">Kluczowe cechy produktu:<\/strong><\/p>\n<ul data-start=\"775\" data-end=\"1225\">\n<li data-start=\"775\" data-end=\"865\">\n<p data-start=\"777\" data-end=\"865\"><strong data-start=\"780\" data-end=\"793\">Rozmiar:<\/strong> Standardowe 11 oz (\u2248 325 ml) \u2013 idealne do kawy, herbaty lub gor\u0105cych napoj\u00f3w.<\/p>\n<\/li>\n<li data-start=\"866\" data-end=\"955\">\n<p data-start=\"868\" data-end=\"955\"><strong data-start=\"871\" data-end=\"882\">Design:<\/strong> otoczenie z motywami inspiruj\u0105cymi zdrowie i dobre samopoczucie.<\/p>\n<\/li>\n<li data-start=\"956\" data-end=\"1045\">\n<p data-start=\"958\" data-end=\"1045\"><strong data-start=\"960\" data-end=\"974\">Materia\u0142:<\/strong> wysokiej jako\u015bci ceramika o b\u0142yszcz\u0105cej powierzchni do d\u0142ugotrwa\u0142ego u\u017cytkowania.<\/p>\n<\/li>\n<li data-start=\"1046\" data-end=\"1129\">\n<p data-start=\"1048\" data-end=\"1129\"><strong data-start=\"1051\" data-end=\"1078\">\u0141atwa konserwacja:<\/strong> nadaje si\u0119 do zmywarki i mikrofal\u00f3wki.<\/p>\n<\/li>\n<li data-start=\"1130\" data-end=\"1225\">\n<p data-start=\"1132\" data-end=\"1225\"><strong data-start=\"1135\" data-end=\"1154\">Idealny prezent:<\/strong> pi\u0119knie zaprojektowany i funkcjonalny \u2013 idealny jako prezent dla bliskiej osoby.<\/p>\n<\/li>\n<\/ul>\n<p data-start=\"1227\" data-end=\"1419\">Ten kubek to nie tylko miska do picia \u2013 to <strong data-start=\"1272\" data-end=\"1333\">dodatek do codziennej rutyny zdrowia i inspiracji<\/strong>, podobnie jak warto\u015bci promowane przez <em data-start=\"1370\" data-end=\"1380\">MarioLAB.<\/em><\/p>\n","protected":false},"excerpt":{"rendered":"<p>Ten kubek to nie tylko miska do picia \u2013 to <strong data-start=\"1272\" data-end=\"1333\">dodatek do codziennej rutyny zdrowia i inspiracji<\/strong>, podobnie jak warto\u015bci promowane przez <em data-start=\"1370\" data-end=\"1380\">MarioLAB.<\/em><\/p>\n","protected":false},"featured_media":25397,"comment_status":"closed","ping_status":"closed","template":"","meta":{"_seopress_robots_primary_cat":"","_seopress_titles_title":"","_seopress_titles_desc":"","_seopress_robots_index":""},"product_brand":[],"product_cat":[1911,1908,1907],"product_tag":[],"class_list":{"0":"post-25432","1":"product","2":"type-product","3":"status-publish","4":"has-post-thumbnail","6":"product_cat-drukowane-wydania-ksiazek","7":"product_cat-ksiazki","8":"product_cat-produkty","9":"wpbf-post","12":"instock","13":"taxable","14":"shipping-taxable","15":"purchasable","16":"product-type-simple"},"_links":{"self":[{"href":"https:\/\/mariolab.hr\/pl\/wp-json\/wp\/v2\/product\/25432","targetHints":{"allow":["GET"]}}],"collection":[{"href":"https:\/\/mariolab.hr\/pl\/wp-json\/wp\/v2\/product"}],"about":[{"href":"https:\/\/mariolab.hr\/pl\/wp-json\/wp\/v2\/types\/product"}],"replies":[{"embeddable":true,"href":"https:\/\/mariolab.hr\/pl\/wp-json\/wp\/v2\/comments?post=25432"}],"version-history":[{"count":0,"href":"https:\/\/mariolab.hr\/pl\/wp-json\/wp\/v2\/product\/25432\/revisions"}],"wp:featuredmedia":[{"embeddable":true,"href":"https:\/\/mariolab.hr\/pl\/wp-json\/wp\/v2\/media\/25397"}],"wp:attachment":[{"href":"https:\/\/mariolab.hr\/pl\/wp-json\/wp\/v2\/media?parent=25432"}],"wp:term":[{"taxonomy":"product_brand","embeddable":true,"href":"https:\/\/mariolab.hr\/pl\/wp-json\/wp\/v2\/product_brand?post=25432"},{"taxonomy":"product_cat","embeddable":true,"href":"https:\/\/mariolab.hr\/pl\/wp-json\/wp\/v2\/product_cat?post=25432"},{"taxonomy":"product_tag","embeddable":true,"href":"https:\/\/mariolab.hr\/pl\/wp-json\/wp\/v2\/product_tag?post=25432"}],"curies":[{"name":"wp","href":"https:\/\/api.w.org\/{rel}","templated":true}]}}