{"id":6218,"date":"2024-05-01T00:01:57","date_gmt":"2024-04-30T22:01:57","guid":{"rendered":"https:\/\/mariolab.hr\/proizvod\/cudowne-naturalne-srodki-zaradcze-twoj-przewodnik-po-zdrowiu-e-book\/"},"modified":"2025-11-29T12:23:10","modified_gmt":"2025-11-29T11:23:10","slug":"cudowne-naturalne-srodki-zaradcze-twoj-przewodnik-po-zdrowiu-e-book","status":"publish","type":"product","link":"https:\/\/mariolab.hr\/pl\/proizvod\/cudowne-naturalne-srodki-zaradcze-twoj-przewodnik-po-zdrowiu-e-book\/","title":{"rendered":"Cudowne naturalne \u015brodki zaradcze, cz\u0119\u015b\u0107 1 E-BOOK"},"content":{"rendered":"<p><strong>NOWA KSI\u0104\u017bKA W SPRZEDA\u017bY<br \/>\nSKORZYSTAJ ZE ZNI\u017bKI<\/strong><\/p>\n<h3>Cudowne naturalne \u015brodki zaradcze &#8211; Tw\u00f3j przewodnik po zdrowiu E-BOOK<\/h3>\n<p><strong>O KSI\u0104\u017bCE:<\/strong><br \/>\nChcesz w naturalny spos\u00f3b przej\u0105\u0107 kontrol\u0119 nad swoim zdrowiem? Nie szukaj dalej ni\u017c moja nowa ksi\u0105\u017cka o cudownych naturalnych \u015brodkach zaradczych.  W tej ksi\u0105\u017cce dowiesz si\u0119 wi\u0119cej o bogatej historii naturalnych \u015brodk\u00f3w, dowiesz si\u0119, jakie s\u0105 najlepsze ro\u015bliny lecznicze i ich zastosowania w leczeniu i profilaktyce chor\u00f3b.<\/p>\n<p><strong>Na czym to polega:<\/strong><br \/>\nDowiesz si\u0119, jak uprawia\u0107 w\u0142asny ogr\u00f3d z zio\u0142ami leczniczymi, otrzymasz jasne instrukcje dotycz\u0105ce dawkowania, potencjalnych skutk\u00f3w ubocznych i kluczowych interakcji z lekami chemicznymi. Dowiedz si\u0119, jak naturalne \u015brodki mog\u0105 wspiera\u0107 og\u00f3lne samopoczucie, promuj\u0105c zdrowie w bezpieczny spos\u00f3b i bez skutk\u00f3w ubocznych. <\/p>\n<p><strong>Dla kogo jest ta ksi\u0105\u017cka:<\/strong><br \/>\nKsi\u0105\u017cka ta przeznaczona jest dla ka\u017cdego: zar\u00f3wno pocz\u0105tkuj\u0105cych, jak i os\u00f3b z du\u017cym do\u015bwiadczeniem w dziedzinie medycyny naturalnej.<\/p>\n<p>&#8220;Cudowne naturalne \u015brodki zaradcze, cz\u0119\u015b\u0107 1&#8221; to pierwsza cz\u0119\u015b\u0107 osza\u0142amiaj\u0105cej czterocz\u0119\u015bciowej serii, kt\u00f3ra uka\u017ce si\u0119 w tym i przysz\u0142ym roku. Ksi\u0105\u017cka s\u0142u\u017cy jako idealny przewodnik dla ka\u017cdego, kto chce zastosowa\u0107 naturalne \u015brodki do walki z chorobami wsp\u00f3\u0142czesnego cz\u0142owieka. <\/p>\n<p>Nie czekaj! Zam\u00f3w sw\u00f3j egzemplarz ju\u017c dzi\u015b i wyrusz w podr\u00f3\u017c ku zdrowiu i dobremu samopoczuciu w naturalny spos\u00f3b! <\/p>\n","protected":false},"excerpt":{"rendered":"<p><strong>NOWA KSI\u0104\u017bKA W SPRZEDA\u017bY<br \/>\n<\/strong><\/p>\n<p>Ksi\u0105\u017cka ta przeznaczona jest dla ka\u017cdego: zar\u00f3wno pocz\u0105tkuj\u0105cych, jak i os\u00f3b z du\u017cym do\u015bwiadczeniem w dziedzinie medycyny naturalnej.<\/p>\n","protected":false},"featured_media":5958,"comment_status":"open","ping_status":"closed","template":"","meta":{"_seopress_robots_primary_cat":"none","_seopress_titles_title":"","_seopress_titles_desc":"","_seopress_robots_index":""},"product_brand":[],"product_cat":[1908,1907,1910],"product_tag":[],"class_list":{"0":"post-6218","1":"product","2":"type-product","3":"status-publish","4":"has-post-thumbnail","6":"product_cat-ksiazki","7":"product_cat-produkty","8":"product_cat-wydania-e-bookow","9":"wpbf-post","12":"instock","13":"taxable","14":"shipping-taxable","15":"purchasable","16":"product-type-variable"},"_links":{"self":[{"href":"https:\/\/mariolab.hr\/pl\/wp-json\/wp\/v2\/product\/6218","targetHints":{"allow":["GET"]}}],"collection":[{"href":"https:\/\/mariolab.hr\/pl\/wp-json\/wp\/v2\/product"}],"about":[{"href":"https:\/\/mariolab.hr\/pl\/wp-json\/wp\/v2\/types\/product"}],"replies":[{"embeddable":true,"href":"https:\/\/mariolab.hr\/pl\/wp-json\/wp\/v2\/comments?post=6218"}],"version-history":[{"count":0,"href":"https:\/\/mariolab.hr\/pl\/wp-json\/wp\/v2\/product\/6218\/revisions"}],"wp:featuredmedia":[{"embeddable":true,"href":"https:\/\/mariolab.hr\/pl\/wp-json\/wp\/v2\/media\/5958"}],"wp:attachment":[{"href":"https:\/\/mariolab.hr\/pl\/wp-json\/wp\/v2\/media?parent=6218"}],"wp:term":[{"taxonomy":"product_brand","embeddable":true,"href":"https:\/\/mariolab.hr\/pl\/wp-json\/wp\/v2\/product_brand?post=6218"},{"taxonomy":"product_cat","embeddable":true,"href":"https:\/\/mariolab.hr\/pl\/wp-json\/wp\/v2\/product_cat?post=6218"},{"taxonomy":"product_tag","embeddable":true,"href":"https:\/\/mariolab.hr\/pl\/wp-json\/wp\/v2\/product_tag?post=6218"}],"curies":[{"name":"wp","href":"https:\/\/api.w.org\/{rel}","templated":true}]}}