{"id":11117,"date":"2024-05-04T11:57:01","date_gmt":"2024-05-04T09:57:01","guid":{"rendered":"https:\/\/mariolab.hr\/produse-reduse\/"},"modified":"2025-11-22T13:20:00","modified_gmt":"2025-11-22T12:20:00","slug":"produse-reduse","status":"publish","type":"page","link":"https:\/\/mariolab.hr\/ro\/produse-reduse\/","title":{"rendered":"PRODUSE REDUSE"},"content":{"rendered":"\t\t<div data-elementor-type=\"wp-page\" data-elementor-id=\"11117\" class=\"elementor elementor-11117 elementor-6334\" data-elementor-post-type=\"page\">\n\t\t\t\t<div class=\"elementor-element elementor-element-1064e75 e-flex e-con-boxed e-con e-parent\" data-id=\"1064e75\" data-element_type=\"container\" data-e-type=\"container\">\n\t\t\t\t\t<div class=\"e-con-inner\">\n\t\t\t\t<div class=\"elementor-element elementor-element-9b5f9e3 elementor-widget elementor-widget-heading\" data-id=\"9b5f9e3\" data-element_type=\"widget\" data-e-type=\"widget\" data-widget_type=\"heading.default\">\n\t\t\t\t<div class=\"elementor-widget-container\">\n\t\t\t\t\t<h2 class=\"elementor-heading-title elementor-size-default\">P\u0103streaz\u0103-\u021bi s\u0103n\u0103tatea. F\u0103 din asta noul t\u0103u stil de via\u021b\u0103! <\/h2>\t\t\t\t<\/div>\n\t\t\t\t<\/div>\n\t\t\t\t\t<\/div>\n\t\t\t\t<\/div>\n\t\t<div class=\"elementor-element elementor-element-65e9746 e-flex e-con-boxed e-con e-parent\" data-id=\"65e9746\" data-element_type=\"container\" data-e-type=\"container\">\n\t\t\t\t\t<div class=\"e-con-inner\">\n\t\t\t\t<div class=\"elementor-element elementor-element-0b1eb54 elementor-product-loop-item--align-center elementor-grid-mobile-1 elementor-grid-4 elementor-grid-tablet-3 elementor-products-grid elementor-wc-products elementor-show-pagination-border-yes elementor-widget elementor-widget-woocommerce-products\" data-id=\"0b1eb54\" data-element_type=\"widget\" data-e-type=\"widget\" data-widget_type=\"woocommerce-products.default\">\n\t\t\t\t<div class=\"elementor-widget-container\">\n\t\t\t\t\t<div class=\"woocommerce columns-4 \"><div class=\"woocommerce-notices-wrapper\"><\/div><ul class=\"wpbf-grid wpbf-grid-large wpbf-grid-1-1 wpbf-grid-small-1-3 wpbf-grid-large-1-4 products elementor-grid columns-4\"><li class=\"wpbf-post product type-product post-24862 status-publish first instock product_cat-carti product_cat-editii-tiparite-ale-cartilor product_cat-produce has-post-thumbnail sale taxable shipping-taxable purchasable product-type-variable\">\n\t<div class=\"wpbf-woo-product-wrapper wpbf-clearfix\"><a href=\"https:\/\/mariolab.hr\/ro\/proizvod\/set-de-carti-tiparite-miraculous-natural-remedies-1-3-parti-kopiraj\/\" class=\"woocommerce-LoopProduct-link woocommerce-loop-product__link\"><div class=\"wpbf-woo-loop-thumbnail-wrapper\"><a href=\"https:\/\/mariolab.hr\/ro\/proizvod\/set-de-carti-tiparite-miraculous-natural-remedies-1-3-parti-kopiraj\/\" class=\"woocommerce-LoopProduct-link woocommerce-loop-product__link\">\n\t<span class=\"onsale\">Reduceri!<\/span>\n\t<img fetchpriority=\"high\" decoding=\"async\" width=\"400\" height=\"400\" src=\"https:\/\/mariolab.hr\/wp-content\/uploads\/2025\/11\/book-komplet4-400x400.jpg\" class=\"attachment-woocommerce_thumbnail size-woocommerce_thumbnail\" alt=\"SET DE C\u0102R\u021aI TIP\u0102RITE Remedii naturale miraculoase Partea 1-3 \u0219i POSTUL INTERMITENT: Secretul s\u0103n\u0103t\u0103\u021bii \u0219i longevit\u0103\u021bii\" srcset=\"https:\/\/mariolab.hr\/wp-content\/uploads\/2025\/11\/book-komplet4-400x400.jpg 400w, https:\/\/mariolab.hr\/wp-content\/uploads\/2025\/11\/book-komplet4-300x300.jpg 300w, https:\/\/mariolab.hr\/wp-content\/uploads\/2025\/11\/book-komplet4-1024x1024.jpg 1024w, https:\/\/mariolab.hr\/wp-content\/uploads\/2025\/11\/book-komplet4-150x150.jpg 150w, https:\/\/mariolab.hr\/wp-content\/uploads\/2025\/11\/book-komplet4-768x768.jpg 768w, https:\/\/mariolab.hr\/wp-content\/uploads\/2025\/11\/book-komplet4-800x800.jpg 800w, https:\/\/mariolab.hr\/wp-content\/uploads\/2025\/11\/book-komplet4.jpg 1201w\" sizes=\"(max-width: 400px) 100vw, 400px\" \/><\/a><\/div><h2 class=\"woocommerce-loop-product__title\">SET DE C\u0102R\u021aI TIP\u0102RITE Remedii naturale miraculoase Partea 1-3 \u0219i POSTUL INTERMITENT: Secretul s\u0103n\u0103t\u0103\u021bii \u0219i longevit\u0103\u021bii<\/h2>\n\t<span class=\"price\"><del aria-hidden=\"true\"><span class=\"woocommerce-Price-amount amount\"><bdi>174,90&nbsp;<span class=\"woocommerce-Price-currencySymbol\">&euro;<\/span><\/bdi><\/span><\/del> <span class=\"screen-reader-text\">Pre\u021bul ini\u021bial a fost: 174,90&nbsp;&euro;.<\/span><ins aria-hidden=\"true\"><span class=\"woocommerce-Price-amount amount\"><bdi>131,18&nbsp;<span class=\"woocommerce-Price-currencySymbol\">&euro;<\/span><\/bdi><\/span><\/ins><span class=\"screen-reader-text\">Pre\u021bul curent este: 131,18&nbsp;&euro;.<\/span> <small class=\"woocommerce-price-suffix\">sa PDV<\/small><\/span>\n<\/a><a href=\"https:\/\/mariolab.hr\/ro\/proizvod\/set-de-carti-tiparite-miraculous-natural-remedies-1-3-parti-kopiraj\/\" aria-describedby=\"woocommerce_loop_add_to_cart_link_describedby_24862\" data-quantity=\"1\" class=\"button product_type_variable add_to_cart_button\" data-product_id=\"24862\" data-product_sku=\"\" aria-label=\"Selecteaz\u0103 op\u021biunile pentru &bdquo;SET DE C\u0102R\u021aI TIP\u0102RITE Remedii naturale miraculoase Partea 1-3 \u0219i POSTUL INTERMITENT: Secretul s\u0103n\u0103t\u0103\u021bii \u0219i longevit\u0103\u021bii&rdquo;\" rel=\"nofollow\">Selecteaz\u0103 op\u021biunile<\/a>\t<span id=\"woocommerce_loop_add_to_cart_link_describedby_24862\" class=\"screen-reader-text\">\n\t\tAcest produs are mai multe varia\u021bii. Op\u021biunile pot fi alese \u00een pagina produsului.\t<\/span>\n<\/div><\/li>\n<li class=\"wpbf-post product type-product post-24843 status-publish instock product_cat-carti product_cat-editii-tiparite-ale-cartilor product_cat-produce has-post-thumbnail sale taxable shipping-taxable purchasable product-type-variable\">\n\t<div class=\"wpbf-woo-product-wrapper wpbf-clearfix\"><a href=\"https:\/\/mariolab.hr\/ro\/proizvod\/set-de-carti-tiparite-miraculous-natural-remedies-1-3-parti\/\" class=\"woocommerce-LoopProduct-link woocommerce-loop-product__link\"><div class=\"wpbf-woo-loop-thumbnail-wrapper\"><a href=\"https:\/\/mariolab.hr\/ro\/proizvod\/set-de-carti-tiparite-miraculous-natural-remedies-1-3-parti\/\" class=\"woocommerce-LoopProduct-link woocommerce-loop-product__link\">\n\t<span class=\"onsale\">Reduceri!<\/span>\n\t<img decoding=\"async\" width=\"400\" height=\"400\" src=\"https:\/\/mariolab.hr\/wp-content\/uploads\/2025\/11\/book-komplet3-400x400.jpg\" class=\"attachment-woocommerce_thumbnail size-woocommerce_thumbnail\" alt=\"SET DE C\u0102R\u021aI TIP\u0102RITE Miraculous Natural Remedies 1-3 p\u0103r\u021bi\" srcset=\"https:\/\/mariolab.hr\/wp-content\/uploads\/2025\/11\/book-komplet3-400x400.jpg 400w, https:\/\/mariolab.hr\/wp-content\/uploads\/2025\/11\/book-komplet3-300x300.jpg 300w, https:\/\/mariolab.hr\/wp-content\/uploads\/2025\/11\/book-komplet3-1024x1024.jpg 1024w, https:\/\/mariolab.hr\/wp-content\/uploads\/2025\/11\/book-komplet3-150x150.jpg 150w, https:\/\/mariolab.hr\/wp-content\/uploads\/2025\/11\/book-komplet3-768x768.jpg 768w, https:\/\/mariolab.hr\/wp-content\/uploads\/2025\/11\/book-komplet3-800x800.jpg 800w, https:\/\/mariolab.hr\/wp-content\/uploads\/2025\/11\/book-komplet3.jpg 1201w\" sizes=\"(max-width: 400px) 100vw, 400px\" \/><\/a><\/div><h2 class=\"woocommerce-loop-product__title\">SET DE C\u0102R\u021aI TIP\u0102RITE Miraculous Natural Remedies 1-3 p\u0103r\u021bi<\/h2>\n\t<span class=\"price\"><del aria-hidden=\"true\"><span class=\"woocommerce-Price-amount amount\"><bdi>146,90&nbsp;<span class=\"woocommerce-Price-currencySymbol\">&euro;<\/span><\/bdi><\/span><\/del> <span class=\"screen-reader-text\">Pre\u021bul ini\u021bial a fost: 146,90&nbsp;&euro;.<\/span><ins aria-hidden=\"true\"><span class=\"woocommerce-Price-amount amount\"><bdi>110,18&nbsp;<span class=\"woocommerce-Price-currencySymbol\">&euro;<\/span><\/bdi><\/span><\/ins><span class=\"screen-reader-text\">Pre\u021bul curent este: 110,18&nbsp;&euro;.<\/span> <small class=\"woocommerce-price-suffix\">sa PDV<\/small><\/span>\n<\/a><a href=\"https:\/\/mariolab.hr\/ro\/proizvod\/set-de-carti-tiparite-miraculous-natural-remedies-1-3-parti\/\" aria-describedby=\"woocommerce_loop_add_to_cart_link_describedby_24843\" data-quantity=\"1\" class=\"button product_type_variable add_to_cart_button\" data-product_id=\"24843\" data-product_sku=\"\" aria-label=\"Selecteaz\u0103 op\u021biunile pentru &bdquo;SET DE C\u0102R\u021aI TIP\u0102RITE Miraculous Natural Remedies 1-3 p\u0103r\u021bi&rdquo;\" rel=\"nofollow\">Selecteaz\u0103 op\u021biunile<\/a>\t<span id=\"woocommerce_loop_add_to_cart_link_describedby_24843\" class=\"screen-reader-text\">\n\t\tAcest produs are mai multe varia\u021bii. Op\u021biunile pot fi alese \u00een pagina produsului.\t<\/span>\n<\/div><\/li>\n<li class=\"wpbf-post product type-product post-24307 status-publish instock product_cat-carti product_cat-editii-electronice-ale-cartilor has-post-thumbnail sale taxable shipping-taxable purchasable product-type-variable\">\n\t<div class=\"wpbf-woo-product-wrapper wpbf-clearfix\"><a href=\"https:\/\/mariolab.hr\/ro\/proizvod\/set-de-carti-electronice-remedii-naturale-miraculoase-partea-1-3-kopiraj\/\" class=\"woocommerce-LoopProduct-link woocommerce-loop-product__link\"><div class=\"wpbf-woo-loop-thumbnail-wrapper\"><a href=\"https:\/\/mariolab.hr\/ro\/proizvod\/set-de-carti-electronice-remedii-naturale-miraculoase-partea-1-3-kopiraj\/\" class=\"woocommerce-LoopProduct-link woocommerce-loop-product__link\">\n\t<span class=\"onsale\">Reduceri!<\/span>\n\t<img decoding=\"async\" width=\"400\" height=\"400\" src=\"https:\/\/mariolab.hr\/wp-content\/uploads\/2025\/11\/ebook-komplet4-400x400.jpg\" class=\"attachment-woocommerce_thumbnail size-woocommerce_thumbnail\" alt=\"SET DE C\u0102R\u021aI ELECTRONICE Remedii naturale miraculoase 1-3 \u0219i POST INTERMITENT: Secretul s\u0103n\u0103t\u0103\u021bii \u0219i longevit\u0103\u021bii\" srcset=\"https:\/\/mariolab.hr\/wp-content\/uploads\/2025\/11\/ebook-komplet4-400x400.jpg 400w, https:\/\/mariolab.hr\/wp-content\/uploads\/2025\/11\/ebook-komplet4-300x300.jpg 300w, https:\/\/mariolab.hr\/wp-content\/uploads\/2025\/11\/ebook-komplet4-1024x1024.jpg 1024w, https:\/\/mariolab.hr\/wp-content\/uploads\/2025\/11\/ebook-komplet4-150x150.jpg 150w, https:\/\/mariolab.hr\/wp-content\/uploads\/2025\/11\/ebook-komplet4-768x768.jpg 768w, https:\/\/mariolab.hr\/wp-content\/uploads\/2025\/11\/ebook-komplet4-800x800.jpg 800w, https:\/\/mariolab.hr\/wp-content\/uploads\/2025\/11\/ebook-komplet4.jpg 1201w\" sizes=\"(max-width: 400px) 100vw, 400px\" \/><\/a><\/div><h2 class=\"woocommerce-loop-product__title\">SET DE C\u0102R\u021aI ELECTRONICE Remedii naturale miraculoase 1-3 \u0219i POST INTERMITENT: Secretul s\u0103n\u0103t\u0103\u021bii \u0219i longevit\u0103\u021bii<\/h2>\n\t<span class=\"price\"><del aria-hidden=\"true\"><span class=\"woocommerce-Price-amount amount\"><bdi>97,60&nbsp;<span class=\"woocommerce-Price-currencySymbol\">&euro;<\/span><\/bdi><\/span><\/del> <span class=\"screen-reader-text\">Pre\u021bul ini\u021bial a fost: 97,60&nbsp;&euro;.<\/span><ins aria-hidden=\"true\"><span class=\"woocommerce-Price-amount amount\"><bdi>68,32&nbsp;<span class=\"woocommerce-Price-currencySymbol\">&euro;<\/span><\/bdi><\/span><\/ins><span class=\"screen-reader-text\">Pre\u021bul curent este: 68,32&nbsp;&euro;.<\/span> <small class=\"woocommerce-price-suffix\">sa PDV<\/small><\/span>\n<\/a><a href=\"https:\/\/mariolab.hr\/ro\/proizvod\/set-de-carti-electronice-remedii-naturale-miraculoase-partea-1-3-kopiraj\/\" aria-describedby=\"woocommerce_loop_add_to_cart_link_describedby_24307\" data-quantity=\"1\" class=\"button product_type_variable add_to_cart_button\" data-product_id=\"24307\" data-product_sku=\"\" aria-label=\"Selecteaz\u0103 op\u021biunile pentru &bdquo;SET DE C\u0102R\u021aI ELECTRONICE Remedii naturale miraculoase 1-3 \u0219i POST INTERMITENT: Secretul s\u0103n\u0103t\u0103\u021bii \u0219i longevit\u0103\u021bii&rdquo;\" rel=\"nofollow\">Selecteaz\u0103 op\u021biunile<\/a>\t<span id=\"woocommerce_loop_add_to_cart_link_describedby_24307\" class=\"screen-reader-text\">\n\t\tAcest produs are mai multe varia\u021bii. Op\u021biunile pot fi alese \u00een pagina produsului.\t<\/span>\n<\/div><\/li>\n<li class=\"wpbf-post product type-product post-23627 status-publish last instock product_cat-carti product_cat-editii-electronice-ale-cartilor has-post-thumbnail sale taxable shipping-taxable purchasable product-type-variable\">\n\t<div class=\"wpbf-woo-product-wrapper wpbf-clearfix\"><a href=\"https:\/\/mariolab.hr\/ro\/proizvod\/remedii-naturale-miraculoase-partea-1-si-remedii-naturale-miraculoase-partea-a-2-a-setul-de-carti-electronice-kopiraj\/\" class=\"woocommerce-LoopProduct-link woocommerce-loop-product__link\"><div class=\"wpbf-woo-loop-thumbnail-wrapper\"><a href=\"https:\/\/mariolab.hr\/ro\/proizvod\/remedii-naturale-miraculoase-partea-1-si-remedii-naturale-miraculoase-partea-a-2-a-setul-de-carti-electronice-kopiraj\/\" class=\"woocommerce-LoopProduct-link woocommerce-loop-product__link\">\n\t<span class=\"onsale\">Reduceri!<\/span>\n\t<img loading=\"lazy\" decoding=\"async\" width=\"400\" height=\"400\" src=\"https:\/\/mariolab.hr\/wp-content\/uploads\/2025\/11\/ebook-komplet3-400x400.jpg\" class=\"attachment-woocommerce_thumbnail size-woocommerce_thumbnail\" alt=\"SET DE C\u0102R\u021aI ELECTRONICE Remedii naturale miraculoase Partea 1-3\" srcset=\"https:\/\/mariolab.hr\/wp-content\/uploads\/2025\/11\/ebook-komplet3-400x400.jpg 400w, https:\/\/mariolab.hr\/wp-content\/uploads\/2025\/11\/ebook-komplet3-300x300.jpg 300w, https:\/\/mariolab.hr\/wp-content\/uploads\/2025\/11\/ebook-komplet3-1024x1024.jpg 1024w, https:\/\/mariolab.hr\/wp-content\/uploads\/2025\/11\/ebook-komplet3-150x150.jpg 150w, https:\/\/mariolab.hr\/wp-content\/uploads\/2025\/11\/ebook-komplet3-768x768.jpg 768w, https:\/\/mariolab.hr\/wp-content\/uploads\/2025\/11\/ebook-komplet3-800x800.jpg 800w, https:\/\/mariolab.hr\/wp-content\/uploads\/2025\/11\/ebook-komplet3.jpg 1201w\" sizes=\"(max-width: 400px) 100vw, 400px\" \/><\/a><\/div><h2 class=\"woocommerce-loop-product__title\">SET DE C\u0102R\u021aI ELECTRONICE Remedii naturale miraculoase Partea 1-3<\/h2>\n\t<span class=\"price\"><del aria-hidden=\"true\"><span class=\"woocommerce-Price-amount amount\"><bdi>77,70&nbsp;<span class=\"woocommerce-Price-currencySymbol\">&euro;<\/span><\/bdi><\/span><\/del> <span class=\"screen-reader-text\">Pre\u021bul ini\u021bial a fost: 77,70&nbsp;&euro;.<\/span><ins aria-hidden=\"true\"><span class=\"woocommerce-Price-amount amount\"><bdi>54,39&nbsp;<span class=\"woocommerce-Price-currencySymbol\">&euro;<\/span><\/bdi><\/span><\/ins><span class=\"screen-reader-text\">Pre\u021bul curent este: 54,39&nbsp;&euro;.<\/span> <small class=\"woocommerce-price-suffix\">sa PDV<\/small><\/span>\n<\/a><a href=\"https:\/\/mariolab.hr\/ro\/proizvod\/remedii-naturale-miraculoase-partea-1-si-remedii-naturale-miraculoase-partea-a-2-a-setul-de-carti-electronice-kopiraj\/\" aria-describedby=\"woocommerce_loop_add_to_cart_link_describedby_23627\" data-quantity=\"1\" class=\"button product_type_variable add_to_cart_button\" data-product_id=\"23627\" data-product_sku=\"\" aria-label=\"Selecteaz\u0103 op\u021biunile pentru &bdquo;SET DE C\u0102R\u021aI ELECTRONICE Remedii naturale miraculoase Partea 1-3&rdquo;\" rel=\"nofollow\">Selecteaz\u0103 op\u021biunile<\/a>\t<span id=\"woocommerce_loop_add_to_cart_link_describedby_23627\" class=\"screen-reader-text\">\n\t\tAcest produs are mai multe varia\u021bii. Op\u021biunile pot fi alese \u00een pagina produsului.\t<\/span>\n<\/div><\/li>\n<li class=\"wpbf-post product type-product post-12209 status-publish first instock product_cat-carti product_cat-editii-tiparite-ale-cartilor product_cat-produce has-post-thumbnail sale taxable shipping-taxable purchasable product-type-variable\">\n\t<div class=\"wpbf-woo-product-wrapper wpbf-clearfix\"><a href=\"https:\/\/mariolab.hr\/ro\/proizvod\/post-intermitent-secretul-sanatatii-si-longevitatii-carte-tiparita\/\" class=\"woocommerce-LoopProduct-link woocommerce-loop-product__link\"><div class=\"wpbf-woo-loop-thumbnail-wrapper\"><a href=\"https:\/\/mariolab.hr\/ro\/proizvod\/post-intermitent-secretul-sanatatii-si-longevitatii-carte-tiparita\/\" class=\"woocommerce-LoopProduct-link woocommerce-loop-product__link\">\n\t<span class=\"onsale\">Reduceri!<\/span>\n\t<img loading=\"lazy\" decoding=\"async\" width=\"400\" height=\"400\" src=\"https:\/\/mariolab.hr\/wp-content\/uploads\/2024\/03\/isprekidani-glavna-knjiga-400x400.jpg\" class=\"attachment-woocommerce_thumbnail size-woocommerce_thumbnail\" alt=\"POST INTERMITENT: Secretul s\u0103n\u0103t\u0103\u021bii \u0219i longevit\u0103\u021bii \u2013 Carte tip\u0103rit\u0103\" srcset=\"https:\/\/mariolab.hr\/wp-content\/uploads\/2024\/03\/isprekidani-glavna-knjiga-400x400.jpg 400w, https:\/\/mariolab.hr\/wp-content\/uploads\/2024\/03\/isprekidani-glavna-knjiga-300x300.jpg 300w, https:\/\/mariolab.hr\/wp-content\/uploads\/2024\/03\/isprekidani-glavna-knjiga-150x150.jpg 150w, https:\/\/mariolab.hr\/wp-content\/uploads\/2024\/03\/isprekidani-glavna-knjiga-768x768.jpg 768w, https:\/\/mariolab.hr\/wp-content\/uploads\/2024\/03\/isprekidani-glavna-knjiga.jpg 800w\" sizes=\"(max-width: 400px) 100vw, 400px\" \/><\/a><\/div><h2 class=\"woocommerce-loop-product__title\">POST INTERMITENT: Secretul s\u0103n\u0103t\u0103\u021bii \u0219i longevit\u0103\u021bii \u2013 Carte tip\u0103rit\u0103<\/h2>\n\t<span class=\"price\"><span class=\"woocommerce-Price-amount amount\" aria-hidden=\"true\"><bdi>16,80&nbsp;<span class=\"woocommerce-Price-currencySymbol\">&euro;<\/span><\/bdi><\/span> <span aria-hidden=\"true\">&ndash;<\/span> <span class=\"woocommerce-Price-amount amount\" aria-hidden=\"true\"><bdi>28,00&nbsp;<span class=\"woocommerce-Price-currencySymbol\">&euro;<\/span><\/bdi><\/span><span class=\"screen-reader-text\">Interval de pre\u021buri: 16,80&nbsp;&euro; p\u00e2n\u0103 la 28,00&nbsp;&euro;<\/span> <small class=\"woocommerce-price-suffix\">sa PDV<\/small><\/span>\n<\/a><a href=\"https:\/\/mariolab.hr\/ro\/proizvod\/post-intermitent-secretul-sanatatii-si-longevitatii-carte-tiparita\/\" aria-describedby=\"woocommerce_loop_add_to_cart_link_describedby_12209\" data-quantity=\"1\" class=\"button product_type_variable add_to_cart_button\" data-product_id=\"12209\" data-product_sku=\"\" aria-label=\"Selecteaz\u0103 op\u021biunile pentru &bdquo;POST INTERMITENT: Secretul s\u0103n\u0103t\u0103\u021bii \u0219i longevit\u0103\u021bii \u2013 Carte tip\u0103rit\u0103&rdquo;\" rel=\"nofollow\">Selecteaz\u0103 op\u021biunile<\/a>\t<span id=\"woocommerce_loop_add_to_cart_link_describedby_12209\" class=\"screen-reader-text\">\n\t\tAcest produs are mai multe varia\u021bii. Op\u021biunile pot fi alese \u00een pagina produsului.\t<\/span>\n<\/div><\/li>\n<\/ul><\/div>\t\t\t\t<\/div>\n\t\t\t\t<\/div>\n\t\t\t\t\t<\/div>\n\t\t\t\t<\/div>\n\t\t\t\t<\/div>\n\t\t","protected":false},"excerpt":{"rendered":"<p>P\u0103streaz\u0103-\u021bi s\u0103n\u0103tatea. F\u0103 din asta noul t\u0103u stil de via\u021b\u0103!<\/p>\n","protected":false},"author":1,"featured_media":0,"parent":0,"menu_order":0,"comment_status":"closed","ping_status":"closed","template":"","meta":{"_seopress_robots_primary_cat":"","_seopress_titles_title":"","_seopress_titles_desc":"","_seopress_robots_index":"","footnotes":""},"class_list":["post-11117","page","type-page","status-publish","hentry","wpbf-post"],"_links":{"self":[{"href":"https:\/\/mariolab.hr\/ro\/wp-json\/wp\/v2\/pages\/11117","targetHints":{"allow":["GET"]}}],"collection":[{"href":"https:\/\/mariolab.hr\/ro\/wp-json\/wp\/v2\/pages"}],"about":[{"href":"https:\/\/mariolab.hr\/ro\/wp-json\/wp\/v2\/types\/page"}],"author":[{"embeddable":true,"href":"https:\/\/mariolab.hr\/ro\/wp-json\/wp\/v2\/users\/1"}],"replies":[{"embeddable":true,"href":"https:\/\/mariolab.hr\/ro\/wp-json\/wp\/v2\/comments?post=11117"}],"version-history":[{"count":0,"href":"https:\/\/mariolab.hr\/ro\/wp-json\/wp\/v2\/pages\/11117\/revisions"}],"wp:attachment":[{"href":"https:\/\/mariolab.hr\/ro\/wp-json\/wp\/v2\/media?parent=11117"}],"curies":[{"name":"wp","href":"https:\/\/api.w.org\/{rel}","templated":true}]}}