{"id":11173,"date":"2024-01-30T10:22:05","date_gmt":"2024-01-30T09:22:05","guid":{"rendered":"https:\/\/mariolab.hr\/politica-de-confidentialitate\/"},"modified":"2025-11-22T13:20:56","modified_gmt":"2025-11-22T12:20:56","slug":"politica-de-confidentialitate","status":"publish","type":"page","link":"https:\/\/mariolab.hr\/ro\/politica-de-confidentialitate\/","title":{"rendered":"Politica de confiden\u021bialitate"},"content":{"rendered":"\n<p>POLITICA DE CONFIDEN\u021aIALITATE:<\/p>\n\n<p>Aceast\u0103 politic\u0103 de confiden\u021bialitate reglementeaz\u0103 modul \u00een care utiliza\u021bi \u0219i proteja\u021bi orice informa\u021bie furnizat\u0103 site-ului MarioLab. MarioLab asigur\u0103 protec\u021bia confiden\u021bialit\u0103\u021bii tale. Dac\u0103 v\u0103 cerem s\u0103 furniza\u021bi anumite informa\u021bii personale identificabile atunci c\u00e2nd utiliza\u021bi acest site, pute\u021bi fi sigur c\u0103 acestea vor fi folosite doar \u00een conformitate cu aceast\u0103 declara\u021bie de confiden\u021bialitate. MarioLab poate modifica aceast\u0103 politic\u0103 din c\u00e2nd \u00een c\u00e2nd prin actualizarea acestei pagini. Ar trebui s\u0103 verifici aceast\u0103 pagin\u0103 din c\u00e2nd \u00een c\u00e2nd pentru a te asigura c\u0103 e\u0219ti mul\u021bumit de schimb\u0103ri.<\/p>\n\n<p>CE COLECT\u0102M:<\/p>\n\n<p>&#8211; informa\u021bii de contact, inclusiv nume, adres\u0103 po\u0219tal\u0103, adres\u0103 de email \u0219i num\u0103r de telefon mobil<\/p>\n\n<p>&#8211; Informa\u021bii demografice precum codul po\u0219tal, preferin\u021bele \u0219i interesele<\/p>\n\n<p>&#8211; Alte informa\u021bii relevante pentru sondaje \u0219i\/sau oferte cu clien\u021bii<\/p>\n\n<p>Pentru o list\u0103 cuprinz\u0103toare a cookie-urilor pe care le colect\u0103m, v\u0103 rug\u0103m s\u0103 consulta\u021bi sec\u021biunea Lista cookie-urilor.<\/p>\n\n<p>CE FACEM CU INFORMA\u021aIILE PE CARE LE COLECT\u0102M?<\/p>\n\n<p>Avem nevoie de aceste informa\u021bii pentru a \u00een\u021belege nevoile dumneavoastr\u0103 \u0219i pentru a v\u0103 oferi un serviciu mai bun, \u00een special din urm\u0103toarele motive:<\/p>\n\n<p>-Eviden\u021ba intern\u0103.<\/p>\n\n<p>Putem folosi aceste informa\u021bii pentru a ne \u00eembun\u0103t\u0103\u021bi produsele \u0219i serviciile.<\/p>\n\n<p>Din c\u00e2nd \u00een c\u00e2nd, putem trimite emailuri promo\u021bionale \u0219i, dac\u0103 v-a\u021bi \u00eenscris la promo\u021bia noastr\u0103 prin mesaje text, mesaje text (SMS\/MMS) despre produse noi, oferte speciale sau alte informa\u021bii pe care le consider\u0103m de interes folosind adresa de email pe care a\u021bi furnizat-o.<\/p>\n\n<p>Din c\u00e2nd \u00een c\u00e2nd, putem folosi informa\u021biile dumneavoastr\u0103 pentru a v\u0103 contacta \u00een scopuri de cercetare de pia\u021b\u0103. V\u0103 putem contacta prin email, telefon, fax sau po\u0219t\u0103. Putem folosi aceste informa\u021bii pentru a adapta site-ul \u00een func\u021bie de interesele tale.  <\/p>\n\n<p>CUM \u00ceMP\u0102RT\u0102\u0218IM \u0218I COLECT\u0102M INFORMA\u021aII?<\/p>\n\n<p>MarioLab partajeaz\u0103 informa\u021bii personale doar cu companii afiliate, precum \u0219i cu parteneri de afaceri \u0219i furnizori de servicii pe care ne baz\u0103m pentru a v\u0103 oferi un serviciu mai bun. Aceste companii au nevoie de informa\u021bii despre tine pentru a-\u0219i \u00eendeplini func\u021biile de servicii (cum ar fi procesarea \u0219i \u00eendeplinirea comenzii tale, verificarea informa\u021biilor cardului de credit \u0219i protejarea \u00eempotriva fraudei). De asemenea, \u00eemp\u0103rt\u0103\u0219im informa\u021bii cu companii de \u00eencredere care ne ajut\u0103 \u00een func\u021bii de marketing (cum ar fi gestionarea afacerii online \u0219i publicitatea produselor \u0219i serviciilor, inclusiv administrarea programului nostru de mesagerie text). Putem angaja furnizori pentru a afi\u0219a reclame \u00een numele nostru pe Internet \u0219i pentru a furniza servicii de analiz\u0103. Ace\u0219ti furnizori pot colecta anumite informa\u021bii tehnice sau de alt\u0103 natur\u0103 de la dumneavoastr\u0103 (de exemplu, informa\u021bii despre clickstream, tipul browserului, ora \u0219i data, informa\u021bii hardware\/software, ID-ul cookie-ului, adresa IP etc.) atunci c\u00e2nd vizita\u021bi site-ul nostru \u0219i pot folosi aceste informa\u021bii pentru a oferi publicitate despre bunuri \u0219i servicii considerate de interes mai mare pentru dumneavoastr\u0103.    <\/p>\n\n<p>De asemenea, putem partaja informa\u021biile dumneavoastr\u0103 pentru orice alte scopuri care au fost dezv\u0103luite la momentul colect\u0103rii sau c\u00e2nd am ob\u021binut consim\u021b\u0103m\u00e2ntul \u00een alte moduri. V\u0103 rug\u0103m s\u0103 re\u021bine\u021bi c\u0103 aceast\u0103 politic\u0103 nu are scopul de a limita capacitatea noastr\u0103 de a partaja sau divulga informa\u021bii anonime. MarioLab \u00ee\u0219i rezerv\u0103, de asemenea, dreptul de a folosi sau divulga informa\u021bii, dup\u0103 cum este necesar, pentru a satisface orice lege, reglement\u0103ri sau cereri legale, pentru a v\u0103 \u00eendeplini cererile, pentru a coopera cu orice for\u021b\u0103 de ordine sau investiga\u021bie similar\u0103, sau pentru a desf\u0103\u0219ura orice investiga\u021bie intern\u0103 sau func\u021bie similar\u0103 pe care o consider\u0103m potrivit\u0103 pentru a ne proteja afacerea.  <\/p>\n\n<p>SECURITATE<\/p>\n\n<p>Suntem dedica\u021bi asigur\u0103rii securit\u0103\u021bii datelor tale. Pentru a preveni accesul sau divulgarea neautorizat\u0103, am implementat proceduri fizice, electronice \u0219i manageriale adecvate pentru a proteja \u0219i securiza informa\u021biile pe care le colect\u0103m online. <\/p>\n\n<p>CUM FOLOSIM COOKIE-URILE?<\/p>\n\n<p>Un cookie este un fi\u0219ier mic care cere permisiunea de a fi plasat pe hard disk-ul calculatorului t\u0103u. Odat\u0103 ce e\u0219ti de acord, fi\u0219ierul este ad\u0103ugat, iar cookie-ul ajut\u0103 la analizarea traficului web sau te notific\u0103 c\u00e2nd vizitezi o anumit\u0103 pagin\u0103. Cookie-urile permit aplica\u021biilor web s\u0103 r\u0103spund\u0103 la dumneavoastr\u0103 ca individ. Aplica\u021bia web \u00ee\u0219i poate adapta opera\u021biunile la nevoile, preferin\u021bele \u0219i preferin\u021bele tale prin colectarea \u0219i memorarea informa\u021biilor despre preferin\u021bele tale.   <\/p>\n\n<p>Folosim cookie-uri de jurnal de trafic pentru a identifica ce pagini sunt folosite. Acest lucru ne ajut\u0103 s\u0103 analiz\u0103m datele despre traficul site-ului web \u0219i s\u0103 ne \u00eembun\u0103t\u0103\u021bim site-ul pentru a-l adapta nevoilor utilizatorului. Folosim aceste informa\u021bii doar \u00een scopuri de analiz\u0103 statistic\u0103, iar apoi datele sunt eliminate din sistem.  <\/p>\n\n<p>\u00cen general, cookie-urile ne ajut\u0103 s\u0103 v\u0103 oferim un site mai bun, permi\u021b\u00e2ndu-ne s\u0103 urm\u0103rim ce pagini g\u0103si\u021bi utile \u0219i care nu. Un cookie nu ne ofer\u0103 acces la calculatorul t\u0103u sau la nicio informa\u021bie despre tine \u00een niciun fel, \u00een afar\u0103 de informa\u021biile pe care alegi s\u0103 le \u00eemp\u0103rt\u0103\u0219e\u0219ti cu noi. Po\u021bi alege dac\u0103 accep\u021bi sau refuzi cookie-urile. Majoritatea browserelor web accept\u0103 automat cookie-uri, dar de obicei po\u021bi schimba set\u0103rile browserului pentru a refuza cookie-urile dac\u0103 dore\u0219ti. Acest lucru te poate \u00eempiedica s\u0103 profi\u021bi pe deplin de site-ul site-ului.    <\/p>\n\n<p>LINKURI C\u0102TRE ALTE SITE-URI<\/p>\n\n<p>Site-ul nostru poate con\u021bine linkuri c\u0103tre alte site-uri de interes. Totu\u0219i, odat\u0103 ce a\u021bi folosit aceste linkuri pentru a p\u0103r\u0103si site-ul nostru, trebuie s\u0103 \u0219ti\u021bi c\u0103 nu avem niciun control asupra celuilalt site. Prin urmare, nu putem fi responsabili pentru protec\u021bia \u0219i confiden\u021bialitatea oric\u0103ror informa\u021bii pe care le furniza\u021bi \u00een timpul vizit\u0103rii acestor site-uri, iar aceste site-uri nu sunt guvernate de aceast\u0103 declara\u021bie de confiden\u021bialitate. Ar trebui s\u0103 fii atent \u0219i s\u0103 consul\u021bi declara\u021bia de confiden\u021bialitate care se aplic\u0103 site-ului \u00een cauz\u0103.   <\/p>\n\n<p>CONTROLUL DATELOR TALE PERSONALE<\/p>\n\n<p>Pute\u021bi alege s\u0103 limita\u021bi colectarea sau utilizarea informa\u021biilor personale \u00een urm\u0103toarele moduri:<\/p>\n\n<p>-Ori de c\u00e2te ori \u021bi se cere s\u0103 completezi un formular pe site, caut\u0103 o caset\u0103 pe care s\u0103 o po\u021bi bifla pentru a indica faptul c\u0103 nu vrei ca nimeni s\u0103 foloseasc\u0103 datele \u00een scopuri de marketing direct<\/p>\n\n<p>-Dac\u0103 ai consim\u021bit anterior ca noi s\u0103 folosim informa\u021biile tale personale \u00een scopuri de marketing direct, te po\u021bi r\u0103zg\u00e2ndi oric\u00e2nd scriindu-ne sau trimi\u021b\u00e2ndu-ne un e-mail<\/p>\n\n<p>Nu vom vinde, distribui sau \u00eenchiria informa\u021biile tale personale ter\u021bilor dec\u00e2t dac\u0103 avem permisiunea ta sau suntem obliga\u021bi prin lege. Putem folosi informa\u021biile dumneavoastr\u0103 personale pentru a v\u0103 trimite informa\u021bii promo\u021bionale despre ter\u021bi pe care le consider\u0103m de interes pentru dumneavoastr\u0103. <\/p>\n\n<p>Pute\u021bi solicita detalii despre datele personale pe care le de\u021binem despre dumneavoastr\u0103 conform Legii privind Protec\u021bia Datelor. Se va pl\u0103ti o tax\u0103 mic\u0103. Dac\u0103 dori\u021bi o copie a informa\u021biilor dumneavoastr\u0103, v\u0103 rog s\u0103 scrie\u021bi la&#8230;<\/p>\n\n<p>Dac\u0103 considera\u021bi c\u0103 orice informa\u021bie pe care o de\u021binem despre dumneavoastr\u0103 este inexact\u0103 sau incomplet\u0103, v\u0103 rug\u0103m s\u0103 ne scrie\u021bi sau s\u0103 ne trimite\u021bi un e-mail c\u00e2t mai cur\u00e2nd posibil la adresa noastr\u0103. Vom corecta prompt orice informa\u021bie dovedit\u0103 a fi incorect\u0103. <\/p>\n\n<p>LISTA COOKIE-URILOR PE CARE LE COLECT\u0102M:<\/p>\n\n<p>-nume de fursecuri<\/p>\n\n<p>&#8211; Descrierea cookie-urilor<\/p>\n\n<p>-co\u0219<\/p>\n\n<p>-Categorii<\/p>\n\n<p>-Valut\u0103<\/p>\n\n<p>-cump\u0103r\u0103tor&#8230;<\/p>\n\n<p>Aceast\u0103 Politic\u0103 de Confiden\u021bialitate a Programului de Mesagerie Text explic\u0103 modul \u00een care MarioLab colecteaz\u0103 \u0219i folose\u0219te informa\u021bii despre tine \u00een leg\u0103tur\u0103 cu programul s\u0103u de marketing prin mesagerie text.<\/p>\n\n<p>COLECTAREA INFORMA\u021aIILOR<\/p>\n\n<p>Colect\u0103m o varietate de informa\u021bii despre tine, inclusiv informa\u021bii pe care le furnizezi direct atunci c\u00e2nd folose\u0219ti serviciul de mesagerie. De exemplu, colect\u0103m num\u0103rul de telefon \u0219i adresa de email pe care a\u021bi furnizat-o c\u00e2nd v-a\u021bi \u00eenscris la un serviciu de mesagerie. C\u00e2nd trimi\u021bi mesaje printr-un serviciu de mesagerie, vom colecta \u0219i istoricul t\u0103u de mesaje \u0219i orice informa\u021bii incluse \u00een acele mesaje.  <\/p>\n\n<p>De asemenea, putem colecta informa\u021bii despre dumneavoastr\u0103 prin utilizarea cookie-urilor sau a tehnologiilor similare. Cookie-urile sunt informa\u021bii pe care browserul t\u0103u le stocheaz\u0103 pe hard disk-ul sau memoria dispozitivului. Cookie-urile ne permit s\u0103 personaliz\u0103m experien\u021ba ta pe serviciul de mesagerie (de exemplu, trimit\u00e2ndu-\u021bi mesaje text personalizate, cum ar fi memento-uri pentru co\u0219uri).  <\/p>\n\n<p>Dac\u0103 participa\u021bi la un concurs, o tombol\u0103, un studiu de cercetare sau un sondaj prin email legat de un serviciu de mesagerie, vom colecta informa\u021bii de contact de baz\u0103 \u0219i orice alte informa\u021bii pe care alege\u021bi s\u0103 le furniza\u021bi \u00een leg\u0103tur\u0103 cu aceste activit\u0103\u021bi. De asemenea, vom colecta informa\u021biile dumneavoastr\u0103 de contact dac\u0103 ne contacta\u021bi cu \u00eentreb\u0103ri despre serviciul de mesagerie sau serviciul pentru clien\u021bi. <\/p>\n\n<p>UTILIZAREA INFORMA\u021aIILOR<\/p>\n\n<p>Folosim informa\u021biile dumneavoastr\u0103 pentru a livra, analiza, \u00eentre\u021bine \u0219i sus\u021bine serviciul de mesagerie. De asemenea, putem folosi informa\u021biile dumneavoastr\u0103 pentru a \u00eembun\u0103t\u0103\u021bi func\u021bionalit\u0103\u021bile serviciului de mesagerie \u0219i pentru a personaliza \u0219i personaliza experien\u021bele dumneavoastr\u0103 pe acest serviciu. <\/p>\n\n<p>PARTAJAREA INFORMA\u021aIILOR<\/p>\n\n<p>Putem distribui, transfera sau divulga informa\u021biile tale dac\u0103 consim\u021bi s\u0103 facem acest lucru, precum \u0219i \u00een urm\u0103toarele circumstan\u021be:<\/p>\n\n<p>Furnizori de servicii. Putem \u00eemp\u0103rt\u0103\u0219i informa\u021biile dumneavoastr\u0103 cu ter\u021bi pentru a v\u0103 ajuta s\u0103 furniza\u021bi serviciul de mesagerie. <\/p>\n\n<p>Obliga\u021bia legal\u0103 \u0219i protec\u021bia aten\u021biei. Putem dezv\u0103lui informa\u021biile dumneavoastr\u0103 deoarece consider\u0103m c\u0103 o astfel de dezv\u0103luire este necesar\u0103 sau adecvat\u0103 pentru: <\/p>\n\n<p>&#8211; Respectarea legisla\u021biei \u0219i procedurilor legale aplicabile<\/p>\n\n<p>&#8211; r\u0103spunde la solicit\u0103rile autorit\u0103\u021bilor publice \u0219i guvernamentale, inclusiv autorit\u0103\u021bi publice \u0219i guvernamentale din afara \u021b\u0103rii tale de re\u0219edin\u021b\u0103<\/p>\n\n<p>&#8211; s\u0103 ne protej\u0103m drepturile, intimitatea, siguran\u021ba sau proprietatea \u0219i\/sau drepturile afilia\u021bilor no\u0219tri, dumneavoastr\u0103 sau ale altora. Ele ne permit s\u0103 profit\u0103m de op\u021biunile legale disponibile sau s\u0103 limit\u0103m daunele pe care le-am putea suferi.<\/p>\n\n<p>Din c\u00e2nd \u00een c\u00e2nd, putem \u00eemp\u0103rt\u0103\u0219i informa\u021bii despre utilizarea serviciului de mesagerie cu orice ter\u021b\u0103 parte, inclusiv advertiseri, parteneri promo\u021bionali \u0219i sponsori.<\/p>\n\n<p>PROTEC\u021aIA INFORMA\u021aIILOR<\/p>\n\n<p>Adopt\u0103m o varietate de m\u0103suri de securitate fizice, tehnice, administrative \u0219i organiza\u021bionale, bazate pe sensibilitatea informa\u021biilor pe care le colect\u0103m, pentru a proteja informa\u021biile dumneavoastr\u0103 \u00eempotriva distrugerii accidentale sau ilegale sau a pierderii, modific\u0103rilor, divulg\u0103rii neautorizate sau accesului accidental. Din p\u0103cate, nicio activitate online nu poate fi 100% sigur\u0103. De\u0219i ne str\u0103duim s\u0103 protej\u0103m informa\u021biile dumneavoastr\u0103 \u00eempotriva utiliz\u0103rii sau divulg\u0103rii neautorizate, nu putem garanta sau garanta securitatea niciunei informa\u021bii pe care le furniza\u021bi. Nu ne asum\u0103m responsabilitatea pentru dezv\u0103luiri neinten\u021bionate.   <\/p>\n\n<p>P\u0102STRAREA INFORMA\u021aIILOR<\/p>\n\n<p>P\u0103str\u0103m informa\u021biile dumneavoastr\u0103 at\u00e2t timp c\u00e2t participa\u021bi la serviciul de mesagerie sau at\u00e2t timp c\u00e2t este necesar pentru a respecta obliga\u021biile legale aplicabile. De asemenea, vom p\u0103stra \u0219i folosi informa\u021biile dumneavoastr\u0103 dup\u0103 necesitate pentru a rezolva disputele, a ne proteja pe noi \u0219i pe clien\u021bii no\u0219tri \u0219i pentru a ne impune acordurile. <\/p>\n\n<p>ALEGERI \u0218I CONTROALE<\/p>\n\n<p>Consim\u021b\u0103m\u00e2ntul pentru a primi mesaje automate de marketing nu este o condi\u021bie a niciunei achizi\u021bii. Pute\u021bi renun\u021ba la a primi mesaje comerciale prin serviciul de mesagerie r\u0103spunz\u00e2nd la oricare dintre mesajele noastre cu oricare dintre urm\u0103toarele r\u0103spunsuri: OPRI\u021aI, \u00ceNCHEIA\u021aI, ANULA\u021aI, DEZABONA\u021aI sau ANULA\u021aI. Pentru mai multe informa\u021bii despre renun\u021b\u0103ri, v\u0103 rug\u0103m s\u0103 consulta\u021bi Termenii no\u0219tri.  <\/p>\n\n<p>CUSTOMER<\/p>\n\n<p>Dac\u0103 ave\u021bi probleme cu serviciul de mesagerie, v\u0103 rug\u0103m s\u0103 vizita\u021bi:&#8230;. \u0219i trimite un formular detaliind problema sau cererea de suport, sau trimite un email la&#8230;<\/p>\n\n<p>POLITICA PRINCIPAL\u0102 DE CONFIDEN\u021aIALITATE<\/p>\n\n<p>Dac\u0103 v\u0103 \u00eenscrie\u021bi pentru a primi mesaje text de la noi, sunte\u021bi de acord \u0219i cu Politica noastr\u0103 principal\u0103 de confiden\u021bialitate.<\/p>\n\n<p>DISCLAIMER<br\/><br\/>MarioLab.hr folosite doar \u00een scopuri informative generale. Acestea nu ar trebui folosite pentru auto-diagnostic \u0219i nu \u00eenlocuiesc examinarea medical\u0103, tratamentul, diagnosticul \u0219i prescrip\u021bia sau recomandarea. Nu ar trebui s\u0103 v\u0103 schimba\u021bi regimul de s\u0103n\u0103tate sau dieta \u00eenainte de a contacta medicul sau profesionistul medical ales pentru un examen medical, diagnostic \u0219i recomandare. Solicita\u021bi \u00eentotdeauna sfatul unui medic sau al altui profesionist din domeniul s\u0103n\u0103t\u0103\u021bii dac\u0103 ave\u021bi \u00eentreb\u0103ri legate de afec\u021biunea dumneavoastr\u0103 medical\u0103.   <\/p>\n","protected":false},"excerpt":{"rendered":"<p>POLITICA DE CONFIDEN\u021aIALITATE: Aceast\u0103 politic\u0103 de confiden\u021bialitate reglementeaz\u0103 modul \u00een care utiliza\u021bi \u0219i proteja\u021bi orice informa\u021bie furnizat\u0103 site-ului MarioLab. MarioLab asigur\u0103 protec\u021bia confiden\u021bialit\u0103\u021bii tale. Dac\u0103 v\u0103 cerem s\u0103 furniza\u021bi anumite informa\u021bii personale identificabile atunci c\u00e2nd utiliza\u021bi acest site, pute\u021bi fi sigur c\u0103 acestea vor fi folosite doar \u00een conformitate cu aceast\u0103 declara\u021bie de confiden\u021bialitate. MarioLab [&hellip;]<\/p>\n","protected":false},"author":1,"featured_media":0,"parent":0,"menu_order":0,"comment_status":"closed","ping_status":"open","template":"","meta":{"_seopress_robots_primary_cat":"","_seopress_titles_title":"","_seopress_titles_desc":"","_seopress_robots_index":"","footnotes":""},"class_list":["post-11173","page","type-page","status-publish","hentry","wpbf-post"],"_links":{"self":[{"href":"https:\/\/mariolab.hr\/ro\/wp-json\/wp\/v2\/pages\/11173","targetHints":{"allow":["GET"]}}],"collection":[{"href":"https:\/\/mariolab.hr\/ro\/wp-json\/wp\/v2\/pages"}],"about":[{"href":"https:\/\/mariolab.hr\/ro\/wp-json\/wp\/v2\/types\/page"}],"author":[{"embeddable":true,"href":"https:\/\/mariolab.hr\/ro\/wp-json\/wp\/v2\/users\/1"}],"replies":[{"embeddable":true,"href":"https:\/\/mariolab.hr\/ro\/wp-json\/wp\/v2\/comments?post=11173"}],"version-history":[{"count":0,"href":"https:\/\/mariolab.hr\/ro\/wp-json\/wp\/v2\/pages\/11173\/revisions"}],"wp:attachment":[{"href":"https:\/\/mariolab.hr\/ro\/wp-json\/wp\/v2\/media?parent=11173"}],"curies":[{"name":"wp","href":"https:\/\/api.w.org\/{rel}","templated":true}]}}