{"id":12424,"date":"2024-10-31T19:33:54","date_gmt":"2024-10-31T18:33:54","guid":{"rendered":"https:\/\/mariolab.hr\/proizvod\/remedii-naturale-miraculoase-partea-a-2-a-carte-tiparita\/"},"modified":"2024-10-31T19:33:54","modified_gmt":"2024-10-31T18:33:54","slug":"remedii-naturale-miraculoase-partea-a-2-a-carte-tiparita","status":"publish","type":"product","link":"https:\/\/mariolab.hr\/ro\/proizvod\/remedii-naturale-miraculoase-partea-a-2-a-carte-tiparita\/","title":{"rendered":"Remedii naturale miraculoase Partea a 2-a CARTE TIP\u0102RIT\u0102"},"content":{"rendered":"<p><strong>CARTE NOU\u0102 LA V\u00c2NZARE<br \/>\n<\/strong><\/p>\n<h3>Remedii naturale miraculoase &#8211; Ghidul t\u0103u pentru s\u0103n\u0103tate CARTE<\/h3>\n<p><strong>DESPRE CARTE:<\/strong><br \/>\nVrei s\u0103 preiei controlul asupra s\u0103n\u0103t\u0103\u021bii tale \u00eentr-un mod natural? Nu c\u0103uta mai departe dec\u00e2t noua mea carte despre remedii naturale miraculoase. \u00cen aceast\u0103 carte, vei afla mai multe despre bogata istorie a medicinelor naturale, vei afla care sunt cele mai bune plante medicinale \u0219i aplica\u021biile lor \u00een tratamentul \u0219i prevenirea bolilor.  <\/p>\n<p><strong>Despre ce este vorba:<\/strong><br \/>\nVei descoperi cum s\u0103-\u021bi cultivi propria gr\u0103din\u0103 de plante aromatice, vei primi instruc\u021biuni clare privind doza, posibilele efecte secundare \u0219i interac\u021biunile cheie cu medicamentele chimice. Exploreaz\u0103 cum remediile naturale pot sus\u021bine starea ta general\u0103 de bine, promov\u00e2nd s\u0103n\u0103tatea \u00eentr-un mod sigur \u0219i f\u0103r\u0103 efecte secundare. <\/p>\n<p><strong>Pentru cine este cartea:<\/strong><br \/>\nAceast\u0103 carte este destinat\u0103 tuturor: at\u00e2t \u00eencep\u0103torilor, c\u00e2t \u0219i persoanelor cu experien\u021b\u0103 vast\u0103 \u00een domeniul medicinei naturale.<\/p>\n<p>&#8220;Remedii Naturale Miraculoase Partea 2&#8221; este a doua parte dintr-o serie uimitoare \u00een patru p\u0103r\u021bi care va fi lansat\u0103 anul acesta \u0219i anul viitor. Cartea serve\u0219te ca un ghid ideal pentru oricine dore\u0219te s\u0103 aplice remedii naturale \u00een lupta \u00eempotriva bolilor omului modern. <\/p>\n<p>Nu a\u0219tepta! Comand\u0103-\u021bi exemplarul ast\u0103zi \u0219i porne\u0219te \u00eentr-o c\u0103l\u0103torie spre s\u0103n\u0103tate \u0219i bun\u0103stare \u00eentr-un mod natural! <\/p>\n","protected":false},"excerpt":{"rendered":"<p><strong>CARTE NOU\u0102 LA V\u00c2NZARE<br \/>\n<\/strong><\/p>\n<p>Aceast\u0103 carte este destinat\u0103 tuturor: at\u00e2t \u00eencep\u0103torilor, c\u00e2t \u0219i persoanelor cu experien\u021b\u0103 vast\u0103 \u00een domeniul medicinei naturale.<\/p>\n","protected":false},"featured_media":12425,"comment_status":"open","ping_status":"closed","template":"","meta":{"_seopress_robots_primary_cat":"none","_seopress_titles_title":"","_seopress_titles_desc":"","_seopress_robots_index":""},"product_brand":[],"product_cat":[2669,2670],"product_tag":[],"class_list":{"0":"post-12424","1":"product","2":"type-product","3":"status-publish","4":"has-post-thumbnail","6":"product_cat-carti","7":"product_cat-editii-tiparite-ale-cartilor","8":"wpbf-post","11":"instock","12":"taxable","13":"shipping-taxable","14":"purchasable","15":"product-type-variable"},"_links":{"self":[{"href":"https:\/\/mariolab.hr\/ro\/wp-json\/wp\/v2\/product\/12424","targetHints":{"allow":["GET"]}}],"collection":[{"href":"https:\/\/mariolab.hr\/ro\/wp-json\/wp\/v2\/product"}],"about":[{"href":"https:\/\/mariolab.hr\/ro\/wp-json\/wp\/v2\/types\/product"}],"replies":[{"embeddable":true,"href":"https:\/\/mariolab.hr\/ro\/wp-json\/wp\/v2\/comments?post=12424"}],"version-history":[{"count":0,"href":"https:\/\/mariolab.hr\/ro\/wp-json\/wp\/v2\/product\/12424\/revisions"}],"wp:featuredmedia":[{"embeddable":true,"href":"https:\/\/mariolab.hr\/ro\/wp-json\/wp\/v2\/media\/12425"}],"wp:attachment":[{"href":"https:\/\/mariolab.hr\/ro\/wp-json\/wp\/v2\/media?parent=12424"}],"wp:term":[{"taxonomy":"product_brand","embeddable":true,"href":"https:\/\/mariolab.hr\/ro\/wp-json\/wp\/v2\/product_brand?post=12424"},{"taxonomy":"product_cat","embeddable":true,"href":"https:\/\/mariolab.hr\/ro\/wp-json\/wp\/v2\/product_cat?post=12424"},{"taxonomy":"product_tag","embeddable":true,"href":"https:\/\/mariolab.hr\/ro\/wp-json\/wp\/v2\/product_tag?post=12424"}],"curies":[{"name":"wp","href":"https:\/\/api.w.org\/{rel}","templated":true}]}}