{"id":24862,"date":"2025-11-29T15:19:10","date_gmt":"2025-11-29T14:19:10","guid":{"rendered":"https:\/\/mariolab.hr\/?post_type=product&#038;p=24862"},"modified":"2025-11-29T15:27:58","modified_gmt":"2025-11-29T14:27:58","slug":"set-de-carti-tiparite-miraculous-natural-remedies-1-3-parti-kopiraj","status":"publish","type":"product","link":"https:\/\/mariolab.hr\/ro\/proizvod\/set-de-carti-tiparite-miraculous-natural-remedies-1-3-parti-kopiraj\/","title":{"rendered":"SET DE C\u0102R\u021aI TIP\u0102RITE Remedii naturale miraculoase Partea 1-3 \u0219i POSTUL INTERMITENT: Secretul s\u0103n\u0103t\u0103\u021bii \u0219i longevit\u0103\u021bii"},"content":{"rendered":"<h3>Remedii naturale miraculoase Partea 1 <\/h3>\n<p><strong>DESPRE CARTE:<\/strong><br \/>\nVrei s\u0103 preiei controlul asupra s\u0103n\u0103t\u0103\u021bii tale \u00eentr-un mod natural? Nu c\u0103uta mai departe dec\u00e2t noua mea carte despre remedii naturale miraculoase. \u00cen aceast\u0103 carte, vei afla mai multe despre bogata istorie a medicinelor naturale, vei afla care sunt cele mai bune plante medicinale \u0219i aplica\u021biile lor \u00een tratamentul \u0219i prevenirea bolilor.  <\/p>\n<p><strong>Despre ce este vorba:<\/strong><br \/>\nVei descoperi cum s\u0103-\u021bi cultivi propria gr\u0103din\u0103 de plante aromatice, vei primi instruc\u021biuni clare privind doza, posibilele efecte secundare \u0219i interac\u021biunile cheie cu medicamentele chimice. Exploreaz\u0103 cum remediile naturale pot sus\u021bine starea ta general\u0103 de bine, promov\u00e2nd s\u0103n\u0103tatea \u00eentr-un mod sigur \u0219i f\u0103r\u0103 efecte secundare. <\/p>\n<p><strong>Pentru cine este cartea:<\/strong><br \/>\nAceast\u0103 carte este destinat\u0103 tuturor: at\u00e2t \u00eencep\u0103torilor, c\u00e2t \u0219i persoanelor cu experien\u021b\u0103 vast\u0103 \u00een domeniul medicinei naturale.<\/p>\n<p>&#8220;Remedii Naturale Miraculoase Partea 1&#8221; este prima parte dintr-o serie uimitoare \u00een patru p\u0103r\u021bi care va fi lansat\u0103 anul acesta \u0219i anul viitor. Cartea serve\u0219te ca un ghid ideal pentru oricine dore\u0219te s\u0103 aplice remedii naturale \u00een lupta \u00eempotriva bolilor omului modern. <\/p>\n<p>Nu a\u0219tepta! Comand\u0103-\u021bi exemplarul ast\u0103zi \u0219i porne\u0219te \u00eentr-o c\u0103l\u0103torie spre s\u0103n\u0103tate \u0219i bun\u0103stare \u00eentr-un mod natural! <\/p>\n<h3>Remedii Naturale Miraculoase Partea 2<\/h3>\n<p><strong>DESPRE CARTE:<\/strong><br \/>\nVrei s\u0103 preiei controlul asupra s\u0103n\u0103t\u0103\u021bii tale \u00eentr-un mod natural? Nu c\u0103uta mai departe dec\u00e2t noua mea carte despre remedii naturale miraculoase. \u00cen aceast\u0103 carte, vei afla mai multe despre bogata istorie a medicinelor naturale, vei afla care sunt cele mai bune plante medicinale \u0219i aplica\u021biile lor \u00een tratamentul \u0219i prevenirea bolilor.  <\/p>\n<p><strong>Despre ce este vorba:<\/strong><br \/>\nVei descoperi cum s\u0103-\u021bi cultivi propria gr\u0103din\u0103 de plante aromatice, vei primi instruc\u021biuni clare privind doza, posibilele efecte secundare \u0219i interac\u021biunile cheie cu medicamentele chimice. Exploreaz\u0103 cum remediile naturale pot sus\u021bine starea ta general\u0103 de bine, promov\u00e2nd s\u0103n\u0103tatea \u00eentr-un mod sigur \u0219i f\u0103r\u0103 efecte secundare. <\/p>\n<p><strong>Pentru cine este cartea:<\/strong><br \/>\nAceast\u0103 carte este destinat\u0103 tuturor: at\u00e2t \u00eencep\u0103torilor, c\u00e2t \u0219i persoanelor cu experien\u021b\u0103 vast\u0103 \u00een domeniul medicinei naturale.<\/p>\n<p>&#8220;Remedii naturale miraculoase partea a 2-a&#8221; este prima parte dintr-o serie uimitoare de patru p\u0103r\u021bi care va fi lansat\u0103 \u00een acest an \u0219i \u00een urm\u0103torul. Cartea serve\u0219te ca un ghid ideal pentru oricine dore\u0219te s\u0103 aplice remedii naturale \u00een lupta \u00eempotriva bolilor omului modern. <\/p>\n<p>Nu a\u0219tepta! Comand\u0103-\u021bi exemplarul ast\u0103zi \u0219i porne\u0219te \u00eentr-o c\u0103l\u0103torie spre s\u0103n\u0103tate \u0219i bun\u0103stare \u00eentr-un mod natural! <\/p>\n<h3>Remedii Naturale Miraculoase Partea 3<\/h3>\n<p class=\"ydp7ef12f8fMsoNormal\">&#8220;Remedii naturale miraculoase \u2013 Partea a 3-a&#8221; este o continuare a seriei de c\u0103r\u021bi despre remedii naturale scris\u0103 de Mario Labudovi\u0107. Aceast\u0103 carte te poart\u0103 ad\u00e2nc \u00een lumea plantelor medicinale \u0219i a preparatelor tradi\u021bionale care \u00ee\u021bi vor schimba profund cuno\u0219tin\u021bele despre un stil de via\u021b\u0103 s\u0103n\u0103tos.  <\/p>\n<p class=\"ydp7ef12f8fMsoNormal\">A treia parte a seriei aduce mai mult dec\u00e2t o simpl\u0103 descriere clasic\u0103 a plantelor. Cartea arat\u0103 cum remediile naturale sunt folosite \u00een istorie, tradi\u021bie \u0219i \u0219tiin\u021ba modern\u0103, cum s\u0103 alegi plante de calitate, cum s\u0103 preg\u0103te\u0219ti corect infuzii, decocturi, tincturi, unguente \u0219i tonice \u0219i cum s\u0103 \u00een\u021belegi compu\u0219ii activi ascun\u0219i \u00een fiecare plant\u0103.<br \/>\nToate plantele sunt prezentate prin exemple practice, explica\u021bii clare, recomand\u0103ri sigure \u0219i experien\u021be practice reale, oferind cititorului un manual de \u00eencredere, u\u0219or de \u00een\u021beles \u0219i structurat profesional. <\/p>\n<p class=\"ydp7ef12f8fMsoNormal\">Cartea include:<\/p>\n<ul type=\"disc\">\n<li class=\"ydp7ef12f8fMsoNormal\">descrieri detaliate ale celor mai puternice plante folosite \u00een fitoterapia tradi\u021bional\u0103 \u0219i modern\u0103<\/li>\n<li class=\"ydp7ef12f8fMsoNormal\">Explica\u021bii \u0219tiin\u021bifice despre compu\u0219ii activi \u0219i func\u021biile lor \u00een organism<\/li>\n<\/ul>\n<ul type=\"disc\">\n<li class=\"ydp7ef12f8fMsoNormal\">Proceduri pentru prepararea preparatelor naturale (infuzii, decocturi, tincturi, siropuri, unguente, capsule)<\/li>\n<li class=\"ydp7ef12f8fMsoNormal\">Tabele complete de m\u0103surare, sterilizare, depozitare \u0219i manipulare sigur\u0103 a plantelor<\/li>\n<li class=\"ydp7ef12f8fMsoNormal\">Sfaturi pentru selec\u021bie, controlul calit\u0103\u021bii \u0219i \u00eengrijirea corect\u0103 a plantelor<\/li>\n<li class=\"ydp7ef12f8fMsoNormal\">Ghid de expert \u00een cultivarea, recoltarea, uscarea \u0219i procesarea plantelor medicinale<\/li>\n<li class=\"ydp7ef12f8fMsoNormal\">O explica\u021bie clar\u0103 a efectelor plantelor asupra sistemelor digestive, circulatorii, nervoase \u0219i imunitare<\/li>\n<li class=\"ydp7ef12f8fMsoNormal\">O prezentare general\u0103 a istoriei globale \u0219i a aplic\u0103rii plantelor medicinale \u00een tradi\u021biile chineze, indiene, africane \u0219i europene<\/li>\n<\/ul>\n<p class=\"ydp7ef12f8fMsoNormal\">Aceast\u0103 carte nu este doar o enciclopedie a plantelor \u2013 este un sistem complet de cunoa\u0219tere destinat oricui dore\u0219te s\u0103 \u00een\u021beleag\u0103 natura, s\u0103n\u0103tatea \u0219i propriul corp la un nivel mai profund. Este scris\u0103 simplu, de \u00een\u021beles \u0219i profesional, astfel \u00eenc\u00e2t fiecare cititor s\u0103 poat\u0103 folosi \u00een siguran\u021b\u0103 preparate naturale cu sfatul exper\u021bilor medicali. <\/p>\n<p class=\"ydp7ef12f8fMsoNormal\">A treia parte a seriei completeaz\u0103 perfect c\u0103r\u021bile anterioare, extinde cuno\u0219tin\u021bele \u0219i descoper\u0103 plante noi a c\u0103ror eficien\u021b\u0103 a fost confirmat\u0103 de secole de tradi\u021bie \u0219i cercet\u0103ri moderne. Aceast\u0103 continuare face ca seria &#8220;Miracle Natural Remedies&#8221; s\u0103 fie unul dintre cele mai complete manuale de s\u0103n\u0103tate natural\u0103 din lumea medicinelor naturale. <\/p>\n<p class=\"ydp7ef12f8fMsoNormal\"><b>Dac\u0103 vrei s\u0103 \u00eenve\u021bi cum s\u0103 folose\u0219ti natura \u00eentr-un mod sigur, practic \u0219i eficient \u2013 aceast\u0103 carte este alegerea potrivit\u0103.<\/b><\/p>\n<h3>POSTUL INTERMITENT: Secretul s\u0103n\u0103t\u0103\u021bii \u0219i longevit\u0103\u021bii<\/h3>\n<p>DESPRE CARTE: Cartea<br \/>\n este despre cel mai s\u0103n\u0103tos regim alimentar din lume, numit &#8220;post intermitent&#8221;. Aceast\u0103 carte este rezultatul cercet\u0103rilor mele despre acest mod de a alimenta \u0219i aplicarea lui \u00een via\u021ba mea \u0219i \u00een lucrul cu pacien\u021bii.<\/p>\n<p>Despre ce este vorba:<br \/>\n &#8220;Postul intermitent&#8221; nu este doar o diet\u0103; este un stil de via\u021b\u0103 care are un impact pozitiv asupra s\u0103n\u0103t\u0103\u021bii tale fizice \u0219i mentale. Prin intermediul unei prezent\u0103ri detaliate despre cum s\u0103 practici postul intermitent, aceast\u0103 carte ofer\u0103 ghiduri, sfaturi \u0219i re\u021bete specifice pentru a te ajuta s\u0103 ob\u021bii cele mai bune rezultate. <\/p>\n<p>Baz\u0103 \u0219tiin\u021bific\u0103:<br \/>\n Cartea se bazeaz\u0103 pe cele mai recente cercet\u0103ri \u0219tiin\u021bifice care confirm\u0103 beneficiile incredibile ale postului intermitent. De la reglarea greut\u0103\u021bii corporale \u0219i \u00eembun\u0103t\u0103\u021birea metabolismului, p\u00e2n\u0103 la reducerea inflama\u021biei \u0219i \u00eembun\u0103t\u0103\u021birea func\u021biei cognitive. Cartea ofer\u0103 ghiduri practice pentru \u00eencep\u0103tori, dar \u0219i multe informa\u021bii noi pentru to\u021bi cei care practic\u0103 aceast\u0103 diet\u0103. <\/p>\n<p>Ce vei \u00eenv\u0103\u021ba:<br \/>\n Cum s\u0103 \u00eencepi postul intermitent \u0219i s\u0103-l adaptezi nevoilor tale.<br \/>\nBeneficii pentru s\u0103n\u0103tate, inclusiv pierderea \u00een greutate, \u00eembun\u0103t\u0103\u021birea func\u021biei inimii \u0219i a creierului \u0219i reducerea riscului de boli.<br \/>\nRe\u021bete \u0219i planuri alimentare care s\u0103 te ajute s\u0103 \u00ee\u021bi atingi obiectivele de post intermitent.<\/p>\n<p>Pentru cine este cartea:<br \/>\n Aceast\u0103 carte este destinat\u0103 oricui dore\u0219te s\u0103 preia controlul asupra s\u0103n\u0103t\u0103\u021bii sale, s\u0103 ating\u0103 longevitatea \u0219i s\u0103 descopere secretele celui mai s\u0103n\u0103tos regim alimentar din lume.<\/p>\n","protected":false},"excerpt":{"rendered":"<ul>\n<li class=\"woocommerce-loop-product__title\">&#8220;Remedii naturale miraculoase Partea 1&#8221; \u2013 Ghidul t\u0103u pentru s\u0103n\u0103tate<\/li>\n<li>&#8220;Remedii naturale miraculoase Partea 2&#8221; \u2013 Ghidul t\u0103u pentru s\u0103n\u0103tate<\/li>\n<li>&#8220;Remedii naturale miraculoase Partea a 3-a&#8221; \u2013 Ghidul t\u0103u pentru s\u0103n\u0103tate<\/li>\n<li>  POSTUL INTERMITENT: Secretul s\u0103n\u0103t\u0103\u021bii \u0219i longevit\u0103\u021bii<\/li>\n<\/ul>\n","protected":false},"featured_media":23746,"comment_status":"closed","ping_status":"closed","template":"","meta":{"_seopress_robots_primary_cat":"none","_seopress_titles_title":"","_seopress_titles_desc":"","_seopress_robots_index":""},"product_brand":[],"product_cat":[2669,2670,2667],"product_tag":[],"class_list":{"0":"post-24862","1":"product","2":"type-product","3":"status-publish","4":"has-post-thumbnail","6":"product_cat-carti","7":"product_cat-editii-tiparite-ale-cartilor","8":"product_cat-produce","9":"wpbf-post","12":"instock","13":"sale","14":"taxable","15":"shipping-taxable","16":"purchasable","17":"product-type-variable"},"_links":{"self":[{"href":"https:\/\/mariolab.hr\/ro\/wp-json\/wp\/v2\/product\/24862","targetHints":{"allow":["GET"]}}],"collection":[{"href":"https:\/\/mariolab.hr\/ro\/wp-json\/wp\/v2\/product"}],"about":[{"href":"https:\/\/mariolab.hr\/ro\/wp-json\/wp\/v2\/types\/product"}],"replies":[{"embeddable":true,"href":"https:\/\/mariolab.hr\/ro\/wp-json\/wp\/v2\/comments?post=24862"}],"version-history":[{"count":2,"href":"https:\/\/mariolab.hr\/ro\/wp-json\/wp\/v2\/product\/24862\/revisions"}],"predecessor-version":[{"id":24958,"href":"https:\/\/mariolab.hr\/ro\/wp-json\/wp\/v2\/product\/24862\/revisions\/24958"}],"wp:featuredmedia":[{"embeddable":true,"href":"https:\/\/mariolab.hr\/ro\/wp-json\/wp\/v2\/media\/23746"}],"wp:attachment":[{"href":"https:\/\/mariolab.hr\/ro\/wp-json\/wp\/v2\/media?parent=24862"}],"wp:term":[{"taxonomy":"product_brand","embeddable":true,"href":"https:\/\/mariolab.hr\/ro\/wp-json\/wp\/v2\/product_brand?post=24862"},{"taxonomy":"product_cat","embeddable":true,"href":"https:\/\/mariolab.hr\/ro\/wp-json\/wp\/v2\/product_cat?post=24862"},{"taxonomy":"product_tag","embeddable":true,"href":"https:\/\/mariolab.hr\/ro\/wp-json\/wp\/v2\/product_tag?post=24862"}],"curies":[{"name":"wp","href":"https:\/\/api.w.org\/{rel}","templated":true}]}}