{"id":25430,"date":"2026-01-16T11:59:09","date_gmt":"2026-01-16T10:59:09","guid":{"rendered":"https:\/\/mariolab.hr\/proizvod\/mariolab-cana-premium-din-ceramica-stil-de-viata-sanatos\/"},"modified":"2026-01-16T11:59:09","modified_gmt":"2026-01-16T10:59:09","slug":"mariolab-cana-premium-din-ceramica-stil-de-viata-sanatos","status":"publish","type":"product","link":"https:\/\/mariolab.hr\/ro\/proizvod\/mariolab-cana-premium-din-ceramica-stil-de-viata-sanatos\/","title":{"rendered":"Mariolab Can\u0103 Premium din ceramic\u0103 &#8211; Stil de via\u021b\u0103 s\u0103n\u0103tos"},"content":{"rendered":"<p data-start=\"337\" data-end=\"739\">Aceast\u0103 can\u0103 ceramic\u0103 elegant\u0103 <strong data-start=\"351\" data-end=\"380\">de 11 oz<\/strong> este acompaniamentul perfect pentru ritualurile tale de diminea\u021b\u0103 \u0219i pentru fiecare moment \u00een care te bucuri de b\u0103utura ta preferat\u0103. Realizat din <strong data-start=\"506\" data-end=\"532\">ceramic\u0103 alb\u0103 lucioas\u0103<\/strong> de \u00eenalt\u0103 calitate, combin\u0103 <strong data-start=\"544\" data-end=\"562\">un aspect premium<\/strong> cu func\u021bionalitate de durat\u0103, \u00een timp ce designul este atent realizat pentru a respecta estetica unui stil de via\u021b\u0103 s\u0103n\u0103tos \u0219i con\u0219tient, cultivat de <em data-start=\"690\" data-end=\"700\">MarioLAB.<\/em> <\/p>\n<p data-start=\"741\" data-end=\"774\"><strong data-start=\"743\" data-end=\"774\">Caracteristici cheie ale produsului:<\/strong><\/p>\n<ul data-start=\"775\" data-end=\"1225\">\n<li data-start=\"775\" data-end=\"865\">\n<p data-start=\"777\" data-end=\"865\"><strong data-start=\"780\" data-end=\"793\">Dimensiune:<\/strong> Standard 11 oz (\u2248 325 ml) \u2013 ideal pentru cafea, ceai sau b\u0103uturi calde.<\/p>\n<\/li>\n<li data-start=\"866\" data-end=\"955\">\n<p data-start=\"868\" data-end=\"955\"><strong data-start=\"871\" data-end=\"882\">Design:<\/strong> design \u00eenf\u0103\u0219ur\u0103tor cu motive care inspir\u0103 s\u0103n\u0103tate \u0219i bun\u0103stare.<\/p>\n<\/li>\n<li data-start=\"956\" data-end=\"1045\">\n<p data-start=\"958\" data-end=\"1045\"><strong data-start=\"960\" data-end=\"974\">Material:<\/strong> ceramic\u0103 de \u00eenalt\u0103 calitate, cu o suprafa\u021b\u0103 lucioas\u0103 pentru utilizare pe termen lung.<\/p>\n<\/li>\n<li data-start=\"1046\" data-end=\"1129\">\n<p data-start=\"1048\" data-end=\"1129\"><strong data-start=\"1051\" data-end=\"1078\">\u00centre\u021binere u\u0219oar\u0103:<\/strong> potrivit\u0103 pentru ma\u0219ina de sp\u0103lat vase \u0219i cuptorul cu microunde.<\/p>\n<\/li>\n<li data-start=\"1130\" data-end=\"1225\">\n<p data-start=\"1132\" data-end=\"1225\"><strong data-start=\"1135\" data-end=\"1154\">Cadoul perfect:<\/strong> frumos conceput \u0219i func\u021bional \u2013 ideal ca un cadou pentru o persoan\u0103 drag\u0103.<\/p>\n<\/li>\n<\/ul>\n<p data-start=\"1227\" data-end=\"1419\">Aceast\u0103 can\u0103 nu este doar un bol de b\u0103ut \u2013 este <strong data-start=\"1272\" data-end=\"1333\">o completare la rutina ta zilnic\u0103 de s\u0103n\u0103tate \u0219i inspira\u021bie<\/strong>, la fel ca valorile promovate <em data-start=\"1370\" data-end=\"1380\">de MarioLAB<\/em>.<\/p>\n","protected":false},"excerpt":{"rendered":"<p>Aceast\u0103 can\u0103 nu este doar un bol de b\u0103ut \u2013 este <strong data-start=\"1272\" data-end=\"1333\">o completare la rutina ta zilnic\u0103 de s\u0103n\u0103tate \u0219i inspira\u021bie<\/strong>, la fel ca valorile promovate <em data-start=\"1370\" data-end=\"1380\">de MarioLAB<\/em>.<\/p>\n","protected":false},"featured_media":25398,"comment_status":"closed","ping_status":"closed","template":"","meta":{"_seopress_robots_primary_cat":"","_seopress_titles_title":"","_seopress_titles_desc":"","_seopress_robots_index":""},"product_brand":[],"product_cat":[2669,2670,2667],"product_tag":[],"class_list":{"0":"post-25430","1":"product","2":"type-product","3":"status-publish","4":"has-post-thumbnail","6":"product_cat-carti","7":"product_cat-editii-tiparite-ale-cartilor","8":"product_cat-produce","9":"wpbf-post","12":"instock","13":"taxable","14":"shipping-taxable","15":"purchasable","16":"product-type-simple"},"_links":{"self":[{"href":"https:\/\/mariolab.hr\/ro\/wp-json\/wp\/v2\/product\/25430","targetHints":{"allow":["GET"]}}],"collection":[{"href":"https:\/\/mariolab.hr\/ro\/wp-json\/wp\/v2\/product"}],"about":[{"href":"https:\/\/mariolab.hr\/ro\/wp-json\/wp\/v2\/types\/product"}],"replies":[{"embeddable":true,"href":"https:\/\/mariolab.hr\/ro\/wp-json\/wp\/v2\/comments?post=25430"}],"version-history":[{"count":0,"href":"https:\/\/mariolab.hr\/ro\/wp-json\/wp\/v2\/product\/25430\/revisions"}],"wp:featuredmedia":[{"embeddable":true,"href":"https:\/\/mariolab.hr\/ro\/wp-json\/wp\/v2\/media\/25398"}],"wp:attachment":[{"href":"https:\/\/mariolab.hr\/ro\/wp-json\/wp\/v2\/media?parent=25430"}],"wp:term":[{"taxonomy":"product_brand","embeddable":true,"href":"https:\/\/mariolab.hr\/ro\/wp-json\/wp\/v2\/product_brand?post=25430"},{"taxonomy":"product_cat","embeddable":true,"href":"https:\/\/mariolab.hr\/ro\/wp-json\/wp\/v2\/product_cat?post=25430"},{"taxonomy":"product_tag","embeddable":true,"href":"https:\/\/mariolab.hr\/ro\/wp-json\/wp\/v2\/product_tag?post=25430"}],"curies":[{"name":"wp","href":"https:\/\/api.w.org\/{rel}","templated":true}]}}