{"id":13309,"date":"2024-05-04T11:57:01","date_gmt":"2024-05-04T09:57:01","guid":{"rendered":"https:\/\/mariolab.hr\/zlavnene-produkty\/"},"modified":"2025-11-26T13:33:31","modified_gmt":"2025-11-26T12:33:31","slug":"zlavnene-produkty","status":"publish","type":"page","link":"https:\/\/mariolab.hr\/sk\/zlavnene-produkty\/","title":{"rendered":"Z\u013dAVNEN\u00c9 PRODUKTY"},"content":{"rendered":"\t\t<div data-elementor-type=\"wp-page\" data-elementor-id=\"13309\" class=\"elementor elementor-13309 elementor-6334\" data-elementor-post-type=\"page\">\n\t\t\t\t<div class=\"elementor-element elementor-element-1064e75 e-flex e-con-boxed e-con e-parent\" data-id=\"1064e75\" data-element_type=\"container\" data-e-type=\"container\">\n\t\t\t\t\t<div class=\"e-con-inner\">\n\t\t\t\t<div class=\"elementor-element elementor-element-9b5f9e3 elementor-widget elementor-widget-heading\" data-id=\"9b5f9e3\" data-element_type=\"widget\" data-e-type=\"widget\" data-widget_type=\"heading.default\">\n\t\t\t\t<div class=\"elementor-widget-container\">\n\t\t\t\t\t<h2 class=\"elementor-heading-title elementor-size-default\">Chr\u00e1\u0148te si zdravie. Urobte z toho svoj nov\u00fd \u017eivotn\u00fd \u0161t\u00fdl! <\/h2>\t\t\t\t<\/div>\n\t\t\t\t<\/div>\n\t\t\t\t\t<\/div>\n\t\t\t\t<\/div>\n\t\t<div class=\"elementor-element elementor-element-65e9746 e-flex e-con-boxed e-con e-parent\" data-id=\"65e9746\" data-element_type=\"container\" data-e-type=\"container\">\n\t\t\t\t\t<div class=\"e-con-inner\">\n\t\t\t\t<div class=\"elementor-element elementor-element-0b1eb54 elementor-product-loop-item--align-center elementor-grid-mobile-1 elementor-grid-4 elementor-grid-tablet-3 elementor-products-grid elementor-wc-products elementor-show-pagination-border-yes elementor-widget elementor-widget-woocommerce-products\" data-id=\"0b1eb54\" data-element_type=\"widget\" data-e-type=\"widget\" data-widget_type=\"woocommerce-products.default\">\n\t\t\t\t<div class=\"elementor-widget-container\">\n\t\t\t\t\t<div class=\"woocommerce columns-4 \"><div class=\"woocommerce-notices-wrapper\"><\/div><ul class=\"wpbf-grid wpbf-grid-large wpbf-grid-1-1 wpbf-grid-small-1-3 wpbf-grid-large-1-4 products elementor-grid columns-4\"><li class=\"wpbf-post product type-product post-24864 status-publish first instock product_cat-knihy product_cat-produkuje product_cat-tlacene-vydania-knih has-post-thumbnail sale taxable shipping-taxable purchasable product-type-variable\">\n\t<div class=\"wpbf-woo-product-wrapper wpbf-clearfix\"><a href=\"https:\/\/mariolab.hr\/sk\/proizvod\/subor-tlacenych-knih-miraculous-natural-remedies-1-3-cast-kopiraj\/\" class=\"woocommerce-LoopProduct-link woocommerce-loop-product__link\"><div class=\"wpbf-woo-loop-thumbnail-wrapper\"><a href=\"https:\/\/mariolab.hr\/sk\/proizvod\/subor-tlacenych-knih-miraculous-natural-remedies-1-3-cast-kopiraj\/\" class=\"woocommerce-LoopProduct-link woocommerce-loop-product__link\">\n\t<span class=\"onsale\">Z\u013eava!<\/span>\n\t<img fetchpriority=\"high\" decoding=\"async\" width=\"400\" height=\"400\" src=\"https:\/\/mariolab.hr\/wp-content\/uploads\/2025\/11\/book-komplet4-400x400.jpg\" class=\"attachment-woocommerce_thumbnail size-woocommerce_thumbnail\" alt=\"S\u00daBOR TLA\u010cEN\u00ddCH KN\u00cdH Miraculous Natural Remedies, \u010dasti 1-3 a PRERU\u0160OVAN\u00dd P\u00d4ST: Tajomstvo zdravia a dlhovekosti\" srcset=\"https:\/\/mariolab.hr\/wp-content\/uploads\/2025\/11\/book-komplet4-400x400.jpg 400w, https:\/\/mariolab.hr\/wp-content\/uploads\/2025\/11\/book-komplet4-300x300.jpg 300w, https:\/\/mariolab.hr\/wp-content\/uploads\/2025\/11\/book-komplet4-1024x1024.jpg 1024w, https:\/\/mariolab.hr\/wp-content\/uploads\/2025\/11\/book-komplet4-150x150.jpg 150w, https:\/\/mariolab.hr\/wp-content\/uploads\/2025\/11\/book-komplet4-768x768.jpg 768w, https:\/\/mariolab.hr\/wp-content\/uploads\/2025\/11\/book-komplet4-800x800.jpg 800w, https:\/\/mariolab.hr\/wp-content\/uploads\/2025\/11\/book-komplet4.jpg 1201w\" sizes=\"(max-width: 400px) 100vw, 400px\" \/><\/a><\/div><h2 class=\"woocommerce-loop-product__title\">S\u00daBOR TLA\u010cEN\u00ddCH KN\u00cdH Miraculous Natural Remedies, \u010dasti 1-3 a PRERU\u0160OVAN\u00dd P\u00d4ST: Tajomstvo zdravia a dlhovekosti<\/h2>\n\t<span class=\"price\"><del aria-hidden=\"true\"><span class=\"woocommerce-Price-amount amount\"><bdi>174,90&nbsp;<span class=\"woocommerce-Price-currencySymbol\">&euro;<\/span><\/bdi><\/span><\/del> <span class=\"screen-reader-text\">P\u00f4vodn\u00e1 cena bola: 174,90&nbsp;&euro;.<\/span><ins aria-hidden=\"true\"><span class=\"woocommerce-Price-amount amount\"><bdi>131,18&nbsp;<span class=\"woocommerce-Price-currencySymbol\">&euro;<\/span><\/bdi><\/span><\/ins><span class=\"screen-reader-text\">Aktu\u00e1lna cena je: 131,18&nbsp;&euro;.<\/span> <small class=\"woocommerce-price-suffix\">sa PDV<\/small><\/span>\n<\/a><a href=\"https:\/\/mariolab.hr\/sk\/proizvod\/subor-tlacenych-knih-miraculous-natural-remedies-1-3-cast-kopiraj\/\" aria-describedby=\"woocommerce_loop_add_to_cart_link_describedby_24864\" data-quantity=\"1\" class=\"button product_type_variable add_to_cart_button\" data-product_id=\"24864\" data-product_sku=\"\" aria-label=\"V\u00fdber nastaven\u00ed pre &ldquo;S\u00daBOR TLA\u010cEN\u00ddCH KN\u00cdH Miraculous Natural Remedies, \u010dasti 1-3 a PRERU\u0160OVAN\u00dd P\u00d4ST: Tajomstvo zdravia a dlhovekosti&rdquo;\" rel=\"nofollow\">V\u00fdber mo\u017enost\u00ed<\/a>\t<span id=\"woocommerce_loop_add_to_cart_link_describedby_24864\" class=\"screen-reader-text\">\n\t\tTento produkt m\u00e1 viacero variantov. Mo\u017enosti si m\u00f4\u017eete vybra\u0165 na str\u00e1nke produktu.\t<\/span>\n<\/div><\/li>\n<li class=\"wpbf-post product type-product post-24842 status-publish instock product_cat-knihy product_cat-produkuje product_cat-tlacene-vydania-knih has-post-thumbnail sale taxable shipping-taxable purchasable product-type-variable\">\n\t<div class=\"wpbf-woo-product-wrapper wpbf-clearfix\"><a href=\"https:\/\/mariolab.hr\/sk\/proizvod\/subor-tlacenych-knih-miraculous-natural-remedies-1-3-cast\/\" class=\"woocommerce-LoopProduct-link woocommerce-loop-product__link\"><div class=\"wpbf-woo-loop-thumbnail-wrapper\"><a href=\"https:\/\/mariolab.hr\/sk\/proizvod\/subor-tlacenych-knih-miraculous-natural-remedies-1-3-cast\/\" class=\"woocommerce-LoopProduct-link woocommerce-loop-product__link\">\n\t<span class=\"onsale\">Z\u013eava!<\/span>\n\t<img decoding=\"async\" width=\"400\" height=\"400\" src=\"https:\/\/mariolab.hr\/wp-content\/uploads\/2025\/11\/book-komplet3-400x400.jpg\" class=\"attachment-woocommerce_thumbnail size-woocommerce_thumbnail\" alt=\"S\u00daBOR TLA\u010cEN\u00ddCH KN\u00cdH Miraculous Natural Remedies 1-3 \u010das\u0165\" srcset=\"https:\/\/mariolab.hr\/wp-content\/uploads\/2025\/11\/book-komplet3-400x400.jpg 400w, https:\/\/mariolab.hr\/wp-content\/uploads\/2025\/11\/book-komplet3-300x300.jpg 300w, https:\/\/mariolab.hr\/wp-content\/uploads\/2025\/11\/book-komplet3-1024x1024.jpg 1024w, https:\/\/mariolab.hr\/wp-content\/uploads\/2025\/11\/book-komplet3-150x150.jpg 150w, https:\/\/mariolab.hr\/wp-content\/uploads\/2025\/11\/book-komplet3-768x768.jpg 768w, https:\/\/mariolab.hr\/wp-content\/uploads\/2025\/11\/book-komplet3-800x800.jpg 800w, https:\/\/mariolab.hr\/wp-content\/uploads\/2025\/11\/book-komplet3.jpg 1201w\" sizes=\"(max-width: 400px) 100vw, 400px\" \/><\/a><\/div><h2 class=\"woocommerce-loop-product__title\">S\u00daBOR TLA\u010cEN\u00ddCH KN\u00cdH Miraculous Natural Remedies 1-3 \u010das\u0165<\/h2>\n\t<span class=\"price\"><del aria-hidden=\"true\"><span class=\"woocommerce-Price-amount amount\"><bdi>146,90&nbsp;<span class=\"woocommerce-Price-currencySymbol\">&euro;<\/span><\/bdi><\/span><\/del> <span class=\"screen-reader-text\">P\u00f4vodn\u00e1 cena bola: 146,90&nbsp;&euro;.<\/span><ins aria-hidden=\"true\"><span class=\"woocommerce-Price-amount amount\"><bdi>110,18&nbsp;<span class=\"woocommerce-Price-currencySymbol\">&euro;<\/span><\/bdi><\/span><\/ins><span class=\"screen-reader-text\">Aktu\u00e1lna cena je: 110,18&nbsp;&euro;.<\/span> <small class=\"woocommerce-price-suffix\">sa PDV<\/small><\/span>\n<\/a><a href=\"https:\/\/mariolab.hr\/sk\/proizvod\/subor-tlacenych-knih-miraculous-natural-remedies-1-3-cast\/\" aria-describedby=\"woocommerce_loop_add_to_cart_link_describedby_24842\" data-quantity=\"1\" class=\"button product_type_variable add_to_cart_button\" data-product_id=\"24842\" data-product_sku=\"\" aria-label=\"V\u00fdber nastaven\u00ed pre &ldquo;S\u00daBOR TLA\u010cEN\u00ddCH KN\u00cdH Miraculous Natural Remedies 1-3 \u010das\u0165&rdquo;\" rel=\"nofollow\">V\u00fdber mo\u017enost\u00ed<\/a>\t<span id=\"woocommerce_loop_add_to_cart_link_describedby_24842\" class=\"screen-reader-text\">\n\t\tTento produkt m\u00e1 viacero variantov. Mo\u017enosti si m\u00f4\u017eete vybra\u0165 na str\u00e1nke produktu.\t<\/span>\n<\/div><\/li>\n<li class=\"wpbf-post product type-product post-24320 status-publish instock product_cat-elektronicke-edicie-knih product_cat-knihy has-post-thumbnail sale taxable shipping-taxable purchasable product-type-variable\">\n\t<div class=\"wpbf-woo-product-wrapper wpbf-clearfix\"><a href=\"https:\/\/mariolab.hr\/sk\/proizvod\/sada-e-knih-miraculous-natural-remedies-cast-1-3-kopiraj\/\" class=\"woocommerce-LoopProduct-link woocommerce-loop-product__link\"><div class=\"wpbf-woo-loop-thumbnail-wrapper\"><a href=\"https:\/\/mariolab.hr\/sk\/proizvod\/sada-e-knih-miraculous-natural-remedies-cast-1-3-kopiraj\/\" class=\"woocommerce-LoopProduct-link woocommerce-loop-product__link\">\n\t<span class=\"onsale\">Z\u013eava!<\/span>\n\t<img decoding=\"async\" width=\"400\" height=\"400\" src=\"https:\/\/mariolab.hr\/wp-content\/uploads\/2025\/11\/ebook-komplet4-400x400.jpg\" class=\"attachment-woocommerce_thumbnail size-woocommerce_thumbnail\" alt=\"SADA E-KN\u00cdH Miraculous Natural Remedies 1-3 a INTERMITENT FASTING: Tajomstvo zdravia a dlhovekosti\" srcset=\"https:\/\/mariolab.hr\/wp-content\/uploads\/2025\/11\/ebook-komplet4-400x400.jpg 400w, https:\/\/mariolab.hr\/wp-content\/uploads\/2025\/11\/ebook-komplet4-300x300.jpg 300w, https:\/\/mariolab.hr\/wp-content\/uploads\/2025\/11\/ebook-komplet4-1024x1024.jpg 1024w, https:\/\/mariolab.hr\/wp-content\/uploads\/2025\/11\/ebook-komplet4-150x150.jpg 150w, https:\/\/mariolab.hr\/wp-content\/uploads\/2025\/11\/ebook-komplet4-768x768.jpg 768w, https:\/\/mariolab.hr\/wp-content\/uploads\/2025\/11\/ebook-komplet4-800x800.jpg 800w, https:\/\/mariolab.hr\/wp-content\/uploads\/2025\/11\/ebook-komplet4.jpg 1201w\" sizes=\"(max-width: 400px) 100vw, 400px\" \/><\/a><\/div><h2 class=\"woocommerce-loop-product__title\">SADA E-KN\u00cdH Miraculous Natural Remedies 1-3 a INTERMITENT FASTING: Tajomstvo zdravia a dlhovekosti<\/h2>\n\t<span class=\"price\"><del aria-hidden=\"true\"><span class=\"woocommerce-Price-amount amount\"><bdi>97,60&nbsp;<span class=\"woocommerce-Price-currencySymbol\">&euro;<\/span><\/bdi><\/span><\/del> <span class=\"screen-reader-text\">P\u00f4vodn\u00e1 cena bola: 97,60&nbsp;&euro;.<\/span><ins aria-hidden=\"true\"><span class=\"woocommerce-Price-amount amount\"><bdi>68,32&nbsp;<span class=\"woocommerce-Price-currencySymbol\">&euro;<\/span><\/bdi><\/span><\/ins><span class=\"screen-reader-text\">Aktu\u00e1lna cena je: 68,32&nbsp;&euro;.<\/span> <small class=\"woocommerce-price-suffix\">sa PDV<\/small><\/span>\n<\/a><a href=\"https:\/\/mariolab.hr\/sk\/proizvod\/sada-e-knih-miraculous-natural-remedies-cast-1-3-kopiraj\/\" aria-describedby=\"woocommerce_loop_add_to_cart_link_describedby_24320\" data-quantity=\"1\" class=\"button product_type_variable add_to_cart_button\" data-product_id=\"24320\" data-product_sku=\"\" aria-label=\"V\u00fdber nastaven\u00ed pre &ldquo;SADA E-KN\u00cdH Miraculous Natural Remedies 1-3 a INTERMITENT FASTING: Tajomstvo zdravia a dlhovekosti&rdquo;\" rel=\"nofollow\">V\u00fdber mo\u017enost\u00ed<\/a>\t<span id=\"woocommerce_loop_add_to_cart_link_describedby_24320\" class=\"screen-reader-text\">\n\t\tTento produkt m\u00e1 viacero variantov. Mo\u017enosti si m\u00f4\u017eete vybra\u0165 na str\u00e1nke produktu.\t<\/span>\n<\/div><\/li>\n<li class=\"wpbf-post product type-product post-23629 status-publish last instock product_cat-elektronicke-edicie-knih product_cat-knihy has-post-thumbnail sale taxable shipping-taxable purchasable product-type-variable\">\n\t<div class=\"wpbf-woo-product-wrapper wpbf-clearfix\"><a href=\"https:\/\/mariolab.hr\/sk\/proizvod\/zazracne-prirodne-lieky-cast-1-a-zazracne-prirodne-lieciva-cast-2-e-book-set-kopiraj\/\" class=\"woocommerce-LoopProduct-link woocommerce-loop-product__link\"><div class=\"wpbf-woo-loop-thumbnail-wrapper\"><a href=\"https:\/\/mariolab.hr\/sk\/proizvod\/zazracne-prirodne-lieky-cast-1-a-zazracne-prirodne-lieciva-cast-2-e-book-set-kopiraj\/\" class=\"woocommerce-LoopProduct-link woocommerce-loop-product__link\">\n\t<span class=\"onsale\">Z\u013eava!<\/span>\n\t<img loading=\"lazy\" decoding=\"async\" width=\"400\" height=\"400\" src=\"https:\/\/mariolab.hr\/wp-content\/uploads\/2025\/11\/ebook-komplet3-400x400.jpg\" class=\"attachment-woocommerce_thumbnail size-woocommerce_thumbnail\" alt=\"SADA E-KN\u00cdH Miraculous Natural Remedies, \u010das\u0165 1-3\" srcset=\"https:\/\/mariolab.hr\/wp-content\/uploads\/2025\/11\/ebook-komplet3-400x400.jpg 400w, https:\/\/mariolab.hr\/wp-content\/uploads\/2025\/11\/ebook-komplet3-300x300.jpg 300w, https:\/\/mariolab.hr\/wp-content\/uploads\/2025\/11\/ebook-komplet3-1024x1024.jpg 1024w, https:\/\/mariolab.hr\/wp-content\/uploads\/2025\/11\/ebook-komplet3-150x150.jpg 150w, https:\/\/mariolab.hr\/wp-content\/uploads\/2025\/11\/ebook-komplet3-768x768.jpg 768w, https:\/\/mariolab.hr\/wp-content\/uploads\/2025\/11\/ebook-komplet3-800x800.jpg 800w, https:\/\/mariolab.hr\/wp-content\/uploads\/2025\/11\/ebook-komplet3.jpg 1201w\" sizes=\"(max-width: 400px) 100vw, 400px\" \/><\/a><\/div><h2 class=\"woocommerce-loop-product__title\">SADA E-KN\u00cdH Miraculous Natural Remedies, \u010das\u0165 1-3<\/h2>\n\t<span class=\"price\"><del aria-hidden=\"true\"><span class=\"woocommerce-Price-amount amount\"><bdi>77,70&nbsp;<span class=\"woocommerce-Price-currencySymbol\">&euro;<\/span><\/bdi><\/span><\/del> <span class=\"screen-reader-text\">P\u00f4vodn\u00e1 cena bola: 77,70&nbsp;&euro;.<\/span><ins aria-hidden=\"true\"><span class=\"woocommerce-Price-amount amount\"><bdi>54,39&nbsp;<span class=\"woocommerce-Price-currencySymbol\">&euro;<\/span><\/bdi><\/span><\/ins><span class=\"screen-reader-text\">Aktu\u00e1lna cena je: 54,39&nbsp;&euro;.<\/span> <small class=\"woocommerce-price-suffix\">sa PDV<\/small><\/span>\n<\/a><a href=\"https:\/\/mariolab.hr\/sk\/proizvod\/zazracne-prirodne-lieky-cast-1-a-zazracne-prirodne-lieciva-cast-2-e-book-set-kopiraj\/\" aria-describedby=\"woocommerce_loop_add_to_cart_link_describedby_23629\" data-quantity=\"1\" class=\"button product_type_variable add_to_cart_button\" data-product_id=\"23629\" data-product_sku=\"\" aria-label=\"V\u00fdber nastaven\u00ed pre &ldquo;SADA E-KN\u00cdH Miraculous Natural Remedies, \u010das\u0165 1-3&rdquo;\" rel=\"nofollow\">V\u00fdber mo\u017enost\u00ed<\/a>\t<span id=\"woocommerce_loop_add_to_cart_link_describedby_23629\" class=\"screen-reader-text\">\n\t\tTento produkt m\u00e1 viacero variantov. Mo\u017enosti si m\u00f4\u017eete vybra\u0165 na str\u00e1nke produktu.\t<\/span>\n<\/div><\/li>\n<li class=\"wpbf-post product type-product post-21349 status-publish first instock product_cat-knihy product_cat-produkuje product_cat-tlacene-vydania-knih has-post-thumbnail sale taxable shipping-taxable purchasable product-type-variable\">\n\t<div class=\"wpbf-woo-product-wrapper wpbf-clearfix\"><a href=\"https:\/\/mariolab.hr\/sk\/proizvod\/prerusovany-post-tajomstvo-zdravia-a-dlhovekosti-tlacena-kniha\/\" class=\"woocommerce-LoopProduct-link woocommerce-loop-product__link\"><div class=\"wpbf-woo-loop-thumbnail-wrapper\"><a href=\"https:\/\/mariolab.hr\/sk\/proizvod\/prerusovany-post-tajomstvo-zdravia-a-dlhovekosti-tlacena-kniha\/\" class=\"woocommerce-LoopProduct-link woocommerce-loop-product__link\">\n\t<span class=\"onsale\">Z\u013eava!<\/span>\n\t<img loading=\"lazy\" decoding=\"async\" width=\"400\" height=\"400\" src=\"https:\/\/mariolab.hr\/wp-content\/uploads\/2024\/03\/isprekidani-glavna-knjiga-400x400.jpg\" class=\"attachment-woocommerce_thumbnail size-woocommerce_thumbnail\" alt=\"PRERU\u0160OVAN\u00dd P\u00d4ST: Tajomstvo zdravia a dlhovekosti \u2013 tla\u010den\u00e1 kniha\" srcset=\"https:\/\/mariolab.hr\/wp-content\/uploads\/2024\/03\/isprekidani-glavna-knjiga-400x400.jpg 400w, https:\/\/mariolab.hr\/wp-content\/uploads\/2024\/03\/isprekidani-glavna-knjiga-300x300.jpg 300w, https:\/\/mariolab.hr\/wp-content\/uploads\/2024\/03\/isprekidani-glavna-knjiga-150x150.jpg 150w, https:\/\/mariolab.hr\/wp-content\/uploads\/2024\/03\/isprekidani-glavna-knjiga-768x768.jpg 768w, https:\/\/mariolab.hr\/wp-content\/uploads\/2024\/03\/isprekidani-glavna-knjiga.jpg 800w\" sizes=\"(max-width: 400px) 100vw, 400px\" \/><\/a><\/div><h2 class=\"woocommerce-loop-product__title\">PRERU\u0160OVAN\u00dd P\u00d4ST: Tajomstvo zdravia a dlhovekosti \u2013 tla\u010den\u00e1 kniha<\/h2>\n\t<span class=\"price\"><span class=\"woocommerce-Price-amount amount\" aria-hidden=\"true\"><bdi>16,80&nbsp;<span class=\"woocommerce-Price-currencySymbol\">&euro;<\/span><\/bdi><\/span> <span aria-hidden=\"true\">&ndash;<\/span> <span class=\"woocommerce-Price-amount amount\" aria-hidden=\"true\"><bdi>28,00&nbsp;<span class=\"woocommerce-Price-currencySymbol\">&euro;<\/span><\/bdi><\/span><span class=\"screen-reader-text\">Price range: 16,80&nbsp;&euro; through 28,00&nbsp;&euro;<\/span> <small class=\"woocommerce-price-suffix\">sa PDV<\/small><\/span>\n<\/a><a href=\"https:\/\/mariolab.hr\/sk\/proizvod\/prerusovany-post-tajomstvo-zdravia-a-dlhovekosti-tlacena-kniha\/\" aria-describedby=\"woocommerce_loop_add_to_cart_link_describedby_21349\" data-quantity=\"1\" class=\"button product_type_variable add_to_cart_button\" data-product_id=\"21349\" data-product_sku=\"\" aria-label=\"V\u00fdber nastaven\u00ed pre &ldquo;PRERU\u0160OVAN\u00dd P\u00d4ST: Tajomstvo zdravia a dlhovekosti \u2013 tla\u010den\u00e1 kniha&rdquo;\" rel=\"nofollow\">V\u00fdber mo\u017enost\u00ed<\/a>\t<span id=\"woocommerce_loop_add_to_cart_link_describedby_21349\" class=\"screen-reader-text\">\n\t\tTento produkt m\u00e1 viacero variantov. Mo\u017enosti si m\u00f4\u017eete vybra\u0165 na str\u00e1nke produktu.\t<\/span>\n<\/div><\/li>\n<\/ul><\/div>\t\t\t\t<\/div>\n\t\t\t\t<\/div>\n\t\t\t\t\t<\/div>\n\t\t\t\t<\/div>\n\t\t\t\t<\/div>\n\t\t","protected":false},"excerpt":{"rendered":"<p>Chr\u00e1\u0148te si zdravie. Urobte z toho svoj nov\u00fd \u017eivotn\u00fd \u0161t\u00fdl!<\/p>\n","protected":false},"author":1,"featured_media":0,"parent":0,"menu_order":0,"comment_status":"closed","ping_status":"closed","template":"","meta":{"_seopress_robots_primary_cat":"","_seopress_titles_title":"","_seopress_titles_desc":"","_seopress_robots_index":"","footnotes":""},"class_list":["post-13309","page","type-page","status-publish","hentry","wpbf-post"],"_links":{"self":[{"href":"https:\/\/mariolab.hr\/sk\/wp-json\/wp\/v2\/pages\/13309","targetHints":{"allow":["GET"]}}],"collection":[{"href":"https:\/\/mariolab.hr\/sk\/wp-json\/wp\/v2\/pages"}],"about":[{"href":"https:\/\/mariolab.hr\/sk\/wp-json\/wp\/v2\/types\/page"}],"author":[{"embeddable":true,"href":"https:\/\/mariolab.hr\/sk\/wp-json\/wp\/v2\/users\/1"}],"replies":[{"embeddable":true,"href":"https:\/\/mariolab.hr\/sk\/wp-json\/wp\/v2\/comments?post=13309"}],"version-history":[{"count":0,"href":"https:\/\/mariolab.hr\/sk\/wp-json\/wp\/v2\/pages\/13309\/revisions"}],"wp:attachment":[{"href":"https:\/\/mariolab.hr\/sk\/wp-json\/wp\/v2\/media?parent=13309"}],"curies":[{"name":"wp","href":"https:\/\/api.w.org\/{rel}","templated":true}]}}