{"id":13438,"date":"2024-01-30T10:22:05","date_gmt":"2024-01-30T09:22:05","guid":{"rendered":"https:\/\/mariolab.hr\/zasady-ochrany-sukromia\/"},"modified":"2025-11-26T13:36:10","modified_gmt":"2025-11-26T12:36:10","slug":"zasady-ochrany-sukromia","status":"publish","type":"page","link":"https:\/\/mariolab.hr\/sk\/zasady-ochrany-sukromia\/","title":{"rendered":"Z\u00e1sady ochrany s\u00fakromia"},"content":{"rendered":"\n<p>Z\u00c1SADY OCHRANY OSOBN\u00ddCH \u00daDAJOV:<\/p>\n\n<p>T\u00e1to politika ochrany s\u00fakromia upravuje, ako pou\u017e\u00edvate a chr\u00e1nite ak\u00e9ko\u013evek inform\u00e1cie, ktor\u00e9 poskytnete webovej str\u00e1nke MarioLab. MarioLab zabezpe\u010duje ochranu v\u00e1\u0161ho s\u00fakromia. Ak v\u00e1s po\u017eiadame o poskytnutie ur\u010dit\u00fdch osobn\u00fdch identifikovate\u013en\u00fdch \u00fadajov pri pou\u017e\u00edvan\u00ed tejto webovej str\u00e1nky, m\u00f4\u017eete si by\u0165 ist\u00ed, \u017ee bud\u00fa pou\u017eit\u00e9 iba v s\u00falade s t\u00fdmto vyhl\u00e1sen\u00edm o ochrane osobn\u00fdch \u00fadajov. MarioLab m\u00f4\u017ee t\u00fato politiku \u010das od \u010dasu meni\u0165 aktualiz\u00e1ciou tejto str\u00e1nky. T\u00fato str\u00e1nku by ste mali ob\u010das skontrolova\u0165, aby ste sa uistili, \u017ee ste spokojn\u00ed so zmenami.<\/p>\n\n<p>\u010cO ZBIERAME:<\/p>\n\n<p>&#8211; kontaktn\u00e9 inform\u00e1cie vr\u00e1tane mena, po\u0161tovej adresy, e-mailovej adresy a mobiln\u00e9ho telef\u00f3nneho \u010d\u00edsla<\/p>\n\n<p>&#8211; Demografick\u00e9 inform\u00e1cie ako PS\u010c, preferencie a z\u00e1ujmy<\/p>\n\n<p>&#8211; \u010eal\u0161ie inform\u00e1cie relevantn\u00e9 pre z\u00e1kazn\u00edcke prieskumy a\/alebo ponuky<\/p>\n\n<p>Pre komplexn\u00fd zoznam cookies, ktor\u00e9 zbierame, si pozrite sekciu Zoznam cookies.<\/p>\n\n<p>\u010cO ROB\u00cdME S INFORM\u00c1CIAMI, KTOR\u00c9 ZBIERAME?<\/p>\n\n<p>Tieto inform\u00e1cie potrebujeme, aby sme pochopili va\u0161e potreby a poskytli v\u00e1m lep\u0161ie slu\u017eby, najm\u00e4 z nasleduj\u00facich d\u00f4vodov:<\/p>\n\n<p>-Intern\u00e9 vedenie z\u00e1znamov.<\/p>\n\n<p>Inform\u00e1cie m\u00f4\u017eeme vyu\u017ei\u0165 na zlep\u0161enie na\u0161ich produktov a slu\u017eieb.<\/p>\n\n<p>Ob\u010das v\u00e1m m\u00f4\u017eeme posiela\u0165 propaga\u010dn\u00e9 e-maily a ak ste sa prihl\u00e1sili na na\u0161u textov\u00fa akciu, textov\u00e9 spr\u00e1vy (SMS\/MMS) o nov\u00fdch produktoch, \u0161peci\u00e1lnych ponuk\u00e1ch alebo in\u00fdch inform\u00e1ci\u00e1ch, ktor\u00e9 by v\u00e1s mohli zauj\u00edma\u0165, pomocou uvedenej e-mailovej adresy.<\/p>\n\n<p>Ob\u010das m\u00f4\u017eeme tie\u017e pou\u017ei\u0165 va\u0161e \u00fadaje na kontaktovanie v\u00e1s na \u00fa\u010dely prieskumu trhu. M\u00f4\u017eeme v\u00e1s kontaktova\u0165 e-mailom, telefonicky, faxom alebo po\u0161tou. Inform\u00e1cie m\u00f4\u017eeme pou\u017ei\u0165 na prisp\u00f4sobenie webovej str\u00e1nky va\u0161im z\u00e1ujmom.  <\/p>\n\n<p>AKO ZDIE\u013dAME A ZHROMA\u017d\u010eUJEME INFORM\u00c1CIE?<\/p>\n\n<p>MarioLab zdie\u013ea osobn\u00e9 \u00fadaje iba s partnersk\u00fdmi spolo\u010dnos\u0165ami, ako aj s obchodn\u00fdmi partnermi a poskytovate\u013emi slu\u017eieb, na ktor\u00fdch sa spoliehame, aby v\u00e1m pomohli poskytn\u00fa\u0165 lep\u0161ie slu\u017eby. Tieto spolo\u010dnosti potrebuj\u00fa inform\u00e1cie o v\u00e1s, aby mohli vykon\u00e1va\u0165 svoje slu\u017eby (ako je spracovanie a vybavenie va\u0161ej objedn\u00e1vky, overovanie \u00fadajov o kreditnej karte a ochrana pred podvodmi). Zdie\u013eame tie\u017e inform\u00e1cie s d\u00f4veryhodn\u00fdmi spolo\u010dnos\u0165ami, ktor\u00e9 n\u00e1m pom\u00e1haj\u00fa s marketingov\u00fdmi funkciami (napr\u00edklad spr\u00e1vou n\u00e1\u0161ho online podnikania a propag\u00e1ciou na\u0161ich produktov a slu\u017eieb, vr\u00e1tane spr\u00e1vy n\u00e1\u0161ho programu na textov\u00e9 spr\u00e1vy). M\u00f4\u017eeme zap\u00e1ja\u0165 dod\u00e1vate\u013eov na zobrazovanie rekl\u00e1m v na\u0161om mene na internete a poskytovanie analytick\u00fdch slu\u017eieb. T\u00edto dod\u00e1vatelia m\u00f4\u017eu pri n\u00e1v\u0161teve na\u0161ej webovej str\u00e1nky zhroma\u017e\u010fova\u0165 ur\u010dit\u00e9 technick\u00e9 alebo in\u00e9 inform\u00e1cie (napr. inform\u00e1cie o kliknutiach, typ prehliada\u010da, \u010das a d\u00e1tum, inform\u00e1cie o hardv\u00e9ri\/softv\u00e9ri, ID cookies, IP adresu at\u010f.) a m\u00f4\u017eu tieto inform\u00e1cie pou\u017ei\u0165 na reklamu tovarov a slu\u017eieb, ktor\u00e9 s\u00fa pre v\u00e1s pova\u017eovan\u00e9 za zauj\u00edmavej\u0161ie.    <\/p>\n\n<p>Va\u0161e inform\u00e1cie m\u00f4\u017eeme zdie\u013ea\u0165 aj na in\u00e9 \u00fa\u010dely, ktor\u00e9 boli zverejnen\u00e9 pri zbere alebo ke\u010f sme inak z\u00edskali s\u00fahlas. Upozor\u0148ujeme, \u017ee tieto pravidl\u00e1 nie s\u00fa ur\u010den\u00e9 na obmedzenie na\u0161ej mo\u017enosti zdie\u013ea\u0165 alebo zverej\u0148ova\u0165 anonymn\u00e9 inform\u00e1cie. MarioLab si tie\u017e vyhradzuje pr\u00e1vo pou\u017ei\u0165 alebo zverejni\u0165 inform\u00e1cie pod\u013ea potreby na splnenie ak\u00e9hoko\u013evek z\u00e1kona, nariadenia alebo pr\u00e1vneho po\u017eiadania, na splnenie va\u0161ich \u017eiadost\u00ed, na spolupr\u00e1cu s ak\u00fdmko\u013evek org\u00e1nom \u010dinn\u00fdm v trestnom konan\u00ed alebo podobnom vy\u0161etrovan\u00ed, alebo na vykonanie ak\u00e9hoko\u013evek intern\u00e9ho vy\u0161etrovania \u010di podobnej \u010dinnosti, ktor\u00fa pova\u017eujeme za vhodn\u00fa na ochranu n\u00e1\u0161ho podnikania.  <\/p>\n\n<p>BEZPE\u010cNOS\u0164<\/p>\n\n<p>Sme odhodlan\u00ed zabezpe\u010di\u0165 bezpe\u010dnos\u0165 va\u0161ich d\u00e1t. Aby sme zabr\u00e1nili neopr\u00e1vnen\u00e9mu pr\u00edstupu alebo zverejneniu, zaviedli sme vhodn\u00e9 fyzick\u00e9, elektronick\u00e9 a mana\u017e\u00e9rske postupy na ochranu a zabezpe\u010denie inform\u00e1ci\u00ed, ktor\u00e9 zhroma\u017e\u010fujeme online. <\/p>\n\n<p>AKO POU\u017d\u00cdVAME COOKIES?<\/p>\n\n<p>Cookie je mal\u00fd s\u00fabor, ktor\u00fd \u017eiada o povolenie umiestni\u0165 ho na pevn\u00fd disk v\u00e1\u0161ho po\u010d\u00edta\u010da. Ke\u010f s\u00fahlas\u00edte, s\u00fabor sa prid\u00e1 a cookie pom\u00e1ha analyzova\u0165 webov\u00fa n\u00e1v\u0161tevnos\u0165 alebo v\u00e1s upozorn\u00ed, ke\u010f nav\u0161t\u00edvite konkr\u00e9tnu str\u00e1nku. Cookies umo\u017e\u0148uj\u00fa webov\u00fdm aplik\u00e1ci\u00e1m reagova\u0165 na v\u00e1s ako na jednotlivca. Webov\u00e1 aplik\u00e1cia dok\u00e1\u017ee prisp\u00f4sobi\u0165 svoje fungovanie va\u0161im potreb\u00e1m, preferenci\u00e1m a nepreferenci\u00e1m t\u00fdm, \u017ee zhroma\u017e\u010fuje a pam\u00e4t\u00e1 inform\u00e1cie o va\u0161ich preferenci\u00e1ch.   <\/p>\n\n<p>Pou\u017e\u00edvame cookies na evidenciu n\u00e1v\u0161tevnosti na identifik\u00e1ciu, ktor\u00e9 str\u00e1nky sa pou\u017e\u00edvaj\u00fa. To n\u00e1m pom\u00e1ha analyzova\u0165 \u00fadaje o n\u00e1v\u0161tevnosti webu a zlep\u0161ova\u0165 na\u0161u str\u00e1nku, aby ju prisp\u00f4sobila potreb\u00e1m pou\u017e\u00edvate\u013ea. Tieto inform\u00e1cie pou\u017e\u00edvame len na \u0161tatistick\u00fa anal\u00fdzu a n\u00e1sledne s\u00fa \u00fadaje zo syst\u00e9mu odstr\u00e1nen\u00e9.  <\/p>\n\n<p>Vo v\u0161eobecnosti n\u00e1m cookies pom\u00e1haj\u00fa poskytova\u0165 lep\u0161iu webov\u00fa str\u00e1nku, ktor\u00e1 n\u00e1m umo\u017e\u0148uje sledova\u0165, ktor\u00e9 str\u00e1nky pova\u017eujete za u\u017eito\u010dn\u00e9 a ktor\u00e9 nie. Cookie n\u00e1m neposkytuje pr\u00edstup k v\u00e1\u0161mu po\u010d\u00edta\u010du ani \u017eiadnym inform\u00e1ci\u00e1m o v\u00e1s, okrem t\u00fdch, ktor\u00e9 sa rozhodnete s nami zdie\u013ea\u0165. M\u00f4\u017eete si vybra\u0165, \u010di cookies prijmete alebo odmietnete. V\u00e4\u010d\u0161ina webov\u00fdch prehliada\u010dov automaticky prij\u00edma cookies, ale zvy\u010dajne m\u00f4\u017eete zmeni\u0165 nastavenia prehliada\u010da tak, aby cookies odmietli, ak chcete. To v\u00e1m m\u00f4\u017ee zabr\u00e1ni\u0165 v plnom vyu\u017eit\u00ed webovej str\u00e1nky str\u00e1nky.    <\/p>\n\n<p>ODKAZY NA IN\u00c9 WEBOV\u00c9 STR\u00c1NKY<\/p>\n\n<p>Na\u0161a webov\u00e1 str\u00e1nka m\u00f4\u017ee obsahova\u0165 odkazy na \u010fal\u0161ie zauj\u00edmav\u00e9 str\u00e1nky. Av\u0161ak akon\u00e1hle pou\u017eijete tieto odkazy na opustenie na\u0161ej str\u00e1nky, mali by ste vedie\u0165, \u017ee nem\u00e1me \u017eiadnu kontrolu nad tou druhou str\u00e1nkou. Preto nem\u00f4\u017eeme nies\u0165 zodpovednos\u0165 za ochranu a s\u00fakromie ak\u00fdchko\u013evek inform\u00e1ci\u00ed, ktor\u00e9 poskytnete pri n\u00e1v\u0161teve t\u00fdchto str\u00e1nok, a tieto str\u00e1nky sa t\u00fdmto vyhl\u00e1sen\u00edm o ochrane s\u00fakromia nevz\u0165ahuj\u00fa. Mali by ste by\u0165 opatrn\u00ed a pozrie\u0165 si vyhl\u00e1senie o ochrane s\u00fakromia, ktor\u00e9 sa vz\u0165ahuje na dan\u00fa webov\u00fa str\u00e1nku.   <\/p>\n\n<p>KONTROLA VA\u0160ICH OSOBN\u00ddCH \u00daDAJOV<\/p>\n\n<p>M\u00f4\u017eete sa rozhodn\u00fa\u0165 obmedzi\u0165 zhroma\u017e\u010fovanie alebo pou\u017e\u00edvanie va\u0161ich osobn\u00fdch \u00fadajov nasleduj\u00facimi sp\u00f4sobmi:<\/p>\n\n<p>-Kedyko\u013evek v\u00e1s po\u017eiadaj\u00fa o vyplnenie formul\u00e1ra na webovej str\u00e1nke, h\u013eadajte pol\u00ed\u010dko, na ktor\u00e9 m\u00f4\u017eete klikn\u00fa\u0165, aby ste ozna\u010dili, \u017ee nechcete, aby niekto pou\u017e\u00edval \u00fadaje na priamy marketing<\/p>\n\n<p>-Ak ste predt\u00fdm s\u00fahlasili s pou\u017e\u00edvan\u00edm va\u0161ich osobn\u00fdch \u00fadajov na \u00fa\u010dely priameho marketingu, m\u00f4\u017eete kedyko\u013evek zmeni\u0165 n\u00e1zor p\u00edsan\u00edm alebo e-mailom<\/p>\n\n<p>Va\u0161e osobn\u00e9 \u00fadaje nebudeme pred\u00e1va\u0165, distribuova\u0165 ani prenaj\u00edma\u0165 tret\u00edm stran\u00e1m, pokia\u013e nem\u00e1me v\u00e1\u0161 s\u00fahlas alebo to nevy\u017eadujeme zo z\u00e1kona. M\u00f4\u017eeme pou\u017ei\u0165 va\u0161e osobn\u00e9 \u00fadaje na zasielanie propaga\u010dn\u00fdch inform\u00e1ci\u00ed o tret\u00edch stran\u00e1ch, o ktor\u00fdch si mysl\u00edme, \u017ee by v\u00e1s mohli zauj\u00edma\u0165. <\/p>\n\n<p>M\u00f4\u017eete si vy\u017eiada\u0165 podrobnosti o osobn\u00fdch \u00fadajoch, ktor\u00e9 o v\u00e1s uchov\u00e1vame pod\u013ea z\u00e1kona o ochrane \u00fadajov. Bude zaplaten\u00fd mal\u00fd poplatok. Ak by ste chceli k\u00f3piu svojich \u00fadajov, nap\u00ed\u0161te na&#8230;<\/p>\n\n<p>Ak sa domnievate, \u017ee ak\u00e9ko\u013evek inform\u00e1cie, ktor\u00e9 o v\u00e1s m\u00e1me, s\u00fa nepresn\u00e9 alebo ne\u00fapln\u00e9, pros\u00edm, nap\u00ed\u0161te n\u00e1m alebo n\u00e1m \u010do najsk\u00f4r po\u0161lite e-mail na na\u0161u adresu. Okam\u017eite oprav\u00edme ak\u00e9ko\u013evek nespr\u00e1vne inform\u00e1cie. <\/p>\n\n<p>ZOZNAM COOKIES, KTOR\u00c9 ZBIERAME:<\/p>\n\n<p>-n\u00e1zvy cookies<\/p>\n\n<p>&#8211; Popis cookies<\/p>\n\n<p>-k\u00f4\u0161<\/p>\n\n<p>-Kateg\u00f3rie<\/p>\n\n<p>-Mena<\/p>\n\n<p>-kupuj\u00faci&#8230;<\/p>\n\n<p>Tento program pre textov\u00e9 spr\u00e1vy Z\u00e1sady ochrany osobn\u00fdch \u00fadajov vysvet\u013euje, ako MarioLab zhroma\u017e\u010fuje a pou\u017e\u00edva inform\u00e1cie o v\u00e1s v s\u00favislosti so svoj\u00edm programom marketingu textov\u00fdch spr\u00e1v.<\/p>\n\n<p>ZHROMA\u017d\u010eOVANIE INFORM\u00c1CI\u00cd<\/p>\n\n<p>Zhroma\u017e\u010fujeme r\u00f4zne inform\u00e1cie o v\u00e1s, vr\u00e1tane t\u00fdch, ktor\u00e9 poskytnete priamo pri pou\u017e\u00edvan\u00ed tejto slu\u017eby spr\u00e1v. Napr\u00edklad zhroma\u017e\u010fujeme telef\u00f3nne \u010d\u00edslo a e-mailov\u00fa adresu, ktor\u00fa ste uviedli pri registr\u00e1cii na komunika\u010dn\u00fa slu\u017ebu. Ke\u010f posielate spr\u00e1vy cez komunika\u010dn\u00fa slu\u017ebu, zhroma\u017e\u010fujeme aj va\u0161u hist\u00f3riu spr\u00e1v a v\u0161etky inform\u00e1cie obsiahnut\u00e9 v t\u00fdchto spr\u00e1vach.  <\/p>\n\n<p>Inform\u00e1cie o v\u00e1s m\u00f4\u017eeme tie\u017e zhroma\u017e\u010fova\u0165 pomocou cookies alebo podobn\u00fdch technol\u00f3gi\u00ed. Cookies s\u00fa inform\u00e1cie, ktor\u00e9 v\u00e1\u0161 prehliada\u010d uklad\u00e1 na pevn\u00fd disk alebo pam\u00e4\u0165 zariadenia. Cookies n\u00e1m umo\u017e\u0148uj\u00fa personalizova\u0165 v\u00e1\u0161 z\u00e1\u017eitok na slu\u017ebe spr\u00e1v (napr. posielanie personalizovan\u00fdch textov\u00fdch spr\u00e1v, ako s\u00fa pripomienky ko\u0161\u00edka).  <\/p>\n\n<p>Ak sa z\u00fa\u010dastn\u00edte s\u00fa\u0165a\u017ee, lot\u00e9rie, v\u00fdskumnej \u0161t\u00fadie alebo e-mailov\u00e9ho prieskumu s\u00favisiaceho s komunika\u010dnou slu\u017ebou, budeme zhroma\u017e\u010fova\u0165 z\u00e1kladn\u00e9 kontaktn\u00e9 inform\u00e1cie a ak\u00e9ko\u013evek \u010fal\u0161ie inform\u00e1cie, ktor\u00e9 sa rozhodnete poskytn\u00fa\u0165 v s\u00favislosti s t\u00fdmito aktivitami. Tie\u017e z\u00edskame va\u0161e kontaktn\u00e9 \u00fadaje, ak n\u00e1s kontaktujete s ot\u00e1zkami oh\u013eadom slu\u017eby spr\u00e1vy alebo z\u00e1kazn\u00edckeho servisu. <\/p>\n\n<p>POU\u017dITIE INFORM\u00c1CI\u00cd<\/p>\n\n<p>Va\u0161e inform\u00e1cie pou\u017e\u00edvame na doru\u010denie, anal\u00fdzu, \u00fadr\u017ebu a podporu slu\u017eby spr\u00e1v. Va\u0161e inform\u00e1cie m\u00f4\u017eeme tie\u017e vyu\u017ei\u0165 na zlep\u0161enie funkci\u00ed slu\u017eby a na personaliz\u00e1ciu a personaliz\u00e1ciu va\u0161ich z\u00e1\u017eitkov na tejto slu\u017ebe. <\/p>\n\n<p>ZDIE\u013dANIE INFORM\u00c1CI\u00cd<\/p>\n\n<p>M\u00f4\u017eeme zdie\u013ea\u0165, prev\u00e1dza\u0165 alebo zverej\u0148ova\u0165 va\u0161e inform\u00e1cie, ak s t\u00fdm s\u00fahlas\u00edte, ako aj za nasleduj\u00facich okolnost\u00ed:<\/p>\n\n<p>Poskytovate\u013eov. Va\u0161e inform\u00e1cie m\u00f4\u017eeme zdie\u013ea\u0165 s tret\u00edmi stranami, aby sme v\u00e1m pomohli s poskytnut\u00edm spr\u00e1vy spr\u00e1v. <\/p>\n\n<p>Pr\u00e1vna povinnos\u0165 a ochrana pozornosti. Va\u0161e inform\u00e1cie m\u00f4\u017eeme zverejni\u0165, preto\u017ee sa domnievame, \u017ee tak\u00e9to zverejnenie je potrebn\u00e9 alebo vhodn\u00e9 na: <\/p>\n\n<p>&#8211; Dodr\u017eiavanie platn\u00fdch z\u00e1konov a pr\u00e1vnych postupov<\/p>\n\n<p>&#8211; reagova\u0165 na \u017eiadosti verejn\u00fdch a vl\u00e1dnych org\u00e1nov, vr\u00e1tane verejn\u00fdch a vl\u00e1dnych org\u00e1nov mimo va\u0161ej krajiny pobytu<\/p>\n\n<p>&#8211; chr\u00e1ni\u0165 na\u0161e pr\u00e1va, s\u00fakromie, bezpe\u010dnos\u0165 alebo majetok a\/alebo pr\u00e1va na\u0161ich partnerov, v\u00e1s alebo in\u00fdch. Umo\u017e\u0148uj\u00fa n\u00e1m vyu\u017ei\u0165 dostupn\u00e9 pr\u00e1vne mo\u017enosti alebo obmedzi\u0165 \u0161kody, ktor\u00e9 m\u00f4\u017eeme utrpie\u0165.<\/p>\n\n<p>Ob\u010das m\u00f4\u017eeme zdie\u013ea\u0165 inform\u00e1cie o va\u0161om pou\u017e\u00edvan\u00ed tejto slu\u017eby s tre\u0165ou stranou, vr\u00e1tane inzerentov, propaga\u010dn\u00fdch partnerov a sponzorov.<\/p>\n\n<p>OCHRANA INFORM\u00c1CI\u00cd<\/p>\n\n<p>Prij\u00edmame r\u00f4zne fyzick\u00e9, technick\u00e9, administrat\u00edvne a organiza\u010dn\u00e9 bezpe\u010dnostn\u00e9 opatrenia na z\u00e1klade citlivosti zhroma\u017e\u010fovan\u00fdch inform\u00e1ci\u00ed, aby sme ochr\u00e1nili va\u0161e \u00fadaje pred n\u00e1hodn\u00fdm alebo nez\u00e1konn\u00fdm zni\u010den\u00edm, n\u00e1hodnou stratou, zmenou, neopr\u00e1vnen\u00fdm zverejnen\u00edm alebo pr\u00edstupom. Bohu\u017eia\u013e, \u017eiadna online aktivita nem\u00f4\u017ee by\u0165 100% bezpe\u010dn\u00e1. Aj ke\u010f sa sna\u017e\u00edme chr\u00e1ni\u0165 va\u0161e inform\u00e1cie pred neopr\u00e1vnen\u00fdm pou\u017eit\u00edm alebo zverejnen\u00edm, nem\u00f4\u017eeme zaru\u010di\u0165 ani zaru\u010di\u0165 bezpe\u010dnos\u0165 \u017eiadnych inform\u00e1ci\u00ed, ktor\u00e9 poskytnete. Nepreber\u00e1me zodpovednos\u0165 za ne\u00famyseln\u00e9 zverejnenie.   <\/p>\n\n<p>UCHOV\u00c1VANIE INFORM\u00c1CI\u00cd<\/p>\n\n<p>Va\u0161e inform\u00e1cie uchov\u00e1vame tak dlho, ako sa z\u00fa\u010dast\u0148ujete na tejto slu\u017ebe spr\u00e1v, alebo tak dlho, ako je potrebn\u00e9 na splnenie pr\u00edslu\u0161n\u00fdch pr\u00e1vnych povinnost\u00ed. Va\u0161e inform\u00e1cie budeme tie\u017e uchov\u00e1va\u0165 a pou\u017e\u00edva\u0165 pod\u013ea potreby na rie\u0161enie sporov, ochranu n\u00e1s a na\u0161ich z\u00e1kazn\u00edkov a vym\u00e1hanie na\u0161ich doh\u00f4d. <\/p>\n\n<p>VO\u013dBY A KONTROLY<\/p>\n\n<p>S\u00fahlas s prij\u00edman\u00edm automatizovan\u00fdch marketingov\u00fdch textov\u00fdch spr\u00e1v nie je podmienkou ak\u00e9hoko\u013evek n\u00e1kupu. M\u00f4\u017eete sa odhl\u00e1si\u0165 od \u010fal\u0161ieho prij\u00edmania komer\u010dn\u00fdch textov\u00fdch spr\u00e1v prostredn\u00edctvom tejto slu\u017eby odpovedan\u00edm na ktor\u00fako\u013evek z na\u0161ich textov\u00fdch spr\u00e1v s niektorou z nasleduj\u00facich odpoved\u00ed: ZASTAVI\u0164, UKON\u010cI\u0164, ZRU\u0160I\u0164, ODHL\u00c1SI\u0164 alebo ZRU\u0160I\u0164. Pre viac inform\u00e1ci\u00ed o odhl\u00e1seniach si pros\u00edm pre\u010d\u00edtajte na\u0161e Podmienky.  <\/p>\n\n<p>Z\u00c1KAZN\u00cdCKA STAROSTLIVOS\u0164<\/p>\n\n<p>Ak m\u00e1te probl\u00e9my so slu\u017ebou na zasielanie spr\u00e1v, nav\u0161t\u00edvte: &#8230;. a po\u0161lite formul\u00e1r s podrobn\u00fdm popisom v\u00e1\u0161ho probl\u00e9mu alebo \u017eiadosti o podporu, alebo po\u0161lite e-mail na&#8230;<\/p>\n\n<p>HLAVN\u00c1 POLITIKA OCHRANY OSOBN\u00ddCH \u00daDAJOV<\/p>\n\n<p>Ak sa prihl\u00e1site na odber textov\u00fdch spr\u00e1v od n\u00e1s, s\u00fahlas\u00edte aj s na\u0161imi hlavn\u00fdmi Z\u00e1sadami ochrany osobn\u00fdch \u00fadajov.<\/p>\n\n<p>VYHL\u00c1SENIE<br\/><br\/>MarioLab.hr pou\u017eitie len na v\u0161eobecn\u00e9 informa\u010dn\u00e9 \u00fa\u010dely. Nemali by sa pou\u017e\u00edva\u0165 na samodiagnostiku a nenahr\u00e1dzaj\u00fa lek\u00e1rske vy\u0161etrenie, lie\u010dbu, diagn\u00f3zu a predpis \u010di odpor\u00fa\u010danie. Nemali by ste meni\u0165 svoj zdravotn\u00fd re\u017eim ani stravu predt\u00fdm, ne\u017e kontaktujete vybran\u00e9ho lek\u00e1ra alebo odborn\u00edka na lek\u00e1rske vy\u0161etrenie, diagnostiku a odpor\u00fa\u010danie. Ak m\u00e1te ot\u00e1zky oh\u013eadom svojho zdravotn\u00e9ho stavu, v\u017edy sa pora\u010fte s lek\u00e1rom alebo in\u00fdm zdravotn\u00edckym odborn\u00edkom.   <\/p>\n","protected":false},"excerpt":{"rendered":"<p>Z\u00c1SADY OCHRANY OSOBN\u00ddCH \u00daDAJOV: T\u00e1to politika ochrany s\u00fakromia upravuje, ako pou\u017e\u00edvate a chr\u00e1nite ak\u00e9ko\u013evek inform\u00e1cie, ktor\u00e9 poskytnete webovej str\u00e1nke MarioLab. MarioLab zabezpe\u010duje ochranu v\u00e1\u0161ho s\u00fakromia. Ak v\u00e1s po\u017eiadame o poskytnutie ur\u010dit\u00fdch osobn\u00fdch identifikovate\u013en\u00fdch \u00fadajov pri pou\u017e\u00edvan\u00ed tejto webovej str\u00e1nky, m\u00f4\u017eete si by\u0165 ist\u00ed, \u017ee bud\u00fa pou\u017eit\u00e9 iba v s\u00falade s t\u00fdmto vyhl\u00e1sen\u00edm o ochrane osobn\u00fdch [&hellip;]<\/p>\n","protected":false},"author":1,"featured_media":0,"parent":0,"menu_order":0,"comment_status":"closed","ping_status":"open","template":"","meta":{"_seopress_robots_primary_cat":"","_seopress_titles_title":"","_seopress_titles_desc":"","_seopress_robots_index":"","footnotes":""},"class_list":["post-13438","page","type-page","status-publish","hentry","wpbf-post"],"_links":{"self":[{"href":"https:\/\/mariolab.hr\/sk\/wp-json\/wp\/v2\/pages\/13438","targetHints":{"allow":["GET"]}}],"collection":[{"href":"https:\/\/mariolab.hr\/sk\/wp-json\/wp\/v2\/pages"}],"about":[{"href":"https:\/\/mariolab.hr\/sk\/wp-json\/wp\/v2\/types\/page"}],"author":[{"embeddable":true,"href":"https:\/\/mariolab.hr\/sk\/wp-json\/wp\/v2\/users\/1"}],"replies":[{"embeddable":true,"href":"https:\/\/mariolab.hr\/sk\/wp-json\/wp\/v2\/comments?post=13438"}],"version-history":[{"count":0,"href":"https:\/\/mariolab.hr\/sk\/wp-json\/wp\/v2\/pages\/13438\/revisions"}],"wp:attachment":[{"href":"https:\/\/mariolab.hr\/sk\/wp-json\/wp\/v2\/media?parent=13438"}],"curies":[{"name":"wp","href":"https:\/\/api.w.org\/{rel}","templated":true}]}}