{"id":21323,"date":"2024-05-01T00:01:57","date_gmt":"2024-04-30T22:01:57","guid":{"rendered":"https:\/\/mariolab.hr\/proizvod\/zazracne-prirodne-lieciva-cast-1-e-kniha\/"},"modified":"2025-11-29T12:22:36","modified_gmt":"2025-11-29T11:22:36","slug":"zazracne-prirodne-lieciva-cast-1-e-kniha","status":"publish","type":"product","link":"https:\/\/mariolab.hr\/sk\/proizvod\/zazracne-prirodne-lieciva-cast-1-e-kniha\/","title":{"rendered":"Z\u00e1zra\u010dn\u00e9 pr\u00edrodn\u00e9 lie\u010div\u00e1 \u010das\u0165 1 E-KNIHA"},"content":{"rendered":"<p><strong>NOV\u00c1 KNIHA V PREDAJI<br \/>\nVYU\u017dITE Z\u013dAVU<\/strong><\/p>\n<h3>Z\u00e1zra\u010dn\u00e9 pr\u00edrodn\u00e9 lie\u010div\u00e1 \u2013 V\u00e1\u0161 sprievodca zdrav\u00edm E-KNIHA<\/h3>\n<p><strong>O KNIHE:<\/strong><br \/>\nChcete prevzia\u0165 kontrolu nad svoj\u00edm zdrav\u00edm prirodzen\u00fdm sp\u00f4sobom? Sta\u010d\u00ed h\u013eada\u0165 moju nov\u00fa knihu o z\u00e1zra\u010dn\u00fdch pr\u00edrodn\u00fdch lie\u010div\u00e1ch. V tejto knihe sa dozviete viac o bohatej hist\u00f3rii pr\u00edrodn\u00fdch liekov, zist\u00edte, ak\u00e9 s\u00fa najlep\u0161ie lie\u010div\u00e9 rastliny a ich vyu\u017eitie pri lie\u010dbe a prevencii chor\u00f4b.  <\/p>\n<p><strong>O \u010dom to je:<\/strong><br \/>\nZist\u00edte, ako si pestova\u0165 vlastn\u00fa bylinkov\u00fa z\u00e1hradu, dostanete jasn\u00e9 pokyny k d\u00e1vkovaniu, mo\u017en\u00fdm ved\u013eaj\u0161\u00edm \u00fa\u010dinkom a k\u013e\u00fa\u010dov\u00fdm interakci\u00e1m s chemick\u00fdmi liekmi. Presk\u00famajte, ako pr\u00edrodn\u00e9 prostriedky m\u00f4\u017eu podpori\u0165 va\u0161u celkov\u00fa pohodu, podporova\u0165 zdravie bezpe\u010dn\u00fdm sp\u00f4sobom a bez ved\u013eaj\u0161\u00edch \u00fa\u010dinkov. <\/p>\n<p><strong>Pre koho je t\u00e1to kniha ur\u010den\u00e1:<\/strong><br \/>\nT\u00e1to kniha je ur\u010den\u00e1 pre ka\u017ed\u00e9ho: za\u010diato\u010dn\u00edkov aj \u013eud\u00ed s rozsiahlymi sk\u00fasenos\u0165ami v oblasti pr\u00edrodnej medic\u00edny.<\/p>\n<p>&#8220;Miraculous Natural Remedies, \u010das\u0165 1&#8221; je prv\u00fdm dielom ohromuj\u00facej \u0161tvordielnej s\u00e9rie, ktor\u00e1 vyjde tento a bud\u00faci rok. Kniha sl\u00fa\u017ei ako ide\u00e1lny sprievodca pre ka\u017ed\u00e9ho, kto chce pou\u017ei\u0165 pr\u00edrodn\u00e9 prostriedky v boji proti chorob\u00e1m modern\u00e9ho \u010dloveka. <\/p>\n<p>Ne\u010dakajte! Objednajte si svoj v\u00fdtla\u010dok e\u0161te dnes a vydajte sa na cestu za zdrav\u00edm a pohodou prirodzen\u00fdm sp\u00f4sobom! <\/p>\n","protected":false},"excerpt":{"rendered":"<p><strong>NOV\u00c1 KNIHA V PREDAJI<br \/>\n<\/strong><\/p>\n<p>T\u00e1to kniha je ur\u010den\u00e1 pre ka\u017ed\u00e9ho: za\u010diato\u010dn\u00edkov aj \u013eud\u00ed s rozsiahlymi sk\u00fasenos\u0165ami v oblasti pr\u00edrodnej medic\u00edny.<\/p>\n","protected":false},"featured_media":22126,"comment_status":"open","ping_status":"closed","template":"","meta":{"_seopress_robots_primary_cat":"none","_seopress_titles_title":"","_seopress_titles_desc":"","_seopress_robots_index":""},"product_brand":[],"product_cat":[5155,5156,5182],"product_tag":[],"class_list":{"0":"post-21323","1":"product","2":"type-product","3":"status-publish","4":"has-post-thumbnail","6":"product_cat-elektronicke-edicie-knih","7":"product_cat-knihy","8":"product_cat-produkuje","9":"wpbf-post","12":"instock","13":"taxable","14":"shipping-taxable","15":"purchasable","16":"product-type-variable"},"_links":{"self":[{"href":"https:\/\/mariolab.hr\/sk\/wp-json\/wp\/v2\/product\/21323","targetHints":{"allow":["GET"]}}],"collection":[{"href":"https:\/\/mariolab.hr\/sk\/wp-json\/wp\/v2\/product"}],"about":[{"href":"https:\/\/mariolab.hr\/sk\/wp-json\/wp\/v2\/types\/product"}],"replies":[{"embeddable":true,"href":"https:\/\/mariolab.hr\/sk\/wp-json\/wp\/v2\/comments?post=21323"}],"version-history":[{"count":0,"href":"https:\/\/mariolab.hr\/sk\/wp-json\/wp\/v2\/product\/21323\/revisions"}],"wp:featuredmedia":[{"embeddable":true,"href":"https:\/\/mariolab.hr\/sk\/wp-json\/wp\/v2\/media\/22126"}],"wp:attachment":[{"href":"https:\/\/mariolab.hr\/sk\/wp-json\/wp\/v2\/media?parent=21323"}],"wp:term":[{"taxonomy":"product_brand","embeddable":true,"href":"https:\/\/mariolab.hr\/sk\/wp-json\/wp\/v2\/product_brand?post=21323"},{"taxonomy":"product_cat","embeddable":true,"href":"https:\/\/mariolab.hr\/sk\/wp-json\/wp\/v2\/product_cat?post=21323"},{"taxonomy":"product_tag","embeddable":true,"href":"https:\/\/mariolab.hr\/sk\/wp-json\/wp\/v2\/product_tag?post=21323"}],"curies":[{"name":"wp","href":"https:\/\/api.w.org\/{rel}","templated":true}]}}