{"id":21349,"date":"2024-02-14T20:21:10","date_gmt":"2024-02-14T19:21:10","guid":{"rendered":"https:\/\/mariolab.hr\/proizvod\/prerusovany-post-tajomstvo-zdravia-a-dlhovekosti-tlacena-kniha\/"},"modified":"2024-02-14T20:21:10","modified_gmt":"2024-02-14T19:21:10","slug":"prerusovany-post-tajomstvo-zdravia-a-dlhovekosti-tlacena-kniha","status":"publish","type":"product","link":"https:\/\/mariolab.hr\/sk\/proizvod\/prerusovany-post-tajomstvo-zdravia-a-dlhovekosti-tlacena-kniha\/","title":{"rendered":"PRERU\u0160OVAN\u00dd P\u00d4ST: Tajomstvo zdravia a dlhovekosti \u2013 tla\u010den\u00e1 kniha"},"content":{"rendered":"<p><strong>O KNIHE:<\/strong><br \/>\nKniha hovor\u00ed o najzdrav\u0161om stravovacom re\u017eime na svete, naz\u00fdvanom &#8220;preru\u0161ovan\u00fd p\u00f4st&#8221;. T\u00e1to kniha je v\u00fdsledkom m\u00f4jho v\u00fdskumu tohto sp\u00f4sobu stravovania a jeho aplik\u00e1cie v mojom vlastnom \u017eivote a pri pr\u00e1ci s pacientmi.<\/p>\n<p><strong>O \u010dom to je:<\/strong><br \/>\n&#8221; Preru\u0161ovan\u00fd p\u00f4st nie je len di\u00e9ta; Je to \u017eivotn\u00fd \u0161t\u00fdl, ktor\u00fd m\u00e1 pozit\u00edvny vplyv na va\u0161e fyzick\u00e9 a du\u0161evn\u00e9 zdravie. Prostredn\u00edctvom podrobn\u00e9ho preh\u013eadu o tom, ako praktizova\u0165 preru\u0161ovan\u00fd p\u00f4st, t\u00e1to kniha pon\u00faka konkr\u00e9tne odpor\u00fa\u010dania, tipy a recepty, ktor\u00e9 v\u00e1m pom\u00f4\u017eu dosiahnu\u0165 najlep\u0161ie v\u00fdsledky. <\/p>\n<p><strong>Vedeck\u00fd z\u00e1klad:<\/strong><br \/>\nKniha je zalo\u017een\u00e1 na najnov\u0161om vedeckom v\u00fdskume, ktor\u00fd potvrdzuje neuverite\u013en\u00e9 pr\u00ednosy preru\u0161ovan\u00e9ho p\u00f4stu. Od regul\u00e1cie telesnej hmotnosti a zlep\u0161enia metabolizmu a\u017e po zni\u017eovanie z\u00e1palu a zlep\u0161enie kognit\u00edvnych funkci\u00ed. Kniha poskytuje praktick\u00e9 usmernenia pre za\u010diato\u010dn\u00edkov, ale aj mno\u017estvo nov\u00fdch inform\u00e1ci\u00ed pre v\u0161etk\u00fdch, ktor\u00ed t\u00fato di\u00e9tu dodr\u017eiavaj\u00fa. <\/p>\n<p><strong>\u010co sa nau\u010d\u00edte:<\/strong><br \/>\nAko za\u010da\u0165 s preru\u0161ovan\u00fdm p\u00f4stom a prisp\u00f4sobi\u0165 ho svojim potreb\u00e1m.<br \/>\nZdravotn\u00e9 v\u00fdhody, vr\u00e1tane chudnutia, zlep\u0161enej funkcie srdca a mozgu a zn\u00ed\u017eenia rizika ochoren\u00ed.<br \/>\nRecepty a jed\u00e1lni\u010dky, ktor\u00e9 v\u00e1m pom\u00f4\u017eu dosiahnu\u0165 va\u0161e ciele preru\u0161ovan\u00e9ho p\u00f4stu.<\/p>\n<p><strong>Pre koho je t\u00e1to kniha ur\u010den\u00e1:<\/strong><br \/>\nT\u00e1to kniha je ur\u010den\u00e1 pre ka\u017ed\u00e9ho, kto chce prevzia\u0165 kontrolu nad svoj\u00edm zdrav\u00edm, dosiahnu\u0165 dlhovekos\u0165 a objavi\u0165 tajomstv\u00e1 najzdrav\u0161ej stravy na svete.<\/p>\n","protected":false},"excerpt":{"rendered":"<div><strong>Tla\u010den\u00e1 kniha<\/strong><\/div>\n<div>\n<p>Kniha hovor\u00ed o najzdrav\u0161om stravovacom re\u017eime na svete, naz\u00fdvanom &#8220;preru\u0161ovan\u00fd p\u00f4st&#8221;. T\u00e1to kniha je v\u00fdsledkom m\u00f4jho v\u00fdskumu tohto sp\u00f4sobu stravovania a jeho aplik\u00e1cie v mojom vlastnom \u017eivote a pri pr\u00e1ci s pacientmi.<\/p>\n<\/div>\n","protected":false},"featured_media":21359,"comment_status":"open","ping_status":"closed","template":"","meta":{"_seopress_robots_primary_cat":"none","_seopress_titles_title":"","_seopress_titles_desc":"","_seopress_robots_index":""},"product_brand":[],"product_cat":[5156,5182,5170],"product_tag":[],"class_list":{"0":"post-21349","1":"product","2":"type-product","3":"status-publish","4":"has-post-thumbnail","6":"product_cat-knihy","7":"product_cat-produkuje","8":"product_cat-tlacene-vydania-knih","9":"wpbf-post","12":"instock","13":"sale","14":"taxable","15":"shipping-taxable","16":"purchasable","17":"product-type-variable"},"_links":{"self":[{"href":"https:\/\/mariolab.hr\/sk\/wp-json\/wp\/v2\/product\/21349","targetHints":{"allow":["GET"]}}],"collection":[{"href":"https:\/\/mariolab.hr\/sk\/wp-json\/wp\/v2\/product"}],"about":[{"href":"https:\/\/mariolab.hr\/sk\/wp-json\/wp\/v2\/types\/product"}],"replies":[{"embeddable":true,"href":"https:\/\/mariolab.hr\/sk\/wp-json\/wp\/v2\/comments?post=21349"}],"version-history":[{"count":0,"href":"https:\/\/mariolab.hr\/sk\/wp-json\/wp\/v2\/product\/21349\/revisions"}],"wp:featuredmedia":[{"embeddable":true,"href":"https:\/\/mariolab.hr\/sk\/wp-json\/wp\/v2\/media\/21359"}],"wp:attachment":[{"href":"https:\/\/mariolab.hr\/sk\/wp-json\/wp\/v2\/media?parent=21349"}],"wp:term":[{"taxonomy":"product_brand","embeddable":true,"href":"https:\/\/mariolab.hr\/sk\/wp-json\/wp\/v2\/product_brand?post=21349"},{"taxonomy":"product_cat","embeddable":true,"href":"https:\/\/mariolab.hr\/sk\/wp-json\/wp\/v2\/product_cat?post=21349"},{"taxonomy":"product_tag","embeddable":true,"href":"https:\/\/mariolab.hr\/sk\/wp-json\/wp\/v2\/product_tag?post=21349"}],"curies":[{"name":"wp","href":"https:\/\/api.w.org\/{rel}","templated":true}]}}