{"id":23629,"date":"2025-11-29T13:41:57","date_gmt":"2025-11-29T12:41:57","guid":{"rendered":"https:\/\/mariolab.hr\/?post_type=product&#038;p=23629"},"modified":"2025-11-29T14:18:26","modified_gmt":"2025-11-29T13:18:26","slug":"zazracne-prirodne-lieky-cast-1-a-zazracne-prirodne-lieciva-cast-2-e-book-set-kopiraj","status":"publish","type":"product","link":"https:\/\/mariolab.hr\/sk\/proizvod\/zazracne-prirodne-lieky-cast-1-a-zazracne-prirodne-lieciva-cast-2-e-book-set-kopiraj\/","title":{"rendered":"SADA E-KN\u00cdH Miraculous Natural Remedies, \u010das\u0165 1-3"},"content":{"rendered":"<h3>Z\u00e1zra\u010dn\u00e9 pr\u00edrodn\u00e9 lie\u010div\u00e1, \u010das\u0165 1 <\/h3>\n<p><strong>O KNIHE:<\/strong><br \/>\nChcete prevzia\u0165 kontrolu nad svoj\u00edm zdrav\u00edm prirodzen\u00fdm sp\u00f4sobom? Sta\u010d\u00ed h\u013eada\u0165 moju nov\u00fa knihu o z\u00e1zra\u010dn\u00fdch pr\u00edrodn\u00fdch lie\u010div\u00e1ch. V tejto knihe sa dozviete viac o bohatej hist\u00f3rii pr\u00edrodn\u00fdch liekov, zist\u00edte, ak\u00e9 s\u00fa najlep\u0161ie lie\u010div\u00e9 rastliny a ich vyu\u017eitie pri lie\u010dbe a prevencii chor\u00f4b.  <\/p>\n<p><strong>O \u010dom to je:<\/strong><br \/>\nZist\u00edte, ako si pestova\u0165 vlastn\u00fa bylinkov\u00fa z\u00e1hradu, dostanete jasn\u00e9 pokyny k d\u00e1vkovaniu, mo\u017en\u00fdm ved\u013eaj\u0161\u00edm \u00fa\u010dinkom a k\u013e\u00fa\u010dov\u00fdm interakci\u00e1m s chemick\u00fdmi liekmi. Presk\u00famajte, ako pr\u00edrodn\u00e9 prostriedky m\u00f4\u017eu podpori\u0165 va\u0161u celkov\u00fa pohodu, podporova\u0165 zdravie bezpe\u010dn\u00fdm sp\u00f4sobom a bez ved\u013eaj\u0161\u00edch \u00fa\u010dinkov. <\/p>\n<p><strong>Pre koho je t\u00e1to kniha ur\u010den\u00e1:<\/strong><br \/>\nT\u00e1to kniha je ur\u010den\u00e1 pre ka\u017ed\u00e9ho: za\u010diato\u010dn\u00edkov aj \u013eud\u00ed s rozsiahlymi sk\u00fasenos\u0165ami v oblasti pr\u00edrodnej medic\u00edny.<\/p>\n<p>&#8220;Miraculous Natural Remedies, \u010das\u0165 1&#8221; je prv\u00fdm dielom ohromuj\u00facej \u0161tvordielnej s\u00e9rie, ktor\u00e1 vyjde tento a bud\u00faci rok. Kniha sl\u00fa\u017ei ako ide\u00e1lny sprievodca pre ka\u017ed\u00e9ho, kto chce pou\u017ei\u0165 pr\u00edrodn\u00e9 prostriedky v boji proti chorob\u00e1m modern\u00e9ho \u010dloveka. <\/p>\n<p>Ne\u010dakajte! Objednajte si svoj v\u00fdtla\u010dok e\u0161te dnes a vydajte sa na cestu za zdrav\u00edm a pohodou prirodzen\u00fdm sp\u00f4sobom! <\/p>\n<h3>Z\u00e1zra\u010dn\u00e9 pr\u00edrodn\u00e9 lieky, \u010das\u0165 2<\/h3>\n<p><strong>O KNIHE:<\/strong><br \/>\nChcete prevzia\u0165 kontrolu nad svoj\u00edm zdrav\u00edm prirodzen\u00fdm sp\u00f4sobom? Sta\u010d\u00ed h\u013eada\u0165 moju nov\u00fa knihu o z\u00e1zra\u010dn\u00fdch pr\u00edrodn\u00fdch lie\u010div\u00e1ch. V tejto knihe sa dozviete viac o bohatej hist\u00f3rii pr\u00edrodn\u00fdch liekov, zist\u00edte, ak\u00e9 s\u00fa najlep\u0161ie lie\u010div\u00e9 rastliny a ich vyu\u017eitie pri lie\u010dbe a prevencii chor\u00f4b.  <\/p>\n<p><strong>O \u010dom to je:<\/strong><br \/>\nZist\u00edte, ako si pestova\u0165 vlastn\u00fa bylinkov\u00fa z\u00e1hradu, dostanete jasn\u00e9 pokyny k d\u00e1vkovaniu, mo\u017en\u00fdm ved\u013eaj\u0161\u00edm \u00fa\u010dinkom a k\u013e\u00fa\u010dov\u00fdm interakci\u00e1m s chemick\u00fdmi liekmi. Presk\u00famajte, ako pr\u00edrodn\u00e9 prostriedky m\u00f4\u017eu podpori\u0165 va\u0161u celkov\u00fa pohodu, podporova\u0165 zdravie bezpe\u010dn\u00fdm sp\u00f4sobom a bez ved\u013eaj\u0161\u00edch \u00fa\u010dinkov. <\/p>\n<p><strong>Pre koho je t\u00e1to kniha ur\u010den\u00e1:<\/strong><br \/>\nT\u00e1to kniha je ur\u010den\u00e1 pre ka\u017ed\u00e9ho: za\u010diato\u010dn\u00edkov aj \u013eud\u00ed s rozsiahlymi sk\u00fasenos\u0165ami v oblasti pr\u00edrodnej medic\u00edny.<\/p>\n<p>&#8220;Z\u00e1zra\u010dn\u00e9 pr\u00edrodn\u00e9 lieky, \u010das\u0165 2&#8221; je prv\u00fdm dielom ohromuj\u00facej \u0161tvordielnej s\u00e9rie, ktor\u00e1 vyjde tento a bud\u00faci rok. Kniha sl\u00fa\u017ei ako ide\u00e1lny sprievodca pre ka\u017ed\u00e9ho, kto chce pou\u017ei\u0165 pr\u00edrodn\u00e9 prostriedky v boji proti chorob\u00e1m modern\u00e9ho \u010dloveka. <\/p>\n<p>Ne\u010dakajte! Objednajte si svoj v\u00fdtla\u010dok e\u0161te dnes a vydajte sa na cestu za zdrav\u00edm a pohodou prirodzen\u00fdm sp\u00f4sobom! <\/p>\n<h3>Z\u00e1zra\u010dn\u00e9 pr\u00edrodn\u00e9 lie\u010div\u00e1, \u010das\u0165 3<\/h3>\n<p class=\"ydp7ef12f8fMsoNormal\">&#8220;Z\u00e1zra\u010dn\u00e9 pr\u00edrodn\u00e9 lie\u010div\u00e1 \u2013 \u010das\u0165 3&#8221; je pokra\u010dovan\u00edm s\u00e9rie kn\u00edh o pr\u00edrodn\u00fdch lie\u010div\u00e1ch od Maria Labudovi\u0107a. T\u00e1to kniha v\u00e1s zavedie hlboko do sveta lie\u010div\u00fdch rastl\u00edn a tradi\u010dn\u00fdch pr\u00edprav, ktor\u00e9 z\u00e1sadne zmenia va\u0161e vedomosti o zdravom \u017eivotnom \u0161t\u00fdle.  <\/p>\n<p class=\"ydp7ef12f8fMsoNormal\">Tretia \u010das\u0165 s\u00e9rie prin\u00e1\u0161a viac ne\u017e len klasick\u00fd opis rastl\u00edn. Kniha ukazuje, ako sa pr\u00edrodn\u00e9 lie\u010div\u00e1 pou\u017e\u00edvaj\u00fa v hist\u00f3rii, trad\u00edcii a modernej vede, ako vybera\u0165 kvalitn\u00e9 rastliny, ako spr\u00e1vne pripravi\u0165 n\u00e1levy, odvary, tinkt\u00fary, masti a tonik\u00e1 a ako pochopi\u0165 akt\u00edvne l\u00e1tky ukryt\u00e9 v ka\u017edej rastline.<br \/>\nV\u0161etky rastliny s\u00fa pokryt\u00e9 praktick\u00fdmi pr\u00edkladmi, jasn\u00fdmi vysvetleniami, bezpe\u010dn\u00fdmi usmerneniami a re\u00e1lnymi praktick\u00fdmi sk\u00fasenos\u0165ami, \u010do \u010ditate\u013eovi poskytuje spo\u013eahliv\u00fd, zrozumite\u013en\u00fd a profesion\u00e1lne \u0161trukt\u00farovan\u00fd manu\u00e1l. <\/p>\n<p class=\"ydp7ef12f8fMsoNormal\">Kniha obsahuje:<\/p>\n<ul type=\"disc\">\n<li class=\"ydp7ef12f8fMsoNormal\">Podrobn\u00e9 opisy najsilnej\u0161\u00edch rastl\u00edn pou\u017e\u00edvan\u00fdch v tradi\u010dnej a modernej fytoterapii<\/li>\n<li class=\"ydp7ef12f8fMsoNormal\">Vedeck\u00e9 vysvetlenia akt\u00edvnych l\u00e1tok a ich funkci\u00ed v tele<\/li>\n<\/ul>\n<ul type=\"disc\">\n<li class=\"ydp7ef12f8fMsoNormal\">postupy pr\u00edpravy pr\u00edrodn\u00fdch pr\u00edpravkov (n\u00e1levy, odvary, tinkt\u00fary, sirupy, masti, kapsuly)<\/li>\n<li class=\"ydp7ef12f8fMsoNormal\">Kompletn\u00e9 tabu\u013eky meran\u00ed, steriliz\u00e1cie, skladovania a bezpe\u010dnej manipul\u00e1cie s rastlinami<\/li>\n<li class=\"ydp7ef12f8fMsoNormal\">Tipy na v\u00fdber, kontrolu kvality a spr\u00e1vnu starostlivos\u0165 o rastliny<\/li>\n<li class=\"ydp7ef12f8fMsoNormal\">Odborn\u00fd sprievodca pestovan\u00edm, zberom, su\u0161en\u00edm a spracovan\u00edm lie\u010div\u00fdch rastl\u00edn<\/li>\n<li class=\"ydp7ef12f8fMsoNormal\">Jasn\u00e9 vysvetlenie \u00fa\u010dinkov rastl\u00edn na tr\u00e1viaci, obehov\u00fd, nervov\u00fd a imunitn\u00fd syst\u00e9m<\/li>\n<li class=\"ydp7ef12f8fMsoNormal\">Preh\u013ead glob\u00e1lnej hist\u00f3rie a aplik\u00e1cie lie\u010div\u00fdch byl\u00edn v \u010d\u00ednskych, indick\u00fdch, africk\u00fdch a eur\u00f3pskych trad\u00edci\u00e1ch<\/li>\n<\/ul>\n<p class=\"ydp7ef12f8fMsoNormal\">T\u00e1to kniha nie je len encyklop\u00e9diou rastl\u00edn \u2013 je to kompletn\u00fd syst\u00e9m poznania ur\u010den\u00fd pre ka\u017ed\u00e9ho, kto chce hlb\u0161ie pochopi\u0165 pr\u00edrodu, zdravie a vlastn\u00e9 telo. Je nap\u00edsan\u00e1 jednoducho, zrozumite\u013ene a profesion\u00e1lne, aby ka\u017ed\u00fd \u010ditate\u013e mohol bezpe\u010dne pou\u017e\u00edva\u0165 pr\u00edrodn\u00e9 pr\u00edpravky s radami lek\u00e1rskych odborn\u00edkov. <\/p>\n<p class=\"ydp7ef12f8fMsoNormal\">Tretia \u010das\u0165 s\u00e9rie dokonale dop\u013a\u0148a predch\u00e1dzaj\u00face knihy, roz\u0161iruje poznatky a objavuje nov\u00e9 rastliny, ktor\u00fdch \u00fa\u010dinnos\u0165 bola potvrden\u00e1 storo\u010diami trad\u00edcie a modern\u00e9ho v\u00fdskumu. Toto pokra\u010dovanie rob\u00ed zo s\u00e9rie &#8220;Z\u00e1zra\u010dn\u00e9 pr\u00edrodn\u00e9 lie\u010div\u00e1&#8221; jednu z najkompletnej\u0161\u00edch pr\u00edru\u010diek pr\u00edrodn\u00e9ho zdravia vo svete pr\u00edrodn\u00fdch liekov. <\/p>\n<p class=\"ydp7ef12f8fMsoNormal\"><b>Ak sa chcete nau\u010di\u0165 vyu\u017e\u00edva\u0165 pr\u00edrodu bezpe\u010dne, prakticky a efekt\u00edvne \u2013 t\u00e1to kniha je spr\u00e1vnou vo\u013ebou.<\/b><\/p>\n","protected":false},"excerpt":{"rendered":"<p>NOV\u00c1 KNIHA V PREDAJI<strong><br \/>\nVYU\u017dITE<\/strong> Z\u013dAVU<\/p>\n<p>Sada troch e-kn\u00edh:<\/p>\n<ul>\n<li class=\"woocommerce-loop-product__title\">&#8220;Z\u00e1zra\u010dn\u00e9 pr\u00edrodn\u00e9 lieky, \u010das\u0165 1&#8221; \u2013 V\u00e1\u0161 sprievodca zdrav\u00edm<\/li>\n<li>&#8220;Z\u00e1zra\u010dn\u00e9 pr\u00edrodn\u00e9 prostriedky, \u010das\u0165 2&#8221; \u2013 V\u00e1\u0161 sprievodca zdrav\u00edm<\/li>\n<li>&#8220;Z\u00e1zra\u010dn\u00e9 pr\u00edrodn\u00e9 lie\u010div\u00e1, \u010das\u0165 3&#8221; \u2013 V\u00e1\u0161 sprievodca zdrav\u00edm<\/li>\n<li>\n<\/li>\n<\/ul>\n","protected":false},"featured_media":23759,"comment_status":"open","ping_status":"closed","template":"","meta":{"_seopress_robots_primary_cat":"none","_seopress_titles_title":"","_seopress_titles_desc":"","_seopress_robots_index":""},"product_brand":[],"product_cat":[5155,5156],"product_tag":[],"class_list":{"0":"post-23629","1":"product","2":"type-product","3":"status-publish","4":"has-post-thumbnail","6":"product_cat-elektronicke-edicie-knih","7":"product_cat-knihy","8":"wpbf-post","11":"instock","12":"sale","13":"taxable","14":"shipping-taxable","15":"purchasable","16":"product-type-variable"},"_links":{"self":[{"href":"https:\/\/mariolab.hr\/sk\/wp-json\/wp\/v2\/product\/23629","targetHints":{"allow":["GET"]}}],"collection":[{"href":"https:\/\/mariolab.hr\/sk\/wp-json\/wp\/v2\/product"}],"about":[{"href":"https:\/\/mariolab.hr\/sk\/wp-json\/wp\/v2\/types\/product"}],"replies":[{"embeddable":true,"href":"https:\/\/mariolab.hr\/sk\/wp-json\/wp\/v2\/comments?post=23629"}],"version-history":[{"count":0,"href":"https:\/\/mariolab.hr\/sk\/wp-json\/wp\/v2\/product\/23629\/revisions"}],"wp:featuredmedia":[{"embeddable":true,"href":"https:\/\/mariolab.hr\/sk\/wp-json\/wp\/v2\/media\/23759"}],"wp:attachment":[{"href":"https:\/\/mariolab.hr\/sk\/wp-json\/wp\/v2\/media?parent=23629"}],"wp:term":[{"taxonomy":"product_brand","embeddable":true,"href":"https:\/\/mariolab.hr\/sk\/wp-json\/wp\/v2\/product_brand?post=23629"},{"taxonomy":"product_cat","embeddable":true,"href":"https:\/\/mariolab.hr\/sk\/wp-json\/wp\/v2\/product_cat?post=23629"},{"taxonomy":"product_tag","embeddable":true,"href":"https:\/\/mariolab.hr\/sk\/wp-json\/wp\/v2\/product_tag?post=23629"}],"curies":[{"name":"wp","href":"https:\/\/api.w.org\/{rel}","templated":true}]}}