{"id":24864,"date":"2025-11-29T15:19:10","date_gmt":"2025-11-29T14:19:10","guid":{"rendered":"https:\/\/mariolab.hr\/?post_type=product&#038;p=24864"},"modified":"2025-11-29T15:27:28","modified_gmt":"2025-11-29T14:27:28","slug":"subor-tlacenych-knih-miraculous-natural-remedies-1-3-cast-kopiraj","status":"publish","type":"product","link":"https:\/\/mariolab.hr\/sk\/proizvod\/subor-tlacenych-knih-miraculous-natural-remedies-1-3-cast-kopiraj\/","title":{"rendered":"S\u00daBOR TLA\u010cEN\u00ddCH KN\u00cdH Miraculous Natural Remedies, \u010dasti 1-3 a PRERU\u0160OVAN\u00dd P\u00d4ST: Tajomstvo zdravia a dlhovekosti"},"content":{"rendered":"<h3>Z\u00e1zra\u010dn\u00e9 pr\u00edrodn\u00e9 lie\u010div\u00e1, \u010das\u0165 1 <\/h3>\n<p><strong>O KNIHE:<\/strong><br \/>\nChcete prevzia\u0165 kontrolu nad svoj\u00edm zdrav\u00edm prirodzen\u00fdm sp\u00f4sobom? Sta\u010d\u00ed h\u013eada\u0165 moju nov\u00fa knihu o z\u00e1zra\u010dn\u00fdch pr\u00edrodn\u00fdch lie\u010div\u00e1ch. V tejto knihe sa dozviete viac o bohatej hist\u00f3rii pr\u00edrodn\u00fdch liekov, zist\u00edte, ak\u00e9 s\u00fa najlep\u0161ie lie\u010div\u00e9 rastliny a ich vyu\u017eitie pri lie\u010dbe a prevencii chor\u00f4b.  <\/p>\n<p><strong>O \u010dom to je:<\/strong><br \/>\nZist\u00edte, ako si pestova\u0165 vlastn\u00fa bylinkov\u00fa z\u00e1hradu, dostanete jasn\u00e9 pokyny k d\u00e1vkovaniu, mo\u017en\u00fdm ved\u013eaj\u0161\u00edm \u00fa\u010dinkom a k\u013e\u00fa\u010dov\u00fdm interakci\u00e1m s chemick\u00fdmi liekmi. Presk\u00famajte, ako pr\u00edrodn\u00e9 prostriedky m\u00f4\u017eu podpori\u0165 va\u0161u celkov\u00fa pohodu, podporova\u0165 zdravie bezpe\u010dn\u00fdm sp\u00f4sobom a bez ved\u013eaj\u0161\u00edch \u00fa\u010dinkov. <\/p>\n<p><strong>Pre koho je t\u00e1to kniha ur\u010den\u00e1:<\/strong><br \/>\nT\u00e1to kniha je ur\u010den\u00e1 pre ka\u017ed\u00e9ho: za\u010diato\u010dn\u00edkov aj \u013eud\u00ed s rozsiahlymi sk\u00fasenos\u0165ami v oblasti pr\u00edrodnej medic\u00edny.<\/p>\n<p>&#8220;Miraculous Natural Remedies, \u010das\u0165 1&#8221; je prv\u00fdm dielom ohromuj\u00facej \u0161tvordielnej s\u00e9rie, ktor\u00e1 vyjde tento a bud\u00faci rok. Kniha sl\u00fa\u017ei ako ide\u00e1lny sprievodca pre ka\u017ed\u00e9ho, kto chce pou\u017ei\u0165 pr\u00edrodn\u00e9 prostriedky v boji proti chorob\u00e1m modern\u00e9ho \u010dloveka. <\/p>\n<p>Ne\u010dakajte! Objednajte si svoj v\u00fdtla\u010dok e\u0161te dnes a vydajte sa na cestu za zdrav\u00edm a pohodou prirodzen\u00fdm sp\u00f4sobom! <\/p>\n<h3>Z\u00e1zra\u010dn\u00e9 pr\u00edrodn\u00e9 lieky, \u010das\u0165 2<\/h3>\n<p><strong>O KNIHE:<\/strong><br \/>\nChcete prevzia\u0165 kontrolu nad svoj\u00edm zdrav\u00edm prirodzen\u00fdm sp\u00f4sobom? Sta\u010d\u00ed h\u013eada\u0165 moju nov\u00fa knihu o z\u00e1zra\u010dn\u00fdch pr\u00edrodn\u00fdch lie\u010div\u00e1ch. V tejto knihe sa dozviete viac o bohatej hist\u00f3rii pr\u00edrodn\u00fdch liekov, zist\u00edte, ak\u00e9 s\u00fa najlep\u0161ie lie\u010div\u00e9 rastliny a ich vyu\u017eitie pri lie\u010dbe a prevencii chor\u00f4b.  <\/p>\n<p><strong>O \u010dom to je:<\/strong><br \/>\nZist\u00edte, ako si pestova\u0165 vlastn\u00fa bylinkov\u00fa z\u00e1hradu, dostanete jasn\u00e9 pokyny k d\u00e1vkovaniu, mo\u017en\u00fdm ved\u013eaj\u0161\u00edm \u00fa\u010dinkom a k\u013e\u00fa\u010dov\u00fdm interakci\u00e1m s chemick\u00fdmi liekmi. Presk\u00famajte, ako pr\u00edrodn\u00e9 prostriedky m\u00f4\u017eu podpori\u0165 va\u0161u celkov\u00fa pohodu, podporova\u0165 zdravie bezpe\u010dn\u00fdm sp\u00f4sobom a bez ved\u013eaj\u0161\u00edch \u00fa\u010dinkov. <\/p>\n<p><strong>Pre koho je t\u00e1to kniha ur\u010den\u00e1:<\/strong><br \/>\nT\u00e1to kniha je ur\u010den\u00e1 pre ka\u017ed\u00e9ho: za\u010diato\u010dn\u00edkov aj \u013eud\u00ed s rozsiahlymi sk\u00fasenos\u0165ami v oblasti pr\u00edrodnej medic\u00edny.<\/p>\n<p>&#8220;Z\u00e1zra\u010dn\u00e9 pr\u00edrodn\u00e9 lieky, \u010das\u0165 2&#8221; je prv\u00fdm dielom ohromuj\u00facej \u0161tvordielnej s\u00e9rie, ktor\u00e1 vyjde tento a bud\u00faci rok. Kniha sl\u00fa\u017ei ako ide\u00e1lny sprievodca pre ka\u017ed\u00e9ho, kto chce pou\u017ei\u0165 pr\u00edrodn\u00e9 prostriedky v boji proti chorob\u00e1m modern\u00e9ho \u010dloveka. <\/p>\n<p>Ne\u010dakajte! Objednajte si svoj v\u00fdtla\u010dok e\u0161te dnes a vydajte sa na cestu za zdrav\u00edm a pohodou prirodzen\u00fdm sp\u00f4sobom! <\/p>\n<h3>Z\u00e1zra\u010dn\u00e9 pr\u00edrodn\u00e9 lie\u010div\u00e1, \u010das\u0165 3<\/h3>\n<p class=\"ydp7ef12f8fMsoNormal\">&#8220;Z\u00e1zra\u010dn\u00e9 pr\u00edrodn\u00e9 lie\u010div\u00e1 \u2013 \u010das\u0165 3&#8221; je pokra\u010dovan\u00edm s\u00e9rie kn\u00edh o pr\u00edrodn\u00fdch lie\u010div\u00e1ch od Maria Labudovi\u0107a. T\u00e1to kniha v\u00e1s zavedie hlboko do sveta lie\u010div\u00fdch rastl\u00edn a tradi\u010dn\u00fdch pr\u00edprav, ktor\u00e9 z\u00e1sadne zmenia va\u0161e vedomosti o zdravom \u017eivotnom \u0161t\u00fdle.  <\/p>\n<p class=\"ydp7ef12f8fMsoNormal\">Tretia \u010das\u0165 s\u00e9rie prin\u00e1\u0161a viac ne\u017e len klasick\u00fd opis rastl\u00edn. Kniha ukazuje, ako sa pr\u00edrodn\u00e9 lie\u010div\u00e1 pou\u017e\u00edvaj\u00fa v hist\u00f3rii, trad\u00edcii a modernej vede, ako vybera\u0165 kvalitn\u00e9 rastliny, ako spr\u00e1vne pripravi\u0165 n\u00e1levy, odvary, tinkt\u00fary, masti a tonik\u00e1 a ako pochopi\u0165 akt\u00edvne l\u00e1tky ukryt\u00e9 v ka\u017edej rastline.<br \/>\nV\u0161etky rastliny s\u00fa pokryt\u00e9 praktick\u00fdmi pr\u00edkladmi, jasn\u00fdmi vysvetleniami, bezpe\u010dn\u00fdmi usmerneniami a re\u00e1lnymi praktick\u00fdmi sk\u00fasenos\u0165ami, \u010do \u010ditate\u013eovi poskytuje spo\u013eahliv\u00fd, zrozumite\u013en\u00fd a profesion\u00e1lne \u0161trukt\u00farovan\u00fd manu\u00e1l. <\/p>\n<p class=\"ydp7ef12f8fMsoNormal\">Kniha obsahuje:<\/p>\n<ul type=\"disc\">\n<li class=\"ydp7ef12f8fMsoNormal\">Podrobn\u00e9 opisy najsilnej\u0161\u00edch rastl\u00edn pou\u017e\u00edvan\u00fdch v tradi\u010dnej a modernej fytoterapii<\/li>\n<li class=\"ydp7ef12f8fMsoNormal\">Vedeck\u00e9 vysvetlenia akt\u00edvnych l\u00e1tok a ich funkci\u00ed v tele<\/li>\n<\/ul>\n<ul type=\"disc\">\n<li class=\"ydp7ef12f8fMsoNormal\">postupy pr\u00edpravy pr\u00edrodn\u00fdch pr\u00edpravkov (n\u00e1levy, odvary, tinkt\u00fary, sirupy, masti, kapsuly)<\/li>\n<li class=\"ydp7ef12f8fMsoNormal\">Kompletn\u00e9 tabu\u013eky meran\u00ed, steriliz\u00e1cie, skladovania a bezpe\u010dnej manipul\u00e1cie s rastlinami<\/li>\n<li class=\"ydp7ef12f8fMsoNormal\">Tipy na v\u00fdber, kontrolu kvality a spr\u00e1vnu starostlivos\u0165 o rastliny<\/li>\n<li class=\"ydp7ef12f8fMsoNormal\">Odborn\u00fd sprievodca pestovan\u00edm, zberom, su\u0161en\u00edm a spracovan\u00edm lie\u010div\u00fdch rastl\u00edn<\/li>\n<li class=\"ydp7ef12f8fMsoNormal\">Jasn\u00e9 vysvetlenie \u00fa\u010dinkov rastl\u00edn na tr\u00e1viaci, obehov\u00fd, nervov\u00fd a imunitn\u00fd syst\u00e9m<\/li>\n<li class=\"ydp7ef12f8fMsoNormal\">Preh\u013ead glob\u00e1lnej hist\u00f3rie a aplik\u00e1cie lie\u010div\u00fdch byl\u00edn v \u010d\u00ednskych, indick\u00fdch, africk\u00fdch a eur\u00f3pskych trad\u00edci\u00e1ch<\/li>\n<\/ul>\n<p class=\"ydp7ef12f8fMsoNormal\">T\u00e1to kniha nie je len encyklop\u00e9diou rastl\u00edn \u2013 je to kompletn\u00fd syst\u00e9m poznania ur\u010den\u00fd pre ka\u017ed\u00e9ho, kto chce hlb\u0161ie pochopi\u0165 pr\u00edrodu, zdravie a vlastn\u00e9 telo. Je nap\u00edsan\u00e1 jednoducho, zrozumite\u013ene a profesion\u00e1lne, aby ka\u017ed\u00fd \u010ditate\u013e mohol bezpe\u010dne pou\u017e\u00edva\u0165 pr\u00edrodn\u00e9 pr\u00edpravky s radami lek\u00e1rskych odborn\u00edkov. <\/p>\n<p class=\"ydp7ef12f8fMsoNormal\">Tretia \u010das\u0165 s\u00e9rie dokonale dop\u013a\u0148a predch\u00e1dzaj\u00face knihy, roz\u0161iruje poznatky a objavuje nov\u00e9 rastliny, ktor\u00fdch \u00fa\u010dinnos\u0165 bola potvrden\u00e1 storo\u010diami trad\u00edcie a modern\u00e9ho v\u00fdskumu. Toto pokra\u010dovanie rob\u00ed zo s\u00e9rie &#8220;Z\u00e1zra\u010dn\u00e9 pr\u00edrodn\u00e9 lie\u010div\u00e1&#8221; jednu z najkompletnej\u0161\u00edch pr\u00edru\u010diek pr\u00edrodn\u00e9ho zdravia vo svete pr\u00edrodn\u00fdch liekov. <\/p>\n<p class=\"ydp7ef12f8fMsoNormal\"><b>Ak sa chcete nau\u010di\u0165 vyu\u017e\u00edva\u0165 pr\u00edrodu bezpe\u010dne, prakticky a efekt\u00edvne \u2013 t\u00e1to kniha je spr\u00e1vnou vo\u013ebou.<\/b><\/p>\n<h3>PRERU\u0160OVAN\u00dd P\u00d4ST: Tajomstvo zdravia a dlhovekosti<\/h3>\n<p>O KNIHE:<br \/>\n Kniha je o najzdrav\u0161om stravovacom re\u017eime na svete naz\u00fdvanom &#8220;preru\u0161ovan\u00fd p\u00f4st&#8221;. T\u00e1to kniha je v\u00fdsledkom m\u00f4jho v\u00fdskumu tohto sp\u00f4sobu stravovania a jeho aplik\u00e1cie v mojom vlastnom \u017eivote a pri pr\u00e1ci s pacientmi.<\/p>\n<p>O \u010dom to je:<br \/>\n &#8220;Preru\u0161ovan\u00fd p\u00f4st&#8221; nie je len di\u00e9ta; je to \u017eivotn\u00fd \u0161t\u00fdl, ktor\u00fd m\u00e1 pozit\u00edvny vplyv na va\u0161e fyzick\u00e9 a du\u0161evn\u00e9 zdravie. Prostredn\u00edctvom podrobn\u00e9ho preh\u013eadu o tom, ako praktizova\u0165 preru\u0161ovan\u00fd p\u00f4st, t\u00e1to kniha pon\u00faka konkr\u00e9tne odpor\u00fa\u010dania, tipy a recepty, ktor\u00e9 v\u00e1m pom\u00f4\u017eu dosiahnu\u0165 najlep\u0161ie v\u00fdsledky. <\/p>\n<p>Vedeck\u00fd z\u00e1klad:<br \/>\n Kniha je zalo\u017een\u00e1 na najnov\u0161om vedeckom v\u00fdskume, ktor\u00fd potvrdzuje neuverite\u013en\u00e9 pr\u00ednosy preru\u0161ovan\u00e9ho p\u00f4stu. Od regul\u00e1cie telesnej hmotnosti a zlep\u0161enia metabolizmu a\u017e po zni\u017eovanie z\u00e1palu a zlep\u0161enie kognit\u00edvnych funkci\u00ed. Kniha poskytuje praktick\u00e9 usmernenia pre za\u010diato\u010dn\u00edkov, ale aj mno\u017estvo nov\u00fdch inform\u00e1ci\u00ed pre v\u0161etk\u00fdch, ktor\u00ed t\u00fato di\u00e9tu dodr\u017eiavaj\u00fa. <\/p>\n<p>\u010co sa nau\u010d\u00edte:<br \/>\n Ako za\u010da\u0165 s preru\u0161ovan\u00fdm p\u00f4stom a prisp\u00f4sobi\u0165 ho svojim potreb\u00e1m.<br \/>\nZdravotn\u00e9 v\u00fdhody, vr\u00e1tane chudnutia, zlep\u0161enej funkcie srdca a mozgu a zn\u00ed\u017eenia rizika ochoren\u00ed.<br \/>\nRecepty a jed\u00e1lni\u010dky, ktor\u00e9 v\u00e1m pom\u00f4\u017eu dosiahnu\u0165 va\u0161e ciele preru\u0161ovan\u00e9ho p\u00f4stu.<\/p>\n<p>Pre koho je t\u00e1to kniha:<br \/>\n T\u00e1to kniha je ur\u010den\u00e1 pre ka\u017ed\u00e9ho, kto chce prevzia\u0165 kontrolu nad svoj\u00edm zdrav\u00edm, dosiahnu\u0165 dlhovekos\u0165 a objavi\u0165 tajomstv\u00e1 najzdrav\u0161ej stravy na svete.<\/p>\n","protected":false},"excerpt":{"rendered":"<ul>\n<li class=\"woocommerce-loop-product__title\">&#8220;Z\u00e1zra\u010dn\u00e9 pr\u00edrodn\u00e9 lieky, \u010das\u0165 1&#8221; \u2013 V\u00e1\u0161 sprievodca zdrav\u00edm<\/li>\n<li>&#8220;Z\u00e1zra\u010dn\u00e9 pr\u00edrodn\u00e9 prostriedky, \u010das\u0165 2&#8221; \u2013 V\u00e1\u0161 sprievodca zdrav\u00edm<\/li>\n<li>&#8220;Z\u00e1zra\u010dn\u00e9 pr\u00edrodn\u00e9 lie\u010div\u00e1, \u010das\u0165 3&#8221; \u2013 V\u00e1\u0161 sprievodca zdrav\u00edm<\/li>\n<li>  PRERU\u0160OVAN\u00dd P\u00d4ST: Tajomstvo zdravia a dlhovekosti<\/li>\n<\/ul>\n","protected":false},"featured_media":23747,"comment_status":"closed","ping_status":"closed","template":"","meta":{"_seopress_robots_primary_cat":"none","_seopress_titles_title":"","_seopress_titles_desc":"","_seopress_robots_index":""},"product_brand":[],"product_cat":[5156,5182,5170],"product_tag":[],"class_list":{"0":"post-24864","1":"product","2":"type-product","3":"status-publish","4":"has-post-thumbnail","6":"product_cat-knihy","7":"product_cat-produkuje","8":"product_cat-tlacene-vydania-knih","9":"wpbf-post","12":"instock","13":"sale","14":"taxable","15":"shipping-taxable","16":"purchasable","17":"product-type-variable"},"_links":{"self":[{"href":"https:\/\/mariolab.hr\/sk\/wp-json\/wp\/v2\/product\/24864","targetHints":{"allow":["GET"]}}],"collection":[{"href":"https:\/\/mariolab.hr\/sk\/wp-json\/wp\/v2\/product"}],"about":[{"href":"https:\/\/mariolab.hr\/sk\/wp-json\/wp\/v2\/types\/product"}],"replies":[{"embeddable":true,"href":"https:\/\/mariolab.hr\/sk\/wp-json\/wp\/v2\/comments?post=24864"}],"version-history":[{"count":2,"href":"https:\/\/mariolab.hr\/sk\/wp-json\/wp\/v2\/product\/24864\/revisions"}],"predecessor-version":[{"id":24957,"href":"https:\/\/mariolab.hr\/sk\/wp-json\/wp\/v2\/product\/24864\/revisions\/24957"}],"wp:featuredmedia":[{"embeddable":true,"href":"https:\/\/mariolab.hr\/sk\/wp-json\/wp\/v2\/media\/23747"}],"wp:attachment":[{"href":"https:\/\/mariolab.hr\/sk\/wp-json\/wp\/v2\/media?parent=24864"}],"wp:term":[{"taxonomy":"product_brand","embeddable":true,"href":"https:\/\/mariolab.hr\/sk\/wp-json\/wp\/v2\/product_brand?post=24864"},{"taxonomy":"product_cat","embeddable":true,"href":"https:\/\/mariolab.hr\/sk\/wp-json\/wp\/v2\/product_cat?post=24864"},{"taxonomy":"product_tag","embeddable":true,"href":"https:\/\/mariolab.hr\/sk\/wp-json\/wp\/v2\/product_tag?post=24864"}],"curies":[{"name":"wp","href":"https:\/\/api.w.org\/{rel}","templated":true}]}}