{"id":25433,"date":"2026-01-16T11:59:09","date_gmt":"2026-01-16T10:59:09","guid":{"rendered":"https:\/\/mariolab.hr\/proizvod\/mariolab-premium-keramicky-hrncek-zdravy-zivotny-styl\/"},"modified":"2026-01-16T11:59:09","modified_gmt":"2026-01-16T10:59:09","slug":"mariolab-premium-keramicky-hrncek-zdravy-zivotny-styl","status":"publish","type":"product","link":"https:\/\/mariolab.hr\/sk\/proizvod\/mariolab-premium-keramicky-hrncek-zdravy-zivotny-styl\/","title":{"rendered":"Mariolab Premium keramick\u00fd hrn\u010dek \u2013 Zdrav\u00fd \u017eivotn\u00fd \u0161t\u00fdl"},"content":{"rendered":"<p data-start=\"337\" data-end=\"739\">Tento <strong data-start=\"351\" data-end=\"380\">elegantn\u00fd keramick\u00fd hrn\u010dek s hmotnos\u0165ou 11 oz<\/strong> je dokonal\u00fdm doplnkom k va\u0161im rann\u00fdm ritu\u00e1lom a ka\u017edej chv\u00edli, ke\u010f si vychutn\u00e1te svoj ob\u013e\u00faben\u00fd n\u00e1poj. Vyroben\u00fd z <strong data-start=\"506\" data-end=\"532\">kvalitnej lesklej bielej keramiky<\/strong>, kombinuje <strong data-start=\"544\" data-end=\"562\">pr\u00e9miov\u00fd vzh\u013ead<\/strong> s dlhodobou funk\u010dnos\u0165ou, pri\u010dom dizajn je starostlivo vytvoren\u00fd tak, aby nasledoval estetiku zdrav\u00e9ho a vedom\u00e9ho \u017eivotn\u00e9ho \u0161t\u00fdlu, ktor\u00fd <em data-start=\"690\" data-end=\"700\">pestuje MarioLAB.<\/em> <\/p>\n<p data-start=\"741\" data-end=\"774\"><strong data-start=\"743\" data-end=\"774\">K\u013e\u00fa\u010dov\u00e9 vlastnosti produktu:<\/strong><\/p>\n<ul data-start=\"775\" data-end=\"1225\">\n<li data-start=\"775\" data-end=\"865\">\n<p data-start=\"777\" data-end=\"865\"><strong data-start=\"780\" data-end=\"793\">Ve\u013ekos\u0165:<\/strong> \u0160tandardn\u00fdch 11 oz (\u2248 325 ml) \u2013 ide\u00e1lne na k\u00e1vu, \u010daj alebo hor\u00face n\u00e1poje.<\/p>\n<\/li>\n<li data-start=\"866\" data-end=\"955\">\n<p data-start=\"868\" data-end=\"955\"><strong data-start=\"871\" data-end=\"882\">Dizajn:<\/strong> obop\u00ednac\u00ed dizajn s mot\u00edvmi, ktor\u00e9 in\u0161piruj\u00fa zdravie a pohodu.<\/p>\n<\/li>\n<li data-start=\"956\" data-end=\"1045\">\n<p data-start=\"958\" data-end=\"1045\"><strong data-start=\"960\" data-end=\"974\">Materi\u00e1l:<\/strong> kvalitn\u00e1 keramika s leskl\u00fdm povrchom vhodn\u00e1 na dlhodob\u00e9 pou\u017eitie.<\/p>\n<\/li>\n<li data-start=\"1046\" data-end=\"1129\">\n<p data-start=\"1048\" data-end=\"1129\"><strong data-start=\"1051\" data-end=\"1078\">Jednoduch\u00e1 \u00fadr\u017eba:<\/strong> vhodn\u00e1 do um\u00fdva\u010dky riadu a mikrovlnky.<\/p>\n<\/li>\n<li data-start=\"1130\" data-end=\"1225\">\n<p data-start=\"1132\" data-end=\"1225\"><strong data-start=\"1135\" data-end=\"1154\">Dokonal\u00fd dar\u010dek:<\/strong> kr\u00e1sne navrhnut\u00fd a funk\u010dn\u00fd \u2013 ide\u00e1lny ako dar\u010dek pre milovan\u00fa osobu.<\/p>\n<\/li>\n<\/ul>\n<p data-start=\"1227\" data-end=\"1419\">Tento hrn\u010dek nie je len miska na pitie \u2013 je <strong data-start=\"1272\" data-end=\"1333\">to pr\u00edrastok do va\u0161ej ka\u017edodennej rutiny zdravia a in\u0161pir\u00e1cie<\/strong>, rovnako ako hodnoty, ktor\u00e9 <em data-start=\"1370\" data-end=\"1380\">propaguje MarioLAB.<\/em><\/p>\n","protected":false},"excerpt":{"rendered":"<p>Tento hrn\u010dek nie je len miska na pitie \u2013 je <strong data-start=\"1272\" data-end=\"1333\">to pr\u00edrastok do va\u0161ej ka\u017edodennej rutiny zdravia a in\u0161pir\u00e1cie<\/strong>, rovnako ako hodnoty, ktor\u00e9 <em data-start=\"1370\" data-end=\"1380\">propaguje MarioLAB.<\/em><\/p>\n","protected":false},"featured_media":25399,"comment_status":"closed","ping_status":"closed","template":"","meta":{"_seopress_robots_primary_cat":"","_seopress_titles_title":"","_seopress_titles_desc":"","_seopress_robots_index":""},"product_brand":[],"product_cat":[5156,5182,5170],"product_tag":[],"class_list":{"0":"post-25433","1":"product","2":"type-product","3":"status-publish","4":"has-post-thumbnail","6":"product_cat-knihy","7":"product_cat-produkuje","8":"product_cat-tlacene-vydania-knih","9":"wpbf-post","12":"instock","13":"taxable","14":"shipping-taxable","15":"purchasable","16":"product-type-simple"},"_links":{"self":[{"href":"https:\/\/mariolab.hr\/sk\/wp-json\/wp\/v2\/product\/25433","targetHints":{"allow":["GET"]}}],"collection":[{"href":"https:\/\/mariolab.hr\/sk\/wp-json\/wp\/v2\/product"}],"about":[{"href":"https:\/\/mariolab.hr\/sk\/wp-json\/wp\/v2\/types\/product"}],"replies":[{"embeddable":true,"href":"https:\/\/mariolab.hr\/sk\/wp-json\/wp\/v2\/comments?post=25433"}],"version-history":[{"count":0,"href":"https:\/\/mariolab.hr\/sk\/wp-json\/wp\/v2\/product\/25433\/revisions"}],"wp:featuredmedia":[{"embeddable":true,"href":"https:\/\/mariolab.hr\/sk\/wp-json\/wp\/v2\/media\/25399"}],"wp:attachment":[{"href":"https:\/\/mariolab.hr\/sk\/wp-json\/wp\/v2\/media?parent=25433"}],"wp:term":[{"taxonomy":"product_brand","embeddable":true,"href":"https:\/\/mariolab.hr\/sk\/wp-json\/wp\/v2\/product_brand?post=25433"},{"taxonomy":"product_cat","embeddable":true,"href":"https:\/\/mariolab.hr\/sk\/wp-json\/wp\/v2\/product_cat?post=25433"},{"taxonomy":"product_tag","embeddable":true,"href":"https:\/\/mariolab.hr\/sk\/wp-json\/wp\/v2\/product_tag?post=25433"}],"curies":[{"name":"wp","href":"https:\/\/api.w.org\/{rel}","templated":true}]}}