{"id":13303,"date":"2024-05-04T11:57:01","date_gmt":"2024-05-04T09:57:01","guid":{"rendered":"https:\/\/mariolab.hr\/indimli-urunler\/"},"modified":"2025-11-26T13:33:30","modified_gmt":"2025-11-26T12:33:30","slug":"indimli-urunler","status":"publish","type":"page","link":"https:\/\/mariolab.hr\/tr\/indimli-urunler\/","title":{"rendered":"\u0130ND\u0130ML\u0130 \u00dcR\u00dcNLER"},"content":{"rendered":"\t\t<div data-elementor-type=\"wp-page\" data-elementor-id=\"13303\" class=\"elementor elementor-13303 elementor-6334\" data-elementor-post-type=\"page\">\n\t\t\t\t<div class=\"elementor-element elementor-element-1064e75 e-flex e-con-boxed e-con e-parent\" data-id=\"1064e75\" data-element_type=\"container\" data-e-type=\"container\">\n\t\t\t\t\t<div class=\"e-con-inner\">\n\t\t\t\t<div class=\"elementor-element elementor-element-9b5f9e3 elementor-widget elementor-widget-heading\" data-id=\"9b5f9e3\" data-element_type=\"widget\" data-e-type=\"widget\" data-widget_type=\"heading.default\">\n\t\t\t\t<div class=\"elementor-widget-container\">\n\t\t\t\t\t<h2 class=\"elementor-heading-title elementor-size-default\">Sa\u011fl\u0131\u011f\u0131n\u0131z\u0131 koruyun. Yeni ya\u015fam tarz\u0131n\u0131z olsun! <\/h2>\t\t\t\t<\/div>\n\t\t\t\t<\/div>\n\t\t\t\t\t<\/div>\n\t\t\t\t<\/div>\n\t\t<div class=\"elementor-element elementor-element-65e9746 e-flex e-con-boxed e-con e-parent\" data-id=\"65e9746\" data-element_type=\"container\" data-e-type=\"container\">\n\t\t\t\t\t<div class=\"e-con-inner\">\n\t\t\t\t<div class=\"elementor-element elementor-element-0b1eb54 elementor-product-loop-item--align-center elementor-grid-mobile-1 elementor-grid-4 elementor-grid-tablet-3 elementor-products-grid elementor-wc-products elementor-show-pagination-border-yes elementor-widget elementor-widget-woocommerce-products\" data-id=\"0b1eb54\" data-element_type=\"widget\" data-e-type=\"widget\" data-widget_type=\"woocommerce-products.default\">\n\t\t\t\t<div class=\"elementor-widget-container\">\n\t\t\t\t\t<div class=\"woocommerce columns-4 \"><div class=\"woocommerce-notices-wrapper\"><\/div><ul class=\"wpbf-grid wpbf-grid-large wpbf-grid-1-1 wpbf-grid-small-1-3 wpbf-grid-large-1-4 products elementor-grid columns-4\"><li class=\"wpbf-post product type-product post-24866 status-publish first instock product_cat-kitaplar product_cat-kitaplarin-basili-baskilari product_cat-uretir has-post-thumbnail sale taxable shipping-taxable purchasable product-type-variable\">\n\t<div class=\"wpbf-woo-product-wrapper wpbf-clearfix\"><a href=\"https:\/\/mariolab.hr\/tr\/proizvod\/basili-kitap-seti-mucizevi-dogal-cozumler-1-3-bolum-kopiraj\/\" class=\"woocommerce-LoopProduct-link woocommerce-loop-product__link\"><div class=\"wpbf-woo-loop-thumbnail-wrapper\"><a href=\"https:\/\/mariolab.hr\/tr\/proizvod\/basili-kitap-seti-mucizevi-dogal-cozumler-1-3-bolum-kopiraj\/\" class=\"woocommerce-LoopProduct-link woocommerce-loop-product__link\">\n\t<span class=\"onsale\">\u0130ndirim!<\/span>\n\t<img fetchpriority=\"high\" decoding=\"async\" width=\"400\" height=\"400\" src=\"https:\/\/mariolab.hr\/wp-content\/uploads\/2025\/11\/book-komplet4-400x400.jpg\" class=\"attachment-woocommerce_thumbnail size-woocommerce_thumbnail\" alt=\"BA\u00c7LI K\u0130TABLAR SEMI Mucizevi Do\u011fal \u00c7\u00f6z\u00fcmler B\u00f6l\u00fcm 1-3 ve ARALIKLI ORU\u00c7: Sa\u011fl\u0131k ve Uzun \u00d6m\u00fcrl\u00fcl\u00fc\u011f\u00fcn S\u0131rr\u0131\" srcset=\"https:\/\/mariolab.hr\/wp-content\/uploads\/2025\/11\/book-komplet4-400x400.jpg 400w, https:\/\/mariolab.hr\/wp-content\/uploads\/2025\/11\/book-komplet4-300x300.jpg 300w, https:\/\/mariolab.hr\/wp-content\/uploads\/2025\/11\/book-komplet4-1024x1024.jpg 1024w, https:\/\/mariolab.hr\/wp-content\/uploads\/2025\/11\/book-komplet4-150x150.jpg 150w, https:\/\/mariolab.hr\/wp-content\/uploads\/2025\/11\/book-komplet4-768x768.jpg 768w, https:\/\/mariolab.hr\/wp-content\/uploads\/2025\/11\/book-komplet4-800x800.jpg 800w, https:\/\/mariolab.hr\/wp-content\/uploads\/2025\/11\/book-komplet4.jpg 1201w\" sizes=\"(max-width: 400px) 100vw, 400px\" \/><\/a><\/div><h2 class=\"woocommerce-loop-product__title\">BA\u00c7LI K\u0130TABLAR SEMI Mucizevi Do\u011fal \u00c7\u00f6z\u00fcmler B\u00f6l\u00fcm 1-3 ve ARALIKLI ORU\u00c7: Sa\u011fl\u0131k ve Uzun \u00d6m\u00fcrl\u00fcl\u00fc\u011f\u00fcn S\u0131rr\u0131<\/h2>\n\t<span class=\"price\"><del aria-hidden=\"true\"><span class=\"woocommerce-Price-amount amount\"><bdi>174,90&nbsp;<span class=\"woocommerce-Price-currencySymbol\">&euro;<\/span><\/bdi><\/span><\/del> <span class=\"screen-reader-text\">Orijinal fiyat: 174,90&nbsp;&euro;.<\/span><ins aria-hidden=\"true\"><span class=\"woocommerce-Price-amount amount\"><bdi>131,18&nbsp;<span class=\"woocommerce-Price-currencySymbol\">&euro;<\/span><\/bdi><\/span><\/ins><span class=\"screen-reader-text\">\u015eu andaki fiyat: 131,18&nbsp;&euro;.<\/span> <small class=\"woocommerce-price-suffix\">sa PDV<\/small><\/span>\n<\/a><a href=\"https:\/\/mariolab.hr\/tr\/proizvod\/basili-kitap-seti-mucizevi-dogal-cozumler-1-3-bolum-kopiraj\/\" aria-describedby=\"woocommerce_loop_add_to_cart_link_describedby_24866\" data-quantity=\"1\" class=\"button product_type_variable add_to_cart_button\" data-product_id=\"24866\" data-product_sku=\"\" aria-label=\"&ldquo;BA\u00c7LI K\u0130TABLAR SEMI Mucizevi Do\u011fal \u00c7\u00f6z\u00fcmler B\u00f6l\u00fcm 1-3 ve ARALIKLI ORU\u00c7: Sa\u011fl\u0131k ve Uzun \u00d6m\u00fcrl\u00fcl\u00fc\u011f\u00fcn S\u0131rr\u0131&rdquo; i\u00e7in se\u00e7enekleri se\u00e7in\" rel=\"nofollow\">Se\u00e7enekler<\/a>\t<span id=\"woocommerce_loop_add_to_cart_link_describedby_24866\" class=\"screen-reader-text\">\n\t\tBu \u00fcr\u00fcn\u00fcn birden fazla varyasyonu var. Se\u00e7enekler \u00fcr\u00fcn sayfas\u0131ndan se\u00e7ilebilir\t<\/span>\n<\/div><\/li>\n<li class=\"wpbf-post product type-product post-24840 status-publish instock product_cat-kitaplar product_cat-kitaplarin-basili-baskilari product_cat-uretir has-post-thumbnail sale taxable shipping-taxable purchasable product-type-variable\">\n\t<div class=\"wpbf-woo-product-wrapper wpbf-clearfix\"><a href=\"https:\/\/mariolab.hr\/tr\/proizvod\/basili-kitap-seti-mucizevi-dogal-cozumler-1-3-bolum\/\" class=\"woocommerce-LoopProduct-link woocommerce-loop-product__link\"><div class=\"wpbf-woo-loop-thumbnail-wrapper\"><a href=\"https:\/\/mariolab.hr\/tr\/proizvod\/basili-kitap-seti-mucizevi-dogal-cozumler-1-3-bolum\/\" class=\"woocommerce-LoopProduct-link woocommerce-loop-product__link\">\n\t<span class=\"onsale\">\u0130ndirim!<\/span>\n\t<img decoding=\"async\" width=\"400\" height=\"400\" src=\"https:\/\/mariolab.hr\/wp-content\/uploads\/2025\/11\/book-komplet3-400x400.jpg\" class=\"attachment-woocommerce_thumbnail size-woocommerce_thumbnail\" alt=\"BASILI K\u0130TAP SET\u0130 Mucizevi Do\u011fal \u00c7\u00f6z\u00fcmler 1-3 b\u00f6l\u00fcm\" srcset=\"https:\/\/mariolab.hr\/wp-content\/uploads\/2025\/11\/book-komplet3-400x400.jpg 400w, https:\/\/mariolab.hr\/wp-content\/uploads\/2025\/11\/book-komplet3-300x300.jpg 300w, https:\/\/mariolab.hr\/wp-content\/uploads\/2025\/11\/book-komplet3-1024x1024.jpg 1024w, https:\/\/mariolab.hr\/wp-content\/uploads\/2025\/11\/book-komplet3-150x150.jpg 150w, https:\/\/mariolab.hr\/wp-content\/uploads\/2025\/11\/book-komplet3-768x768.jpg 768w, https:\/\/mariolab.hr\/wp-content\/uploads\/2025\/11\/book-komplet3-800x800.jpg 800w, https:\/\/mariolab.hr\/wp-content\/uploads\/2025\/11\/book-komplet3.jpg 1201w\" sizes=\"(max-width: 400px) 100vw, 400px\" \/><\/a><\/div><h2 class=\"woocommerce-loop-product__title\">BASILI K\u0130TAP SET\u0130 Mucizevi Do\u011fal \u00c7\u00f6z\u00fcmler 1-3 b\u00f6l\u00fcm<\/h2>\n\t<span class=\"price\"><del aria-hidden=\"true\"><span class=\"woocommerce-Price-amount amount\"><bdi>146,90&nbsp;<span class=\"woocommerce-Price-currencySymbol\">&euro;<\/span><\/bdi><\/span><\/del> <span class=\"screen-reader-text\">Orijinal fiyat: 146,90&nbsp;&euro;.<\/span><ins aria-hidden=\"true\"><span class=\"woocommerce-Price-amount amount\"><bdi>110,18&nbsp;<span class=\"woocommerce-Price-currencySymbol\">&euro;<\/span><\/bdi><\/span><\/ins><span class=\"screen-reader-text\">\u015eu andaki fiyat: 110,18&nbsp;&euro;.<\/span> <small class=\"woocommerce-price-suffix\">sa PDV<\/small><\/span>\n<\/a><a href=\"https:\/\/mariolab.hr\/tr\/proizvod\/basili-kitap-seti-mucizevi-dogal-cozumler-1-3-bolum\/\" aria-describedby=\"woocommerce_loop_add_to_cart_link_describedby_24840\" data-quantity=\"1\" class=\"button product_type_variable add_to_cart_button\" data-product_id=\"24840\" data-product_sku=\"\" aria-label=\"&ldquo;BASILI K\u0130TAP SET\u0130 Mucizevi Do\u011fal \u00c7\u00f6z\u00fcmler 1-3 b\u00f6l\u00fcm&rdquo; i\u00e7in se\u00e7enekleri se\u00e7in\" rel=\"nofollow\">Se\u00e7enekler<\/a>\t<span id=\"woocommerce_loop_add_to_cart_link_describedby_24840\" class=\"screen-reader-text\">\n\t\tBu \u00fcr\u00fcn\u00fcn birden fazla varyasyonu var. Se\u00e7enekler \u00fcr\u00fcn sayfas\u0131ndan se\u00e7ilebilir\t<\/span>\n<\/div><\/li>\n<li class=\"wpbf-post product type-product post-24333 status-publish instock product_cat-kitaplar product_cat-kitaplarin-e-kitap-baskilari has-post-thumbnail sale taxable shipping-taxable purchasable product-type-variable\">\n\t<div class=\"wpbf-woo-product-wrapper wpbf-clearfix\"><a href=\"https:\/\/mariolab.hr\/tr\/proizvod\/e-kitablar-semi-mucizevi-dogal-cozumler-bolum-1-3-kopiraj\/\" class=\"woocommerce-LoopProduct-link woocommerce-loop-product__link\"><div class=\"wpbf-woo-loop-thumbnail-wrapper\"><a href=\"https:\/\/mariolab.hr\/tr\/proizvod\/e-kitablar-semi-mucizevi-dogal-cozumler-bolum-1-3-kopiraj\/\" class=\"woocommerce-LoopProduct-link woocommerce-loop-product__link\">\n\t<span class=\"onsale\">\u0130ndirim!<\/span>\n\t<img decoding=\"async\" width=\"400\" height=\"400\" src=\"https:\/\/mariolab.hr\/wp-content\/uploads\/2025\/11\/ebook-komplet4-400x400.jpg\" class=\"attachment-woocommerce_thumbnail size-woocommerce_thumbnail\" alt=\"E-K\u0130TABLAR SES\u0130: Mucizevi Do\u011fal \u00c7\u00f6z\u00fcmler 1-3 ve ARALIKLI ORU\u00c7: Sa\u011fl\u0131k ve Uzun \u00d6m\u00fcrl\u00fcl\u00fc\u011f\u00fcn S\u0131rr\u0131\" srcset=\"https:\/\/mariolab.hr\/wp-content\/uploads\/2025\/11\/ebook-komplet4-400x400.jpg 400w, https:\/\/mariolab.hr\/wp-content\/uploads\/2025\/11\/ebook-komplet4-300x300.jpg 300w, https:\/\/mariolab.hr\/wp-content\/uploads\/2025\/11\/ebook-komplet4-1024x1024.jpg 1024w, https:\/\/mariolab.hr\/wp-content\/uploads\/2025\/11\/ebook-komplet4-150x150.jpg 150w, https:\/\/mariolab.hr\/wp-content\/uploads\/2025\/11\/ebook-komplet4-768x768.jpg 768w, https:\/\/mariolab.hr\/wp-content\/uploads\/2025\/11\/ebook-komplet4-800x800.jpg 800w, https:\/\/mariolab.hr\/wp-content\/uploads\/2025\/11\/ebook-komplet4.jpg 1201w\" sizes=\"(max-width: 400px) 100vw, 400px\" \/><\/a><\/div><h2 class=\"woocommerce-loop-product__title\">E-K\u0130TABLAR SES\u0130: Mucizevi Do\u011fal \u00c7\u00f6z\u00fcmler 1-3 ve ARALIKLI ORU\u00c7: Sa\u011fl\u0131k ve Uzun \u00d6m\u00fcrl\u00fcl\u00fc\u011f\u00fcn S\u0131rr\u0131<\/h2>\n\t<span class=\"price\"><del aria-hidden=\"true\"><span class=\"woocommerce-Price-amount amount\"><bdi>97,60&nbsp;<span class=\"woocommerce-Price-currencySymbol\">&euro;<\/span><\/bdi><\/span><\/del> <span class=\"screen-reader-text\">Orijinal fiyat: 97,60&nbsp;&euro;.<\/span><ins aria-hidden=\"true\"><span class=\"woocommerce-Price-amount amount\"><bdi>68,32&nbsp;<span class=\"woocommerce-Price-currencySymbol\">&euro;<\/span><\/bdi><\/span><\/ins><span class=\"screen-reader-text\">\u015eu andaki fiyat: 68,32&nbsp;&euro;.<\/span> <small class=\"woocommerce-price-suffix\">sa PDV<\/small><\/span>\n<\/a><a href=\"https:\/\/mariolab.hr\/tr\/proizvod\/e-kitablar-semi-mucizevi-dogal-cozumler-bolum-1-3-kopiraj\/\" aria-describedby=\"woocommerce_loop_add_to_cart_link_describedby_24333\" data-quantity=\"1\" class=\"button product_type_variable add_to_cart_button\" data-product_id=\"24333\" data-product_sku=\"\" aria-label=\"&ldquo;E-K\u0130TABLAR SES\u0130: Mucizevi Do\u011fal \u00c7\u00f6z\u00fcmler 1-3 ve ARALIKLI ORU\u00c7: Sa\u011fl\u0131k ve Uzun \u00d6m\u00fcrl\u00fcl\u00fc\u011f\u00fcn S\u0131rr\u0131&rdquo; i\u00e7in se\u00e7enekleri se\u00e7in\" rel=\"nofollow\">Se\u00e7enekler<\/a>\t<span id=\"woocommerce_loop_add_to_cart_link_describedby_24333\" class=\"screen-reader-text\">\n\t\tBu \u00fcr\u00fcn\u00fcn birden fazla varyasyonu var. Se\u00e7enekler \u00fcr\u00fcn sayfas\u0131ndan se\u00e7ilebilir\t<\/span>\n<\/div><\/li>\n<li class=\"wpbf-post product type-product post-23631 status-publish last instock product_cat-kitaplar product_cat-kitaplarin-e-kitap-baskilari has-post-thumbnail sale taxable shipping-taxable purchasable product-type-variable\">\n\t<div class=\"wpbf-woo-product-wrapper wpbf-clearfix\"><a href=\"https:\/\/mariolab.hr\/tr\/proizvod\/mucizevi-dogal-tedaviler-bolum-1-ve-mucizevi-dogal-cozumler-bolum-2-e-kitap-seti-kopiraj\/\" class=\"woocommerce-LoopProduct-link woocommerce-loop-product__link\"><div class=\"wpbf-woo-loop-thumbnail-wrapper\"><a href=\"https:\/\/mariolab.hr\/tr\/proizvod\/mucizevi-dogal-tedaviler-bolum-1-ve-mucizevi-dogal-cozumler-bolum-2-e-kitap-seti-kopiraj\/\" class=\"woocommerce-LoopProduct-link woocommerce-loop-product__link\">\n\t<span class=\"onsale\">\u0130ndirim!<\/span>\n\t<img loading=\"lazy\" decoding=\"async\" width=\"400\" height=\"400\" src=\"https:\/\/mariolab.hr\/wp-content\/uploads\/2025\/11\/ebook-komplet3-400x400.jpg\" class=\"attachment-woocommerce_thumbnail size-woocommerce_thumbnail\" alt=\"E-K\u0130TABLAR SEMI Mucizevi Do\u011fal \u00c7\u00f6z\u00fcmler B\u00f6l\u00fcm 1-3\" srcset=\"https:\/\/mariolab.hr\/wp-content\/uploads\/2025\/11\/ebook-komplet3-400x400.jpg 400w, https:\/\/mariolab.hr\/wp-content\/uploads\/2025\/11\/ebook-komplet3-300x300.jpg 300w, https:\/\/mariolab.hr\/wp-content\/uploads\/2025\/11\/ebook-komplet3-1024x1024.jpg 1024w, https:\/\/mariolab.hr\/wp-content\/uploads\/2025\/11\/ebook-komplet3-150x150.jpg 150w, https:\/\/mariolab.hr\/wp-content\/uploads\/2025\/11\/ebook-komplet3-768x768.jpg 768w, https:\/\/mariolab.hr\/wp-content\/uploads\/2025\/11\/ebook-komplet3-800x800.jpg 800w, https:\/\/mariolab.hr\/wp-content\/uploads\/2025\/11\/ebook-komplet3.jpg 1201w\" sizes=\"(max-width: 400px) 100vw, 400px\" \/><\/a><\/div><h2 class=\"woocommerce-loop-product__title\">E-K\u0130TABLAR SEMI Mucizevi Do\u011fal \u00c7\u00f6z\u00fcmler B\u00f6l\u00fcm 1-3<\/h2>\n\t<span class=\"price\"><del aria-hidden=\"true\"><span class=\"woocommerce-Price-amount amount\"><bdi>77,70&nbsp;<span class=\"woocommerce-Price-currencySymbol\">&euro;<\/span><\/bdi><\/span><\/del> <span class=\"screen-reader-text\">Orijinal fiyat: 77,70&nbsp;&euro;.<\/span><ins aria-hidden=\"true\"><span class=\"woocommerce-Price-amount amount\"><bdi>54,39&nbsp;<span class=\"woocommerce-Price-currencySymbol\">&euro;<\/span><\/bdi><\/span><\/ins><span class=\"screen-reader-text\">\u015eu andaki fiyat: 54,39&nbsp;&euro;.<\/span> <small class=\"woocommerce-price-suffix\">sa PDV<\/small><\/span>\n<\/a><a href=\"https:\/\/mariolab.hr\/tr\/proizvod\/mucizevi-dogal-tedaviler-bolum-1-ve-mucizevi-dogal-cozumler-bolum-2-e-kitap-seti-kopiraj\/\" aria-describedby=\"woocommerce_loop_add_to_cart_link_describedby_23631\" data-quantity=\"1\" class=\"button product_type_variable add_to_cart_button\" data-product_id=\"23631\" data-product_sku=\"\" aria-label=\"&ldquo;E-K\u0130TABLAR SEMI Mucizevi Do\u011fal \u00c7\u00f6z\u00fcmler B\u00f6l\u00fcm 1-3&rdquo; i\u00e7in se\u00e7enekleri se\u00e7in\" rel=\"nofollow\">Se\u00e7enekler<\/a>\t<span id=\"woocommerce_loop_add_to_cart_link_describedby_23631\" class=\"screen-reader-text\">\n\t\tBu \u00fcr\u00fcn\u00fcn birden fazla varyasyonu var. Se\u00e7enekler \u00fcr\u00fcn sayfas\u0131ndan se\u00e7ilebilir\t<\/span>\n<\/div><\/li>\n<li class=\"wpbf-post product type-product post-21335 status-publish first instock product_cat-kitaplar product_cat-kitaplarin-basili-baskilari product_cat-uretir has-post-thumbnail sale taxable shipping-taxable purchasable product-type-variable\">\n\t<div class=\"wpbf-woo-product-wrapper wpbf-clearfix\"><a href=\"https:\/\/mariolab.hr\/tr\/proizvod\/aralikli-oruc-saglik-ve-uzun-omurlulugun-siri-basili-kitap\/\" class=\"woocommerce-LoopProduct-link woocommerce-loop-product__link\"><div class=\"wpbf-woo-loop-thumbnail-wrapper\"><a href=\"https:\/\/mariolab.hr\/tr\/proizvod\/aralikli-oruc-saglik-ve-uzun-omurlulugun-siri-basili-kitap\/\" class=\"woocommerce-LoopProduct-link woocommerce-loop-product__link\">\n\t<span class=\"onsale\">\u0130ndirim!<\/span>\n\t<img loading=\"lazy\" decoding=\"async\" width=\"400\" height=\"400\" src=\"https:\/\/mariolab.hr\/wp-content\/uploads\/2024\/03\/isprekidani-glavna-knjiga-400x400.jpg\" class=\"attachment-woocommerce_thumbnail size-woocommerce_thumbnail\" alt=\"ARALIKLI ORU\u00c7: Sa\u011fl\u0131k ve Uzun \u00d6m\u00fcrl\u00fcl\u00fc\u011f\u00fcn S\u0131r\u0131 \u2013 Bas\u0131l\u0131 Kitap\" srcset=\"https:\/\/mariolab.hr\/wp-content\/uploads\/2024\/03\/isprekidani-glavna-knjiga-400x400.jpg 400w, https:\/\/mariolab.hr\/wp-content\/uploads\/2024\/03\/isprekidani-glavna-knjiga-300x300.jpg 300w, https:\/\/mariolab.hr\/wp-content\/uploads\/2024\/03\/isprekidani-glavna-knjiga-150x150.jpg 150w, https:\/\/mariolab.hr\/wp-content\/uploads\/2024\/03\/isprekidani-glavna-knjiga-768x768.jpg 768w, https:\/\/mariolab.hr\/wp-content\/uploads\/2024\/03\/isprekidani-glavna-knjiga.jpg 800w\" sizes=\"(max-width: 400px) 100vw, 400px\" \/><\/a><\/div><h2 class=\"woocommerce-loop-product__title\">ARALIKLI ORU\u00c7: Sa\u011fl\u0131k ve Uzun \u00d6m\u00fcrl\u00fcl\u00fc\u011f\u00fcn S\u0131r\u0131 \u2013 Bas\u0131l\u0131 Kitap<\/h2>\n\t<span class=\"price\"><span class=\"woocommerce-Price-amount amount\" aria-hidden=\"true\"><bdi>16,80&nbsp;<span class=\"woocommerce-Price-currencySymbol\">&euro;<\/span><\/bdi><\/span> <span aria-hidden=\"true\"> \u2013 <\/span> <span class=\"woocommerce-Price-amount amount\" aria-hidden=\"true\"><bdi>28,00&nbsp;<span class=\"woocommerce-Price-currencySymbol\">&euro;<\/span><\/bdi><\/span><span class=\"screen-reader-text\">Fiyat aral\u0131\u011f\u0131: 16,80&nbsp;&euro; - 28,00&nbsp;&euro;<\/span> <small class=\"woocommerce-price-suffix\">sa PDV<\/small><\/span>\n<\/a><a href=\"https:\/\/mariolab.hr\/tr\/proizvod\/aralikli-oruc-saglik-ve-uzun-omurlulugun-siri-basili-kitap\/\" aria-describedby=\"woocommerce_loop_add_to_cart_link_describedby_21335\" data-quantity=\"1\" class=\"button product_type_variable add_to_cart_button\" data-product_id=\"21335\" data-product_sku=\"\" aria-label=\"&ldquo;ARALIKLI ORU\u00c7: Sa\u011fl\u0131k ve Uzun \u00d6m\u00fcrl\u00fcl\u00fc\u011f\u00fcn S\u0131r\u0131 \u2013 Bas\u0131l\u0131 Kitap&rdquo; i\u00e7in se\u00e7enekleri se\u00e7in\" rel=\"nofollow\">Se\u00e7enekler<\/a>\t<span id=\"woocommerce_loop_add_to_cart_link_describedby_21335\" class=\"screen-reader-text\">\n\t\tBu \u00fcr\u00fcn\u00fcn birden fazla varyasyonu var. Se\u00e7enekler \u00fcr\u00fcn sayfas\u0131ndan se\u00e7ilebilir\t<\/span>\n<\/div><\/li>\n<\/ul><\/div>\t\t\t\t<\/div>\n\t\t\t\t<\/div>\n\t\t\t\t\t<\/div>\n\t\t\t\t<\/div>\n\t\t\t\t<\/div>\n\t\t","protected":false},"excerpt":{"rendered":"<p>Sa\u011fl\u0131\u011f\u0131n\u0131z\u0131 koruyun. Yeni ya\u015fam tarz\u0131n\u0131z olsun!<\/p>\n","protected":false},"author":1,"featured_media":0,"parent":0,"menu_order":0,"comment_status":"closed","ping_status":"closed","template":"","meta":{"_seopress_robots_primary_cat":"","_seopress_titles_title":"","_seopress_titles_desc":"","_seopress_robots_index":"","footnotes":""},"class_list":["post-13303","page","type-page","status-publish","hentry","wpbf-post"],"_links":{"self":[{"href":"https:\/\/mariolab.hr\/tr\/wp-json\/wp\/v2\/pages\/13303","targetHints":{"allow":["GET"]}}],"collection":[{"href":"https:\/\/mariolab.hr\/tr\/wp-json\/wp\/v2\/pages"}],"about":[{"href":"https:\/\/mariolab.hr\/tr\/wp-json\/wp\/v2\/types\/page"}],"author":[{"embeddable":true,"href":"https:\/\/mariolab.hr\/tr\/wp-json\/wp\/v2\/users\/1"}],"replies":[{"embeddable":true,"href":"https:\/\/mariolab.hr\/tr\/wp-json\/wp\/v2\/comments?post=13303"}],"version-history":[{"count":0,"href":"https:\/\/mariolab.hr\/tr\/wp-json\/wp\/v2\/pages\/13303\/revisions"}],"wp:attachment":[{"href":"https:\/\/mariolab.hr\/tr\/wp-json\/wp\/v2\/media?parent=13303"}],"curies":[{"name":"wp","href":"https:\/\/api.w.org\/{rel}","templated":true}]}}