{"id":13445,"date":"2024-01-30T10:22:05","date_gmt":"2024-01-30T09:22:05","guid":{"rendered":"https:\/\/mariolab.hr\/gizlilik-politikasi\/"},"modified":"2025-11-26T13:36:00","modified_gmt":"2025-11-26T12:36:00","slug":"gizlilik-politikasi","status":"publish","type":"page","link":"https:\/\/mariolab.hr\/tr\/gizlilik-politikasi\/","title":{"rendered":"Gizlilik Politikas\u0131"},"content":{"rendered":"\n<p>G\u0130ZL\u0130LL\u0130L\u0130K POL\u0130\u00c7ES\u0130:<\/p>\n\n<p>Bu gizlilik politikas\u0131, MarioLab web sitesine verdi\u011finiz bilgileri nas\u0131l kullanaca\u011f\u0131n\u0131z\u0131 ve korunman\u0131z\u0131 belirler. MarioLab, mahremiyetinizin korunmas\u0131n\u0131 sa\u011flar. Bu web sitesini kullan\u0131rken sizden belirli ki\u015fisel tan\u0131mlay\u0131c\u0131 bilgileri sa\u011flaman\u0131z\u0131 istersek, bunun yaln\u0131zca bu gizlilik beyan\u0131na uygun \u015fekilde kullan\u0131laca\u011f\u0131ndan emin olabilirsiniz. MarioLab, bu sayfay\u0131 g\u00fcncellerek zaman zaman bu politikay\u0131 de\u011fi\u015ftirebilir. De\u011fi\u015fikliklerden memnun olup olmad\u0131\u011f\u0131n\u0131z\u0131 bilmek i\u00e7in bu sayfay\u0131 zaman zaman kontrol etmelisiniz.<\/p>\n\n<p>TOPLADI\u011eIMIZ \u015eEYLER:<\/p>\n\n<p>&#8211; isim, posta adresi, e-posta adresi ve cep telefonu numaras\u0131 dahil olmak \u00fczere ileti\u015fim bilgileri<\/p>\n\n<p>&#8211; Posta kodu, tercihler ve ilgi alanlar\u0131 gibi demografik bilgiler<\/p>\n\n<p>&#8211; M\u00fc\u015fteri anketleri ve\/veya tekliflerle ilgili di\u011fer bilgiler<\/p>\n\n<p>Toplad\u0131\u011f\u0131m\u0131z \u00e7erezlerin kapsaml\u0131 listesi i\u00e7in l\u00fctfen \u00c7erezler Listesi b\u00f6l\u00fcm\u00fcne bak\u0131n\u0131z.<\/p>\n\n<p>TOPLADI\u011eIMIZ BILGILERLE NE YAPIYORUZ?<\/p>\n\n<p>Bu bilgilere ihtiya\u00e7lar\u0131n\u0131z\u0131 anlamak ve size daha iyi bir hizmet sunmak i\u00e7in ihtiyac\u0131m\u0131z var, \u00f6zellikle a\u015fa\u011f\u0131daki nedenlerle:<\/p>\n\n<p>-\u0130\u00e7sel kay\u0131t tutma.<\/p>\n\n<p>Bu bilgileri \u00fcr\u00fcn ve hizmetlerimizi geli\u015ftirmek i\u00e7in kullanabiliriz.<\/p>\n\n<p>Zaman zaman, tan\u0131t\u0131m e-postalar\u0131 g\u00f6nderebilir ve e\u011fer promosyonumuza kaydolduysan\u0131z, yeni \u00fcr\u00fcnler, \u00f6zel teklifler veya sizin i\u00e7in ilginizi \u00e7ekebilece\u011fini d\u00fc\u015f\u00fcnd\u00fc\u011f\u00fcm\u00fcz di\u011fer bilgilerle ilgili SMS\/MMS mesajlar\u0131 g\u00f6nderebiliriz.<\/p>\n\n<p>Zaman zaman piyasa ara\u015ft\u0131rmas\u0131 amac\u0131yla bilgilerinizi sizinle ileti\u015fime ge\u00e7mek i\u00e7in de kullanabiliriz. Size e-posta, telefon, faks veya posta yoluyla ula\u015fabiliriz. Bu bilgileri web sitesini ilgi alanlar\u0131n\u0131za g\u00f6re uyarlamak i\u00e7in kullanabiliriz.  <\/p>\n\n<p>BILGIYI NASIL PAYLA\u015eIR VE TOPLARIZ?<\/p>\n\n<p>MarioLab, ki\u015fisel bilgileri yaln\u0131zca ba\u011fl\u0131 \u015firketlerle, i\u015f ortaklar\u0131 ve hizmet sa\u011flay\u0131c\u0131lar\u0131yla payla\u015f\u0131r; bu hizmet size daha iyi bir hizmet sunmam\u0131za yard\u0131mc\u0131 olur. Bu \u015firketler, hizmet i\u015flevlerini yerine getirmek i\u00e7in (\u00f6rne\u011fin sipari\u015finizi i\u015fleme ve yerine getirmek, kredi kart\u0131 bilgilerinizi do\u011frulamak ve doland\u0131r\u0131c\u0131l\u0131\u011fa kar\u015f\u0131 koruma gibi) sizin hakk\u0131n\u0131zda bilgiye ihtiya\u00e7 duyurlar. Ayr\u0131ca, pazarlama i\u015flevlerinde bize yard\u0131mc\u0131 olan g\u00fcvenilir \u015firketlerle de bilgi payla\u015f\u0131yoruz (\u00f6rne\u011fin \u00e7evrimi\u00e7i i\u015fimizi y\u00f6netmek ve \u00fcr\u00fcn ve hizmetlerimizi tan\u0131tmak, metin mesajla\u015fma program\u0131m\u0131z\u0131 y\u00f6netmek gibi). \u0130nternette bizim ad\u0131m\u0131za reklam sunmak ve analiz hizmetleri sunmak i\u00e7in tedarik\u00e7ilerle ileti\u015fime ge\u00e7ebiliriz. Bu sat\u0131c\u0131lar, web sitemizi ziyaret etti\u011finizde sizden baz\u0131 teknik veya di\u011fer bilgileri (\u00f6rne\u011fin, t\u0131klama ak\u0131\u015f\u0131 bilgileri, taray\u0131c\u0131 t\u00fcr\u00fc, saat ve tarih, donan\u0131m\/yaz\u0131l\u0131m bilgileri, \u00e7erez kimli\u011fi, IP adresi vb.) toplayabilir ve bu bilgileri, sizin i\u00e7in daha fazla ilgi \u00e7ekici oldu\u011fu d\u00fc\u015f\u00fcn\u00fclen \u00fcr\u00fcn ve hizmetler hakk\u0131nda reklam sa\u011flamak i\u00e7in kullanabilirler.    <\/p>\n\n<p>Ayr\u0131ca, toplanma s\u0131ras\u0131nda veya ba\u015fka bir \u015fekilde onay ald\u0131\u011f\u0131m\u0131zda a\u00e7\u0131klanan di\u011fer ama\u00e7lar i\u00e7in bilgilerinizi de payla\u015fabiliriz. L\u00fctfen bu politikan\u0131n anonim bilgi payla\u015fma veya a\u00e7\u0131klama yetene\u011fimizi s\u0131n\u0131rlamak amac\u0131yla olmad\u0131\u011f\u0131n\u0131 unutmay\u0131n. MarioLab ayr\u0131ca, herhangi bir yasa, d\u00fczenleme veya yasal talebi kar\u015f\u0131lamak, taleplerinizi yerine getirmek, herhangi bir kolluk kuvveti veya benzeri soru\u015fturma ile i\u015fbirli\u011fi yapmak veya i\u015fimizi korumak i\u00e7in uygun g\u00f6rd\u00fc\u011f\u00fcm\u00fcz herhangi bir i\u00e7 soru\u015fturma veya benzer i\u015flevi y\u00fcr\u00fctmek i\u00e7in gerekli bilgileri kullanma veya a\u00e7\u0131klama hakk\u0131n\u0131 sakl\u0131 tutar.  <\/p>\n\n<p>G\u00dcVENL\u0130K<\/p>\n\n<p>Verilerinizin g\u00fcvenli\u011fini sa\u011flamaya kararl\u0131y\u0131z. Yetkisiz eri\u015fim veya a\u00e7\u0131klamay\u0131 \u00f6nlemek i\u00e7in, \u00e7evrimi\u00e7i toplad\u0131\u011f\u0131m\u0131z bilgileri korumak ve g\u00fcvence alt\u0131na almak i\u00e7in uygun fiziksel, elektronik ve y\u00f6netsel prosed\u00fcrler uygulad\u0131k. <\/p>\n\n<p>KURABIYE NASIL KULLANILIR?<\/p>\n\n<p>Cookie, bilgisayar\u0131n\u0131z\u0131n sabit diskine yerle\u015ftirilmesi i\u00e7in izin isteyen k\u00fc\u00e7\u00fck bir dosyad\u0131r. Kabul etti\u011finizde, dosya eklenir ve \u00e7erez web trafi\u011fini analiz etmeye yard\u0131mc\u0131 olur veya belirli bir sayfay\u0131 ziyaret etti\u011finizde sizi bilgilendirir. \u00c7erezler, web uygulamalar\u0131n\u0131n size birey olarak yan\u0131t vermesini sa\u011flar. Web uygulamas\u0131, tercihlerinizle ilgili bilgileri toplayarak ve hat\u0131rlayarak operasyonlar\u0131n\u0131 ihtiya\u00e7lar\u0131n\u0131za, be\u011fenilerinize ve ho\u015flanmad\u0131klar\u0131n\u0131za g\u00f6re uyarlayabilir.   <\/p>\n\n<p>Trafik kayd\u0131 \u00e7erezleri kullanarak hangi sayfalar\u0131n kullan\u0131ld\u0131\u011f\u0131n\u0131 tespit ediyoruz. Bu, web sitesi trafik verilerini analiz etmemize ve web sitemizi kullan\u0131c\u0131n\u0131n ihtiya\u00e7lar\u0131na g\u00f6re geli\u015ftirmemize yard\u0131mc\u0131 olur. Bu bilgileri sadece istatistiksel analiz ama\u00e7lar\u0131 i\u00e7in kullan\u0131yoruz ve ard\u0131ndan veriler sistemden kald\u0131r\u0131l\u0131yor.  <\/p>\n\n<p>Genel olarak, \u00e7erezler size daha iyi bir web sitesi sunmam\u0131za yard\u0131mc\u0131 olur; b\u00f6ylece hangi sayfalar\u0131 faydal\u0131 ve hangilerini bulmad\u0131\u011f\u0131n\u0131z\u0131 takip etmemize olanak tan\u0131r. Bir \u00e7erez, bizimle payla\u015fmay\u0131 se\u00e7ti\u011finiz bilgiler d\u0131\u015f\u0131nda bilgisayar\u0131n\u0131za veya sizinle ilgili herhangi bir bilgiye eri\u015fim sa\u011flamaz. \u00c7erezleri kabul edip etmeyece\u011finize karar verebilirsiniz. \u00c7o\u011fu web taray\u0131c\u0131s\u0131 \u00e7erezleri otomatik olarak kabul eder, ancak isterseniz taray\u0131c\u0131 ayarlar\u0131n\u0131z\u0131 reddedecek \u015fekilde de\u011fi\u015ftirebilirsiniz. Bu, sitenin web sitesinden tam anlam\u0131yla faydalanman\u0131z\u0131 engelleyebilir.    <\/p>\n\n<p>DI\u011eER WEB SITELERINE BA\u011eLANTILAR<\/p>\n\n<p>Web sitemizde ilgi \u00e7ekici di\u011fer sitelere ba\u011flant\u0131lar i\u00e7erebilir. Ancak, bu ba\u011flant\u0131lar\u0131 kullanarak sitemizden ayr\u0131ld\u0131ktan sonra, o di\u011fer web sitesi \u00fczerinde hi\u00e7bir kontrol\u00fcm\u00fcz olmad\u0131\u011f\u0131n\u0131 bilmelisiniz. Bu nedenle, bu t\u00fcr siteleri ziyaret ederken sa\u011flad\u0131\u011f\u0131n\u0131z herhangi bir bilginin korunmas\u0131 ve gizlili\u011finden sorumlu olam\u0131yoruz ve bu siteler bu gizlilik beyan\u0131yla tabi de\u011fildir. Dikkatli olmal\u0131 ve ilgili web sitesine uygulanan gizlilik beyan\u0131n\u0131 incelemelisiniz.   <\/p>\n\n<p>K\u0130\u015e\u0130\u015e\u0130 VER\u0130N\u0130N KONTROL\u00dc<\/p>\n\n<p>Ki\u015fisel bilgilerinizin toplanmas\u0131n\u0131 veya kullan\u0131m\u0131n\u0131 a\u015fa\u011f\u0131daki \u015fekillerde s\u0131n\u0131rlamay\u0131 se\u00e7ebilirsiniz:<\/p>\n\n<p>-Web sitesinde bir form doldurman\u0131z istendi\u011finde, kimsenin veriyi do\u011frudan pazarlama amac\u0131yla kullanmas\u0131n\u0131 istemedi\u011finizi belirten bir kutu aray\u0131n<\/p>\n\n<p>-Ki\u015fisel bilgilerinizi do\u011frudan pazarlama amac\u0131yla kullanmam\u0131za daha \u00f6nce onay verdiyseniz, istedi\u011finiz zaman bize yazarak veya e-posta g\u00f6ndererek fikrinizi de\u011fi\u015ftirebilirsiniz<\/p>\n\n<p>Ki\u015fisel bilgilerinizi \u00fc\u00e7\u00fcnc\u00fc \u015fahslara satmayaca\u011f\u0131z, da\u011f\u0131tmayaca\u011f\u0131z veya kiralamayaca\u011f\u0131z, ancak izniniz olmadan veya yasa gere\u011fi zorunlu de\u011filiz. Ki\u015fisel bilgilerinizi, ilginizi \u00e7ekebilece\u011fini d\u00fc\u015f\u00fcnd\u00fc\u011f\u00fcm\u00fcz \u00fc\u00e7\u00fcnc\u00fc \u015fahslar hakk\u0131nda tan\u0131t\u0131m bilgileri g\u00f6ndermek i\u00e7in kullanabiliriz. <\/p>\n\n<p>Verilerinizin detaylar\u0131n\u0131 Veri Koruma Yasas\u0131 kapsam\u0131nda talep edebilirsiniz. K\u00fc\u00e7\u00fck bir \u00fccret \u00f6denecek. Bilgilerinizin bir kopyas\u0131n\u0131 isterseniz, l\u00fctfen \u015fu adrese yazabilirsiniz&#8230;<\/p>\n\n<p>Sizinle ilgili sahip oldu\u011fumuz herhangi bir bilginin yanl\u0131\u015f veya eksik oldu\u011funu d\u00fc\u015f\u00fcn\u00fcyorsan\u0131z, l\u00fctfen bize en k\u0131sa s\u00fcrede adresimize yaz\u0131n veya e-posta g\u00f6nderin. Yanl\u0131\u015f oldu\u011fu tespit edilen bilgileri derhal d\u00fczeltece\u011fiz. <\/p>\n\n<p>TOPLADI\u011eIMIZ \u00c7EREZLER\u0130N L\u0130STES\u0130:<\/p>\n\n<p>-Kurabiye isimleri<\/p>\n\n<p>&#8211; Kurabiyelerin tan\u0131m\u0131<\/p>\n\n<p>-sepet<\/p>\n\n<p>-Kategori<\/p>\n\n<p>-Para birimi<\/p>\n\n<p>-al\u0131c\u0131&#8230;<\/p>\n\n<p>Bu Mesajla\u015fma Program\u0131 Gizlilik Politikas\u0131, MarioLab&#8217;\u0131n mesajla\u015fma pazarlama program\u0131 ile ba\u011flant\u0131l\u0131 olarak sizinle ilgili bilgileri nas\u0131l toplad\u0131\u011f\u0131n\u0131 ve kulland\u0131\u011f\u0131n\u0131 a\u00e7\u0131klar.<\/p>\n\n<p>BILGI TOPLAMA<\/p>\n\n<p>Mesajla\u015fma servisini kullan\u0131rken do\u011frudan verdi\u011finiz bilgiler dahil olmak \u00fczere sizin hakk\u0131n\u0131zda \u00e7e\u015fitli bilgiler topluyoruz. \u00d6rne\u011fin, bir mesajla\u015fma servisine kaydoldu\u011funuzda verdi\u011finiz telefon numaras\u0131n\u0131 ve e-posta adresini topluyoruz. Bir mesajla\u015fma servisi \u00fczerinden mesaj g\u00f6nderdi\u011finizde, mesajla\u015fma ge\u00e7mi\u015finizi ve bu mesajlarda yer alan bilgileri de topluyoruz.  <\/p>\n\n<p>Ayr\u0131ca \u00e7erezler veya benzeri teknolojiler kullanarak sizinle ilgili bilgileri de toplayabiliriz. \u00c7erezler, taray\u0131c\u0131n\u0131z\u0131n cihaz\u0131n\u0131z\u0131n sabit diskinde veya belle\u011finde depolad\u0131\u011f\u0131 bilgilerdir. \u00c7erezler, mesajla\u015fma hizmetindeki deneyiminizi ki\u015fiselle\u015ftirmemizi sa\u011flar (\u00f6rne\u011fin, size ki\u015fi mesajlar\u0131 g\u00f6ndermek, \u00f6rne\u011fin sepet hat\u0131rlat\u0131c\u0131lar\u0131 gibi).  <\/p>\n\n<p>Bir mesajla\u015fma servisiyle ilgili bir yar\u0131\u015fmaya, \u00e7ekili\u015fe, ara\u015ft\u0131rma \u00e7al\u0131\u015fmas\u0131na veya e-posta anketine kat\u0131l\u0131rsan\u0131z, bu etkinliklerle ilgili olarak verdi\u011finiz temel ileti\u015fim bilgilerini ve di\u011fer bilgileri toplayaca\u011f\u0131z. Mesajla\u015fma hizmeti veya m\u00fc\u015fteri hizmetleri hakk\u0131nda sorular\u0131n\u0131z varsa ileti\u015fim bilgilerinizi de toplayaca\u011f\u0131z. <\/p>\n\n<p>BILGININ KULLANIMI<\/p>\n\n<p>Bilgilerinizi mesajla\u015fma hizmetini teslim etmek, analiz etmek, s\u00fcrd\u00fcrmek ve desteklemek i\u00e7in kullan\u0131yoruz. Ayr\u0131ca, bilgilerinizi mesajla\u015fma servisinin \u00f6zelliklerini geli\u015ftirmek ve mesajla\u015fma hizmetindeki deneyimlerinizi ki\u015fiselle\u015ftirmek i\u00e7in de kullanabiliriz. <\/p>\n\n<p>BILGI PAYLA\u015eIMI<\/p>\n\n<p>E\u011fer bize izin verirseniz, bilgilerinizi payla\u015fabilir, aktarabilir veya a\u00e7\u0131klayabiliriz ve a\u015fa\u011f\u0131daki durumlarda da:<\/p>\n\n<p>Hizmet sa\u011flay\u0131c\u0131lar\u0131. Mesajla\u015fma hizmetini sa\u011flaman\u0131zda size yard\u0131mc\u0131 olmak i\u00e7in bilgilerinizi \u00fc\u00e7\u00fcnc\u00fc taraflarla payla\u015fabiliriz. <\/p>\n\n<p>Yasal y\u00fck\u00fcml\u00fcl\u00fck ve dikkat korumas\u0131. Bilgilerinizi a\u00e7\u0131klamak zorunda veya uygun oldu\u011funa inand\u0131\u011f\u0131m\u0131z i\u00e7in \u015fu ama\u00e7larla a\u00e7\u0131klanabiliriz: <\/p>\n\n<p>&#8211; Ge\u00e7erli yasa ve yasal prosed\u00fcrlere uyum<\/p>\n\n<p>&#8211; ikamet etti\u011finiz \u00fclke d\u0131\u015f\u0131ndaki kamu ve devlet yetkilileri dahil olmak \u00fczere kamu ve devlet otoritelerinden gelen taleplere yan\u0131t verin<\/p>\n\n<p>&#8211; haklar\u0131m\u0131z\u0131, gizlili\u011fimizi, g\u00fcvenli\u011fimizi veya m\u00fclkiyetimizi ve\/veya ba\u011fl\u0131 kurulu\u015flar\u0131m\u0131z\u0131n, sizin veya ba\u015fkalar\u0131n\u0131n haklar\u0131n\u0131 korumak. Mevcut yasal se\u00e7eneklerden yararlanmam\u0131za veya alabilece\u011fimiz zarar\u0131 s\u0131n\u0131rlamam\u0131za olanak tan\u0131r.<\/p>\n\n<p>Zaman zaman, mesajla\u015fma hizmetini kulland\u0131\u011f\u0131n\u0131z bilgileri, reklamverenler, promosyon ortaklar\u0131 ve sponsorlar dahil olmak \u00fczere herhangi bir \u00fc\u00e7\u00fcnc\u00fc tarafla payla\u015fabiliriz.<\/p>\n\n<p>BILGI KORUMA<\/p>\n\n<p>Toplad\u0131\u011f\u0131m\u0131z bilgilerin hassasiyetine g\u00f6re \u00e7e\u015fitli fiziksel, teknik, idari ve organizasyonel g\u00fcvenlik \u00f6nlemleri alarak bilgilerinizi kazara veya yasad\u0131\u015f\u0131 yok olu\u015ftan veya kazara kaybetmeden, de\u011fi\u015fmeden, yetkisiz if\u015fa veya eri\u015fimden koruyoruz. Ne yaz\u0131k ki, hi\u00e7bir \u00e7evrimi\u00e7i aktivite %100 g\u00fcvenli olamaz. Bilgilerinizi yetkisiz kullan\u0131mdan veya if\u015fa edilmekten korumaya \u00e7al\u0131\u015fsak da, sa\u011flad\u0131\u011f\u0131n\u0131z herhangi bir bilginin g\u00fcvenli\u011fini garanti edemeyiz veya garanti edemeyiz. \u0130stemeden yap\u0131lan a\u00e7\u0131klama sorumlulu\u011funu kabul etmiyoruz.   <\/p>\n\n<p>BILGININ SAKLANMASI<\/p>\n\n<p>Bilgilerinizi, mesajla\u015fma hizmetine kat\u0131ld\u0131\u011f\u0131n\u0131z s\u00fcrece veya ge\u00e7erli yasal y\u00fck\u00fcml\u00fcl\u00fcklere uymak i\u00e7in gerekli olan s\u00fcre boyunca saklar. Ayr\u0131ca, anla\u015fmazl\u0131klar\u0131 \u00e7\u00f6zmek, bizi ve m\u00fc\u015fterilerimizi korumak ve anla\u015fmalar\u0131m\u0131z\u0131 uygulamak i\u00e7in bilgilerinizi saklayacak ve kullanaca\u011f\u0131z. <\/p>\n\n<p>SE\u00c7IMLER VE KONTROLLER<\/p>\n\n<p>Otomatik pazarlama mesajlar\u0131n\u0131 almak i\u00e7in onay almak herhangi bir sat\u0131n alma \u015fart\u0131 de\u011fildir. Mesajla\u015fma hizmeti \u00fczerinden ticari mesajlar almaktan vazge\u00e7ebilirsiniz; herhangi bir mesaj\u0131m\u0131za a\u015fa\u011f\u0131daki yan\u0131tlardan herhangi birine yan\u0131t verebilirsiniz: DURDUR, SONLANDIR, IPTAL ET, ABONELIKTEN \u00c7IK veya \u0130PTAL ET. Opt-out hakk\u0131nda daha fazla bilgi i\u00e7in l\u00fctfen \u015eartlar\u0131m\u0131z\u0131 inceleyin.  <\/p>\n\n<p>M\u00dc\u015eTERI HIZMETLERI<\/p>\n\n<p>Mesajla\u015fma servisiyle ilgili sorunlar\u0131n\u0131z varsa, l\u00fctfen \u015fu adresi ziyaret edin:&#8230;. ve sorununuzu veya destek talebinizi detayland\u0131ran bir form g\u00f6nderin ya da e-posta g\u00f6nderin&#8230;<\/p>\n\n<p>ANA G\u0130RL\u0130L\u0130L\u0130K POLITIKASI<\/p>\n\n<p>Bizden mesaj almak i\u00e7in kaydolursan\u0131z, ana Gizlilik Politikam\u0131z\u0131 da kabul etmi\u015f olursunuz.<\/p>\n\n<p>FERAGATNAME<br\/><br\/>MarioLab.hr sadece genel bilgilendirme ama\u00e7l\u0131 kullan\u0131l\u0131r. Kendi kendine te\u015fhis i\u00e7in kullan\u0131lmamal\u0131 ve t\u0131bbi muayene, tedavi, te\u015fhis ve re\u00e7ete veya tavsiye i\u00e7in bir vasiyet olu\u015fturmamal\u0131d\u0131r. Se\u00e7ti\u011finiz doktor veya sa\u011fl\u0131k uzman\u0131yla t\u0131bbi muayene, tan\u0131 ve tavsiye i\u00e7in ileti\u015fime ge\u00e7meden sa\u011fl\u0131k rejiminizi veya diyetinizi de\u011fi\u015ftirmemelisiniz. T\u0131bbi durumunla ilgili sorular\u0131n varsa her zaman bir doktor veya ba\u015fka bir sa\u011fl\u0131k profesyoneline ba\u015fvur.   <\/p>\n","protected":false},"excerpt":{"rendered":"<p>G\u0130ZL\u0130LL\u0130L\u0130K POL\u0130\u00c7ES\u0130: Bu gizlilik politikas\u0131, MarioLab web sitesine verdi\u011finiz bilgileri nas\u0131l kullanaca\u011f\u0131n\u0131z\u0131 ve korunman\u0131z\u0131 belirler. MarioLab, mahremiyetinizin korunmas\u0131n\u0131 sa\u011flar. Bu web sitesini kullan\u0131rken sizden belirli ki\u015fisel tan\u0131mlay\u0131c\u0131 bilgileri sa\u011flaman\u0131z\u0131 istersek, bunun yaln\u0131zca bu gizlilik beyan\u0131na uygun \u015fekilde kullan\u0131laca\u011f\u0131ndan emin olabilirsiniz. MarioLab, bu sayfay\u0131 g\u00fcncellerek zaman zaman bu politikay\u0131 de\u011fi\u015ftirebilir. De\u011fi\u015fikliklerden memnun olup olmad\u0131\u011f\u0131n\u0131z\u0131 bilmek i\u00e7in [&hellip;]<\/p>\n","protected":false},"author":1,"featured_media":0,"parent":0,"menu_order":0,"comment_status":"closed","ping_status":"open","template":"","meta":{"_seopress_robots_primary_cat":"","_seopress_titles_title":"","_seopress_titles_desc":"","_seopress_robots_index":"","footnotes":""},"class_list":["post-13445","page","type-page","status-publish","hentry","wpbf-post"],"_links":{"self":[{"href":"https:\/\/mariolab.hr\/tr\/wp-json\/wp\/v2\/pages\/13445","targetHints":{"allow":["GET"]}}],"collection":[{"href":"https:\/\/mariolab.hr\/tr\/wp-json\/wp\/v2\/pages"}],"about":[{"href":"https:\/\/mariolab.hr\/tr\/wp-json\/wp\/v2\/types\/page"}],"author":[{"embeddable":true,"href":"https:\/\/mariolab.hr\/tr\/wp-json\/wp\/v2\/users\/1"}],"replies":[{"embeddable":true,"href":"https:\/\/mariolab.hr\/tr\/wp-json\/wp\/v2\/comments?post=13445"}],"version-history":[{"count":0,"href":"https:\/\/mariolab.hr\/tr\/wp-json\/wp\/v2\/pages\/13445\/revisions"}],"wp:attachment":[{"href":"https:\/\/mariolab.hr\/tr\/wp-json\/wp\/v2\/media?parent=13445"}],"curies":[{"name":"wp","href":"https:\/\/api.w.org\/{rel}","templated":true}]}}