{"id":21240,"date":"2024-05-01T00:01:45","date_gmt":"2024-04-30T22:01:45","guid":{"rendered":"https:\/\/mariolab.hr\/proizvod\/mucizevi-dogal-cozumler-bolum-1-bakili-kitablar\/"},"modified":"2024-05-01T00:01:45","modified_gmt":"2024-04-30T22:01:45","slug":"mucizevi-dogal-cozumler-bolum-1-bakili-kitablar","status":"publish","type":"product","link":"https:\/\/mariolab.hr\/tr\/proizvod\/mucizevi-dogal-cozumler-bolum-1-bakili-kitablar\/","title":{"rendered":"Mucizevi Do\u011fal \u00c7\u00f6z\u00fcmler B\u00f6l\u00fcm 1 BAKILI K\u0130TABLAR"},"content":{"rendered":"<p><strong>YEN\u0130 SATI\u015eTA<br \/>\nOLAN K\u0130TAP \u0130ND\u0130MATTAN FAYDALANIN<\/strong><\/p>\n<h3>Mucizevi Do\u011fal \u00c7\u00f6z\u00fcmler &#8211; Sa\u011fl\u0131k Rehberiniz K\u0130TABI<\/h3>\n<p><strong>K\u0130TAP HAKKINDA:<\/strong><br \/>\nSa\u011fl\u0131\u011f\u0131n\u0131z\u0131 do\u011fal bir \u015fekilde kontrol etmek ister misiniz? Mucizevi do\u011fal tedaviler \u00fczerine yeni kitab\u0131ma bakmay\u0131n. Bu kitapta, do\u011fal t\u0131plar\u0131n zengin tarihi hakk\u0131nda daha fazla bilgi edinecek, en iyi \u015fifal\u0131 bitkiler ve hastal\u0131klar\u0131n tedavisi ile \u00f6nlenmesinde uygulamalar\u0131n\u0131 \u00f6\u011freneceksiniz.  <\/p>\n<p><strong>Ne hakk\u0131nda:<\/strong><br \/>\nKendi bitki bah\u00e7enizi nas\u0131l yeti\u015ftirece\u011finizi ke\u015ffedeceksiniz, dozaj, olas\u0131 yan etkiler ve kimyasal ila\u00e7larla temel etkile\u015fimler hakk\u0131nda net talimatlar alacaks\u0131n\u0131z. Do\u011fal tedavilerin genel iyili\u011finizi nas\u0131l destekleyebilece\u011fini, sa\u011fl\u0131\u011f\u0131 g\u00fcvenli ve yan etkiler olmadan nas\u0131l te\u015fvik edebilece\u011fini ke\u015ffedin. <\/p>\n<p><strong>Kitap kimler i\u00e7indir:<\/strong><br \/>\nBu kitap herkes i\u00e7indir: hem yeni ba\u015flayanlar hem de do\u011fal t\u0131p alan\u0131nda geni\u015f deneyime sahip ki\u015filer.<\/p>\n<p>&#8220;Mucizevi Do\u011fal \u00c7\u00f6z\u00fcmler B\u00f6l\u00fcm 1&#8221;, bu y\u0131l ve gelecek y\u0131l yay\u0131mlanacak olan etkileyici d\u00f6rt b\u00f6l\u00fcml\u00fck serinin ilk b\u00f6l\u00fcm\u00fc. Kitap, modern insan\u0131n hastal\u0131klar\u0131yla m\u00fccadelede do\u011fal \u00e7\u00f6z\u00fcmler uygulamak isteyen herkes i\u00e7in ideal bir rehber niteli\u011findedir. <\/p>\n<p>Bekleme! Bug\u00fcn kopyan\u0131z\u0131 sipari\u015f edin ve do\u011fal bir \u015fekilde sa\u011fl\u0131k ve refah yolculu\u011fa \u00e7\u0131k\u0131n! <\/p>\n","protected":false},"excerpt":{"rendered":"<p><strong>YEN\u0130 K\u0130TAP SATI\u015eTA<br \/>\nBu kitap<\/strong> herkes i\u00e7indir: hem yeni ba\u015flayanlar hem de do\u011fal t\u0131p alan\u0131nda geni\u015f deneyime sahip ki\u015filer.<\/p>\n","protected":false},"featured_media":21242,"comment_status":"open","ping_status":"closed","template":"","meta":{"_seopress_robots_primary_cat":"none","_seopress_titles_title":"","_seopress_titles_desc":"","_seopress_robots_index":""},"product_brand":[],"product_cat":[5148,5169],"product_tag":[],"class_list":{"0":"post-21240","1":"product","2":"type-product","3":"status-publish","4":"has-post-thumbnail","6":"product_cat-kitaplar","7":"product_cat-kitaplarin-basili-baskilari","8":"wpbf-post","11":"instock","12":"taxable","13":"shipping-taxable","14":"purchasable","15":"product-type-variable"},"_links":{"self":[{"href":"https:\/\/mariolab.hr\/tr\/wp-json\/wp\/v2\/product\/21240","targetHints":{"allow":["GET"]}}],"collection":[{"href":"https:\/\/mariolab.hr\/tr\/wp-json\/wp\/v2\/product"}],"about":[{"href":"https:\/\/mariolab.hr\/tr\/wp-json\/wp\/v2\/types\/product"}],"replies":[{"embeddable":true,"href":"https:\/\/mariolab.hr\/tr\/wp-json\/wp\/v2\/comments?post=21240"}],"version-history":[{"count":0,"href":"https:\/\/mariolab.hr\/tr\/wp-json\/wp\/v2\/product\/21240\/revisions"}],"wp:featuredmedia":[{"embeddable":true,"href":"https:\/\/mariolab.hr\/tr\/wp-json\/wp\/v2\/media\/21242"}],"wp:attachment":[{"href":"https:\/\/mariolab.hr\/tr\/wp-json\/wp\/v2\/media?parent=21240"}],"wp:term":[{"taxonomy":"product_brand","embeddable":true,"href":"https:\/\/mariolab.hr\/tr\/wp-json\/wp\/v2\/product_brand?post=21240"},{"taxonomy":"product_cat","embeddable":true,"href":"https:\/\/mariolab.hr\/tr\/wp-json\/wp\/v2\/product_cat?post=21240"},{"taxonomy":"product_tag","embeddable":true,"href":"https:\/\/mariolab.hr\/tr\/wp-json\/wp\/v2\/product_tag?post=21240"}],"curies":[{"name":"wp","href":"https:\/\/api.w.org\/{rel}","templated":true}]}}