{"id":21335,"date":"2024-02-14T20:21:10","date_gmt":"2024-02-14T19:21:10","guid":{"rendered":"https:\/\/mariolab.hr\/proizvod\/aralikli-oruc-saglik-ve-uzun-omurlulugun-siri-basili-kitap\/"},"modified":"2024-02-14T20:21:10","modified_gmt":"2024-02-14T19:21:10","slug":"aralikli-oruc-saglik-ve-uzun-omurlulugun-siri-basili-kitap","status":"publish","type":"product","link":"https:\/\/mariolab.hr\/tr\/proizvod\/aralikli-oruc-saglik-ve-uzun-omurlulugun-siri-basili-kitap\/","title":{"rendered":"ARALIKLI ORU\u00c7: Sa\u011fl\u0131k ve Uzun \u00d6m\u00fcrl\u00fcl\u00fc\u011f\u00fcn S\u0131r\u0131 \u2013 Bas\u0131l\u0131 Kitap"},"content":{"rendered":"<p><strong>K\u0130TAP HAKKINDA:<\/strong><br \/>\nKitap, d\u00fcnyan\u0131n en sa\u011fl\u0131kl\u0131 beslenme d\u00fczeni olan &#8220;aral\u0131kl\u0131 oru\u00e7&#8221;tan bahsediyor. Bu kitap, bu beslenme tarz\u0131 ve kendi hayat\u0131mda ve hastalarla \u00e7al\u0131\u015f\u0131rken uygulad\u0131\u011f\u0131m ara\u015ft\u0131rmalar\u0131n sonucudur.<\/p>\n<p><strong>Ne hakk\u0131nda:<\/strong><br \/>\n&#8221; Aral\u0131kl\u0131 oru\u00e7 sadece bir diyet de\u011fildir; Bu, fiziksel ve zihinsel sa\u011fl\u0131\u011f\u0131n\u0131z \u00fczerinde olumlu bir etki yaratan bir ya\u015fam tarz\u0131d\u0131r. Aral\u0131kl\u0131 oru\u00e7 uygulamas\u0131n\u0131n ayr\u0131nt\u0131l\u0131 bir \u00f6zetiyle bu kitap, en iyi sonu\u00e7lar\u0131 elde etmenize yard\u0131mc\u0131 olacak \u00f6zel y\u00f6nergeler, ipu\u00e7lar\u0131 ve tarifler sunar. <\/p>\n<p><strong>Bilimsel temel:<\/strong><br \/>\nKitap, aral\u0131kl\u0131 orucun inan\u0131lmaz faydalar\u0131n\u0131 do\u011frulayan en son bilimsel ara\u015ft\u0131rmalara dayanmaktad\u0131r. V\u00fccut a\u011f\u0131rl\u0131\u011f\u0131n\u0131 d\u00fczenlemekten ve metabolizmay\u0131 iyile\u015ftirmekten, iltihab\u0131 azaltmaya ve bili\u015fsel fonksiyonu geli\u015ftirmeye kadar. Kitap, yeni ba\u015flayanlar i\u00e7in pratik rehberler sunarken, bu diyeti uygulayan herkes i\u00e7in de bir\u00e7ok yeni bilgi sunuyor. <\/p>\n<p><strong>\u00d6\u011frenecekleriniz:<\/strong><br \/>\nAral\u0131kl\u0131 orucuya nas\u0131l ba\u015flar ve ihtiya\u00e7lar\u0131na g\u00f6re nas\u0131l uyarlan\u0131r?<br \/>\nKilo kayb\u0131, kalp ve beyin fonksiyonlar\u0131n\u0131n iyile\u015fmesi ve hastal\u0131k riskinin azalmas\u0131 gibi sa\u011fl\u0131k faydalar\u0131 da var.<br \/>\nAral\u0131kl\u0131 oru\u00e7 hedeflerinize ula\u015fman\u0131za yard\u0131mc\u0131 olacak tarifler ve yemek planlar\u0131.<\/p>\n<p><strong>Kitap kimler i\u00e7indir:<\/strong><br \/>\nBu kitap, sa\u011fl\u0131\u011f\u0131n\u0131 kontrol alt\u0131na almak, uzun \u00f6m\u00fcr s\u00fcrmek ve d\u00fcnyan\u0131n en sa\u011fl\u0131kl\u0131 diyet d\u00fczeninin s\u0131rlar\u0131n\u0131 ke\u015ffetmek isteyen herkes i\u00e7in tasarlanm\u0131\u015ft\u0131r.<\/p>\n","protected":false},"excerpt":{"rendered":"<div><strong>Bas\u0131l\u0131 kitap<\/strong><\/div>\n<div>\n<p>Kitap, d\u00fcnyan\u0131n en sa\u011fl\u0131kl\u0131 beslenme d\u00fczeni olan &#8220;aral\u0131kl\u0131 oru\u00e7&#8221;tan bahsediyor. Bu kitap, bu beslenme tarz\u0131 ve kendi hayat\u0131mda ve hastalarla \u00e7al\u0131\u015f\u0131rken uygulad\u0131\u011f\u0131m ara\u015ft\u0131rmalar\u0131n sonucudur.<\/p>\n<\/div>\n","protected":false},"featured_media":21338,"comment_status":"open","ping_status":"closed","template":"","meta":{"_seopress_robots_primary_cat":"none","_seopress_titles_title":"","_seopress_titles_desc":"","_seopress_robots_index":""},"product_brand":[],"product_cat":[5148,5169,5180],"product_tag":[],"class_list":{"0":"post-21335","1":"product","2":"type-product","3":"status-publish","4":"has-post-thumbnail","6":"product_cat-kitaplar","7":"product_cat-kitaplarin-basili-baskilari","8":"product_cat-uretir","9":"wpbf-post","12":"instock","13":"sale","14":"taxable","15":"shipping-taxable","16":"purchasable","17":"product-type-variable"},"_links":{"self":[{"href":"https:\/\/mariolab.hr\/tr\/wp-json\/wp\/v2\/product\/21335","targetHints":{"allow":["GET"]}}],"collection":[{"href":"https:\/\/mariolab.hr\/tr\/wp-json\/wp\/v2\/product"}],"about":[{"href":"https:\/\/mariolab.hr\/tr\/wp-json\/wp\/v2\/types\/product"}],"replies":[{"embeddable":true,"href":"https:\/\/mariolab.hr\/tr\/wp-json\/wp\/v2\/comments?post=21335"}],"version-history":[{"count":0,"href":"https:\/\/mariolab.hr\/tr\/wp-json\/wp\/v2\/product\/21335\/revisions"}],"wp:featuredmedia":[{"embeddable":true,"href":"https:\/\/mariolab.hr\/tr\/wp-json\/wp\/v2\/media\/21338"}],"wp:attachment":[{"href":"https:\/\/mariolab.hr\/tr\/wp-json\/wp\/v2\/media?parent=21335"}],"wp:term":[{"taxonomy":"product_brand","embeddable":true,"href":"https:\/\/mariolab.hr\/tr\/wp-json\/wp\/v2\/product_brand?post=21335"},{"taxonomy":"product_cat","embeddable":true,"href":"https:\/\/mariolab.hr\/tr\/wp-json\/wp\/v2\/product_cat?post=21335"},{"taxonomy":"product_tag","embeddable":true,"href":"https:\/\/mariolab.hr\/tr\/wp-json\/wp\/v2\/product_tag?post=21335"}],"curies":[{"name":"wp","href":"https:\/\/api.w.org\/{rel}","templated":true}]}}