{"id":23344,"date":"2025-11-29T13:02:31","date_gmt":"2025-11-29T12:02:31","guid":{"rendered":"https:\/\/mariolab.hr\/proizvod\/mucizevi-dogal-cozumler-bolum-3\/"},"modified":"2025-11-29T13:39:03","modified_gmt":"2025-11-29T12:39:03","slug":"mucizevi-dogal-cozumler-bolum-3","status":"publish","type":"product","link":"https:\/\/mariolab.hr\/tr\/proizvod\/mucizevi-dogal-cozumler-bolum-3\/","title":{"rendered":"Mucizevi Do\u011fal \u00c7\u00f6z\u00fcmler B\u00f6l\u00fcm 3"},"content":{"rendered":"<p class=\"ydp7ef12f8fMsoNormal\"><b>Yazar: Mario Labudovi\u0107<\/b><\/p>\n<p class=\"ydp7ef12f8fMsoNormal\">&#8220;Mucizevi Do\u011fal \u00c7\u00f6z\u00fcmler \u2013 B\u00f6l\u00fcm 3&#8221;, Mario Labudovi\u0107&#8217;in do\u011fal ila\u00e7lar \u00fczerine kitap serisinin devam\u0131 niteli\u011findedir. Bu kitap sizi sa\u011fl\u0131kl\u0131 ya\u015fam tarz\u0131 bilginizi derinden de\u011fi\u015ftirecek t\u0131bbi bitkiler ve geleneksel preparatlar d\u00fcnyas\u0131na derinlemesine g\u00f6t\u00fcr\u00fcyor.  <\/p>\n<p class=\"ydp7ef12f8fMsoNormal\">Serinin \u00fc\u00e7\u00fcnc\u00fc b\u00f6l\u00fcm\u00fc, sadece klasik bitki tan\u0131m\u0131ndan fazlas\u0131n\u0131 getiriyor. Kitap, do\u011fal tedavilerin tarihte, gelenekte ve modern bilimde nas\u0131l kullan\u0131ld\u0131\u011f\u0131n\u0131, kaliteli bitkilerin nas\u0131l se\u00e7ilece\u011fini, inf\u00fczyonlar, demlemeler, tent\u00fcrler, merhemler ve toniklerin do\u011fru \u015fekilde nas\u0131l haz\u0131rlanaca\u011f\u0131n\u0131 ve her bitkide gizlenen aktif bile\u015fiklerin nas\u0131l anla\u015f\u0131laca\u011f\u0131n\u0131 g\u00f6sterir.<br \/>\nT\u00fcm bitkiler, pratik \u00f6rnekler, a\u00e7\u0131k a\u00e7\u0131klamalar, g\u00fcvenli rehberler ve ger\u00e7ek pratik deneyimlerle ele al\u0131narak okuyucuya g\u00fcvenilir, anla\u015f\u0131l\u0131r ve profesyonelce yap\u0131land\u0131r\u0131lm\u0131\u015f bir el kitab\u0131 sunar. <\/p>\n<p class=\"ydp7ef12f8fMsoNormal\">Kitap \u015funlar\u0131 i\u00e7erir:<\/p>\n<ul type=\"disc\">\n<li class=\"ydp7ef12f8fMsoNormal\">Geleneksel ve modern fitoterapide kullan\u0131lan en g\u00fc\u00e7l\u00fc bitkilerin ayr\u0131nt\u0131l\u0131 a\u00e7\u0131klamalar\u0131<\/li>\n<li class=\"ydp7ef12f8fMsoNormal\">Aktif bile\u015fiklerin ve v\u00fccuttaki i\u015flevlerinin bilimsel a\u00e7\u0131klamalar\u0131<\/li>\n<\/ul>\n<ul type=\"disc\">\n<li class=\"ydp7ef12f8fMsoNormal\">Do\u011fal preparatlar\u0131n haz\u0131rlanmas\u0131 i\u00e7in prosed\u00fcrler (inf\u00fczyonlar, dekt\u00f6rler, tent\u00fcrler, \u015furuplar, merhemler, kaps\u00fcller)<\/li>\n<li class=\"ydp7ef12f8fMsoNormal\">Bitkilerin \u00f6l\u00e7\u00fcm, sterilizasyon, depolama ve g\u00fcvenli \u015fekilde ele al\u0131nmas\u0131 i\u00e7in tam tablolar<\/li>\n<li class=\"ydp7ef12f8fMsoNormal\">Bitkilerin se\u00e7imi, kalite kontrol\u00fc ve do\u011fru bak\u0131m\u0131 i\u00e7in ipu\u00e7lar\u0131<\/li>\n<li class=\"ydp7ef12f8fMsoNormal\">T\u0131bbi bitkilerin yeti\u015ftirilmesi, hasad\u0131, kurutulmas\u0131 ve i\u015flenmesi konusunda uzman rehber<\/li>\n<li class=\"ydp7ef12f8fMsoNormal\">bitkilerin sindirim, dola\u015f\u0131m, sinir ve ba\u011f\u0131\u015f\u0131kl\u0131k sistemleri \u00fczerindeki etkilerinin net bir a\u00e7\u0131klamas\u0131<\/li>\n<li class=\"ydp7ef12f8fMsoNormal\">\u00c7in, Hint, Afrika ve Avrupa geleneklerinde t\u0131bbi bitkilerin k\u00fcresel tarihine ve uygulamas\u0131na genel bak\u0131\u015f<\/li>\n<\/ul>\n<p class=\"ydp7ef12f8fMsoNormal\">Bu kitap sadece bitkiler ansiklopedisi de\u011fil \u2013 do\u011fay\u0131, sa\u011fl\u0131\u011f\u0131 ve kendi bedenini daha derin bir d\u00fczeyde anlamak isteyen herkes i\u00e7in tasarlanm\u0131\u015f tam bir bilgi sistemidir. Basit, anla\u015f\u0131l\u0131r ve profesyonel bir \u015fekilde yaz\u0131lm\u0131\u015ft\u0131r; b\u00f6ylece her okuyucu t\u0131bbi uzmanlar\u0131n tavsiyesiyle do\u011fal preparatlar\u0131 g\u00fcvenle kullanabilir. <\/p>\n<p class=\"ydp7ef12f8fMsoNormal\">Serinin \u00fc\u00e7\u00fcnc\u00fc b\u00f6l\u00fcm\u00fc, \u00f6nceki kitaplar\u0131 m\u00fckemmel \u015fekilde tamaml\u0131yor, bilgiyi geni\u015fletiyor ve y\u00fczy\u0131llar boyunca s\u00fcren gelenek ve modern ara\u015ft\u0131rmalarla do\u011frulanan yeni bitkileri ke\u015ffediyor. Bu devam kitab\u0131, &#8220;Mucize Do\u011fal \u00c7\u00f6z\u00fcmler&#8221; serisini do\u011fal ila\u00e7lar d\u00fcnyas\u0131ndaki en eksiksiz do\u011fal sa\u011fl\u0131k k\u0131lavuzlar\u0131ndan biri haline getiriyor. <\/p>\n<p class=\"ydp7ef12f8fMsoNormal\"><b>Do\u011fay\u0131 g\u00fcvenli, pratik ve etkili bir \u015fekilde nas\u0131l kullanaca\u011f\u0131n\u0131z\u0131 \u00f6\u011frenmek istiyorsan\u0131z \u2013 bu kitap do\u011fru se\u00e7imdir.<\/b><\/p>\n","protected":false},"excerpt":{"rendered":"<p>Serinin \u00fc\u00e7\u00fcnc\u00fc b\u00f6l\u00fcm\u00fc, sadece klasik bitki tan\u0131m\u0131ndan fazlas\u0131n\u0131 getiriyor. Kitap, do\u011fal tedavilerin tarihte, gelenekte ve modern bilimde nas\u0131l kullan\u0131ld\u0131\u011f\u0131n\u0131, kaliteli bitkilerin nas\u0131l se\u00e7ilece\u011fini, inf\u00fczyonlar, demlemeler, tent\u00fcrler, merhemler ve toniklerin do\u011fru \u015fekilde nas\u0131l haz\u0131rlanaca\u011f\u0131n\u0131 ve her bitkide gizlenen aktif bile\u015fiklerin nas\u0131l anla\u015f\u0131laca\u011f\u0131n\u0131 g\u00f6sterir. <\/p>\n","protected":false},"featured_media":23386,"comment_status":"closed","ping_status":"closed","template":"","meta":{"_seopress_robots_primary_cat":"none","_seopress_titles_title":"","_seopress_titles_desc":"","_seopress_robots_index":""},"product_brand":[],"product_cat":[5148,5147,5180],"product_tag":[],"class_list":{"0":"post-23344","1":"product","2":"type-product","3":"status-publish","4":"has-post-thumbnail","6":"product_cat-kitaplar","7":"product_cat-kitaplarin-e-kitap-baskilari","8":"product_cat-uretir","9":"wpbf-post","12":"instock","13":"taxable","14":"shipping-taxable","15":"purchasable","16":"product-type-variable"},"_links":{"self":[{"href":"https:\/\/mariolab.hr\/tr\/wp-json\/wp\/v2\/product\/23344","targetHints":{"allow":["GET"]}}],"collection":[{"href":"https:\/\/mariolab.hr\/tr\/wp-json\/wp\/v2\/product"}],"about":[{"href":"https:\/\/mariolab.hr\/tr\/wp-json\/wp\/v2\/types\/product"}],"replies":[{"embeddable":true,"href":"https:\/\/mariolab.hr\/tr\/wp-json\/wp\/v2\/comments?post=23344"}],"version-history":[{"count":0,"href":"https:\/\/mariolab.hr\/tr\/wp-json\/wp\/v2\/product\/23344\/revisions"}],"wp:featuredmedia":[{"embeddable":true,"href":"https:\/\/mariolab.hr\/tr\/wp-json\/wp\/v2\/media\/23386"}],"wp:attachment":[{"href":"https:\/\/mariolab.hr\/tr\/wp-json\/wp\/v2\/media?parent=23344"}],"wp:term":[{"taxonomy":"product_brand","embeddable":true,"href":"https:\/\/mariolab.hr\/tr\/wp-json\/wp\/v2\/product_brand?post=23344"},{"taxonomy":"product_cat","embeddable":true,"href":"https:\/\/mariolab.hr\/tr\/wp-json\/wp\/v2\/product_cat?post=23344"},{"taxonomy":"product_tag","embeddable":true,"href":"https:\/\/mariolab.hr\/tr\/wp-json\/wp\/v2\/product_tag?post=23344"}],"curies":[{"name":"wp","href":"https:\/\/api.w.org\/{rel}","templated":true}]}}