{"id":24333,"date":"2025-11-29T14:35:36","date_gmt":"2025-11-29T13:35:36","guid":{"rendered":"https:\/\/mariolab.hr\/?post_type=product&#038;p=24333"},"modified":"2025-11-29T15:04:18","modified_gmt":"2025-11-29T14:04:18","slug":"e-kitablar-semi-mucizevi-dogal-cozumler-bolum-1-3-kopiraj","status":"publish","type":"product","link":"https:\/\/mariolab.hr\/tr\/proizvod\/e-kitablar-semi-mucizevi-dogal-cozumler-bolum-1-3-kopiraj\/","title":{"rendered":"E-K\u0130TABLAR SES\u0130: Mucizevi Do\u011fal \u00c7\u00f6z\u00fcmler 1-3 ve ARALIKLI ORU\u00c7: Sa\u011fl\u0131k ve Uzun \u00d6m\u00fcrl\u00fcl\u00fc\u011f\u00fcn S\u0131rr\u0131"},"content":{"rendered":"<h3>Mucizevi Do\u011fal \u00c7\u00f6z\u00fcmler B\u00f6l\u00fcm 1 <\/h3>\n<p><strong>K\u0130TAP HAKKINDA:<\/strong><br \/>\nSa\u011fl\u0131\u011f\u0131n\u0131z\u0131 do\u011fal bir \u015fekilde kontrol etmek ister misiniz? Mucizevi do\u011fal tedaviler \u00fczerine yeni kitab\u0131ma bakmay\u0131n. Bu kitapta, do\u011fal t\u0131plar\u0131n zengin tarihi hakk\u0131nda daha fazla bilgi edinecek, en iyi \u015fifal\u0131 bitkiler ve hastal\u0131klar\u0131n tedavisi ile \u00f6nlenmesinde uygulamalar\u0131n\u0131 \u00f6\u011freneceksiniz.  <\/p>\n<p><strong>Ne hakk\u0131nda:<\/strong><br \/>\nKendi bitki bah\u00e7enizi nas\u0131l yeti\u015ftirece\u011finizi ke\u015ffedeceksiniz, dozaj, olas\u0131 yan etkiler ve kimyasal ila\u00e7larla temel etkile\u015fimler hakk\u0131nda net talimatlar alacaks\u0131n\u0131z. Do\u011fal tedavilerin genel iyili\u011finizi nas\u0131l destekleyebilece\u011fini, sa\u011fl\u0131\u011f\u0131 g\u00fcvenli ve yan etkiler olmadan nas\u0131l te\u015fvik edebilece\u011fini ke\u015ffedin. <\/p>\n<p><strong>Kitap kimler i\u00e7indir:<\/strong><br \/>\nBu kitap herkes i\u00e7indir: hem yeni ba\u015flayanlar hem de do\u011fal t\u0131p alan\u0131nda geni\u015f deneyime sahip ki\u015filer.<\/p>\n<p>&#8220;Mucizevi Do\u011fal \u00c7\u00f6z\u00fcmler B\u00f6l\u00fcm 1&#8221;, bu y\u0131l ve gelecek y\u0131l yay\u0131mlanacak olan etkileyici d\u00f6rt b\u00f6l\u00fcml\u00fck serinin ilk b\u00f6l\u00fcm\u00fc. Kitap, modern insan\u0131n hastal\u0131klar\u0131yla m\u00fccadelede do\u011fal \u00e7\u00f6z\u00fcmler uygulamak isteyen herkes i\u00e7in ideal bir rehber niteli\u011findedir. <\/p>\n<p>Bekleme! Bug\u00fcn kopyan\u0131z\u0131 sipari\u015f edin ve do\u011fal bir \u015fekilde sa\u011fl\u0131k ve refah yolculu\u011fa \u00e7\u0131k\u0131n! <\/p>\n<h3>Mucizevi Do\u011fal \u00c7\u00f6z\u00fcmler B\u00f6l\u00fcm 2<\/h3>\n<p><strong>K\u0130TAP HAKKINDA:<\/strong><br \/>\nSa\u011fl\u0131\u011f\u0131n\u0131z\u0131 do\u011fal bir \u015fekilde kontrol etmek ister misiniz? Mucizevi do\u011fal tedaviler \u00fczerine yeni kitab\u0131ma bakmay\u0131n. Bu kitapta, do\u011fal t\u0131plar\u0131n zengin tarihi hakk\u0131nda daha fazla bilgi edinecek, en iyi \u015fifal\u0131 bitkiler ve hastal\u0131klar\u0131n tedavisi ile \u00f6nlenmesinde uygulamalar\u0131n\u0131 \u00f6\u011freneceksiniz.  <\/p>\n<p><strong>Ne hakk\u0131nda:<\/strong><br \/>\nKendi bitki bah\u00e7enizi nas\u0131l yeti\u015ftirece\u011finizi ke\u015ffedeceksiniz, dozaj, olas\u0131 yan etkiler ve kimyasal ila\u00e7larla temel etkile\u015fimler hakk\u0131nda net talimatlar alacaks\u0131n\u0131z. Do\u011fal tedavilerin genel iyili\u011finizi nas\u0131l destekleyebilece\u011fini, sa\u011fl\u0131\u011f\u0131 g\u00fcvenli ve yan etkiler olmadan nas\u0131l te\u015fvik edebilece\u011fini ke\u015ffedin. <\/p>\n<p><strong>Kitap kimler i\u00e7indir:<\/strong><br \/>\nBu kitap herkes i\u00e7indir: hem yeni ba\u015flayanlar hem de do\u011fal t\u0131p alan\u0131nda geni\u015f deneyime sahip ki\u015filer.<\/p>\n<p>&#8220;Mucizevi Do\u011fal \u00c7\u00f6z\u00fcmler B\u00f6l\u00fcm 2&#8221;, bu y\u0131l ve gelecek y\u0131l boyunca yay\u0131mlanacak olan etkileyici d\u00f6rt b\u00f6l\u00fcml\u00fck serinin ilk b\u00f6l\u00fcm\u00fc. Kitap, modern insan\u0131n hastal\u0131klar\u0131yla m\u00fccadelede do\u011fal \u00e7\u00f6z\u00fcmler uygulamak isteyen herkes i\u00e7in ideal bir rehber niteli\u011findedir. <\/p>\n<p>Bekleme! Bug\u00fcn kopyan\u0131z\u0131 sipari\u015f edin ve do\u011fal bir \u015fekilde sa\u011fl\u0131k ve refah yolculu\u011fa \u00e7\u0131k\u0131n! <\/p>\n<h3>Mucizevi Do\u011fal \u00c7\u00f6z\u00fcmler B\u00f6l\u00fcm 3<\/h3>\n<p class=\"ydp7ef12f8fMsoNormal\">&#8220;Mucizevi Do\u011fal \u00c7\u00f6z\u00fcmler \u2013 B\u00f6l\u00fcm 3&#8221;, Mario Labudovi\u0107&#8217;in do\u011fal ila\u00e7lar \u00fczerine kitap serisinin devam\u0131 niteli\u011findedir. Bu kitap sizi sa\u011fl\u0131kl\u0131 ya\u015fam tarz\u0131 bilginizi derinden de\u011fi\u015ftirecek t\u0131bbi bitkiler ve geleneksel preparatlar d\u00fcnyas\u0131na derinlemesine g\u00f6t\u00fcr\u00fcyor.  <\/p>\n<p class=\"ydp7ef12f8fMsoNormal\">Serinin \u00fc\u00e7\u00fcnc\u00fc b\u00f6l\u00fcm\u00fc, sadece klasik bitki tan\u0131m\u0131ndan fazlas\u0131n\u0131 getiriyor. Kitap, do\u011fal tedavilerin tarihte, gelenekte ve modern bilimde nas\u0131l kullan\u0131ld\u0131\u011f\u0131n\u0131, kaliteli bitkilerin nas\u0131l se\u00e7ilece\u011fini, inf\u00fczyonlar, demlemeler, tent\u00fcrler, merhemler ve toniklerin do\u011fru \u015fekilde nas\u0131l haz\u0131rlanaca\u011f\u0131n\u0131 ve her bitkide gizlenen aktif bile\u015fiklerin nas\u0131l anla\u015f\u0131laca\u011f\u0131n\u0131 g\u00f6sterir.<br \/>\nT\u00fcm bitkiler, pratik \u00f6rnekler, a\u00e7\u0131k a\u00e7\u0131klamalar, g\u00fcvenli rehberler ve ger\u00e7ek pratik deneyimlerle ele al\u0131narak okuyucuya g\u00fcvenilir, anla\u015f\u0131l\u0131r ve profesyonelce yap\u0131land\u0131r\u0131lm\u0131\u015f bir el kitab\u0131 sunar. <\/p>\n<p class=\"ydp7ef12f8fMsoNormal\">Kitap \u015funlar\u0131 i\u00e7erir:<\/p>\n<ul type=\"disc\">\n<li class=\"ydp7ef12f8fMsoNormal\">Geleneksel ve modern fitoterapide kullan\u0131lan en g\u00fc\u00e7l\u00fc bitkilerin ayr\u0131nt\u0131l\u0131 a\u00e7\u0131klamalar\u0131<\/li>\n<li class=\"ydp7ef12f8fMsoNormal\">Aktif bile\u015fiklerin ve v\u00fccuttaki i\u015flevlerinin bilimsel a\u00e7\u0131klamalar\u0131<\/li>\n<\/ul>\n<ul type=\"disc\">\n<li class=\"ydp7ef12f8fMsoNormal\">Do\u011fal preparatlar\u0131n haz\u0131rlanmas\u0131 i\u00e7in prosed\u00fcrler (inf\u00fczyonlar, dekt\u00f6rler, tent\u00fcrler, \u015furuplar, merhemler, kaps\u00fcller)<\/li>\n<li class=\"ydp7ef12f8fMsoNormal\">Bitkilerin \u00f6l\u00e7\u00fcm, sterilizasyon, depolama ve g\u00fcvenli \u015fekilde ele al\u0131nmas\u0131 i\u00e7in tam tablolar<\/li>\n<li class=\"ydp7ef12f8fMsoNormal\">Bitkilerin se\u00e7imi, kalite kontrol\u00fc ve do\u011fru bak\u0131m\u0131 i\u00e7in ipu\u00e7lar\u0131<\/li>\n<li class=\"ydp7ef12f8fMsoNormal\">T\u0131bbi bitkilerin yeti\u015ftirilmesi, hasad\u0131, kurutulmas\u0131 ve i\u015flenmesi konusunda uzman rehber<\/li>\n<li class=\"ydp7ef12f8fMsoNormal\">bitkilerin sindirim, dola\u015f\u0131m, sinir ve ba\u011f\u0131\u015f\u0131kl\u0131k sistemleri \u00fczerindeki etkilerinin net bir a\u00e7\u0131klamas\u0131<\/li>\n<li class=\"ydp7ef12f8fMsoNormal\">\u00c7in, Hint, Afrika ve Avrupa geleneklerinde t\u0131bbi bitkilerin k\u00fcresel tarihine ve uygulamas\u0131na genel bak\u0131\u015f<\/li>\n<\/ul>\n<p class=\"ydp7ef12f8fMsoNormal\">Bu kitap sadece bitkiler ansiklopedisi de\u011fil \u2013 do\u011fay\u0131, sa\u011fl\u0131\u011f\u0131 ve kendi bedenini daha derin bir d\u00fczeyde anlamak isteyen herkes i\u00e7in tasarlanm\u0131\u015f tam bir bilgi sistemidir. Basit, anla\u015f\u0131l\u0131r ve profesyonel bir \u015fekilde yaz\u0131lm\u0131\u015ft\u0131r; b\u00f6ylece her okuyucu t\u0131bbi uzmanlar\u0131n tavsiyesiyle do\u011fal preparatlar\u0131 g\u00fcvenle kullanabilir. <\/p>\n<p class=\"ydp7ef12f8fMsoNormal\">Serinin \u00fc\u00e7\u00fcnc\u00fc b\u00f6l\u00fcm\u00fc, \u00f6nceki kitaplar\u0131 m\u00fckemmel \u015fekilde tamaml\u0131yor, bilgiyi geni\u015fletiyor ve y\u00fczy\u0131llar boyunca s\u00fcren gelenek ve modern ara\u015ft\u0131rmalarla do\u011frulanan yeni bitkileri ke\u015ffediyor. Bu devam kitab\u0131, &#8220;Mucize Do\u011fal \u00c7\u00f6z\u00fcmler&#8221; serisini do\u011fal ila\u00e7lar d\u00fcnyas\u0131ndaki en eksiksiz do\u011fal sa\u011fl\u0131k k\u0131lavuzlar\u0131ndan biri haline getiriyor. <\/p>\n<p class=\"ydp7ef12f8fMsoNormal\"><b>Do\u011fay\u0131 g\u00fcvenli, pratik ve etkili bir \u015fekilde nas\u0131l kullanaca\u011f\u0131n\u0131z\u0131 \u00f6\u011frenmek istiyorsan\u0131z \u2013 bu kitap do\u011fru se\u00e7imdir.<\/b><\/p>\n<h3>ARALIKLI ORU\u00c7: Sa\u011fl\u0131\u011f\u0131n ve uzun \u00f6m\u00fcrl\u00fcl\u00fc\u011f\u00fcn s\u0131rr\u0131<\/h3>\n<p>K\u0130TAP HAKKINDA:Kitap<br \/>\n, d\u00fcnyan\u0131n en sa\u011fl\u0131kl\u0131 beslenme rejimi olan &#8220;aral\u0131kl\u0131 oru\u00e7&#8221; hakk\u0131ndad\u0131r. Bu kitap, bu beslenme tarz\u0131 ve kendi hayat\u0131mda ve hastalarla \u00e7al\u0131\u015f\u0131rken uygulad\u0131\u011f\u0131m ara\u015ft\u0131rmalar\u0131n sonucudur.<\/p>\n<p>Konu<br \/>\n: &#8220;Aral\u0131kl\u0131 oru\u00e7&#8221; sadece bir diyet de\u011fildir; fiziksel ve zihinsel sa\u011fl\u0131\u011f\u0131n\u0131z \u00fczerinde olumlu etkisi olan bir ya\u015fam tarz\u0131d\u0131r. Aral\u0131kl\u0131 oru\u00e7 uygulamas\u0131n\u0131n ayr\u0131nt\u0131l\u0131 bir \u00f6zetiyle bu kitap, en iyi sonu\u00e7lar\u0131 elde etmenize yard\u0131mc\u0131 olacak \u00f6zel y\u00f6nergeler, ipu\u00e7lar\u0131 ve tarifler sunar. <\/p>\n<p>Bilimsel temel:<br \/>\n Kitap, aral\u0131kl\u0131 orucun inan\u0131lmaz faydalar\u0131n\u0131 do\u011frulayan en son bilimsel ara\u015ft\u0131rmalara dayanmaktad\u0131r. V\u00fccut a\u011f\u0131rl\u0131\u011f\u0131n\u0131 d\u00fczenlemekten ve metabolizmay\u0131 iyile\u015ftirmekten, iltihab\u0131 azaltmaya ve bili\u015fsel fonksiyonu geli\u015ftirmeye kadar. Kitap, yeni ba\u015flayanlar i\u00e7in pratik rehberler sunarken, bu diyeti uygulayan herkes i\u00e7in de bir\u00e7ok yeni bilgi sunuyor. <\/p>\n<p>\u00d6\u011frenecekleriniz:<br \/>\n Aral\u0131kl\u0131 orucun nas\u0131l ba\u015flayaca\u011f\u0131n\u0131 ve ihtiya\u00e7lar\u0131n\u0131za g\u00f6re nas\u0131l uyarlanaca\u011f\u0131n\u0131z.<br \/>\nKilo kayb\u0131, kalp ve beyin fonksiyonlar\u0131n\u0131n iyile\u015fmesi ve hastal\u0131k riskinin azalmas\u0131 gibi sa\u011fl\u0131k faydalar\u0131 da var.<br \/>\nAral\u0131kl\u0131 oru\u00e7 hedeflerinize ula\u015fman\u0131za yard\u0131mc\u0131 olacak tarifler ve yemek planlar\u0131.<\/p>\n<p>Kitap kim i\u00e7in:<br \/>\n Bu kitap, sa\u011fl\u0131\u011f\u0131n\u0131 kontrol alt\u0131na almak, uzun \u00f6m\u00fcr s\u00fcrmek ve d\u00fcnyan\u0131n en sa\u011fl\u0131kl\u0131 diyet rejiminin s\u0131rlar\u0131n\u0131 ke\u015ffetmek isteyen herkes i\u00e7in haz\u0131rlanm\u0131\u015ft\u0131r.<\/p>\n","protected":false},"excerpt":{"rendered":"<p>D\u00f6rt e-kitaptan olu\u015fan bir set:<\/p>\n<ul>\n<li class=\"woocommerce-loop-product__title\">&#8220;Mucize Do\u011fal \u00c7\u00f6z\u00fcmler B\u00f6l\u00fcm 1&#8221; \u2013 Sa\u011fl\u0131k Rehberiniz<\/li>\n<li>&#8220;Mucize Do\u011fal \u00c7\u00f6z\u00fcmler B\u00f6l\u00fcm 2&#8221; \u2013 Sa\u011fl\u0131k Rehberiniz<\/li>\n<li>&#8220;Mucize Do\u011fal \u00c7\u00f6z\u00fcmler B\u00f6l\u00fcm 3&#8221; \u2013 Sa\u011fl\u0131k Rehberiniz<\/li>\n<li>  ARALIKLI ORU\u00c7: Sa\u011fl\u0131\u011f\u0131n ve uzun \u00f6m\u00fcrl\u00fcl\u00fc\u011f\u00fcn s\u0131rr\u0131<\/li>\n<\/ul>\n","protected":false},"featured_media":23773,"comment_status":"open","ping_status":"closed","template":"","meta":{"_seopress_robots_primary_cat":"none","_seopress_titles_title":"","_seopress_titles_desc":"","_seopress_robots_index":""},"product_brand":[],"product_cat":[5148,5147],"product_tag":[],"class_list":{"0":"post-24333","1":"product","2":"type-product","3":"status-publish","4":"has-post-thumbnail","6":"product_cat-kitaplar","7":"product_cat-kitaplarin-e-kitap-baskilari","8":"wpbf-post","11":"instock","12":"sale","13":"taxable","14":"shipping-taxable","15":"purchasable","16":"product-type-variable"},"_links":{"self":[{"href":"https:\/\/mariolab.hr\/tr\/wp-json\/wp\/v2\/product\/24333","targetHints":{"allow":["GET"]}}],"collection":[{"href":"https:\/\/mariolab.hr\/tr\/wp-json\/wp\/v2\/product"}],"about":[{"href":"https:\/\/mariolab.hr\/tr\/wp-json\/wp\/v2\/types\/product"}],"replies":[{"embeddable":true,"href":"https:\/\/mariolab.hr\/tr\/wp-json\/wp\/v2\/comments?post=24333"}],"version-history":[{"count":2,"href":"https:\/\/mariolab.hr\/tr\/wp-json\/wp\/v2\/product\/24333\/revisions"}],"predecessor-version":[{"id":24764,"href":"https:\/\/mariolab.hr\/tr\/wp-json\/wp\/v2\/product\/24333\/revisions\/24764"}],"wp:featuredmedia":[{"embeddable":true,"href":"https:\/\/mariolab.hr\/tr\/wp-json\/wp\/v2\/media\/23773"}],"wp:attachment":[{"href":"https:\/\/mariolab.hr\/tr\/wp-json\/wp\/v2\/media?parent=24333"}],"wp:term":[{"taxonomy":"product_brand","embeddable":true,"href":"https:\/\/mariolab.hr\/tr\/wp-json\/wp\/v2\/product_brand?post=24333"},{"taxonomy":"product_cat","embeddable":true,"href":"https:\/\/mariolab.hr\/tr\/wp-json\/wp\/v2\/product_cat?post=24333"},{"taxonomy":"product_tag","embeddable":true,"href":"https:\/\/mariolab.hr\/tr\/wp-json\/wp\/v2\/product_tag?post=24333"}],"curies":[{"name":"wp","href":"https:\/\/api.w.org\/{rel}","templated":true}]}}