{"id":25435,"date":"2026-01-16T11:59:09","date_gmt":"2026-01-16T10:59:09","guid":{"rendered":"https:\/\/mariolab.hr\/proizvod\/mariolab-premium-seramik-kupa-saglikli-yasam-tarzi\/"},"modified":"2026-01-16T11:59:09","modified_gmt":"2026-01-16T10:59:09","slug":"mariolab-premium-seramik-kupa-saglikli-yasam-tarzi","status":"publish","type":"product","link":"https:\/\/mariolab.hr\/tr\/proizvod\/mariolab-premium-seramik-kupa-saglikli-yasam-tarzi\/","title":{"rendered":"Mariolab Premium Seramik Kupa &#8211; Sa\u011fl\u0131kl\u0131 Ya\u015fam Tarz\u0131"},"content":{"rendered":"<p data-start=\"337\" data-end=\"739\">Bu zarif <strong data-start=\"351\" data-end=\"380\">11 oz seramik kupa<\/strong> , sabah rit\u00fcelleriniz ve favori i\u00e7kinizin tad\u0131n\u0131 \u00e7\u0131kard\u0131\u011f\u0131n\u0131z her an i\u00e7in m\u00fckemmel bir e\u015fliktir. Y\u00fcksek kaliteli <strong data-start=\"506\" data-end=\"532\">parlak beyaz seramikten<\/strong> yap\u0131lm\u0131\u015f olan bu yap\u0131, <strong data-start=\"544\" data-end=\"562\">premium g\u00f6r\u00fcn\u00fcm\u00fc<\/strong> uzun \u00f6m\u00fcrl\u00fc i\u015flevsellikle birle\u015ftirirken, tasar\u0131m\u0131 <em data-start=\"690\" data-end=\"700\">MarioLAB<\/em> taraf\u0131ndan beslenen sa\u011fl\u0131kl\u0131 ve bilin\u00e7li bir ya\u015fam tarz\u0131n\u0131n esteti\u011fini takip etmek i\u00e7in \u00f6zenle haz\u0131rlanm\u0131\u015ft\u0131r. <\/p>\n<p data-start=\"741\" data-end=\"774\"><strong data-start=\"743\" data-end=\"774\">Temel \u00dcr\u00fcn \u00d6zellikleri:<\/strong><\/p>\n<ul data-start=\"775\" data-end=\"1225\">\n<li data-start=\"775\" data-end=\"865\">\n<p data-start=\"777\" data-end=\"865\"><strong data-start=\"780\" data-end=\"793\">Boyut:<\/strong> Standart 11 oz (\u2248 325 ml) \u2013 kahve, \u00e7ay veya s\u0131cak i\u00e7ecekler i\u00e7in ideal.<\/p>\n<\/li>\n<li data-start=\"866\" data-end=\"955\">\n<p data-start=\"868\" data-end=\"955\"><strong data-start=\"871\" data-end=\"882\">Tasar\u0131m:<\/strong> Sa\u011fl\u0131k ve iyi olu\u015fu ilham veren motiflerle \u00e7evreleyen sar\u0131c\u0131 tasar\u0131m.<\/p>\n<\/li>\n<li data-start=\"956\" data-end=\"1045\">\n<p data-start=\"958\" data-end=\"1045\"><strong data-start=\"960\" data-end=\"974\">Malzeme:<\/strong> uzun s\u00fcreli kullan\u0131m i\u00e7in parlak y\u00fczeye sahip y\u00fcksek kaliteli seramik.<\/p>\n<\/li>\n<li data-start=\"1046\" data-end=\"1129\">\n<p data-start=\"1048\" data-end=\"1129\"><strong data-start=\"1051\" data-end=\"1078\">Kolay bak\u0131m:<\/strong> bula\u015f\u0131k makinesi ve mikrodalga i\u00e7in uygundur.<\/p>\n<\/li>\n<li data-start=\"1130\" data-end=\"1225\">\n<p data-start=\"1132\" data-end=\"1225\"><strong data-start=\"1135\" data-end=\"1154\">M\u00fckemmel hediye:<\/strong> g\u00fczel tasarlanm\u0131\u015f ve i\u015flevsel \u2013 sevdiklerinize hediye olarak ideal.<\/p>\n<\/li>\n<\/ul>\n<p data-start=\"1227\" data-end=\"1419\">Bu kupa sadece bir i\u00e7ecek kab\u0131 de\u011fil &#8211; <em data-start=\"1370\" data-end=\"1380\">MarioLAB&#8217;\u0131n<\/em> tan\u0131tt\u0131\u011f\u0131 de\u011ferler gibi, <strong data-start=\"1272\" data-end=\"1333\">g\u00fcnl\u00fck sa\u011fl\u0131k ve ilham rutininize bir katk\u0131d\u0131r<\/strong>.<\/p>\n","protected":false},"excerpt":{"rendered":"<p>Bu kupa sadece bir i\u00e7ecek kab\u0131 de\u011fil &#8211; <em data-start=\"1370\" data-end=\"1380\">MarioLAB&#8217;\u0131n<\/em> tan\u0131tt\u0131\u011f\u0131 de\u011ferler gibi, <strong data-start=\"1272\" data-end=\"1333\">g\u00fcnl\u00fck sa\u011fl\u0131k ve ilham rutininize bir katk\u0131d\u0131r<\/strong>.<\/p>\n","protected":false},"featured_media":25401,"comment_status":"closed","ping_status":"closed","template":"","meta":{"_seopress_robots_primary_cat":"","_seopress_titles_title":"","_seopress_titles_desc":"","_seopress_robots_index":""},"product_brand":[],"product_cat":[5148,5169,5180],"product_tag":[],"class_list":{"0":"post-25435","1":"product","2":"type-product","3":"status-publish","4":"has-post-thumbnail","6":"product_cat-kitaplar","7":"product_cat-kitaplarin-basili-baskilari","8":"product_cat-uretir","9":"wpbf-post","12":"instock","13":"taxable","14":"shipping-taxable","15":"purchasable","16":"product-type-simple"},"_links":{"self":[{"href":"https:\/\/mariolab.hr\/tr\/wp-json\/wp\/v2\/product\/25435","targetHints":{"allow":["GET"]}}],"collection":[{"href":"https:\/\/mariolab.hr\/tr\/wp-json\/wp\/v2\/product"}],"about":[{"href":"https:\/\/mariolab.hr\/tr\/wp-json\/wp\/v2\/types\/product"}],"replies":[{"embeddable":true,"href":"https:\/\/mariolab.hr\/tr\/wp-json\/wp\/v2\/comments?post=25435"}],"version-history":[{"count":0,"href":"https:\/\/mariolab.hr\/tr\/wp-json\/wp\/v2\/product\/25435\/revisions"}],"wp:featuredmedia":[{"embeddable":true,"href":"https:\/\/mariolab.hr\/tr\/wp-json\/wp\/v2\/media\/25401"}],"wp:attachment":[{"href":"https:\/\/mariolab.hr\/tr\/wp-json\/wp\/v2\/media?parent=25435"}],"wp:term":[{"taxonomy":"product_brand","embeddable":true,"href":"https:\/\/mariolab.hr\/tr\/wp-json\/wp\/v2\/product_brand?post=25435"},{"taxonomy":"product_cat","embeddable":true,"href":"https:\/\/mariolab.hr\/tr\/wp-json\/wp\/v2\/product_cat?post=25435"},{"taxonomy":"product_tag","embeddable":true,"href":"https:\/\/mariolab.hr\/tr\/wp-json\/wp\/v2\/product_tag?post=25435"}],"curies":[{"name":"wp","href":"https:\/\/api.w.org\/{rel}","templated":true}]}}